{"id":11348,"date":"2026-03-03T23:37:00","date_gmt":"2026-03-03T15:37:00","guid":{"rendered":"https:\/\/www.balderpower.com\/?post_type=product&#038;p=11348"},"modified":"2026-03-04T01:30:14","modified_gmt":"2026-03-03T17:30:14","slug":"onduleur-50-kw-armoire-ci-tout-en-un-haute-tension-112-kwh","status":"publish","type":"product","link":"https:\/\/www.balderpower.com\/fr\/112kwh-high-voltage-all-in-one-ci-bess-cabinet-50kw-inverter\/","title":{"rendered":"Armoire BESS tout-en-un haute tension 112 kWh pour applications commerciales et industrielles avec onduleur de 50 kW"},"content":{"rendered":"<h4 data-start=\"2128\" data-end=\"2230\">Pourquoi l&#039;armoire BESS C&amp;I haute tension tout-en-un de 112 kWh de Balder Power offre une r\u00e9elle valeur ajout\u00e9e aux entreprises<\/h4>\n<p data-start=\"2231\" data-end=\"2722\">En tant que fabricant chinois exp\u00e9riment\u00e9 de batteries au lithium, fort de plus de 15 ans d&#039;expertise OEM\/ODM et pr\u00e9sent dans plus de 40 pays, Balder Power a con\u00e7u\u2026 <strong data-start=\"2373\" data-end=\"2443\">Armoire BESS tout-en-un haute tension 112 kWh pour applications commerciales et industrielles avec onduleur de 50 kW<\/strong> Con\u00e7u sp\u00e9cifiquement pour les utilisateurs commerciaux et industriels confront\u00e9s \u00e0 la volatilit\u00e9 des prix de l&#039;\u00e9lectricit\u00e9 et \u00e0 l&#039;instabilit\u00e9 du r\u00e9seau, ce syst\u00e8me de stockage d&#039;\u00e9nergie solaire hybride LiFePO4 cl\u00e9 en main int\u00e8gre tous les \u00e9l\u00e9ments dans une armoire compacte IP55\u00a0: aucun c\u00e2blage complexe sur site, un retour sur investissement plus rapide et une maintenance simplifi\u00e9e.<\/p>\n<p data-start=\"2724\" data-end=\"3219\">Les entreprises d&#039;Europe, du Moyen-Orient et d&#039;Asie du Sud-Est choisissent notre <strong data-start=\"2788\" data-end=\"2851\">Armoire de stockage d&#039;\u00e9nergie haute tension LiFePO4 50 kW 112 kWh pour applications commerciales et industrielles<\/strong> Car elle s&#039;attaque directement \u00e0 l&#039;\u00e9cr\u00eatement des pointes de consommation, \u00e0 l&#039;arbitrage des tarifs heures pleines\/heures creuses et \u00e0 l&#039;autoconsommation solaire. Avec plus de 8\u00a0000 cycles \u00e0 une profondeur de d\u00e9charge de 801\u00a0TP3T et un syst\u00e8me de gestion de l&#039;\u00e9nergie intelligent, les clients constatent g\u00e9n\u00e9ralement un retour sur investissement en 2 \u00e0 4\u00a0ans, tout en r\u00e9duisant leurs factures d&#039;\u00e9nergie de 25 \u00e0 351\u00a0TP3T. L&#039;architecture haute tension de 358,4\u00a0V r\u00e9duit les pertes de courant, ce qui la rend id\u00e9ale pour les usines de taille moyenne, les centres de donn\u00e9es, les stations de recharge pour v\u00e9hicules \u00e9lectriques et les complexes commerciaux.<\/p>\n<h4 data-start=\"3221\" data-end=\"3269\">Con\u00e7u pour la fiabilit\u00e9 et un d\u00e9ploiement facile<\/h4>\n<p data-start=\"3270\" data-end=\"3741\">Chaque unit\u00e9 est livr\u00e9e avec les certifications compl\u00e8tes UN38.3, MSDS, CE, IEC et UKCA, et est valid\u00e9e par des tests en usine 100% r\u00e9alis\u00e9s dans notre \u00e9tablissement certifi\u00e9 ISO. <strong data-start=\"3410\" data-end=\"3465\">Armoire hybride solaire tout-en-un pour syst\u00e8me de stockage d&#039;\u00e9nergie par batterie (BESS) \u00e0 usage commercial<\/strong> Compatible avec les modes de fonctionnement connect\u00e9s au r\u00e9seau, hybrides ou autonomes, avec red\u00e9marrage automatique et v\u00e9ritable syst\u00e8me d&#039;alimentation sans coupure (UPS) garantissant la continuit\u00e9 de service des charges critiques. Optez pour une gestion thermique par air (avec climatiseur int\u00e9gr\u00e9) pour des performances \u00e9conomiques de 0 \u00b0C \u00e0 55 \u00b0C en charge et de -20 \u00b0C \u00e0 55 \u00b0C en d\u00e9charge.<\/p>\n<p data-start=\"3743\" data-end=\"4202\">Pour les acheteurs B2B, nous proposons des prix de gros directs usine, une quantit\u00e9 minimale de commande (MOQ) tr\u00e8s faible pour les projets pilotes (\u00e0 partir d&#039;une seule unit\u00e9), une personnalisation compl\u00e8te (marque, r\u00e9glage pr\u00e9cis de la tension, int\u00e9gration EMS avec Growatt\/Deye\/Sofar, etc.) et une livraison sous 30 \u00e0 45 jours. Que vous ayez besoin d&#039;une seule armoire ou d&#039;une flotte \u00e9volutive, notre \u00e9quipe fournit des plans CAO, une assistance \u00e0 l&#039;int\u00e9gration et un service d&#039;ing\u00e9nierie apr\u00e8s-vente, r\u00e9pondant ainsi aux attentes des int\u00e9grateurs et distributeurs vis-\u00e0-vis d&#039;un fabricant chinois de confiance.<\/p>\n<p data-start=\"4204\" data-end=\"4296\">Am\u00e9liorez votre strat\u00e9gie \u00e9nerg\u00e9tique d\u00e8s aujourd&#039;hui et profitez d&#039;une tranquillit\u00e9 d&#039;esprit gr\u00e2ce \u00e0 une technologie \u00e9prouv\u00e9e et fiable.<\/p>","protected":false},"excerpt":{"rendered":"<p data-start=\"1280\" data-end=\"1638\">D\u00e9couvrez l&#039;armoire BESS tout-en-un haute tension de 112 kWh pour applications commerciales et industrielles, \u00e9quip\u00e9e d&#039;un onduleur de 50 kW et d&#039;une technologie LiFePO4. Ce syst\u00e8me de stockage d&#039;\u00e9nergie solaire hybride b\u00e9n\u00e9ficie d&#039;une protection IP55 contre le refroidissement par air, d&#039;une v\u00e9ritable alimentation sans coupure (UPS) et d&#039;une dur\u00e9e de vie de plus de 8\u00a0000 cycles. Vente en gros directe d&#039;usine aupr\u00e8s de Balder Power (Chine) pour une fiabilit\u00e9 et une r\u00e9silience optimales.<\/p>\n<ul data-start=\"1639\" data-end=\"2032\">\n<li data-start=\"1639\" data-end=\"1721\">\n<p data-start=\"1641\" data-end=\"1721\">Configuration LiFePO4 haute tension 358,4 V avec des cellules de 314 Ah pour une capacit\u00e9 de 112 kWh<\/p>\n<\/li>\n<li data-start=\"1722\" data-end=\"1809\">\n<p data-start=\"1724\" data-end=\"1809\">MPPT enti\u00e8rement int\u00e9gr\u00e9 + onduleur CC-CA + STS + EMS + batterie dans une seule armoire IP55<\/p>\n<\/li>\n<li data-start=\"1810\" data-end=\"1881\">\n<p data-start=\"1812\" data-end=\"1881\">D\u00e9marrage automatique et v\u00e9ritable syst\u00e8me d&#039;alimentation sans coupure pour une protection des charges critiques sans interruption de service<\/p>\n<\/li>\n<li data-start=\"1882\" data-end=\"1958\">\n<p data-start=\"1884\" data-end=\"1958\">Refroidissement intelligent par air avec climatiseur pour un fonctionnement stable de 0 \u00e0 55 \u00b0C<\/p>\n<\/li>\n<li data-start=\"1959\" data-end=\"2032\">\n<p data-start=\"1961\" data-end=\"2032\">Conception modulaire et \u00e9volutive \u2013 pr\u00eate pour le fonctionnement en parall\u00e8le afin de r\u00e9pondre aux besoins \u00e9nerg\u00e9tiques croissants des entreprises et des industries<\/p>\n<\/li>\n<\/ul>","protected":false},"featured_media":11350,"template":"","meta":{"_acf_changed":false,"nf_dc_page":"","site-sidebar-layout":"default","site-content-layout":"","ast-site-content-layout":"default","site-content-style":"default","site-sidebar-style":"default","ast-global-header-display":"","ast-banner-title-visibility":"","ast-main-header-display":"","ast-hfb-above-header-display":"","ast-hfb-below-header-display":"","ast-hfb-mobile-header-display":"","site-post-title":"","ast-breadcrumbs-content":"","ast-featured-img":"","footer-sml-layout":"","ast-disable-related-posts":"","theme-transparent-header-meta":"default","adv-header-id-meta":"","stick-header-meta":"default","header-above-stick-meta":"","header-main-stick-meta":"","header-below-stick-meta":"","astra-migrate-meta-layouts":"set","ast-page-background-enabled":"default","ast-page-background-meta":{"desktop":{"background-color":"","background-image":"","background-repeat":"repeat","background-position":"center center","background-size":"auto","background-attachment":"scroll","background-type":"","background-media":"","overlay-type":"","overlay-color":"","overlay-opacity":"","overlay-gradient":""},"tablet":{"background-color":"","background-image":"","background-repeat":"repeat","background-position":"center center","background-size":"auto","background-attachment":"scroll","background-type":"","background-media":"","overlay-type":"","overlay-color":"","overlay-opacity":"","overlay-gradient":""},"mobile":{"background-color":"","background-image":"","background-repeat":"repeat","background-position":"center center","background-size":"auto","background-attachment":"scroll","background-type":"","background-media":"","overlay-type":"","overlay-color":"","overlay-opacity":"","overlay-gradient":""}},"ast-content-background-meta":{"desktop":{"background-color":"var(--ast-global-color-5)","background-image":"","background-repeat":"repeat","background-position":"center center","background-size":"auto","background-attachment":"scroll","background-type":"","background-media":"","overlay-type":"","overlay-color":"","overlay-opacity":"","overlay-gradient":""},"tablet":{"background-color":"var(--ast-global-color-5)","background-image":"","background-repeat":"repeat","background-position":"center center","background-size":"auto","background-attachment":"scroll","background-type":"","background-media":"","overlay-type":"","overlay-color":"","overlay-opacity":"","overlay-gradient":""},"mobile":{"background-color":"var(--ast-global-color-5)","background-image":"","background-repeat":"repeat","background-position":"center center","background-size":"auto","background-attachment":"scroll","background-type":"","background-media":"","overlay-type":"","overlay-color":"","overlay-opacity":"","overlay-gradient":""}},"_joinchat":[]},"product_brand":[],"product_cat":[845],"product_tag":[1156,1157,1160,1167,1162,1155,1166,1163,1159,1158,1164,1161,1165],"class_list":{"0":"post-11348","1":"product","2":"type-product","3":"status-publish","4":"has-post-thumbnail","6":"product_cat-commercial-industrial-bess","7":"product_tag-112kwh-high-voltage-bess","8":"product_tag-50kw-hybrid-inverter","9":"product_tag-all-in-one-industrial-ess","10":"product_tag-b2b-solar-storage-solution","11":"product_tag-china-wholesale-bess","12":"product_tag-ci-bess-cabinet","13":"product_tag-high-voltage-lifepo4","14":"product_tag-hybrid-solar-cabinet","15":"product_tag-ip55-air-cooled-bess","16":"product_tag-lifepo4-commercial-storage","17":"product_tag-peak-shaving-bess","18":"product_tag-scalable-ci-energy-storage","19":"product_tag-ups-battery-system","20":"desktop-align-left","21":"tablet-align-left","22":"mobile-align-left","23":"ast-product-gallery-layout-horizontal-slider","24":"ast-product-tabs-layout-horizontal","26":"first","27":"instock","28":"shipping-taxable","29":"purchasable","30":"product-type-simple"},"acf":[],"_links":{"self":[{"href":"https:\/\/www.balderpower.com\/fr\/wp-json\/wp\/v2\/product\/11348","targetHints":{"allow":["GET"]}}],"collection":[{"href":"https:\/\/www.balderpower.com\/fr\/wp-json\/wp\/v2\/product"}],"about":[{"href":"https:\/\/www.balderpower.com\/fr\/wp-json\/wp\/v2\/types\/product"}],"version-history":[{"count":0,"href":"https:\/\/www.balderpower.com\/fr\/wp-json\/wp\/v2\/product\/11348\/revisions"}],"wp:featuredmedia":[{"embeddable":true,"href":"https:\/\/www.balderpower.com\/fr\/wp-json\/wp\/v2\/media\/11350"}],"wp:attachment":[{"href":"https:\/\/www.balderpower.com\/fr\/wp-json\/wp\/v2\/media?parent=11348"}],"wp:term":[{"taxonomy":"product_brand","embeddable":true,"href":"https:\/\/www.balderpower.com\/fr\/wp-json\/wp\/v2\/product_brand?post=11348"},{"taxonomy":"product_cat","embeddable":true,"href":"https:\/\/www.balderpower.com\/fr\/wp-json\/wp\/v2\/product_cat?post=11348"},{"taxonomy":"product_tag","embeddable":true,"href":"https:\/\/www.balderpower.com\/fr\/wp-json\/wp\/v2\/product_tag?post=11348"}],"curies":[{"name":"wp","href":"https:\/\/api.w.org\/{rel}","templated":true}]}}