{"id":11339,"date":"2026-03-03T16:52:03","date_gmt":"2026-03-03T08:52:03","guid":{"rendered":"https:\/\/www.balderpower.com\/?post_type=product&#038;p=11339"},"modified":"2026-03-03T16:52:06","modified_gmt":"2026-03-03T08:52:06","slug":"100-kw-215-kwh-tout-dans-un-conteneur-ci-bess","status":"publish","type":"product","link":"https:\/\/www.balderpower.com\/fr\/100kw-215kwh-all-in-one-ci-bess-container\/","title":{"rendered":"Syst\u00e8me de stockage d&#039;\u00e9nergie solaire hybride LiFePO4 tout-en-un pour les secteurs commercial et industriel (BESS) de 100 kW et 215 kWh"},"content":{"rendered":"<h3 data-start=\"2090\" data-end=\"2200\">Optimisez la gestion de votre \u00e9nergie industrielle avec le conteneur BESS C&amp;I tout-en-un de 100 kW et 215 kWh de Balder Power<\/h3>\n<p data-start=\"2201\" data-end=\"2778\">S&#039;appuyant sur plus de 15 ans d&#039;exp\u00e9rience en tant que premier producteur chinois de batteries au lithium, Balder Power pr\u00e9sente la <strong data-start=\"2301\" data-end=\"2347\">Conteneur BESS tout-en-un C&amp;I 100 kW 215 kWh<\/strong> \u2013 Un syst\u00e8me complet de stockage d&#039;\u00e9nergie solaire hybride LiFePO4, con\u00e7u pour les secteurs commerciaux et industriels confront\u00e9s \u00e0 la volatilit\u00e9 des co\u00fbts \u00e9nerg\u00e9tiques et aux d\u00e9fis li\u00e9s \u00e0 la fiabilit\u00e9 de l&#039;approvisionnement. Cette solution conteneuris\u00e9e int\u00e8gre des composants de pointe dans un bo\u00eetier robuste IP54, permettant aux entreprises telles que les usines, les centres de donn\u00e9es et les centrales solaires d&#039;atteindre l&#039;ind\u00e9pendance \u00e9nerg\u00e9tique, de r\u00e9duire les co\u00fbts li\u00e9s aux pics de consommation et d&#039;optimiser l&#039;int\u00e9gration des \u00e9nergies renouvelables.<\/p>\n<p data-start=\"2780\" data-end=\"3374\">Notre \u00e9quipe d&#039;ing\u00e9nieurs, forte d&#039;installations certifi\u00e9es ISO et d&#039;une exp\u00e9rience concr\u00e8te dans plus de 40 pays, a con\u00e7u ce syst\u00e8me pour offrir des performances exceptionnelles. Son syst\u00e8me de stockage d&#039;\u00e9nergie industriel LiFePO4 de 215 kWh assure plus de 6\u00a0000 cycles \u00e0 une profondeur de d\u00e9charge de 801 TP3T, garantissant un retour sur investissement \u00e0 long terme gr\u00e2ce \u00e0 l&#039;arbitrage \u00e9nerg\u00e9tique et \u00e0 l&#039;autoconsommation. Le conteneur hybride solaire BESS de 100 kW prend en charge les modes de fonctionnement raccord\u00e9 au r\u00e9seau, hybride ou autonome, ce qui le rend id\u00e9al pour les r\u00e9gions aux r\u00e9seaux instables ou aux tarifs heures pleines\/heures creuses \u00e9lev\u00e9s \u2013 une tendance qui s&#039;acc\u00e9l\u00e8re en 2026, les installations mondiales de BESS d\u00e9passant les 450 GWh par an.<\/p>\n<h3 data-start=\"3376\" data-end=\"3416\">Fiabilit\u00e9 \u00e9prouv\u00e9e pour r\u00e9pondre aux exigences B2B<\/h3>\n<p data-start=\"3417\" data-end=\"3971\">Nos clients B2B appr\u00e9cient notre <strong data-start=\"3439\" data-end=\"3483\">Stockage d&#039;\u00e9nergie solaire en gros en Chine pour les secteurs commercial et industriel<\/strong> Pour ses avantages li\u00e9s \u00e0 la vente directe d&#039;usine\u00a0: prix comp\u00e9titifs avec une quantit\u00e9 minimale de commande (MOQ) d&#039;une seule unit\u00e9 pour les projets pilotes, personnalisation de la marque et d\u00e9lais de livraison de 30 \u00e0 45\u00a0jours. Nous avons fourni des syst\u00e8mes similaires \u00e0 des entrep\u00f4ts europ\u00e9ens et \u00e0 des plateformes de v\u00e9hicules \u00e9lectriques au Moyen-Orient, o\u00f9 la version commerciale de stockage d&#039;\u00e9nergie par batterie \u00e0 refroidissement liquide (en option) excelle dans des conditions de chaleur \u00e9lev\u00e9es, jusqu&#039;\u00e0 60\u00a0\u00b0C. Chaque unit\u00e9 est soumise aux tests d&#039;usine 100% et certifi\u00e9e IEC\u00a062477, IEC\u00a061000 et IEC\u00a062116, t\u00e9moignant de notre engagement en mati\u00e8re de s\u00e9curit\u00e9 et de conformit\u00e9.<\/p>\n<p data-start=\"3973\" data-end=\"4281\">Ce syst\u00e8me de stockage d&#039;\u00e9nergie par batterie (BESS) n&#039;est pas qu&#039;un simple \u00e9quipement\u00a0: c&#039;est un investissement judicieux. Son syst\u00e8me de gestion de l&#039;\u00e9nergie int\u00e9gr\u00e9 optimise en temps r\u00e9el les flux d&#039;\u00e9nergie solaire, de batterie et du r\u00e9seau, r\u00e9duisant ainsi les co\u00fbts d&#039;exploitation jusqu&#039;\u00e0 301\u00a0TP3T selon nos \u00e9tudes de cas. Pour accompagner l&#039;expansion de ses activit\u00e9s, sa modularit\u00e9 permet une mise en parall\u00e8le fluide jusqu&#039;\u00e0 des puissances de plusieurs m\u00e9gawatts, sans interruption.<\/p>\n<p data-start=\"4283\" data-end=\"4502\">Faites confiance \u00e0 Balder Power pour p\u00e9renniser votre strat\u00e9gie \u00e9nerg\u00e9tique. Contactez nos experts pour des devis personnalis\u00e9s, des conceptions CAO ou une assistance \u00e0 l&#039;int\u00e9gration\u00a0: nous sommes l\u00e0 pour propulser votre entreprise vers l&#039;avenir gr\u00e2ce \u00e0 des solutions \u00e9nerg\u00e9tiques fiables et performantes.<\/p>","protected":false},"excerpt":{"rendered":"<p data-start=\"1210\" data-end=\"1561\">D\u00e9couvrez le conteneur BESS tout-en-un C&amp;I robuste de 100 kW et 215 kWh, dot\u00e9 de capacit\u00e9s solaires hybrides LiFePO4, d&#039;un refroidissement liquide en option et d&#039;une alimentation sans interruption (UPS) int\u00e9gr\u00e9e pour une r\u00e9silience industrielle optimale. Directement du fabricant chinois Balder Power\u00a0: modulaire, certifi\u00e9 et pr\u00eat pour la vente en gros.<\/p>\n<ul data-start=\"1562\" data-end=\"1991\">\n<li data-start=\"1562\" data-end=\"1651\">\n<p data-start=\"1564\" data-end=\"1651\">Batterie LiFePO4 haute capacit\u00e9 de 215 kWh avec une puissance de sortie de 100 kW pour les applications commerciales et industrielles exigeantes<\/p>\n<\/li>\n<li data-start=\"1652\" data-end=\"1744\">\n<p data-start=\"1654\" data-end=\"1744\">MPPT int\u00e9gr\u00e9, onduleur CC-CA, STS, EMS dans un seul conteneur IP54 pour un d\u00e9ploiement facile<\/p>\n<\/li>\n<li data-start=\"1745\" data-end=\"1824\">\n<p data-start=\"1747\" data-end=\"1824\">Le red\u00e9marrage automatique et l&#039;onduleur v\u00e9ritable garantissent une alimentation \u00e9lectrique sans interruption en cas de coupure de r\u00e9seau.<\/p>\n<\/li>\n<li data-start=\"1825\" data-end=\"1914\">\n<p data-start=\"1827\" data-end=\"1914\">Options de refroidissement flexibles\u00a0: refroidissement par air ou par liquide pour une efficacit\u00e9 optimale dans divers environnements<\/p>\n<\/li>\n<li data-start=\"1915\" data-end=\"1991\">\n<p data-start=\"1917\" data-end=\"1991\">Sa conception \u00e9volutive permet une extension parall\u00e8le pour r\u00e9pondre aux besoins \u00e9nerg\u00e9tiques croissants.<\/p>\n<\/li>\n<\/ul>","protected":false},"featured_media":11345,"template":"","meta":{"_acf_changed":false,"nf_dc_page":"","site-sidebar-layout":"default","site-content-layout":"","ast-site-content-layout":"default","site-content-style":"default","site-sidebar-style":"default","ast-global-header-display":"","ast-banner-title-visibility":"","ast-main-header-display":"","ast-hfb-above-header-display":"","ast-hfb-below-header-display":"","ast-hfb-mobile-header-display":"","site-post-title":"","ast-breadcrumbs-content":"","ast-featured-img":"","footer-sml-layout":"","ast-disable-related-posts":"","theme-transparent-header-meta":"default","adv-header-id-meta":"","stick-header-meta":"default","header-above-stick-meta":"","header-main-stick-meta":"","header-below-stick-meta":"","astra-migrate-meta-layouts":"set","ast-page-background-enabled":"default","ast-page-background-meta":{"desktop":{"background-color":"","background-image":"","background-repeat":"repeat","background-position":"center center","background-size":"auto","background-attachment":"scroll","background-type":"","background-media":"","overlay-type":"","overlay-color":"","overlay-opacity":"","overlay-gradient":""},"tablet":{"background-color":"","background-image":"","background-repeat":"repeat","background-position":"center center","background-size":"auto","background-attachment":"scroll","background-type":"","background-media":"","overlay-type":"","overlay-color":"","overlay-opacity":"","overlay-gradient":""},"mobile":{"background-color":"","background-image":"","background-repeat":"repeat","background-position":"center center","background-size":"auto","background-attachment":"scroll","background-type":"","background-media":"","overlay-type":"","overlay-color":"","overlay-opacity":"","overlay-gradient":""}},"ast-content-background-meta":{"desktop":{"background-color":"var(--ast-global-color-5)","background-image":"","background-repeat":"repeat","background-position":"center center","background-size":"auto","background-attachment":"scroll","background-type":"","background-media":"","overlay-type":"","overlay-color":"","overlay-opacity":"","overlay-gradient":""},"tablet":{"background-color":"var(--ast-global-color-5)","background-image":"","background-repeat":"repeat","background-position":"center center","background-size":"auto","background-attachment":"scroll","background-type":"","background-media":"","overlay-type":"","overlay-color":"","overlay-opacity":"","overlay-gradient":""},"mobile":{"background-color":"var(--ast-global-color-5)","background-image":"","background-repeat":"repeat","background-position":"center center","background-size":"auto","background-attachment":"scroll","background-type":"","background-media":"","overlay-type":"","overlay-color":"","overlay-opacity":"","overlay-gradient":""}},"_joinchat":[]},"product_brand":[],"product_cat":[845],"product_tag":[1145,1144,1152,1147,1143,1150,1148,1146,1151,1153,1154,1149],"class_list":{"0":"post-11339","1":"product","2":"type-product","3":"status-publish","4":"has-post-thumbnail","6":"product_cat-commercial-industrial-bess","7":"product_tag-100kw-hybrid-solar-bess","8":"product_tag-215kwh-lifepo4-storage","9":"product_tag-b2b-solar-storage","10":"product_tag-china-wholesale-ci-storage","11":"product_tag-ci-bess-container","12":"product_tag-data-center-ups","13":"product_tag-industrial-peak-shaving","14":"product_tag-liquid-cooled-commercial-battery","15":"product_tag-modular-energy-system","16":"product_tag-off-grid-industrial-battery","17":"product_tag-scalable-ci-ess","18":"product_tag-solar-farm-bess","19":"desktop-align-left","20":"tablet-align-left","21":"mobile-align-left","22":"ast-product-gallery-layout-horizontal-slider","23":"ast-product-tabs-layout-horizontal","25":"first","26":"instock","27":"shipping-taxable","28":"purchasable","29":"product-type-simple"},"acf":[],"_links":{"self":[{"href":"https:\/\/www.balderpower.com\/fr\/wp-json\/wp\/v2\/product\/11339","targetHints":{"allow":["GET"]}}],"collection":[{"href":"https:\/\/www.balderpower.com\/fr\/wp-json\/wp\/v2\/product"}],"about":[{"href":"https:\/\/www.balderpower.com\/fr\/wp-json\/wp\/v2\/types\/product"}],"version-history":[{"count":0,"href":"https:\/\/www.balderpower.com\/fr\/wp-json\/wp\/v2\/product\/11339\/revisions"}],"wp:featuredmedia":[{"embeddable":true,"href":"https:\/\/www.balderpower.com\/fr\/wp-json\/wp\/v2\/media\/11345"}],"wp:attachment":[{"href":"https:\/\/www.balderpower.com\/fr\/wp-json\/wp\/v2\/media?parent=11339"}],"wp:term":[{"taxonomy":"product_brand","embeddable":true,"href":"https:\/\/www.balderpower.com\/fr\/wp-json\/wp\/v2\/product_brand?post=11339"},{"taxonomy":"product_cat","embeddable":true,"href":"https:\/\/www.balderpower.com\/fr\/wp-json\/wp\/v2\/product_cat?post=11339"},{"taxonomy":"product_tag","embeddable":true,"href":"https:\/\/www.balderpower.com\/fr\/wp-json\/wp\/v2\/product_tag?post=11339"}],"curies":[{"name":"wp","href":"https:\/\/api.w.org\/{rel}","templated":true}]}}