{"id":11110,"date":"2026-02-24T17:47:25","date_gmt":"2026-02-24T09:47:25","guid":{"rendered":"https:\/\/www.balderpower.com\/?post_type=product&#038;p=11110"},"modified":"2026-03-06T15:52:12","modified_gmt":"2026-03-06T07:52:12","slug":"batterie-macbook-pro-13-pouces-a1964-a1989-2018-2019","status":"publish","type":"product","link":"https:\/\/www.balderpower.com\/fr\/a1964-macbook-pro-13-battery-a1989-2018-2019\/","title":{"rendered":"Batterie de remplacement pour MacBook Pro 13 pouces (A1964) \u2013 A1989 (2018\/2019) 58 Wh 11,41 V"},"content":{"rendered":"<h2 data-start=\"1593\" data-end=\"1658\">Batterie de remplacement pour MacBook Pro 13 pouces A1964 (compatible avec les mod\u00e8les A1989, 2018-2019)<\/h2>\n<p data-start=\"1660\" data-end=\"1957\">Ce <strong data-start=\"1665\" data-end=\"1697\">Batterie A1964 pour MacBook Pro 13 pouces<\/strong> Con\u00e7ue comme une batterie de remplacement de haute qualit\u00e9 pour les mod\u00e8les Apple MacBook Pro 13 pouces A1989 sortis en 2018 et 2019, elle offre une capacit\u00e9 r\u00e9elle de 58 Wh et une tension de sortie stable de 11,41 V, restaurant ainsi les performances d&#039;autonomie d&#039;origine tout en garantissant s\u00e9curit\u00e9 et stabilit\u00e9 des cycles.<\/p>\n<p data-start=\"1959\" data-end=\"2129\">Fabriqu\u00e9e selon les normes de production certifi\u00e9es ISO9001, chaque batterie subit un test de vieillissement, une v\u00e9rification de capacit\u00e9 et une validation compl\u00e8te du circuit de protection avant exp\u00e9dition.<\/p>\n<h3 data-start=\"2131\" data-end=\"2152\">Mod\u00e8les compatibles<\/h3>\n<p data-start=\"2154\" data-end=\"2283\">\u2714 MacBook Pro 13\u2033 A1989 (EMC 3214) \u2013 Mi-2018<br data-start=\"2199\" data-end=\"2202\" \/>\u2714 MacBook Pro 13\u2033 A1989 (EMC 3358) \u2013 Mi-2019<br data-start=\"2247\" data-end=\"2250\" \/>\u2714 Num\u00e9ros de pi\u00e8ces Apple\u00a0: 020-02497<\/p>\n<p data-start=\"2285\" data-end=\"2441\">Si vous vous approvisionnez <strong data-start=\"2305\" data-end=\"2334\">Remplacement de la batterie A1989<\/strong> Pour l&#039;approvisionnement des cha\u00eenes de distribution ou de r\u00e9paration, ce mod\u00e8le garantit une compatibilit\u00e9 fiable et un approvisionnement en vrac stable.<\/p>","protected":false},"excerpt":{"rendered":"<ul>\n<li data-start=\"1041\" data-end=\"1213\">\n<p data-start=\"1043\" data-end=\"1213\">Batterie A1964 pour MacBook Pro 13 pouces A1989 2018\/2019, remplacement haute capacit\u00e9 58 Wh 11,41 V disponible pour la vente en gros et la fourniture OEM avec prix d&#039;usine et exp\u00e9dition mondiale.<\/p>\n<\/li>\n<li data-start=\"1214\" data-end=\"1293\">\n<p data-start=\"1216\" data-end=\"1293\">Compatible avec les mod\u00e8les MacBook Pro 13\u2033 A1989 (EMC 3214) mi-2018 et mi-2019<\/p>\n<\/li>\n<li data-start=\"1294\" data-end=\"1365\">\n<p data-start=\"1296\" data-end=\"1365\">Cellules lithium-polym\u00e8re de qualit\u00e9 A, conception \u00e0 6 cellules, capacit\u00e9 r\u00e9elle de 5083 mAh<\/p>\n<\/li>\n<li data-start=\"1366\" data-end=\"1424\">\n<p data-start=\"1368\" data-end=\"1424\">100% test\u00e9 avec des solutions de circuit int\u00e9gr\u00e9 de protection TI d&#039;origine<\/p>\n<\/li>\n<li data-start=\"1425\" data-end=\"1486\">\n<p data-start=\"1427\" data-end=\"1486\">Conforme \u00e0 la norme UN38.3 et aux fiches de donn\u00e9es de s\u00e9curit\u00e9 (FDS) pour le transport a\u00e9rien et maritime international.<\/p>\n<\/li>\n<li data-start=\"1487\" data-end=\"1551\">\n<p data-start=\"1489\" data-end=\"1551\">Con\u00e7u pour les distributeurs, les centres de r\u00e9paration et les revendeurs en ligne<\/p>\n<\/li>\n<\/ul>","protected":false},"featured_media":11111,"template":"","meta":{"_acf_changed":false,"nf_dc_page":"","site-sidebar-layout":"default","site-content-layout":"","ast-site-content-layout":"default","site-content-style":"default","site-sidebar-style":"default","ast-global-header-display":"","ast-banner-title-visibility":"","ast-main-header-display":"","ast-hfb-above-header-display":"","ast-hfb-below-header-display":"","ast-hfb-mobile-header-display":"","site-post-title":"","ast-breadcrumbs-content":"","ast-featured-img":"","footer-sml-layout":"","ast-disable-related-posts":"","theme-transparent-header-meta":"default","adv-header-id-meta":"","stick-header-meta":"default","header-above-stick-meta":"","header-main-stick-meta":"","header-below-stick-meta":"","astra-migrate-meta-layouts":"set","ast-page-background-enabled":"default","ast-page-background-meta":{"desktop":{"background-color":"","background-image":"","background-repeat":"repeat","background-position":"center center","background-size":"auto","background-attachment":"scroll","background-type":"","background-media":"","overlay-type":"","overlay-color":"","overlay-opacity":"","overlay-gradient":""},"tablet":{"background-color":"","background-image":"","background-repeat":"repeat","background-position":"center center","background-size":"auto","background-attachment":"scroll","background-type":"","background-media":"","overlay-type":"","overlay-color":"","overlay-opacity":"","overlay-gradient":""},"mobile":{"background-color":"","background-image":"","background-repeat":"repeat","background-position":"center center","background-size":"auto","background-attachment":"scroll","background-type":"","background-media":"","overlay-type":"","overlay-color":"","overlay-opacity":"","overlay-gradient":""}},"ast-content-background-meta":{"desktop":{"background-color":"var(--ast-global-color-5)","background-image":"","background-repeat":"repeat","background-position":"center center","background-size":"auto","background-attachment":"scroll","background-type":"","background-media":"","overlay-type":"","overlay-color":"","overlay-opacity":"","overlay-gradient":""},"tablet":{"background-color":"var(--ast-global-color-5)","background-image":"","background-repeat":"repeat","background-position":"center center","background-size":"auto","background-attachment":"scroll","background-type":"","background-media":"","overlay-type":"","overlay-color":"","overlay-opacity":"","overlay-gradient":""},"mobile":{"background-color":"var(--ast-global-color-5)","background-image":"","background-repeat":"repeat","background-position":"center center","background-size":"auto","background-attachment":"scroll","background-type":"","background-media":"","overlay-type":"","overlay-color":"","overlay-opacity":"","overlay-gradient":""}},"_joinchat":[]},"product_brand":[],"product_cat":[125],"product_tag":[1129,1125,1126,1224,1128,1133,1130,1127,1131,1132,1012],"class_list":{"0":"post-11110","1":"product","2":"type-product","3":"status-publish","4":"has-post-thumbnail","6":"product_cat-macbook-battery-wholesale-china","7":"product_tag-58wh-11-41v-battery","8":"product_tag-a1964-macbook-pro-13-battery","9":"product_tag-a1989-battery-replacement","10":"product_tag-apple","11":"product_tag-apple-laptop-battery-supplier","12":"product_tag-distributor-supply","13":"product_tag-laptop-battery-wholesale","14":"product_tag-macbook-pro-13-2018-battery","15":"product_tag-macbook-repair-battery","16":"product_tag-oem-laptop-battery-manufacturer","17":"product_tag-un38-3-certified-battery","18":"desktop-align-left","19":"tablet-align-left","20":"mobile-align-left","21":"ast-product-gallery-layout-horizontal-slider","22":"ast-product-tabs-layout-horizontal","24":"first","25":"instock","26":"shipping-taxable","27":"purchasable","28":"product-type-simple"},"acf":[],"_links":{"self":[{"href":"https:\/\/www.balderpower.com\/fr\/wp-json\/wp\/v2\/product\/11110","targetHints":{"allow":["GET"]}}],"collection":[{"href":"https:\/\/www.balderpower.com\/fr\/wp-json\/wp\/v2\/product"}],"about":[{"href":"https:\/\/www.balderpower.com\/fr\/wp-json\/wp\/v2\/types\/product"}],"version-history":[{"count":2,"href":"https:\/\/www.balderpower.com\/fr\/wp-json\/wp\/v2\/product\/11110\/revisions"}],"predecessor-version":[{"id":11120,"href":"https:\/\/www.balderpower.com\/fr\/wp-json\/wp\/v2\/product\/11110\/revisions\/11120"}],"wp:featuredmedia":[{"embeddable":true,"href":"https:\/\/www.balderpower.com\/fr\/wp-json\/wp\/v2\/media\/11111"}],"wp:attachment":[{"href":"https:\/\/www.balderpower.com\/fr\/wp-json\/wp\/v2\/media?parent=11110"}],"wp:term":[{"taxonomy":"product_brand","embeddable":true,"href":"https:\/\/www.balderpower.com\/fr\/wp-json\/wp\/v2\/product_brand?post=11110"},{"taxonomy":"product_cat","embeddable":true,"href":"https:\/\/www.balderpower.com\/fr\/wp-json\/wp\/v2\/product_cat?post=11110"},{"taxonomy":"product_tag","embeddable":true,"href":"https:\/\/www.balderpower.com\/fr\/wp-json\/wp\/v2\/product_tag?post=11110"}],"curies":[{"name":"wp","href":"https:\/\/api.w.org\/{rel}","templated":true}]}}