{"id":11100,"date":"2026-02-24T02:34:26","date_gmt":"2026-02-23T18:34:26","guid":{"rendered":"https:\/\/www.balderpower.com\/?post_type=product&#038;p=11100"},"modified":"2026-03-06T15:52:15","modified_gmt":"2026-03-06T07:52:15","slug":"batterie-a2171-en-gros-pour-macbook-pro-13-a2338-a1708-universelle","status":"publish","type":"product","link":"https:\/\/www.balderpower.com\/fr\/a2171-battery-wholesale-macbook-pro-13-a2338-a1708-universal\/","title":{"rendered":"Batterie A2171 en gros \u2013 58,2 Wh, compatible avec MacBook Pro 13\u2033 A2338 (M1\/M2), A2289, A2159 et A1708"},"content":{"rendered":"<p data-start=\"2346\" data-end=\"2742\">Bienvenue chez Balder Power, votre partenaire strat\u00e9gique pour <strong data-start=\"2398\" data-end=\"2425\">Batteries A2171 en gros<\/strong>. Dans le secteur dynamique de la r\u00e9paration d&#039;ordinateurs portables, la gestion des stocks pour des dizaines de mod\u00e8les diff\u00e9rents peut s&#039;av\u00e9rer un v\u00e9ritable cauchemar. <strong data-start=\"2543\" data-end=\"2576\">Batterie universelle A2171\/A1713<\/strong> C&#039;est la solution. Con\u00e7u avec un connecteur polyvalent et un format optimis\u00e9, ce produit unique vous permet d&#039;assurer la maintenance de quatre g\u00e9n\u00e9rations de MacBook Pro 13 pouces.<\/p>\n<p data-start=\"2744\" data-end=\"2898\">Que votre client poss\u00e8de une ancienne A1708 de 2016 ou la plus r\u00e9cente M2 A2338 de 2022, notre batterie haute capacit\u00e9 de 58,2 Wh offre un ajustement parfait et une am\u00e9lioration des performances.<\/p>\n<h4 data-start=\"2900\" data-end=\"2940\">\ud83d\udcbb Liste de compatibilit\u00e9 compl\u00e8te<\/h4>\n<p data-start=\"2941\" data-end=\"3024\"><em data-start=\"2941\" data-end=\"3024\">Cette r\u00e9f\u00e9rence universelle est compatible avec les mod\u00e8les suivants. Veuillez v\u00e9rifier le num\u00e9ro EMC.<\/em><\/p>\n<p data-start=\"3026\" data-end=\"3079\"><strong data-start=\"3026\" data-end=\"3079\">1. Mod\u00e8les principaux (remplacement direct du A2171)\u00a0:<\/strong><\/p>\n<ul data-start=\"3080\" data-end=\"3417\">\n<li data-start=\"3080\" data-end=\"3154\">\n<p data-start=\"3084\" data-end=\"3118\"><strong data-start=\"3084\" data-end=\"3118\">MacBook Pro 13 pouces (M2, 2022)<\/strong><\/p>\n<ul data-start=\"3123\" data-end=\"3154\">\n<li data-start=\"3123\" data-end=\"3154\">\n<p data-start=\"3127\" data-end=\"3154\">Mod\u00e8le: <strong data-start=\"3134\" data-end=\"3143\">A2338<\/strong> | EMC 8162<\/p>\n<\/li>\n<\/ul>\n<\/li>\n<li data-start=\"3155\" data-end=\"3229\">\n<p data-start=\"3159\" data-end=\"3193\"><strong data-start=\"3159\" data-end=\"3193\">MacBook Pro 13 pouces (M1, 2020)<\/strong><\/p>\n<ul data-start=\"3198\" data-end=\"3229\">\n<li data-start=\"3198\" data-end=\"3229\">\n<p data-start=\"3202\" data-end=\"3229\">Mod\u00e8le: <strong data-start=\"3209\" data-end=\"3218\">A2338<\/strong> | EMC 3578<\/p>\n<\/li>\n<\/ul>\n<\/li>\n<li data-start=\"3230\" data-end=\"3323\">\n<p data-start=\"3234\" data-end=\"3287\"><strong data-start=\"3234\" data-end=\"3287\">MacBook Pro 13 pouces (2020, 2 ports Thunderbolt 3)<\/strong><\/p>\n<ul data-start=\"3292\" data-end=\"3323\">\n<li data-start=\"3292\" data-end=\"3323\">\n<p data-start=\"3296\" data-end=\"3323\">Mod\u00e8le: <strong data-start=\"3303\" data-end=\"3312\">A2289<\/strong> | EMC 3456<\/p>\n<\/li>\n<\/ul>\n<\/li>\n<li data-start=\"3324\" data-end=\"3417\">\n<p data-start=\"3328\" data-end=\"3381\"><strong data-start=\"3328\" data-end=\"3381\">MacBook Pro 13 pouces (2019, 2 ports Thunderbolt 3)<\/strong><\/p>\n<ul data-start=\"3386\" data-end=\"3417\">\n<li data-start=\"3386\" data-end=\"3417\">\n<p data-start=\"3390\" data-end=\"3417\">Mod\u00e8le: <strong data-start=\"3397\" data-end=\"3406\">A2159<\/strong> | EMC 3301<\/p>\n<\/li>\n<\/ul>\n<\/li>\n<\/ul>\n<p data-start=\"3419\" data-end=\"3470\"><strong data-start=\"3419\" data-end=\"3470\">2. Mod\u00e8les r\u00e9trocompatibles (remplace A1713)\u00a0:<\/strong><\/p>\n<ul data-start=\"3471\" data-end=\"3642\">\n<li data-start=\"3471\" data-end=\"3556\">\n<p data-start=\"3475\" data-end=\"3520\"><strong data-start=\"3475\" data-end=\"3520\">MacBook Pro 13 pouces (2017, touches de fonction)<\/strong><\/p>\n<ul data-start=\"3525\" data-end=\"3556\">\n<li data-start=\"3525\" data-end=\"3556\">\n<p data-start=\"3529\" data-end=\"3556\">Mod\u00e8le: <strong data-start=\"3536\" data-end=\"3545\">A1708<\/strong> | EMC 3164<\/p>\n<\/li>\n<\/ul>\n<\/li>\n<li data-start=\"3557\" data-end=\"3642\">\n<p data-start=\"3561\" data-end=\"3606\"><strong data-start=\"3561\" data-end=\"3606\">MacBook Pro 13 pouces (2016, touches de fonction)<\/strong><\/p>\n<ul data-start=\"3611\" data-end=\"3642\">\n<li data-start=\"3611\" data-end=\"3642\">\n<p data-start=\"3615\" data-end=\"3642\">Mod\u00e8le: <strong data-start=\"3622\" data-end=\"3631\">A1708<\/strong> | EMC 2978<\/p>\n<\/li>\n<\/ul>\n<\/li>\n<\/ul>\n<p data-start=\"3644\" data-end=\"3681\"><strong data-start=\"3644\" data-end=\"3681\">3. Num\u00e9ros de pi\u00e8ces Apple compatibles\u00a0:<\/strong><\/p>\n<ul data-start=\"3682\" data-end=\"3784\">\n<li data-start=\"3682\" data-end=\"3716\">\n<p data-start=\"3686\" data-end=\"3716\"><strong data-start=\"3686\" data-end=\"3695\">A2171<\/strong> (Version originale pour 2019+)<\/p>\n<\/li>\n<li data-start=\"3717\" data-end=\"3755\">\n<p data-start=\"3721\" data-end=\"3755\"><strong data-start=\"3721\" data-end=\"3730\">A1713<\/strong> (Version originale pour 2016-2017)<\/p>\n<\/li>\n<li data-start=\"3756\" data-end=\"3784\">\n<p data-start=\"3760\" data-end=\"3784\"><strong data-start=\"3760\" data-end=\"3784\">616-00578, 616-00946<\/strong><\/p>\n<\/li>\n<\/ul>\n<p data-start=\"3786\" data-end=\"3848\">\u26a0\ufe0f <strong data-start=\"3789\" data-end=\"3817\">Avertissement d&#039;incompatibilit\u00e9\u00a0:<\/strong><br \/>\nCette batterie <strong data-start=\"3836\" data-end=\"3843\">PAS<\/strong> ajuster:<\/p>\n<ul data-start=\"3849\" data-end=\"4089\">\n<li data-start=\"3849\" data-end=\"3966\">\n<p data-start=\"3853\" data-end=\"3966\">Mod\u00e8les de MacBook Pro 13 pouces (quatre ports Thunderbolt 3)\u00a0: <strong data-start=\"3908\" data-end=\"3931\">A1706, A1989, A2251<\/strong> (Ces appareils utilisent des piles A1819\/A1964).<\/p>\n<\/li>\n<li data-start=\"3967\" data-end=\"4089\">\n<p data-start=\"3971\" data-end=\"4089\"><em data-start=\"3971\" data-end=\"4089\">Conseil\u00a0: Les mod\u00e8les A1708, A2159, A2289 et A2338 sont tous \u00e9quip\u00e9s de deux ports Thunderbolt. Si votre Mac poss\u00e8de quatre ports, cette batterie ne sera pas compatible.<\/em><\/p>\n<\/li>\n<\/ul>","protected":false},"excerpt":{"rendered":"<ul>\n<li data-start=\"1661\" data-end=\"1826\">\n<p data-start=\"1665\" data-end=\"1826\">Acheter <strong data-start=\"1669\" data-end=\"1696\">Batteries A2171 en gros<\/strong> Batterie externe (58,2 Wh) compatible avec MacBook Pro 13\u2033 A2338 M1, A2289, A2159 et A1708. Une seule r\u00e9f\u00e9rence pour les mod\u00e8les 2016-2022. Prix direct usine.<\/p>\n<\/li>\n<li data-start=\"1827\" data-end=\"1937\">\n<p data-start=\"1831\" data-end=\"1937\"><strong data-start=\"1831\" data-end=\"1851\">\u00c9conomies de stock :<\/strong> Une seule batterie remplace les deux <strong data-start=\"1878\" data-end=\"1887\">A2171<\/strong> et <strong data-start=\"1892\" data-end=\"1901\">A1713<\/strong>, couvrant 5 ann\u00e9es de mod\u00e8les d&#039;ordinateurs portables.<\/p>\n<\/li>\n<li data-start=\"1938\" data-end=\"2036\">\n<p data-start=\"1942\" data-end=\"2036\"><strong data-start=\"1942\" data-end=\"1963\">Augmentation de capacit\u00e9 :<\/strong> <strong data-start=\"1964\" data-end=\"1984\">58,2 Wh \/ 5103 mAh<\/strong> \u2013 Capacit\u00e9 sup\u00e9rieure \u00e0 celle du mod\u00e8le A1713 d&#039;origine (54,5 Wh).<\/p>\n<\/li>\n<li data-start=\"2037\" data-end=\"2143\">\n<p data-start=\"2041\" data-end=\"2143\"><strong data-start=\"2041\" data-end=\"2064\">Large compatibilit\u00e9 :<\/strong> Convient aux mod\u00e8les A1708 (touche de fonction), A2159 (Touch Bar), A2289 (2020) et A2338 (M1\/M2).<\/p>\n<\/li>\n<li data-start=\"2144\" data-end=\"2261\">\n<p data-start=\"2148\" data-end=\"2261\"><strong data-start=\"2148\" data-end=\"2168\">Qualit\u00e9 d&#039;usine :<\/strong> La puce TI Gas Gauge assure une lecture de sant\u00e9 100% sur les syst\u00e8mes macOS Intel et Apple Silicon (M1\/M2).<\/p>\n<\/li>\n<\/ul>","protected":false},"featured_media":11105,"template":"","meta":{"_acf_changed":false,"nf_dc_page":"","site-sidebar-layout":"default","site-content-layout":"","ast-site-content-layout":"default","site-content-style":"default","site-sidebar-style":"default","ast-global-header-display":"","ast-banner-title-visibility":"","ast-main-header-display":"","ast-hfb-above-header-display":"","ast-hfb-below-header-display":"","ast-hfb-mobile-header-display":"","site-post-title":"","ast-breadcrumbs-content":"","ast-featured-img":"","footer-sml-layout":"","ast-disable-related-posts":"","theme-transparent-header-meta":"default","adv-header-id-meta":"","stick-header-meta":"default","header-above-stick-meta":"","header-main-stick-meta":"","header-below-stick-meta":"","astra-migrate-meta-layouts":"set","ast-page-background-enabled":"default","ast-page-background-meta":{"desktop":{"background-color":"","background-image":"","background-repeat":"repeat","background-position":"center center","background-size":"auto","background-attachment":"scroll","background-type":"","background-media":"","overlay-type":"","overlay-color":"","overlay-opacity":"","overlay-gradient":""},"tablet":{"background-color":"","background-image":"","background-repeat":"repeat","background-position":"center center","background-size":"auto","background-attachment":"scroll","background-type":"","background-media":"","overlay-type":"","overlay-color":"","overlay-opacity":"","overlay-gradient":""},"mobile":{"background-color":"","background-image":"","background-repeat":"repeat","background-position":"center center","background-size":"auto","background-attachment":"scroll","background-type":"","background-media":"","overlay-type":"","overlay-color":"","overlay-opacity":"","overlay-gradient":""}},"ast-content-background-meta":{"desktop":{"background-color":"var(--ast-global-color-5)","background-image":"","background-repeat":"repeat","background-position":"center center","background-size":"auto","background-attachment":"scroll","background-type":"","background-media":"","overlay-type":"","overlay-color":"","overlay-opacity":"","overlay-gradient":""},"tablet":{"background-color":"var(--ast-global-color-5)","background-image":"","background-repeat":"repeat","background-position":"center center","background-size":"auto","background-attachment":"scroll","background-type":"","background-media":"","overlay-type":"","overlay-color":"","overlay-opacity":"","overlay-gradient":""},"mobile":{"background-color":"var(--ast-global-color-5)","background-image":"","background-repeat":"repeat","background-position":"center center","background-size":"auto","background-attachment":"scroll","background-type":"","background-media":"","overlay-type":"","overlay-color":"","overlay-opacity":"","overlay-gradient":""}},"_joinchat":[]},"product_brand":[],"product_cat":[125],"product_tag":[1124,1119,1123,1117,1121,1118,1224,1120,1122],"class_list":{"0":"post-11100","1":"product","2":"type-product","3":"status-publish","4":"has-post-thumbnail","6":"product_cat-macbook-battery-wholesale-china","7":"product_tag-a1708-battery","8":"product_tag-a1713-battery-upgrade","9":"product_tag-a2159-battery","10":"product_tag-a2171-battery-wholesale","11":"product_tag-a2289-battery","12":"product_tag-a2338-battery-replacement","13":"product_tag-apple","14":"product_tag-macbook-pro-m1-battery","15":"product_tag-universal-macbook-battery","16":"desktop-align-left","17":"tablet-align-left","18":"mobile-align-left","19":"ast-product-gallery-layout-horizontal-slider","20":"ast-product-tabs-layout-horizontal","22":"first","23":"instock","24":"shipping-taxable","25":"purchasable","26":"product-type-simple"},"acf":[],"_links":{"self":[{"href":"https:\/\/www.balderpower.com\/fr\/wp-json\/wp\/v2\/product\/11100","targetHints":{"allow":["GET"]}}],"collection":[{"href":"https:\/\/www.balderpower.com\/fr\/wp-json\/wp\/v2\/product"}],"about":[{"href":"https:\/\/www.balderpower.com\/fr\/wp-json\/wp\/v2\/types\/product"}],"version-history":[{"count":1,"href":"https:\/\/www.balderpower.com\/fr\/wp-json\/wp\/v2\/product\/11100\/revisions"}],"predecessor-version":[{"id":11107,"href":"https:\/\/www.balderpower.com\/fr\/wp-json\/wp\/v2\/product\/11100\/revisions\/11107"}],"wp:featuredmedia":[{"embeddable":true,"href":"https:\/\/www.balderpower.com\/fr\/wp-json\/wp\/v2\/media\/11105"}],"wp:attachment":[{"href":"https:\/\/www.balderpower.com\/fr\/wp-json\/wp\/v2\/media?parent=11100"}],"wp:term":[{"taxonomy":"product_brand","embeddable":true,"href":"https:\/\/www.balderpower.com\/fr\/wp-json\/wp\/v2\/product_brand?post=11100"},{"taxonomy":"product_cat","embeddable":true,"href":"https:\/\/www.balderpower.com\/fr\/wp-json\/wp\/v2\/product_cat?post=11100"},{"taxonomy":"product_tag","embeddable":true,"href":"https:\/\/www.balderpower.com\/fr\/wp-json\/wp\/v2\/product_tag?post=11100"}],"curies":[{"name":"wp","href":"https:\/\/api.w.org\/{rel}","templated":true}]}}