{"id":11085,"date":"2026-02-24T01:59:31","date_gmt":"2026-02-23T17:59:31","guid":{"rendered":"https:\/\/www.balderpower.com\/?post_type=product&#038;p=11085"},"modified":"2026-03-06T15:52:17","modified_gmt":"2026-03-06T07:52:17","slug":"batterie-a1953-en-gros-pour-macbook-pro-15-a1990","status":"publish","type":"product","link":"https:\/\/www.balderpower.com\/fr\/a1953-battery-wholesale-macbook-pro-15-a1990\/","title":{"rendered":"Batterie A1953 en gros \u2013 Capacit\u00e9 OEM de 83,6 Wh pour MacBook Pro 15\u2033 A1990 (2018-2019) EMC 3215\/3359"},"content":{"rendered":"<p data-start=\"2110\" data-end=\"2513\">Bienvenue chez Balder Power, votre partenaire de fabrication d\u00e9di\u00e9 pour <strong data-start=\"2176\" data-end=\"2203\">Batteries A1953 en gros<\/strong> Solutions. Le MacBook Pro 15 pouces (A1990) est une station de travail haute performance utilis\u00e9e par les professionnels de la cr\u00e9ation et n\u00e9cessite une batterie capable de supporter des charges de travail importantes. Notre batterie de remplacement A1953 est con\u00e7ue pour r\u00e9pondre aux exigences \u00e9nerg\u00e9tiques \u00e9lev\u00e9es des processeurs Intel Core i7 et i9 \u00e9quipant ces mod\u00e8les.<\/p>\n<p data-start=\"2515\" data-end=\"2736\">Nous comprenons que pour les ateliers de r\u00e9paration, <strong data-start=\"2552\" data-end=\"2579\">confusion de compatibilit\u00e9<\/strong> C&#039;est un vrai casse-t\u00eate. Nos batteries A1953 sont moul\u00e9es avec pr\u00e9cision pour s&#039;adapter parfaitement au ch\u00e2ssis A1990, garantissant une installation sans jeu et une reconnaissance par le syst\u00e8me 100%.<\/p>\n<h4 data-start=\"2738\" data-end=\"2778\">\ud83d\udcbb Liste de compatibilit\u00e9 compl\u00e8te<\/h4>\n<p data-start=\"2779\" data-end=\"2858\"><em data-start=\"2779\" data-end=\"2858\">Veuillez v\u00e9rifier l&#039;ann\u00e9e du mod\u00e8le. Cette batterie n&#039;est PAS compatible avec les mod\u00e8les 2016\/2017.<\/em><\/p>\n<p data-start=\"2860\" data-end=\"2892\"><strong data-start=\"2860\" data-end=\"2892\">1. Mod\u00e8les d&#039;ordinateurs portables compatibles\u00a0:<\/strong><\/p>\n<ul data-start=\"2893\" data-end=\"3211\">\n<li data-start=\"2893\" data-end=\"3043\">\n<p data-start=\"2897\" data-end=\"2939\"><strong data-start=\"2897\" data-end=\"2928\">MacBook Pro (15 pouces, 2018)<\/strong> \u2013 Mi-2018<\/p>\n<ul data-start=\"2944\" data-end=\"3043\">\n<li data-start=\"2944\" data-end=\"2975\">\n<p data-start=\"2948\" data-end=\"2975\"><strong data-start=\"2948\" data-end=\"2965\">Num\u00e9ro de mod\u00e8le\u00a0:<\/strong> <strong data-start=\"2966\" data-end=\"2975\">A1990<\/strong><\/p>\n<\/li>\n<li data-start=\"2980\" data-end=\"3012\">\n<p data-start=\"2984\" data-end=\"3012\"><strong data-start=\"2984\" data-end=\"2999\">Num\u00e9ro EMC :<\/strong> <strong data-start=\"3000\" data-end=\"3012\">CEM 3215<\/strong><\/p>\n<\/li>\n<li data-start=\"3017\" data-end=\"3043\">\n<p data-start=\"3021\" data-end=\"3043\"><strong data-start=\"3021\" data-end=\"3028\">IDENTIFIANT:<\/strong> MacBookPro 15,1<\/p>\n<\/li>\n<\/ul>\n<\/li>\n<li data-start=\"3044\" data-end=\"3211\">\n<p data-start=\"3048\" data-end=\"3090\"><strong data-start=\"3048\" data-end=\"3079\">MacBook Pro (15 pouces, 2019)<\/strong> \u2013 Mi-2019<\/p>\n<ul data-start=\"3095\" data-end=\"3211\">\n<li data-start=\"3095\" data-end=\"3126\">\n<p data-start=\"3099\" data-end=\"3126\"><strong data-start=\"3099\" data-end=\"3116\">Num\u00e9ro de mod\u00e8le\u00a0:<\/strong> <strong data-start=\"3117\" data-end=\"3126\">A1990<\/strong><\/p>\n<\/li>\n<li data-start=\"3131\" data-end=\"3163\">\n<p data-start=\"3135\" data-end=\"3163\"><strong data-start=\"3135\" data-end=\"3150\">Num\u00e9ro EMC :<\/strong> <strong data-start=\"3151\" data-end=\"3163\">CEM 3359<\/strong><\/p>\n<\/li>\n<li data-start=\"3168\" data-end=\"3211\">\n<p data-start=\"3172\" data-end=\"3211\"><strong data-start=\"3172\" data-end=\"3179\">IDENTIFIANT:<\/strong> MacBookPro15,1 \/ MacBookPro15,3<\/p>\n<\/li>\n<\/ul>\n<\/li>\n<\/ul>\n<p data-start=\"3213\" data-end=\"3301\"><strong data-start=\"3213\" data-end=\"3266\">2. Num\u00e9ros de pi\u00e8ces Apple compatibles (num\u00e9ros de commande)\u00a0:<\/strong><br \/>\n<em data-start=\"3267\" data-end=\"3301\">(Compatible avec les coloris Gris sid\u00e9ral et Argent)<\/em><\/p>\n<ul data-start=\"3302\" data-end=\"3483\">\n<li data-start=\"3302\" data-end=\"3345\">\n<p data-start=\"3306\" data-end=\"3345\"><strong data-start=\"3306\" data-end=\"3330\">MR932LL\/A, MR942LL\/A<\/strong> (Core i7 2018)<\/p>\n<\/li>\n<li data-start=\"3346\" data-end=\"3389\">\n<p data-start=\"3350\" data-end=\"3389\"><strong data-start=\"3350\" data-end=\"3374\">MR962LL\/A, MR972LL\/A<\/strong> (Core i7 2018)<\/p>\n<\/li>\n<li data-start=\"3390\" data-end=\"3436\">\n<p data-start=\"3394\" data-end=\"3436\"><strong data-start=\"3394\" data-end=\"3418\">MV902LL\/A, MV912LL\/A<\/strong> (2019 Core i7\/i9)<\/p>\n<\/li>\n<li data-start=\"3437\" data-end=\"3483\">\n<p data-start=\"3441\" data-end=\"3483\"><strong data-start=\"3441\" data-end=\"3465\">MV922LL\/A, MV932LL\/A<\/strong> (2019 Core i7\/i9)<\/p>\n<\/li>\n<\/ul>\n<p data-start=\"3485\" data-end=\"3524\"><strong data-start=\"3485\" data-end=\"3524\">3. Num\u00e9ros de pi\u00e8ces de batterie compatibles\u00a0:<\/strong><\/p>\n<ul data-start=\"3525\" data-end=\"3577\">\n<li data-start=\"3525\" data-end=\"3538\">\n<p data-start=\"3529\" data-end=\"3538\"><strong data-start=\"3529\" data-end=\"3538\">A1953<\/strong><\/p>\n<\/li>\n<li data-start=\"3539\" data-end=\"3559\">\n<p data-start=\"3543\" data-end=\"3559\"><strong data-start=\"3543\" data-end=\"3559\">080-333-4000<\/strong><\/p>\n<\/li>\n<li data-start=\"3560\" data-end=\"3577\">\n<p data-start=\"3564\" data-end=\"3577\"><strong data-start=\"3564\" data-end=\"3577\">616-00413<\/strong><\/p>\n<\/li>\n<\/ul>\n<p data-start=\"3579\" data-end=\"3650\">\u26a0\ufe0f <strong data-start=\"3582\" data-end=\"3619\">Avertissement d&#039;incompatibilit\u00e9 critique\u00a0:<\/strong><br \/>\nCette batterie <strong data-start=\"3638\" data-end=\"3645\">PAS<\/strong> ajuster:<\/p>\n<ul data-start=\"3651\" data-end=\"3871\">\n<li data-start=\"3651\" data-end=\"3736\">\n<p data-start=\"3655\" data-end=\"3736\">MacBook Pro 15 pouces (2016-2017) avec Touch Bar \u2013 Mod\u00e8le <strong data-start=\"3705\" data-end=\"3714\">A1707<\/strong> (Utilise la pile A1820).<\/p>\n<\/li>\n<li data-start=\"3737\" data-end=\"3798\">\n<p data-start=\"3741\" data-end=\"3798\">MacBook Pro 15 pouces (2012-2015) Retina \u2013 Mod\u00e8le <strong data-start=\"3788\" data-end=\"3797\">A1398<\/strong>.<\/p>\n<\/li>\n<li data-start=\"3799\" data-end=\"3871\">\n<p data-start=\"3803\" data-end=\"3871\"><em data-start=\"3803\" data-end=\"3871\">L&#039;installation d&#039;une batterie incorrecte peut endommager le connecteur de la carte logique.<\/em><\/p>\n<\/li>\n<\/ul>","protected":false},"excerpt":{"rendered":"<ul>\n<li data-start=\"1532\" data-end=\"1683\">\n<p data-start=\"1536\" data-end=\"1683\">Acheter <strong data-start=\"1540\" data-end=\"1567\">Batteries A1953 en gros<\/strong> pour MacBook Pro 15\u2033 A1990 (2018-2019). <strong data-start=\"1607\" data-end=\"1630\">Capacit\u00e9 OEM de 83,6 Wh<\/strong>, Prix de gros direct usine avec garantie de 12 mois.<\/p>\n<\/li>\n<li data-start=\"1684\" data-end=\"1778\">\n<p data-start=\"1688\" data-end=\"1778\"><strong data-start=\"1688\" data-end=\"1702\">Ajustement parfait :<\/strong> Sp\u00e9cialement con\u00e7u pour le MacBook Pro 15 pouces avec Touch Bar <strong data-start=\"1750\" data-end=\"1759\">A1990<\/strong> (Mi-2018 et 2019).<\/p>\n<\/li>\n<li data-start=\"1779\" data-end=\"1846\">\n<p data-start=\"1783\" data-end=\"1846\"><strong data-start=\"1783\" data-end=\"1799\">Caract\u00e9ristiques techniques :<\/strong> 11,41 V | 83,6 Wh | 7336 mAh | Batterie Li-Polym\u00e8re 6 cellules.<\/p>\n<\/li>\n<li data-start=\"1847\" data-end=\"1941\">\n<p data-start=\"1851\" data-end=\"1941\"><strong data-start=\"1851\" data-end=\"1872\">Norme de qualit\u00e9 :<\/strong> Cellules de grade A+ avec puce TI Gas Gauge pour un suivi pr\u00e9cis de leur \u00e9tat.<\/p>\n<\/li>\n<li data-start=\"1942\" data-end=\"2025\">\n<p data-start=\"1946\" data-end=\"2025\"><strong data-start=\"1946\" data-end=\"1966\">Valeur de gros :<\/strong> Cha\u00eene d&#039;approvisionnement directe d&#039;usine, \u00e9vitant les marges des interm\u00e9diaires.<\/p>\n<\/li>\n<\/ul>","protected":false},"featured_media":11086,"template":"","meta":{"_acf_changed":false,"nf_dc_page":"","site-sidebar-layout":"default","site-content-layout":"","ast-site-content-layout":"default","site-content-style":"default","site-sidebar-style":"default","ast-global-header-display":"","ast-banner-title-visibility":"","ast-main-header-display":"","ast-hfb-above-header-display":"","ast-hfb-below-header-display":"","ast-hfb-mobile-header-display":"","site-post-title":"","ast-breadcrumbs-content":"","ast-featured-img":"","footer-sml-layout":"","ast-disable-related-posts":"","theme-transparent-header-meta":"default","adv-header-id-meta":"","stick-header-meta":"default","header-above-stick-meta":"","header-main-stick-meta":"","header-below-stick-meta":"","astra-migrate-meta-layouts":"set","ast-page-background-enabled":"default","ast-page-background-meta":{"desktop":{"background-color":"","background-image":"","background-repeat":"repeat","background-position":"center center","background-size":"auto","background-attachment":"scroll","background-type":"","background-media":"","overlay-type":"","overlay-color":"","overlay-opacity":"","overlay-gradient":""},"tablet":{"background-color":"","background-image":"","background-repeat":"repeat","background-position":"center center","background-size":"auto","background-attachment":"scroll","background-type":"","background-media":"","overlay-type":"","overlay-color":"","overlay-opacity":"","overlay-gradient":""},"mobile":{"background-color":"","background-image":"","background-repeat":"repeat","background-position":"center center","background-size":"auto","background-attachment":"scroll","background-type":"","background-media":"","overlay-type":"","overlay-color":"","overlay-opacity":"","overlay-gradient":""}},"ast-content-background-meta":{"desktop":{"background-color":"var(--ast-global-color-5)","background-image":"","background-repeat":"repeat","background-position":"center center","background-size":"auto","background-attachment":"scroll","background-type":"","background-media":"","overlay-type":"","overlay-color":"","overlay-opacity":"","overlay-gradient":""},"tablet":{"background-color":"var(--ast-global-color-5)","background-image":"","background-repeat":"repeat","background-position":"center center","background-size":"auto","background-attachment":"scroll","background-type":"","background-media":"","overlay-type":"","overlay-color":"","overlay-opacity":"","overlay-gradient":""},"mobile":{"background-color":"var(--ast-global-color-5)","background-image":"","background-repeat":"repeat","background-position":"center center","background-size":"auto","background-attachment":"scroll","background-type":"","background-media":"","overlay-type":"","overlay-color":"","overlay-opacity":"","overlay-gradient":""}},"_joinchat":[]},"product_brand":[],"product_cat":[125],"product_tag":[1112,1110,1224,1116,1114,1115,1111,1113],"class_list":{"0":"post-11085","1":"product","2":"type-product","3":"status-publish","4":"has-post-thumbnail","6":"product_cat-macbook-battery-wholesale-china","7":"product_tag-83-6wh-laptop-battery","8":"product_tag-a1953-battery-wholesale","9":"product_tag-apple","10":"product_tag-apple-battery-supplier","11":"product_tag-emc-3215","12":"product_tag-emc-3359","13":"product_tag-macbook-pro-15-a1990-battery","14":"product_tag-macbook-pro-2018-battery","15":"desktop-align-left","16":"tablet-align-left","17":"mobile-align-left","18":"ast-product-gallery-layout-horizontal-slider","19":"ast-product-tabs-layout-horizontal","21":"first","22":"instock","23":"shipping-taxable","24":"purchasable","25":"product-type-simple"},"acf":[],"_links":{"self":[{"href":"https:\/\/www.balderpower.com\/fr\/wp-json\/wp\/v2\/product\/11085","targetHints":{"allow":["GET"]}}],"collection":[{"href":"https:\/\/www.balderpower.com\/fr\/wp-json\/wp\/v2\/product"}],"about":[{"href":"https:\/\/www.balderpower.com\/fr\/wp-json\/wp\/v2\/types\/product"}],"version-history":[{"count":2,"href":"https:\/\/www.balderpower.com\/fr\/wp-json\/wp\/v2\/product\/11085\/revisions"}],"predecessor-version":[{"id":11093,"href":"https:\/\/www.balderpower.com\/fr\/wp-json\/wp\/v2\/product\/11085\/revisions\/11093"}],"wp:featuredmedia":[{"embeddable":true,"href":"https:\/\/www.balderpower.com\/fr\/wp-json\/wp\/v2\/media\/11086"}],"wp:attachment":[{"href":"https:\/\/www.balderpower.com\/fr\/wp-json\/wp\/v2\/media?parent=11085"}],"wp:term":[{"taxonomy":"product_brand","embeddable":true,"href":"https:\/\/www.balderpower.com\/fr\/wp-json\/wp\/v2\/product_brand?post=11085"},{"taxonomy":"product_cat","embeddable":true,"href":"https:\/\/www.balderpower.com\/fr\/wp-json\/wp\/v2\/product_cat?post=11085"},{"taxonomy":"product_tag","embeddable":true,"href":"https:\/\/www.balderpower.com\/fr\/wp-json\/wp\/v2\/product_tag?post=11085"}],"curies":[{"name":"wp","href":"https:\/\/api.w.org\/{rel}","templated":true}]}}