{"id":11075,"date":"2026-02-24T01:37:12","date_gmt":"2026-02-23T17:37:12","guid":{"rendered":"https:\/\/www.balderpower.com\/?post_type=product&#038;p=11075"},"modified":"2026-03-06T15:52:19","modified_gmt":"2026-03-06T07:52:19","slug":"batterie-a2113-en-gros-pour-macbook-pro-16-a2141-99-8-wh","status":"publish","type":"product","link":"https:\/\/www.balderpower.com\/fr\/a2113-battery-wholesale-macbook-pro-16-a2141-99-8wh\/","title":{"rendered":"Batterie A2113 en gros \u2013 Capacit\u00e9 OEM de 99,8 Wh pour MacBook Pro 16\u2033 A2141 (2019) EMC 3347"},"content":{"rendered":"<p data-start=\"2223\" data-end=\"2634\">Bienvenue chez Balder Power, votre source privil\u00e9gi\u00e9e pour <strong data-start=\"2272\" data-end=\"2299\">Batteries A2113 en gros<\/strong> et la fabrication OEM. Le MacBook Pro 16 pouces (2019) est une machine ultra-performante qui exige une batterie \u00e0 la hauteur. Notre batterie de remplacement A2113 est con\u00e7ue pour fournir\u2026 <strong data-start=\"2481\" data-end=\"2519\">capacit\u00e9 maximale absolue (99,8 Wh)<\/strong> Autoris\u00e9 par la r\u00e9glementation en mati\u00e8re de s\u00e9curit\u00e9 a\u00e9rienne, r\u00e9tablissant ainsi l&#039;autonomie d&#039;origine \u201c toute la journ\u00e9e \u201d des appareils de vos clients.<\/p>\n<p data-start=\"2636\" data-end=\"2953\">En tant que fournisseur direct d&#039;usine, nous proposons aux ateliers de r\u00e9paration et aux distributeurs une alternative fiable aux services agr\u00e9\u00e9s on\u00e9reux. Nos batteries A2113 sont fabriqu\u00e9es \u00e0 partir de cellules neuves (z\u00e9ro cycle de vie) et rigoureusement test\u00e9es afin de garantir leur capacit\u00e9 \u00e0 supporter la forte consommation \u00e9nerg\u00e9tique des processeurs Intel Core i7\/i9 \u00e9quipant le mod\u00e8le A2141.<\/p>\n<h4 data-start=\"2955\" data-end=\"2995\">\ud83d\udcbb Liste de compatibilit\u00e9 compl\u00e8te<\/h4>\n<p data-start=\"2996\" data-end=\"3101\"><em data-start=\"2996\" data-end=\"3101\">Veuillez v\u00e9rifier le num\u00e9ro EMC indiqu\u00e9 sur le dessous de la batterie. Cette batterie est compatible uniquement avec le mod\u00e8le Intel 16 pouces de 2019.<\/em><\/p>\n<p data-start=\"3103\" data-end=\"3135\"><strong data-start=\"3103\" data-end=\"3135\">1. Mod\u00e8les d&#039;ordinateurs portables compatibles\u00a0:<\/strong><\/p>\n<ul data-start=\"3136\" data-end=\"3360\">\n<li data-start=\"3136\" data-end=\"3360\">\n<p data-start=\"3140\" data-end=\"3171\"><strong data-start=\"3140\" data-end=\"3171\">MacBook Pro (16 pouces, 2019)<\/strong><\/p>\n<ul data-start=\"3176\" data-end=\"3360\">\n<li data-start=\"3176\" data-end=\"3207\">\n<p data-start=\"3180\" data-end=\"3207\"><strong data-start=\"3180\" data-end=\"3197\">Num\u00e9ro de mod\u00e8le\u00a0:<\/strong> <strong data-start=\"3198\" data-end=\"3207\">A2141<\/strong><\/p>\n<\/li>\n<li data-start=\"3212\" data-end=\"3244\">\n<p data-start=\"3216\" data-end=\"3244\"><strong data-start=\"3216\" data-end=\"3231\">Num\u00e9ro EMC :<\/strong> <strong data-start=\"3232\" data-end=\"3244\">CEM 3347<\/strong><\/p>\n<\/li>\n<li data-start=\"3249\" data-end=\"3293\">\n<p data-start=\"3253\" data-end=\"3293\"><strong data-start=\"3253\" data-end=\"3260\">IDENTIFIANT:<\/strong> MacBookPro 16,1 ou MacBookPro 16,4<\/p>\n<\/li>\n<li data-start=\"3298\" data-end=\"3360\">\n<p data-start=\"3302\" data-end=\"3360\"><strong data-start=\"3302\" data-end=\"3316\">Processeur:<\/strong> Intel Core i7 \/ i9 (Non compatible avec les puces M1\/M2\/M3)<\/p>\n<\/li>\n<\/ul>\n<\/li>\n<\/ul>\n<p data-start=\"3362\" data-end=\"3450\"><strong data-start=\"3362\" data-end=\"3415\">2. Num\u00e9ros de pi\u00e8ces Apple compatibles (num\u00e9ros de commande)\u00a0:<\/strong><br \/>\n<em data-start=\"3416\" data-end=\"3450\">(Compatible avec les coloris Gris sid\u00e9ral et Argent)<\/em><\/p>\n<ul data-start=\"3451\" data-end=\"3623\">\n<li data-start=\"3451\" data-end=\"3496\">\n<p data-start=\"3455\" data-end=\"3496\"><strong data-start=\"3455\" data-end=\"3479\">MVVJ2LL\/A, MVVK2LL\/A<\/strong> (Core i7 \u00e0 2,6 GHz)<\/p>\n<\/li>\n<li data-start=\"3497\" data-end=\"3542\">\n<p data-start=\"3501\" data-end=\"3542\"><strong data-start=\"3501\" data-end=\"3525\">MVVL2LL\/A, MVVM2LL\/A<\/strong> (Core i9 2,3 GHz)<\/p>\n<\/li>\n<li data-start=\"3543\" data-end=\"3623\">\n<p data-start=\"3547\" data-end=\"3623\"><em data-start=\"3547\" data-end=\"3623\">Remarque : Compatible avec toutes les variantes r\u00e9gionales (par exemple, MVVJ2CH\/A, MVVJ2B\/A).<\/em><\/p>\n<\/li>\n<\/ul>\n<p data-start=\"3625\" data-end=\"3664\"><strong data-start=\"3625\" data-end=\"3664\">3. Num\u00e9ros de pi\u00e8ces de batterie compatibles\u00a0:<\/strong><\/p>\n<ul data-start=\"3665\" data-end=\"3717\">\n<li data-start=\"3665\" data-end=\"3678\">\n<p data-start=\"3669\" data-end=\"3678\"><strong data-start=\"3669\" data-end=\"3678\">A2113<\/strong><\/p>\n<\/li>\n<li data-start=\"3679\" data-end=\"3696\">\n<p data-start=\"3683\" data-end=\"3696\"><strong data-start=\"3683\" data-end=\"3696\">616-00533<\/strong><\/p>\n<\/li>\n<li data-start=\"3697\" data-end=\"3717\">\n<p data-start=\"3701\" data-end=\"3717\"><strong data-start=\"3701\" data-end=\"3717\">080-333-4000<\/strong><\/p>\n<\/li>\n<\/ul>\n<p data-start=\"3719\" data-end=\"3781\">\u26a0\ufe0f <strong data-start=\"3722\" data-end=\"3750\">Avertissement d&#039;incompatibilit\u00e9\u00a0:<\/strong><br \/>\nCette batterie <strong data-start=\"3769\" data-end=\"3776\">PAS<\/strong> ajuster:<\/p>\n<ul data-start=\"3782\" data-end=\"3887\">\n<li data-start=\"3782\" data-end=\"3828\">\n<p data-start=\"3786\" data-end=\"3828\">Mod\u00e8les MacBook Pro 15 pouces (A1990, A1707).<\/p>\n<\/li>\n<li data-start=\"3829\" data-end=\"3887\">\n<p data-start=\"3833\" data-end=\"3887\">MacBook Pro 16 pouces (2021) Mod\u00e8le M1 Pro\/Max <strong data-start=\"3877\" data-end=\"3886\">A2485<\/strong>.<\/p>\n<\/li>\n<\/ul>","protected":false},"excerpt":{"rendered":"<ul>\n<li data-start=\"1587\" data-end=\"1757\">\n<p data-start=\"1591\" data-end=\"1757\">Acheter <strong data-start=\"1595\" data-end=\"1622\">Batteries A2113 en gros<\/strong> pour MacBook Pro 16\u2033 A2141 (2019). <strong data-start=\"1657\" data-end=\"1684\">capacit\u00e9 massive de 99,8 Wh<\/strong> (Limite TSA), prix de gros directs d&#039;usine et exp\u00e9dition certifi\u00e9e UN38.3.<\/p>\n<\/li>\n<li data-start=\"1758\" data-end=\"1869\">\n<p data-start=\"1762\" data-end=\"1869\"><strong data-start=\"1762\" data-end=\"1780\">Puissance maximale :<\/strong> Not\u00e9 \u00e0 <strong data-start=\"1790\" data-end=\"1810\">99,8 Wh \/ 8790 mAh<\/strong>, la limite l\u00e9gale pour les voyages a\u00e9riens, garantissant une dur\u00e9e d&#039;ex\u00e9cution maximale.<\/p>\n<\/li>\n<li data-start=\"1870\" data-end=\"1969\">\n<p data-start=\"1874\" data-end=\"1969\"><strong data-start=\"1874\" data-end=\"1900\">Compatibilit\u00e9 parfaite :<\/strong> Con\u00e7u sp\u00e9cifiquement pour le MacBook Pro 16 pouces <strong data-start=\"1947\" data-end=\"1968\">A2141 (Fin 2019)<\/strong>.<\/p>\n<\/li>\n<li data-start=\"1970\" data-end=\"2053\">\n<p data-start=\"1974\" data-end=\"2053\"><strong data-start=\"1974\" data-end=\"1992\">Qualit\u00e9 usine :<\/strong> Utilise des cellules Li-Polym\u00e8re haut de gamme avec des puces BMS intelligentes TI.<\/p>\n<\/li>\n<li data-start=\"2054\" data-end=\"2138\">\n<p data-start=\"2058\" data-end=\"2138\"><strong data-start=\"2058\" data-end=\"2075\">Services B2B\u00a0:<\/strong> Tarification comp\u00e9titive \u00e0 plusieurs niveaux, faible quantit\u00e9 minimale de commande et prise en charge du dropshipping.<\/p>\n<\/li>\n<\/ul>","protected":false},"featured_media":11071,"template":"","meta":{"_acf_changed":false,"nf_dc_page":"","site-sidebar-layout":"default","site-content-layout":"","ast-site-content-layout":"default","site-content-style":"default","site-sidebar-style":"default","ast-global-header-display":"","ast-banner-title-visibility":"","ast-main-header-display":"","ast-hfb-above-header-display":"","ast-hfb-below-header-display":"","ast-hfb-mobile-header-display":"","site-post-title":"","ast-breadcrumbs-content":"","ast-featured-img":"","footer-sml-layout":"","ast-disable-related-posts":"","theme-transparent-header-meta":"default","adv-header-id-meta":"","stick-header-meta":"default","header-above-stick-meta":"","header-main-stick-meta":"","header-below-stick-meta":"","astra-migrate-meta-layouts":"set","ast-page-background-enabled":"default","ast-page-background-meta":{"desktop":{"background-color":"","background-image":"","background-repeat":"repeat","background-position":"center center","background-size":"auto","background-attachment":"scroll","background-type":"","background-media":"","overlay-type":"","overlay-color":"","overlay-opacity":"","overlay-gradient":""},"tablet":{"background-color":"","background-image":"","background-repeat":"repeat","background-position":"center center","background-size":"auto","background-attachment":"scroll","background-type":"","background-media":"","overlay-type":"","overlay-color":"","overlay-opacity":"","overlay-gradient":""},"mobile":{"background-color":"","background-image":"","background-repeat":"repeat","background-position":"center center","background-size":"auto","background-attachment":"scroll","background-type":"","background-media":"","overlay-type":"","overlay-color":"","overlay-opacity":"","overlay-gradient":""}},"ast-content-background-meta":{"desktop":{"background-color":"var(--ast-global-color-5)","background-image":"","background-repeat":"repeat","background-position":"center center","background-size":"auto","background-attachment":"scroll","background-type":"","background-media":"","overlay-type":"","overlay-color":"","overlay-opacity":"","overlay-gradient":""},"tablet":{"background-color":"var(--ast-global-color-5)","background-image":"","background-repeat":"repeat","background-position":"center center","background-size":"auto","background-attachment":"scroll","background-type":"","background-media":"","overlay-type":"","overlay-color":"","overlay-opacity":"","overlay-gradient":""},"mobile":{"background-color":"var(--ast-global-color-5)","background-image":"","background-repeat":"repeat","background-position":"center center","background-size":"auto","background-attachment":"scroll","background-type":"","background-media":"","overlay-type":"","overlay-color":"","overlay-opacity":"","overlay-gradient":""}},"_joinchat":[]},"product_brand":[],"product_cat":[125],"product_tag":[1105,1103,1106,1224,1107,1104,1108,1109],"class_list":{"0":"post-11075","1":"product","2":"type-product","3":"status-publish","4":"has-post-thumbnail","6":"product_cat-macbook-battery-wholesale-china","7":"product_tag-99-8wh-laptop-battery","8":"product_tag-a2113-battery-wholesale","9":"product_tag-a2141-replacement-battery","10":"product_tag-apple","11":"product_tag-emc-3347","12":"product_tag-macbook-pro-16-a2141-battery","13":"product_tag-macbook-pro-2019-battery","14":"product_tag-oem-macbook-battery-supplier","15":"desktop-align-left","16":"tablet-align-left","17":"mobile-align-left","18":"ast-product-gallery-layout-horizontal-slider","19":"ast-product-tabs-layout-horizontal","21":"first","22":"instock","23":"shipping-taxable","24":"purchasable","25":"product-type-simple"},"acf":[],"_links":{"self":[{"href":"https:\/\/www.balderpower.com\/fr\/wp-json\/wp\/v2\/product\/11075","targetHints":{"allow":["GET"]}}],"collection":[{"href":"https:\/\/www.balderpower.com\/fr\/wp-json\/wp\/v2\/product"}],"about":[{"href":"https:\/\/www.balderpower.com\/fr\/wp-json\/wp\/v2\/types\/product"}],"version-history":[{"count":1,"href":"https:\/\/www.balderpower.com\/fr\/wp-json\/wp\/v2\/product\/11075\/revisions"}],"predecessor-version":[{"id":11082,"href":"https:\/\/www.balderpower.com\/fr\/wp-json\/wp\/v2\/product\/11075\/revisions\/11082"}],"wp:featuredmedia":[{"embeddable":true,"href":"https:\/\/www.balderpower.com\/fr\/wp-json\/wp\/v2\/media\/11071"}],"wp:attachment":[{"href":"https:\/\/www.balderpower.com\/fr\/wp-json\/wp\/v2\/media?parent=11075"}],"wp:term":[{"taxonomy":"product_brand","embeddable":true,"href":"https:\/\/www.balderpower.com\/fr\/wp-json\/wp\/v2\/product_brand?post=11075"},{"taxonomy":"product_cat","embeddable":true,"href":"https:\/\/www.balderpower.com\/fr\/wp-json\/wp\/v2\/product_cat?post=11075"},{"taxonomy":"product_tag","embeddable":true,"href":"https:\/\/www.balderpower.com\/fr\/wp-json\/wp\/v2\/product_tag?post=11075"}],"curies":[{"name":"wp","href":"https:\/\/api.w.org\/{rel}","templated":true}]}}