{"id":11058,"date":"2026-02-24T00:52:27","date_gmt":"2026-02-23T16:52:27","guid":{"rendered":"https:\/\/www.balderpower.com\/?post_type=product&#038;p=11058"},"modified":"2026-03-06T15:52:21","modified_gmt":"2026-03-06T07:52:21","slug":"batterie-a2389-en-gros-pour-macbook-air-13-a2337-a2179","status":"publish","type":"product","link":"https:\/\/www.balderpower.com\/fr\/a2389-battery-wholesale-macbook-air-13-a2337-a2179\/","title":{"rendered":"Batterie A2389 en gros \u2013 55 Wh haute capacit\u00e9 pour MacBook Air 13\u2033 A2337 (M1) et A2179 (2020)"},"content":{"rendered":"<p data-start=\"2307\" data-end=\"2634\">Bienvenue chez Balder Power. Nous sommes un fabricant de premier plan de batteries lithium pour ordinateurs portables, au service des franchises de r\u00e9paration, des distributeurs et des fournisseurs de remplacement pour les assurances. <strong data-start=\"2473\" data-end=\"2500\">Batteries A2389 en gros<\/strong> Ce programme offre un avantage concurrentiel significatif : un <strong data-start=\"2555\" data-end=\"2577\">Batterie haute capacit\u00e9 55 Wh<\/strong> batterie aux performances sup\u00e9rieures aux sp\u00e9cifications standard du fabricant d&#039;origine.<\/p>\n<p data-start=\"2636\" data-end=\"2913\">Con\u00e7ue pour la gamme MacBook Air 2020, cette batterie assure la transition entre les g\u00e9n\u00e9rations Intel et M1. Gr\u00e2ce \u00e0 sa capacit\u00e9 sup\u00e9rieure (4\u00a0800\u00a0mAh contre 4\u00a0380\u00a0mAh pour la batterie standard), vous offrez \u00e0 vos clients une autonomie prolong\u00e9e et vous d\u00e9marquez ainsi de la concurrence.<\/p>\n<h4 data-start=\"2915\" data-end=\"2955\">\ud83d\udcbb Liste de compatibilit\u00e9 compl\u00e8te<\/h4>\n<p data-start=\"2956\" data-end=\"3084\"><em data-start=\"2956\" data-end=\"3084\">Veuillez v\u00e9rifier la r\u00e9f\u00e9rence EMC exacte pour garantir la compatibilit\u00e9. Cette batterie est compatible avec les versions d\u00e9but 2020 (Intel) et fin 2020 (M1).<\/em><\/p>\n<p data-start=\"3086\" data-end=\"3118\"><strong data-start=\"3086\" data-end=\"3118\">1. Mod\u00e8les d&#039;ordinateurs portables compatibles\u00a0:<\/strong><\/p>\n<ul data-start=\"3119\" data-end=\"3425\">\n<li data-start=\"3119\" data-end=\"3265\">\n<p data-start=\"3123\" data-end=\"3161\"><strong data-start=\"3123\" data-end=\"3149\">MacBook Air (M1, 2020)<\/strong> \u2013 Fin 2020<\/p>\n<ul data-start=\"3166\" data-end=\"3265\">\n<li data-start=\"3166\" data-end=\"3197\">\n<p data-start=\"3170\" data-end=\"3197\"><strong data-start=\"3170\" data-end=\"3187\">Num\u00e9ro de mod\u00e8le\u00a0:<\/strong> <strong data-start=\"3188\" data-end=\"3197\">A2337<\/strong><\/p>\n<\/li>\n<li data-start=\"3202\" data-end=\"3234\">\n<p data-start=\"3206\" data-end=\"3234\"><strong data-start=\"3206\" data-end=\"3221\">Num\u00e9ro EMC :<\/strong> <strong data-start=\"3222\" data-end=\"3234\">CEM 3598<\/strong><\/p>\n<\/li>\n<li data-start=\"3239\" data-end=\"3265\">\n<p data-start=\"3243\" data-end=\"3265\"><strong data-start=\"3243\" data-end=\"3250\">IDENTIFIANT:<\/strong> MacBookAir10,1<\/p>\n<\/li>\n<\/ul>\n<\/li>\n<li data-start=\"3266\" data-end=\"3425\">\n<p data-start=\"3270\" data-end=\"3322\"><strong data-start=\"3270\" data-end=\"3309\">MacBook Air (Retina, 13 pouces, 2020)<\/strong> \u2013 D\u00e9but 2020<\/p>\n<ul data-start=\"3327\" data-end=\"3425\">\n<li data-start=\"3327\" data-end=\"3358\">\n<p data-start=\"3331\" data-end=\"3358\"><strong data-start=\"3331\" data-end=\"3348\">Num\u00e9ro de mod\u00e8le\u00a0:<\/strong> <strong data-start=\"3349\" data-end=\"3358\">A2179<\/strong><\/p>\n<\/li>\n<li data-start=\"3363\" data-end=\"3395\">\n<p data-start=\"3367\" data-end=\"3395\"><strong data-start=\"3367\" data-end=\"3382\">Num\u00e9ro EMC :<\/strong> <strong data-start=\"3383\" data-end=\"3395\">CEM 3302<\/strong><\/p>\n<\/li>\n<li data-start=\"3400\" data-end=\"3425\">\n<p data-start=\"3404\" data-end=\"3425\"><strong data-start=\"3404\" data-end=\"3411\">IDENTIFIANT:<\/strong> MacBookAir9,1<\/p>\n<\/li>\n<\/ul>\n<\/li>\n<\/ul>\n<p data-start=\"3427\" data-end=\"3480\"><strong data-start=\"3427\" data-end=\"3480\">2. Num\u00e9ros de pi\u00e8ces Apple compatibles (num\u00e9ros de commande)\u00a0:<\/strong><\/p>\n<ul data-start=\"3481\" data-end=\"3751\">\n<li data-start=\"3481\" data-end=\"3532\">\n<p data-start=\"3485\" data-end=\"3532\"><strong data-start=\"3485\" data-end=\"3520\">MGN63LL\/A, MGN93LL\/A, MGND3LL\/A<\/strong> (Mod\u00e8les M1)<\/p>\n<\/li>\n<li data-start=\"3533\" data-end=\"3584\">\n<p data-start=\"3537\" data-end=\"3584\"><strong data-start=\"3537\" data-end=\"3572\">MGN73LL\/A, MGNA3LL\/A, MGNE3LL\/A<\/strong> (Mod\u00e8les M1)<\/p>\n<\/li>\n<li data-start=\"3585\" data-end=\"3639\">\n<p data-start=\"3589\" data-end=\"3639\"><strong data-start=\"3589\" data-end=\"3624\">MVH22LL\/A, MVH42LL\/A, MVH52LL\/A<\/strong> (Mod\u00e8les Intel)<\/p>\n<\/li>\n<li data-start=\"3640\" data-end=\"3694\">\n<p data-start=\"3644\" data-end=\"3694\"><strong data-start=\"3644\" data-end=\"3679\">MWTK2LL\/A, MWTJ2LL\/A, MWTL2LL\/A<\/strong> (Mod\u00e8les Intel)<\/p>\n<\/li>\n<li data-start=\"3695\" data-end=\"3751\">\n<p data-start=\"3699\" data-end=\"3751\"><em data-start=\"3699\" data-end=\"3751\">Compatible avec tous les ch\u00e2ssis gris sid\u00e9ral, or et argent.<\/em><\/p>\n<\/li>\n<\/ul>\n<p data-start=\"3753\" data-end=\"3792\"><strong data-start=\"3753\" data-end=\"3792\">3. Num\u00e9ros de pi\u00e8ces de batterie compatibles\u00a0:<\/strong><\/p>\n<ul data-start=\"3793\" data-end=\"3845\">\n<li data-start=\"3793\" data-end=\"3806\">\n<p data-start=\"3797\" data-end=\"3806\"><strong data-start=\"3797\" data-end=\"3806\">A2389<\/strong><\/p>\n<\/li>\n<li data-start=\"3807\" data-end=\"3824\">\n<p data-start=\"3811\" data-end=\"3824\"><strong data-start=\"3811\" data-end=\"3824\">661-16086<\/strong><\/p>\n<\/li>\n<li data-start=\"3825\" data-end=\"3845\">\n<p data-start=\"3829\" data-end=\"3845\"><strong data-start=\"3829\" data-end=\"3845\">080-333-4000<\/strong><\/p>\n<\/li>\n<\/ul>\n<p data-start=\"3847\" data-end=\"3909\">\u26a0\ufe0f <strong data-start=\"3850\" data-end=\"3878\">Avertissement d&#039;incompatibilit\u00e9\u00a0:<\/strong><br \/>\nCette batterie <strong data-start=\"3897\" data-end=\"3904\">PAS<\/strong> ajuster:<\/p>\n<ul data-start=\"3910\" data-end=\"4040\">\n<li data-start=\"3910\" data-end=\"3985\">\n<p data-start=\"3914\" data-end=\"3985\">MacBook Air 13 pouces (2018-2019) \u2013 Mod\u00e8le <strong data-start=\"3954\" data-end=\"3963\">A1932<\/strong> (Utilise la pile A1965).<\/p>\n<\/li>\n<li data-start=\"3986\" data-end=\"4040\">\n<p data-start=\"3990\" data-end=\"4040\">MacBook Air 13,6 pouces (2022 M2) \u2013 Mod\u00e8le <strong data-start=\"4030\" data-end=\"4039\">A2681<\/strong>.<\/p>\n<\/li>\n<\/ul>","protected":false},"excerpt":{"rendered":"<ul>\n<li data-start=\"1659\" data-end=\"1825\">\n<p data-start=\"1663\" data-end=\"1825\">Acheter <strong data-start=\"1667\" data-end=\"1694\">Batteries A2389 en gros<\/strong> pour MacBook Air 13\u2033 M1 A2337 et A2179. <strong data-start=\"1733\" data-end=\"1755\">Capacit\u00e9 \u00e9lev\u00e9e de 55 Wh<\/strong> Mise \u00e0 niveau (par rapport \u00e0 la batterie d&#039;origine de 49,9 Wh), prix direct usine avec garantie de 12 mois.<\/p>\n<\/li>\n<li data-start=\"1826\" data-end=\"1935\">\n<p data-start=\"1830\" data-end=\"1935\"><strong data-start=\"1830\" data-end=\"1851\">Augmentation de capacit\u00e9 :<\/strong> <strong data-start=\"1852\" data-end=\"1870\">55 Wh \/ 4800 mAh<\/strong> (Capacit\u00e9 r\u00e9elle) \u2013 Dure plus longtemps que la batterie d&#039;origine de 49,9 Wh.<\/p>\n<\/li>\n<li data-start=\"1936\" data-end=\"2035\">\n<p data-start=\"1940\" data-end=\"2035\"><strong data-start=\"1940\" data-end=\"1963\">Double compatibilit\u00e9 :<\/strong> Compatible avec les MacBook Air 2020 <strong data-start=\"1991\" data-end=\"2005\">M1 (A2337)<\/strong> et <strong data-start=\"2010\" data-end=\"2027\">Intel (A2179)<\/strong> mod\u00e8les.<\/p>\n<\/li>\n<li data-start=\"2036\" data-end=\"2135\">\n<p data-start=\"2040\" data-end=\"2135\"><strong data-start=\"2040\" data-end=\"2057\">Qualit\u00e9 cellulaire :<\/strong> Les cellules Li-Polym\u00e8re au cobalt de qualit\u00e9 sup\u00e9rieure garantissent une tension stable et plus de 800 cycles de charge.<\/p>\n<\/li>\n<li data-start=\"2136\" data-end=\"2222\">\n<p data-start=\"2140\" data-end=\"2222\"><strong data-start=\"2140\" data-end=\"2160\">Conditions de vente en gros\u00a0:<\/strong> Prix direct usine, faible quantit\u00e9 minimale de commande, emballage neutre pour les revendeurs.<\/p>\n<\/li>\n<\/ul>","protected":false},"featured_media":11061,"template":"","meta":{"_acf_changed":false,"nf_dc_page":"","site-sidebar-layout":"default","site-content-layout":"","ast-site-content-layout":"default","site-content-style":"default","site-sidebar-style":"default","ast-global-header-display":"","ast-banner-title-visibility":"","ast-main-header-display":"","ast-hfb-above-header-display":"","ast-hfb-below-header-display":"","ast-hfb-mobile-header-display":"","site-post-title":"","ast-breadcrumbs-content":"","ast-featured-img":"","footer-sml-layout":"","ast-disable-related-posts":"","theme-transparent-header-meta":"default","adv-header-id-meta":"","stick-header-meta":"default","header-above-stick-meta":"","header-main-stick-meta":"","header-below-stick-meta":"","astra-migrate-meta-layouts":"set","ast-page-background-enabled":"default","ast-page-background-meta":{"desktop":{"background-color":"","background-image":"","background-repeat":"repeat","background-position":"center center","background-size":"auto","background-attachment":"scroll","background-type":"","background-media":"","overlay-type":"","overlay-color":"","overlay-opacity":"","overlay-gradient":""},"tablet":{"background-color":"","background-image":"","background-repeat":"repeat","background-position":"center center","background-size":"auto","background-attachment":"scroll","background-type":"","background-media":"","overlay-type":"","overlay-color":"","overlay-opacity":"","overlay-gradient":""},"mobile":{"background-color":"","background-image":"","background-repeat":"repeat","background-position":"center center","background-size":"auto","background-attachment":"scroll","background-type":"","background-media":"","overlay-type":"","overlay-color":"","overlay-opacity":"","overlay-gradient":""}},"ast-content-background-meta":{"desktop":{"background-color":"var(--ast-global-color-5)","background-image":"","background-repeat":"repeat","background-position":"center center","background-size":"auto","background-attachment":"scroll","background-type":"","background-media":"","overlay-type":"","overlay-color":"","overlay-opacity":"","overlay-gradient":""},"tablet":{"background-color":"var(--ast-global-color-5)","background-image":"","background-repeat":"repeat","background-position":"center center","background-size":"auto","background-attachment":"scroll","background-type":"","background-media":"","overlay-type":"","overlay-color":"","overlay-opacity":"","overlay-gradient":""},"mobile":{"background-color":"var(--ast-global-color-5)","background-image":"","background-repeat":"repeat","background-position":"center center","background-size":"auto","background-attachment":"scroll","background-type":"","background-media":"","overlay-type":"","overlay-color":"","overlay-opacity":"","overlay-gradient":""}},"_joinchat":[]},"product_brand":[],"product_cat":[125],"product_tag":[1099,1098,1097,1096,1224,1101,1102,1100],"class_list":{"0":"post-11058","1":"product","2":"type-product","3":"status-publish","4":"has-post-thumbnail","6":"product_cat-macbook-battery-wholesale-china","7":"product_tag-55wh-macbook-air-battery","8":"product_tag-a2179-battery","9":"product_tag-a2337-battery-replacement","10":"product_tag-a2389-battery-wholesale","11":"product_tag-apple","12":"product_tag-emc-3598-battery","13":"product_tag-high-capacity-macbook-battery","14":"product_tag-macbook-air-m1-battery","15":"desktop-align-left","16":"tablet-align-left","17":"mobile-align-left","18":"ast-product-gallery-layout-horizontal-slider","19":"ast-product-tabs-layout-horizontal","21":"first","22":"instock","23":"shipping-taxable","24":"purchasable","25":"product-type-simple"},"acf":[],"_links":{"self":[{"href":"https:\/\/www.balderpower.com\/fr\/wp-json\/wp\/v2\/product\/11058","targetHints":{"allow":["GET"]}}],"collection":[{"href":"https:\/\/www.balderpower.com\/fr\/wp-json\/wp\/v2\/product"}],"about":[{"href":"https:\/\/www.balderpower.com\/fr\/wp-json\/wp\/v2\/types\/product"}],"version-history":[{"count":2,"href":"https:\/\/www.balderpower.com\/fr\/wp-json\/wp\/v2\/product\/11058\/revisions"}],"predecessor-version":[{"id":11070,"href":"https:\/\/www.balderpower.com\/fr\/wp-json\/wp\/v2\/product\/11058\/revisions\/11070"}],"wp:featuredmedia":[{"embeddable":true,"href":"https:\/\/www.balderpower.com\/fr\/wp-json\/wp\/v2\/media\/11061"}],"wp:attachment":[{"href":"https:\/\/www.balderpower.com\/fr\/wp-json\/wp\/v2\/media?parent=11058"}],"wp:term":[{"taxonomy":"product_brand","embeddable":true,"href":"https:\/\/www.balderpower.com\/fr\/wp-json\/wp\/v2\/product_brand?post=11058"},{"taxonomy":"product_cat","embeddable":true,"href":"https:\/\/www.balderpower.com\/fr\/wp-json\/wp\/v2\/product_cat?post=11058"},{"taxonomy":"product_tag","embeddable":true,"href":"https:\/\/www.balderpower.com\/fr\/wp-json\/wp\/v2\/product_tag?post=11058"}],"curies":[{"name":"wp","href":"https:\/\/api.w.org\/{rel}","templated":true}]}}