{"id":11047,"date":"2026-02-24T00:18:40","date_gmt":"2026-02-23T16:18:40","guid":{"rendered":"https:\/\/www.balderpower.com\/?post_type=product&#038;p=11047"},"modified":"2026-03-06T15:52:23","modified_gmt":"2026-03-06T07:52:23","slug":"batterie-a2519-en-gros-pour-macbook-pro-14-a2442","status":"publish","type":"product","link":"https:\/\/www.balderpower.com\/fr\/a2519-battery-wholesale-macbook-pro-14-a2442\/","title":{"rendered":"Batterie A2519 en gros \u2013 Qualit\u00e9 ORIGINALE pour MacBook Pro 14\u2033 A2442 (fin 2021) EMC 3650"},"content":{"rendered":"<p data-start=\"2202\" data-end=\"2579\">Bienvenue chez Balder Power. Nous sommes sp\u00e9cialis\u00e9s dans la fourniture de haute qualit\u00e9. <strong data-start=\"2267\" data-end=\"2294\">Batteries A2519 en gros<\/strong> Nous proposons des solutions pour les ateliers de r\u00e9paration professionnels, les distributeurs de pi\u00e8ces informatiques et les entreprises de reconditionnement du monde entier. Si vous recherchez des batteries de remplacement fiables pour le MacBook Pro 14 pouces (mod\u00e8le M1 de 2021), notre batterie A2519, vendue directement par le fabricant, est le choix id\u00e9al pour un excellent rapport qualit\u00e9-prix.<\/p>\n<p data-start=\"2581\" data-end=\"2787\">Contrairement aux batteries g\u00e9n\u00e9riques qui se d\u00e9gradent rapidement, nos batteries de remplacement A2519 sont fabriqu\u00e9es \u00e0 partir de cellules lithium-polym\u00e8re de premi\u00e8re qualit\u00e9, ce qui garantit qu&#039;elles correspondent \u00e0 l&#039;endurance et \u00e0 la puissance de pointe de la batterie Apple d&#039;origine.<\/p>\n<h4 data-start=\"2789\" data-end=\"2829\">\ud83d\udcbb Liste de compatibilit\u00e9 compl\u00e8te<\/h4>\n<p data-start=\"2830\" data-end=\"2929\">*Pour \u00e9viter tout retour, veuillez v\u00e9rifier la r\u00e9f\u00e9rence exacte du mod\u00e8le avant de passer commande en gros. Cette batterie est exclusivement compatible avec le mod\u00e8le M1 14 pouces de 2021.<\/p>\n<p data-start=\"3025\" data-end=\"3057\"><strong data-start=\"3025\" data-end=\"3057\">1. Mod\u00e8les d&#039;ordinateurs portables compatibles\u00a0:<\/strong><\/p>\n<ul data-start=\"3058\" data-end=\"3243\">\n<li data-start=\"3058\" data-end=\"3116\">\n<p data-start=\"3062\" data-end=\"3116\"><strong data-start=\"3062\" data-end=\"3093\">MacBook Pro (14 pouces, 2021)<\/strong> \u2013 Puce M1 Pro \/ M1 Max<\/p>\n<\/li>\n<li data-start=\"3117\" data-end=\"3166\">\n<p data-start=\"3121\" data-end=\"3166\"><strong data-start=\"3121\" data-end=\"3134\">Identifiant du mod\u00e8le\u00a0:<\/strong> MacBookPro 18,3 \/ MacBookPro 18,4<\/p>\n<\/li>\n<li data-start=\"3167\" data-end=\"3210\">\n<p data-start=\"3171\" data-end=\"3210\"><strong data-start=\"3171\" data-end=\"3200\">Num\u00e9ro de mod\u00e8le (bo\u00eetier arri\u00e8re)\u00a0:<\/strong> <strong data-start=\"3201\" data-end=\"3210\">A2442<\/strong><\/p>\n<\/li>\n<li data-start=\"3211\" data-end=\"3243\">\n<p data-start=\"3215\" data-end=\"3243\"><strong data-start=\"3215\" data-end=\"3230\">Num\u00e9ro EMC :<\/strong> <strong data-start=\"3231\" data-end=\"3243\">EMC 3650<\/strong><\/p>\n<\/li>\n<\/ul>\n<p data-start=\"3245\" data-end=\"3349\"><strong data-start=\"3245\" data-end=\"3298\">2. Num\u00e9ros de pi\u00e8ces Apple compatibles (num\u00e9ros de commande)\u00a0:<\/strong><br \/>\n<em data-start=\"3299\" data-end=\"3349\">(Compatible avec les variantes Gris sid\u00e9ral et Argent)<\/em><\/p>\n<ul data-start=\"3350\" data-end=\"3588\">\n<li data-start=\"3350\" data-end=\"3388\">\n<p data-start=\"3354\" data-end=\"3388\"><strong data-start=\"3354\" data-end=\"3367\">MKGP3LL\/A<\/strong> (M1 Pro, processeur 8 c\u0153urs)<\/p>\n<\/li>\n<li data-start=\"3389\" data-end=\"3428\">\n<p data-start=\"3393\" data-end=\"3428\"><strong data-start=\"3393\" data-end=\"3406\">MKGQ3LL\/A<\/strong> (M1 Pro, processeur \u00e0 10 c\u0153urs)<\/p>\n<\/li>\n<li data-start=\"3429\" data-end=\"3467\">\n<p data-start=\"3433\" data-end=\"3467\"><strong data-start=\"3433\" data-end=\"3446\">MKGR3LL\/A<\/strong> (M1 Pro, processeur 8 c\u0153urs)<\/p>\n<\/li>\n<li data-start=\"3468\" data-end=\"3507\">\n<p data-start=\"3472\" data-end=\"3507\"><strong data-start=\"3472\" data-end=\"3485\">MKGT3LL\/A<\/strong> (M1 Pro, processeur \u00e0 10 c\u0153urs)<\/p>\n<\/li>\n<li data-start=\"3508\" data-end=\"3588\">\n<p data-start=\"3512\" data-end=\"3588\"><em data-start=\"3512\" data-end=\"3588\">Inclut toutes les versions CTO (Configurer sur commande) bas\u00e9es sur le ch\u00e2ssis A2442.<\/em><\/p>\n<\/li>\n<\/ul>\n<p data-start=\"3590\" data-end=\"3629\"><strong data-start=\"3590\" data-end=\"3629\">3. Num\u00e9ros de pi\u00e8ces de batterie compatibles\u00a0:<\/strong><\/p>\n<ul data-start=\"3630\" data-end=\"3726\">\n<li data-start=\"3630\" data-end=\"3643\">\n<p data-start=\"3634\" data-end=\"3643\"><strong data-start=\"3634\" data-end=\"3643\">A2519<\/strong><\/p>\n<\/li>\n<li data-start=\"3644\" data-end=\"3726\">\n<p data-start=\"3648\" data-end=\"3726\"><strong data-start=\"3648\" data-end=\"3661\">616-00782<\/strong> (et les r\u00e9f\u00e9rences sp\u00e9cifiques correspondantes pour le module de batterie A2442)<\/p>\n<\/li>\n<\/ul>\n<p data-start=\"3728\" data-end=\"3805\">\u26a0\ufe0f <strong data-start=\"3731\" data-end=\"3764\">Note importante concernant la compatibilit\u00e9\u00a0:<\/strong><br \/>\nCette batterie est <strong data-start=\"3781\" data-end=\"3788\">PAS<\/strong> compatible avec :<\/p>\n<ul data-start=\"3806\" data-end=\"3918\">\n<li data-start=\"3806\" data-end=\"3886\">\n<p data-start=\"3810\" data-end=\"3886\">MacBook Pro 14 pouces (2023) M2 Pro\/Max \u2013 Mod\u00e8le <strong data-start=\"3856\" data-end=\"3865\">A2779<\/strong> (Utilise la pile A2830)<\/p>\n<\/li>\n<li data-start=\"3887\" data-end=\"3918\">\n<p data-start=\"3891\" data-end=\"3918\">Mod\u00e8les MacBook Pro 13 pouces.<\/p>\n<\/li>\n<\/ul>","protected":false},"excerpt":{"rendered":"<ul>\n<li data-start=\"1621\" data-end=\"1782\">\n<p data-start=\"1625\" data-end=\"1782\">Acheter premium <strong data-start=\"1642\" data-end=\"1669\">Batteries A2519 en gros<\/strong> Pour MacBook Pro 14\u2033 A2442 (fin 2021). Capacit\u00e9 r\u00e9elle de 69,6 Wh, prix de gros direct usine avec garantie de 12 mois.<\/p>\n<\/li>\n<li data-start=\"1783\" data-end=\"1882\">\n<p data-start=\"1787\" data-end=\"1882\"><strong data-start=\"1787\" data-end=\"1803\">Ajustement parfait :<\/strong> Con\u00e7u exclusivement pour MacBook Pro 14 pouces M1 Pro\/Max (mod\u00e8le A2442, fin 2021).<\/p>\n<\/li>\n<li data-start=\"1883\" data-end=\"1949\">\n<p data-start=\"1887\" data-end=\"1949\"><strong data-start=\"1887\" data-end=\"1902\">Caract\u00e9ristiques principales :<\/strong> 11,47 V | 69,6 Wh | 6068 mAh | Batterie Li-Polym\u00e8re 6 cellules.<\/p>\n<\/li>\n<li data-start=\"1950\" data-end=\"2033\">\n<p data-start=\"1954\" data-end=\"2033\"><strong data-start=\"1954\" data-end=\"1974\">Avantages pour les grossistes\u00a0:<\/strong> Faible quantit\u00e9 minimale de commande, prix d&#039;usine comp\u00e9titif, emballage neutre\/OEM.<\/p>\n<\/li>\n<li data-start=\"2034\" data-end=\"2117\">\n<p data-start=\"2038\" data-end=\"2117\"><strong data-start=\"2038\" data-end=\"2060\">Garantie de qualit\u00e9 :<\/strong> Puce TI Gauge, cellules de grade A+, 100% test\u00e9e en charge et en vieillissement.<\/p>\n<\/li>\n<\/ul>","protected":false},"featured_media":11045,"template":"","meta":{"_acf_changed":false,"nf_dc_page":"","site-sidebar-layout":"default","site-content-layout":"","ast-site-content-layout":"default","site-content-style":"default","site-sidebar-style":"default","ast-global-header-display":"","ast-banner-title-visibility":"","ast-main-header-display":"","ast-hfb-above-header-display":"","ast-hfb-below-header-display":"","ast-hfb-mobile-header-display":"","site-post-title":"","ast-breadcrumbs-content":"","ast-featured-img":"","footer-sml-layout":"","ast-disable-related-posts":"","theme-transparent-header-meta":"default","adv-header-id-meta":"","stick-header-meta":"default","header-above-stick-meta":"","header-main-stick-meta":"","header-below-stick-meta":"","astra-migrate-meta-layouts":"set","ast-page-background-enabled":"default","ast-page-background-meta":{"desktop":{"background-color":"","background-image":"","background-repeat":"repeat","background-position":"center center","background-size":"auto","background-attachment":"scroll","background-type":"","background-media":"","overlay-type":"","overlay-color":"","overlay-opacity":"","overlay-gradient":""},"tablet":{"background-color":"","background-image":"","background-repeat":"repeat","background-position":"center center","background-size":"auto","background-attachment":"scroll","background-type":"","background-media":"","overlay-type":"","overlay-color":"","overlay-opacity":"","overlay-gradient":""},"mobile":{"background-color":"","background-image":"","background-repeat":"repeat","background-position":"center center","background-size":"auto","background-attachment":"scroll","background-type":"","background-media":"","overlay-type":"","overlay-color":"","overlay-opacity":"","overlay-gradient":""}},"ast-content-background-meta":{"desktop":{"background-color":"var(--ast-global-color-5)","background-image":"","background-repeat":"repeat","background-position":"center center","background-size":"auto","background-attachment":"scroll","background-type":"","background-media":"","overlay-type":"","overlay-color":"","overlay-opacity":"","overlay-gradient":""},"tablet":{"background-color":"var(--ast-global-color-5)","background-image":"","background-repeat":"repeat","background-position":"center center","background-size":"auto","background-attachment":"scroll","background-type":"","background-media":"","overlay-type":"","overlay-color":"","overlay-opacity":"","overlay-gradient":""},"mobile":{"background-color":"var(--ast-global-color-5)","background-image":"","background-repeat":"repeat","background-position":"center center","background-size":"auto","background-attachment":"scroll","background-type":"","background-media":"","overlay-type":"","overlay-color":"","overlay-opacity":"","overlay-gradient":""}},"_joinchat":[]},"product_brand":[],"product_cat":[125],"product_tag":[1095,1090,1089,1224,1092,1093,1091,1094],"class_list":{"0":"post-11047","1":"product","2":"type-product","3":"status-publish","4":"has-post-thumbnail","6":"product_cat-macbook-battery-wholesale-china","7":"product_tag-69-6wh-battery-a2519","8":"product_tag-a2442-battery-replacement","9":"product_tag-a2519-battery-wholesale","10":"product_tag-apple","11":"product_tag-emc-3650-battery","12":"product_tag-laptop-battery-supplier-china","13":"product_tag-macbook-pro-14-2021-battery","14":"product_tag-oem-macbook-battery","15":"desktop-align-left","16":"tablet-align-left","17":"mobile-align-left","18":"ast-product-gallery-layout-horizontal-slider","19":"ast-product-tabs-layout-horizontal","21":"first","22":"instock","23":"shipping-taxable","24":"purchasable","25":"product-type-simple"},"acf":[],"_links":{"self":[{"href":"https:\/\/www.balderpower.com\/fr\/wp-json\/wp\/v2\/product\/11047","targetHints":{"allow":["GET"]}}],"collection":[{"href":"https:\/\/www.balderpower.com\/fr\/wp-json\/wp\/v2\/product"}],"about":[{"href":"https:\/\/www.balderpower.com\/fr\/wp-json\/wp\/v2\/types\/product"}],"version-history":[{"count":2,"href":"https:\/\/www.balderpower.com\/fr\/wp-json\/wp\/v2\/product\/11047\/revisions"}],"predecessor-version":[{"id":11053,"href":"https:\/\/www.balderpower.com\/fr\/wp-json\/wp\/v2\/product\/11047\/revisions\/11053"}],"wp:featuredmedia":[{"embeddable":true,"href":"https:\/\/www.balderpower.com\/fr\/wp-json\/wp\/v2\/media\/11045"}],"wp:attachment":[{"href":"https:\/\/www.balderpower.com\/fr\/wp-json\/wp\/v2\/media?parent=11047"}],"wp:term":[{"taxonomy":"product_brand","embeddable":true,"href":"https:\/\/www.balderpower.com\/fr\/wp-json\/wp\/v2\/product_brand?post=11047"},{"taxonomy":"product_cat","embeddable":true,"href":"https:\/\/www.balderpower.com\/fr\/wp-json\/wp\/v2\/product_cat?post=11047"},{"taxonomy":"product_tag","embeddable":true,"href":"https:\/\/www.balderpower.com\/fr\/wp-json\/wp\/v2\/product_tag?post=11047"}],"curies":[{"name":"wp","href":"https:\/\/api.w.org\/{rel}","templated":true}]}}