{"id":10918,"date":"2026-02-23T02:28:40","date_gmt":"2026-02-22T18:28:40","guid":{"rendered":"https:\/\/www.balderpower.com\/?post_type=product&#038;p=10918"},"modified":"2026-03-06T15:52:30","modified_gmt":"2026-03-06T07:52:30","slug":"batterie-de-remplacement-pour-macbook-pro-16-m3-a2991-a2976","status":"publish","type":"product","link":"https:\/\/www.balderpower.com\/fr\/a2976-battery-replacement-macbook-pro-16-m3-a2991\/","title":{"rendered":"Batterie de remplacement A2976 en gros pour MacBook Pro 16\u2033 M3 Pro\/Max (A2991) \u2013 99,6 Wh"},"content":{"rendered":"<p data-path-to-node=\"16\"><b data-path-to-node=\"16\" data-index-in-node=\"0\">La batterie de remplacement ultime A2976 pour les stations de travail M3 Pro<\/b><\/p>\n<p data-path-to-node=\"17\">Le MacBook Pro 16 pouces (M3 Pro\/Max) est le fleuron d&#039;Apple et m\u00e9rite une alimentation \u00e0 la hauteur de ses performances. Lorsque vos clients signalent une d\u00e9charge rapide de la batterie ou des alertes de maintenance, vous avez besoin d&#039;une solution fiable. Balder Power vous offre une qualit\u00e9 optimale. <b data-path-to-node=\"17\" data-index-in-node=\"262\">Remplacement de la batterie A2976<\/b> sur le march\u00e9, sp\u00e9cialement con\u00e7ue pour g\u00e9rer les pics de consommation de l&#039;architecture Apple M3 Silicon.<\/p>\n<p data-path-to-node=\"18\">Contrairement aux batteries g\u00e9n\u00e9riques qui provoquent des erreurs \u201c\u00a0Pi\u00e8ce inconnue\u00a0\u201d, nos <b data-path-to-node=\"18\" data-index-in-node=\"65\">Remplacement de la batterie A2976<\/b> Il int\u00e8gre une puce BMS Texas Instruments (TI) enti\u00e8rement d\u00e9cod\u00e9e. Ceci garantit une communication fluide avec la carte logique A2991, affichant des nombres de cycles pr\u00e9cis et des pourcentages de sant\u00e9 sous macOS.<\/p>\n<p data-path-to-node=\"19\"><b data-path-to-node=\"19\" data-index-in-node=\"0\">Pourquoi choisir notre batterie de remplacement A2976\u00a0?<\/b> Nous fabriquons ceci <b data-path-to-node=\"19\" data-index-in-node=\"62\">Batterie MacBook Pro 16 M3<\/b> Nous utilisons des cellules Li-Polym\u00e8re de premi\u00e8re qualit\u00e9. Nous contr\u00f4lons strictement la capacit\u00e9 \u00e0 <b data-path-to-node=\"19\" data-index-in-node=\"155\">99,6 Wh (8600 mAh)<\/b>. Cette capacit\u00e9 sp\u00e9cifique est cruciale car elle maximise l&#039;autonomie tout en restant juste en dessous de la limite de 100 Wh fix\u00e9e par la FAA et l&#039;EASA pour les bagages \u00e0 main \u2013 un argument de vente essentiel pour les professionnels.<\/p>\n<p data-path-to-node=\"20\"><b data-path-to-node=\"20\" data-index-in-node=\"0\">Liste de v\u00e9rification de compatibilit\u00e9\u00a0:<\/b><\/p>\n<ul data-path-to-node=\"21\">\n<li>\n<p data-path-to-node=\"21,0,0\"><b data-path-to-node=\"21,0,0\" data-index-in-node=\"0\">Num\u00e9ro de pi\u00e8ce :<\/b> <b data-path-to-node=\"21,0,0\" data-index-in-node=\"13\">Remplacement de la batterie A2976<\/b><\/p>\n<\/li>\n<li>\n<p data-path-to-node=\"21,1,0\"><b data-path-to-node=\"21,1,0\" data-index-in-node=\"0\">Mod\u00e8le d&#039;ordinateur portable\u00a0:<\/b> MacBook Pro 16 pouces (fin 2023)<\/p>\n<\/li>\n<li>\n<p data-path-to-node=\"21,2,0\"><b data-path-to-node=\"21,2,0\" data-index-in-node=\"0\">Identifiant du mod\u00e8le\u00a0:<\/b> A2991<\/p>\n<\/li>\n<li>\n<p data-path-to-node=\"21,3,0\"><b data-path-to-node=\"21,3,0\" data-index-in-node=\"0\">Jeu de puces :<\/b> M3 Pro \/ M3 Max<\/p>\n<\/li>\n<li>\n<p data-path-to-node=\"21,4,0\"><i data-path-to-node=\"21,4,0\" data-index-in-node=\"0\">Avertissement : Cette batterie ne convient PAS aux mod\u00e8les M1 (A2485) ou M2 (A2780).<\/i><\/p>\n<\/li>\n<\/ul>","protected":false},"excerpt":{"rendered":"<ul>\n<li>\n<p data-path-to-node=\"13,0,0\">Vous recherchez la meilleure batterie de remplacement A2976 pour MacBook Pro 16\u2033 M3 (A2991)\u00a0? Notre batterie de 99,6\u00a0Wh de qualit\u00e9 d&#039;origine est dot\u00e9e d&#039;un BMS enti\u00e8rement d\u00e9cod\u00e9 et prend en charge la charge rapide 140\u00a0W. Vente directe d&#039;usine.<\/p>\n<\/li>\n<li>\n<p data-path-to-node=\"13,1,0\"><b data-path-to-node=\"13,1,0\" data-index-in-node=\"0\">Ajustement parfait :<\/b> Moul\u00e9 avec pr\u00e9cision pour MacBook Pro 16 pouces (fin 2023) Mod\u00e8le A2991.<\/p>\n<\/li>\n<li>\n<p data-path-to-node=\"13,2,0\"><b data-path-to-node=\"13,2,0\" data-index-in-node=\"0\">Cycle z\u00e9ro :<\/b> Des cellules au cobalt flambant neuves garantissent la sant\u00e9 et les performances optimales du 100%.<\/p>\n<\/li>\n<li>\n<p data-path-to-node=\"13,3,0\"><b data-path-to-node=\"13,3,0\" data-index-in-node=\"0\">Capacit\u00e9 maximale l\u00e9gale :<\/b> Sa conception de 99,6 Wh est conforme aux r\u00e9glementations IATA en mati\u00e8re de s\u00e9curit\u00e9 a\u00e9rienne.<\/p>\n<\/li>\n<li>\n<p data-path-to-node=\"13,4,0\"><b data-path-to-node=\"13,4,0\" data-index-in-node=\"0\">Pr\u00eat pour le B2B\u00a0:<\/b> Certifi\u00e9 UN38.3 pour faciliter l&#039;exp\u00e9dition internationale et le d\u00e9douanement.<\/p>\n<\/li>\n<\/ul>","protected":false},"featured_media":10915,"template":"","meta":{"_acf_changed":false,"nf_dc_page":"","site-sidebar-layout":"default","site-content-layout":"","ast-site-content-layout":"default","site-content-style":"default","site-sidebar-style":"default","ast-global-header-display":"","ast-banner-title-visibility":"","ast-main-header-display":"","ast-hfb-above-header-display":"","ast-hfb-below-header-display":"","ast-hfb-mobile-header-display":"","site-post-title":"","ast-breadcrumbs-content":"","ast-featured-img":"","footer-sml-layout":"","ast-disable-related-posts":"","theme-transparent-header-meta":"default","adv-header-id-meta":"","stick-header-meta":"default","header-above-stick-meta":"","header-main-stick-meta":"","header-below-stick-meta":"","astra-migrate-meta-layouts":"set","ast-page-background-enabled":"default","ast-page-background-meta":{"desktop":{"background-color":"","background-image":"","background-repeat":"repeat","background-position":"center center","background-size":"auto","background-attachment":"scroll","background-type":"","background-media":"","overlay-type":"","overlay-color":"","overlay-opacity":"","overlay-gradient":""},"tablet":{"background-color":"","background-image":"","background-repeat":"repeat","background-position":"center center","background-size":"auto","background-attachment":"scroll","background-type":"","background-media":"","overlay-type":"","overlay-color":"","overlay-opacity":"","overlay-gradient":""},"mobile":{"background-color":"","background-image":"","background-repeat":"repeat","background-position":"center center","background-size":"auto","background-attachment":"scroll","background-type":"","background-media":"","overlay-type":"","overlay-color":"","overlay-opacity":"","overlay-gradient":""}},"ast-content-background-meta":{"desktop":{"background-color":"var(--ast-global-color-5)","background-image":"","background-repeat":"repeat","background-position":"center center","background-size":"auto","background-attachment":"scroll","background-type":"","background-media":"","overlay-type":"","overlay-color":"","overlay-opacity":"","overlay-gradient":""},"tablet":{"background-color":"var(--ast-global-color-5)","background-image":"","background-repeat":"repeat","background-position":"center center","background-size":"auto","background-attachment":"scroll","background-type":"","background-media":"","overlay-type":"","overlay-color":"","overlay-opacity":"","overlay-gradient":""},"mobile":{"background-color":"var(--ast-global-color-5)","background-image":"","background-repeat":"repeat","background-position":"center center","background-size":"auto","background-attachment":"scroll","background-type":"","background-media":"","overlay-type":"","overlay-color":"","overlay-opacity":"","overlay-gradient":""}},"_joinchat":[]},"product_brand":[],"product_cat":[125],"product_tag":[1064,1065,1062,1063,1224,1061],"class_list":{"0":"post-10918","1":"product","2":"type-product","3":"status-publish","4":"has-post-thumbnail","6":"product_cat-macbook-battery-wholesale-china","7":"product_tag-140w-fast-charge-battery","8":"product_tag-99-6wh","9":"product_tag-a2976-oem-specs","10":"product_tag-a2991-repair-part","11":"product_tag-apple","12":"product_tag-macbook-pro-16-m3-battery","13":"desktop-align-left","14":"tablet-align-left","15":"mobile-align-left","16":"ast-product-gallery-layout-horizontal-slider","17":"ast-product-tabs-layout-horizontal","19":"first","20":"instock","21":"shipping-taxable","22":"purchasable","23":"product-type-simple"},"acf":[],"_links":{"self":[{"href":"https:\/\/www.balderpower.com\/fr\/wp-json\/wp\/v2\/product\/10918","targetHints":{"allow":["GET"]}}],"collection":[{"href":"https:\/\/www.balderpower.com\/fr\/wp-json\/wp\/v2\/product"}],"about":[{"href":"https:\/\/www.balderpower.com\/fr\/wp-json\/wp\/v2\/types\/product"}],"version-history":[{"count":2,"href":"https:\/\/www.balderpower.com\/fr\/wp-json\/wp\/v2\/product\/10918\/revisions"}],"predecessor-version":[{"id":10927,"href":"https:\/\/www.balderpower.com\/fr\/wp-json\/wp\/v2\/product\/10918\/revisions\/10927"}],"wp:featuredmedia":[{"embeddable":true,"href":"https:\/\/www.balderpower.com\/fr\/wp-json\/wp\/v2\/media\/10915"}],"wp:attachment":[{"href":"https:\/\/www.balderpower.com\/fr\/wp-json\/wp\/v2\/media?parent=10918"}],"wp:term":[{"taxonomy":"product_brand","embeddable":true,"href":"https:\/\/www.balderpower.com\/fr\/wp-json\/wp\/v2\/product_brand?post=10918"},{"taxonomy":"product_cat","embeddable":true,"href":"https:\/\/www.balderpower.com\/fr\/wp-json\/wp\/v2\/product_cat?post=10918"},{"taxonomy":"product_tag","embeddable":true,"href":"https:\/\/www.balderpower.com\/fr\/wp-json\/wp\/v2\/product_tag?post=10918"}],"curies":[{"name":"wp","href":"https:\/\/api.w.org\/{rel}","templated":true}]}}