{"id":10006,"date":"2026-02-03T01:37:02","date_gmt":"2026-02-02T17:37:02","guid":{"rendered":"https:\/\/www.balderpower.com\/?post_type=product&#038;p=10006"},"modified":"2026-02-03T01:37:05","modified_gmt":"2026-02-02T17:37:05","slug":"batteries-msi-claw-a1m-en-gros","status":"publish","type":"product","link":"https:\/\/www.balderpower.com\/fr\/msi-claw-a1m-battery-wholesale\/","title":{"rendered":"Batterie MSI Claw A1M en gros | 54,5 Wh MS-1T41 Remplacement OEM"},"content":{"rendered":"<h2 data-path-to-node=\"10\"><b data-path-to-node=\"10\" data-index-in-node=\"0\">Redonnez vie \u00e0 la b\u00eate\u00a0: batterie de remplacement d&#039;origine pour MSI Claw A1M<\/b><\/h2>\n<p data-path-to-node=\"11\">Avec le temps, la d\u00e9gradation de la batterie du MSI Claw A1M (Mod\u00e8le\u00a0: MS-1T41) est un probl\u00e8me majeur pour les joueurs. Pour les ateliers de r\u00e9paration et les grossistes, Balder Power propose la solution id\u00e9ale\u00a0: <b data-path-to-node=\"11\" data-index-in-node=\"177\">Batteries MSI Claw A1M en gros<\/b> Nous fabriquons l&#039;unit\u00e9 d&#039;alimentation sp\u00e9cifique aux sp\u00e9cifications OEM requise pour alimenter le processeur Intel Core Ultra, garantissant ainsi \u00e0 vos clients des performances optimales d\u00e8s le premier jour.<\/p>\n<h3 data-path-to-node=\"12\"><b data-path-to-node=\"12\" data-index-in-node=\"0\">Con\u00e7u sp\u00e9cifiquement pour le ch\u00e2ssis MS-1T41<\/b><\/h3>\n<p data-path-to-node=\"13\">Il ne s&#039;agit pas d&#039;une batterie standard. Elle est con\u00e7ue sp\u00e9cifiquement pour <b data-path-to-node=\"13\" data-index-in-node=\"60\">MS-1T41<\/b> Architecture portable de 7 pouces.<\/p>\n<ul data-path-to-node=\"14\">\n<li>\n<p data-path-to-node=\"14,0,0\"><b data-path-to-node=\"14,0,0\" data-index-in-node=\"0\">Sp\u00e9cifications OEM pr\u00e9cises\u00a0:<\/b> Notre batterie correspond exactement aux sp\u00e9cifications. <b data-path-to-node=\"14,0,0\" data-index-in-node=\"49\">Tension nominale de 11,61 V<\/b> et <b data-path-to-node=\"14,0,0\" data-index-in-node=\"76\">Limite de charge de 13,35 V<\/b> Requis par la carte m\u00e8re MSI. Cela \u00e9vite les erreurs redout\u00e9es de \u201c\u00a0branch\u00e9, ne charge pas\u00a0\u201d, fr\u00e9quentes avec les copies bon march\u00e9.<\/p>\n<\/li>\n<li>\n<p data-path-to-node=\"14,1,0\"><b data-path-to-node=\"14,1,0\" data-index-in-node=\"0\">Optimisation thermique :<\/b> La conception en forme de L est moul\u00e9e pour d\u00e9gager les ventilateurs \u201c Cooler Boost HyperFlow \u201d, assurant ainsi la s\u00e9curit\u00e9 m\u00eame pendant les sessions de charge rapide PD de 65 W.<\/p>\n<\/li>\n<\/ul>\n<h3 data-path-to-node=\"15\"><b data-path-to-node=\"15\" data-index-in-node=\"0\">Couverture de tous les mod\u00e8les A1M mondiaux<\/b><\/h3>\n<p data-path-to-node=\"16\">Notre batterie de remplacement est la r\u00e9f\u00e9rence universelle pour toute la gamme MSI Claw de premi\u00e8re g\u00e9n\u00e9ration. Elle remplace la pi\u00e8ce d&#039;origine num\u00e9ro [num\u00e9ro de pi\u00e8ce]. <b data-path-to-node=\"16\" data-index-in-node=\"135\">S9N-0Z6A200-AQ2<\/b> (et S9N-0Z6A200-001) et prend en charge toutes les variantes r\u00e9gionales\u00a0:<\/p>\n<ul data-path-to-node=\"17\">\n<li>\n<p data-path-to-node=\"17,0,0\"><b data-path-to-node=\"17,0,0\" data-index-in-node=\"0\">Am\u00e9rique du Nord:<\/b> Griffe A1M-050US, A1M-051US, A1M-052US.<\/p>\n<\/li>\n<li>\n<p data-path-to-node=\"17,1,0\"><b data-path-to-node=\"17,1,0\" data-index-in-node=\"0\">Asie \/ Monde :<\/b> Griffe A1M-025HK, A1M-026TW.<\/p>\n<\/li>\n<li>\n<p data-path-to-node=\"17,2,0\"><b data-path-to-node=\"17,2,0\" data-index-in-node=\"0\">Europe:<\/b> Tous les sous-mod\u00e8les A1M de 7 pouces.<\/p>\n<\/li>\n<\/ul>\n<h3 data-path-to-node=\"18\"><b data-path-to-node=\"18\" data-index-in-node=\"0\">Pourquoi choisir Balder Power ?<\/b><\/h3>\n<ol start=\"1\" data-path-to-node=\"19\">\n<li>\n<p data-path-to-node=\"19,0,0\"><b data-path-to-node=\"19,0,0\" data-index-in-node=\"0\">Capacit\u00e9 r\u00e9elle de 54,5 Wh :<\/b> Nous n&#039;utilisons pas d&#039;\u00e9tiquettes erron\u00e9es. Nos \u00e9tiquettes et nos donn\u00e9es de performance correspondent \u00e0 celles de la batterie d&#039;origine\u00a0: <b data-path-to-node=\"19,0,0\" data-index-in-node=\"100\">Capacit\u00e9 typique de 4700 mAh (54,5 Wh)<\/b> \/ Capacit\u00e9 nominale de 4550 mAh (52,8 Wh).<\/p>\n<\/li>\n<li>\n<p data-path-to-node=\"19,1,0\"><b data-path-to-node=\"19,1,0\" data-index-in-node=\"0\">Nouveaux arrivages :<\/b> Les batteries au lithium se d\u00e9gradent lorsqu&#039;elles sont stock\u00e9es. Nous fournissons des lots de production r\u00e9cents, n&#039;ayant jamais servi (0 cycle de fonctionnement), afin d&#039;optimiser leur dur\u00e9e de vie.<\/p>\n<\/li>\n<li>\n<p data-path-to-node=\"19,2,0\"><b data-path-to-node=\"19,2,0\" data-index-in-node=\"0\">Logistique DDP mondiale :<\/b> L&#039;exp\u00e9dition de batteries (marchandises dangereuses de classe 9) est complexe. Nous prenons tout en charge. <b data-path-to-node=\"19,2,0\" data-index-in-node=\"103\">Exp\u00e9dition DDP<\/b> Ce service de livraison vous livre directement \u00e0 domicile aux \u00c9tats-Unis ou en Europe, tous les frais de douane et taxes \u00e9tant inclus.<\/p>\n<\/li>\n<\/ol>\n<p data-path-to-node=\"20\">S\u00e9curisez votre cha\u00eene d&#039;approvisionnement avec le plus fiable <b data-path-to-node=\"20\" data-index-in-node=\"48\">Batterie de remplacement pour MSI Claw A1M<\/b> source en Chine.<\/p>","protected":false},"excerpt":{"rendered":"<ul>\n<li>\n<p data-path-to-node=\"7,2,1,0,0\">\ud83c\udfed <b data-path-to-node=\"7,2,1,0,0\" data-index-in-node=\"3\">Source directe d&#039;usine :<\/b> <b data-path-to-node=\"7,2,1,0,0\" data-index-in-node=\"26\">Vente en gros directe d&#039;usine de batteries MSI Claw A1M. Authentiques, 54,5 Wh (typ.) pour MS-1T41 050US\/051US. R\u00e9f\u00e9rence\u00a0: S9N-0Z6A200-AQ2. Faible quantit\u00e9 minimale de commande et livraison DDP.<\/b><\/p>\n<\/li>\n<li>\n<p data-path-to-node=\"7,2,1,1,0\">\ud83d\udd0c <b data-path-to-node=\"7,2,1,1,0\" data-index-in-node=\"3\">Compatibilit\u00e9 A1M d\u00e9di\u00e9e\u00a0:<\/b> Con\u00e7u avec pr\u00e9cision exclusivement pour <b data-path-to-node=\"7,2,1,1,0\" data-index-in-node=\"67\">Griffe MSI A1M de 7 pouces (MS-1T41)<\/b>, garantissant une installation sans jeu et un alignement parfait des connecteurs.<\/p>\n<\/li>\n<li>\n<p data-path-to-node=\"7,2,1,2,0\">\ud83d\udd0b <b data-path-to-node=\"7,2,1,2,0\" data-index-in-node=\"3\">Puissance maximale de 54,5 Wh :<\/b> Mise \u00e0 niveau vers la derni\u00e8re sp\u00e9cification haute densit\u00e9 avec <b data-path-to-node=\"7,2,1,2,0\" data-index-in-node=\"73\">Capacit\u00e9 typique 54,5 Wh (4700 mAh)<\/b>, surpassant les pi\u00e8ces de rechange standard du march\u00e9 secondaire.<\/p>\n<\/li>\n<li>\n<p data-path-to-node=\"7,2,1,3,0\">\ud83d\udcbc <b data-path-to-node=\"7,2,1,3,0\" data-index-in-node=\"3\">Service B2B\u00a0:<\/b> Nous soutenons les entreprises de r\u00e9paration avec <b data-path-to-node=\"7,2,1,3,0\" data-index-in-node=\"50\">Quantit\u00e9 minimale de commande faible (5 unit\u00e9s)<\/b>, de nouveaux lots de production 2025 et une documentation compl\u00e8te de conformit\u00e9 \u00e0 la norme UN38.3.<\/p>\n<\/li>\n<\/ul>","protected":false},"featured_media":10013,"template":"","meta":{"_acf_changed":false,"nf_dc_page":"","site-sidebar-layout":"default","site-content-layout":"","ast-site-content-layout":"default","site-content-style":"default","site-sidebar-style":"default","ast-global-header-display":"","ast-banner-title-visibility":"","ast-main-header-display":"","ast-hfb-above-header-display":"","ast-hfb-below-header-display":"","ast-hfb-mobile-header-display":"","site-post-title":"","ast-breadcrumbs-content":"","ast-featured-img":"","footer-sml-layout":"","ast-disable-related-posts":"","theme-transparent-header-meta":"default","adv-header-id-meta":"","stick-header-meta":"default","header-above-stick-meta":"","header-main-stick-meta":"","header-below-stick-meta":"","astra-migrate-meta-layouts":"set","ast-page-background-enabled":"default","ast-page-background-meta":{"desktop":{"background-color":"","background-image":"","background-repeat":"repeat","background-position":"center center","background-size":"auto","background-attachment":"scroll","background-type":"","background-media":"","overlay-type":"","overlay-color":"","overlay-opacity":"","overlay-gradient":""},"tablet":{"background-color":"","background-image":"","background-repeat":"repeat","background-position":"center center","background-size":"auto","background-attachment":"scroll","background-type":"","background-media":"","overlay-type":"","overlay-color":"","overlay-opacity":"","overlay-gradient":""},"mobile":{"background-color":"","background-image":"","background-repeat":"repeat","background-position":"center center","background-size":"auto","background-attachment":"scroll","background-type":"","background-media":"","overlay-type":"","overlay-color":"","overlay-opacity":"","overlay-gradient":""}},"ast-content-background-meta":{"desktop":{"background-color":"var(--ast-global-color-5)","background-image":"","background-repeat":"repeat","background-position":"center center","background-size":"auto","background-attachment":"scroll","background-type":"","background-media":"","overlay-type":"","overlay-color":"","overlay-opacity":"","overlay-gradient":""},"tablet":{"background-color":"var(--ast-global-color-5)","background-image":"","background-repeat":"repeat","background-position":"center center","background-size":"auto","background-attachment":"scroll","background-type":"","background-media":"","overlay-type":"","overlay-color":"","overlay-opacity":"","overlay-gradient":""},"mobile":{"background-color":"var(--ast-global-color-5)","background-image":"","background-repeat":"repeat","background-position":"center center","background-size":"auto","background-attachment":"scroll","background-type":"","background-media":"","overlay-type":"","overlay-color":"","overlay-opacity":"","overlay-gradient":""}},"_joinchat":[]},"product_brand":[],"product_cat":[972],"product_tag":[1008,1003,1006,1007,1011,1002,1013,1001,1009,1005,1004,1012,1010],"class_list":{"0":"post-10006","1":"product","2":"type-product","3":"status-publish","4":"has-post-thumbnail","6":"product_cat-msi-claw-replacement-battery-wholesale","7":"product_tag-54-5wh-handheld-battery","8":"product_tag-bty-s1m","9":"product_tag-claw-a1m-050us-battery","10":"product_tag-claw-a1m-051us-battery","11":"product_tag-factory-direct-msi-parts","12":"product_tag-ms-1t41-replacement-battery","13":"product_tag-msi-claw-7-inch-battery","14":"product_tag-msi-claw-a1m-battery","15":"product_tag-msi-handheld-repair-parts","16":"product_tag-s9n-0z6a200-001","17":"product_tag-s9n-0z6a200-aq2","18":"product_tag-un38-3-certified-battery","19":"product_tag-wholesale-gaming-console-battery","20":"desktop-align-left","21":"tablet-align-left","22":"mobile-align-left","23":"ast-product-gallery-layout-horizontal-slider","24":"ast-product-tabs-layout-horizontal","26":"first","27":"instock","28":"shipping-taxable","29":"purchasable","30":"product-type-simple"},"acf":[],"_links":{"self":[{"href":"https:\/\/www.balderpower.com\/fr\/wp-json\/wp\/v2\/product\/10006","targetHints":{"allow":["GET"]}}],"collection":[{"href":"https:\/\/www.balderpower.com\/fr\/wp-json\/wp\/v2\/product"}],"about":[{"href":"https:\/\/www.balderpower.com\/fr\/wp-json\/wp\/v2\/types\/product"}],"version-history":[{"count":1,"href":"https:\/\/www.balderpower.com\/fr\/wp-json\/wp\/v2\/product\/10006\/revisions"}],"predecessor-version":[{"id":10007,"href":"https:\/\/www.balderpower.com\/fr\/wp-json\/wp\/v2\/product\/10006\/revisions\/10007"}],"wp:featuredmedia":[{"embeddable":true,"href":"https:\/\/www.balderpower.com\/fr\/wp-json\/wp\/v2\/media\/10013"}],"wp:attachment":[{"href":"https:\/\/www.balderpower.com\/fr\/wp-json\/wp\/v2\/media?parent=10006"}],"wp:term":[{"taxonomy":"product_brand","embeddable":true,"href":"https:\/\/www.balderpower.com\/fr\/wp-json\/wp\/v2\/product_brand?post=10006"},{"taxonomy":"product_cat","embeddable":true,"href":"https:\/\/www.balderpower.com\/fr\/wp-json\/wp\/v2\/product_cat?post=10006"},{"taxonomy":"product_tag","embeddable":true,"href":"https:\/\/www.balderpower.com\/fr\/wp-json\/wp\/v2\/product_tag?post=10006"}],"curies":[{"name":"wp","href":"https:\/\/api.w.org\/{rel}","templated":true}]}}