{"id":9539,"date":"2026-01-16T18:46:47","date_gmt":"2026-01-16T10:46:47","guid":{"rendered":"https:\/\/www.balderpower.com\/?post_type=product&#038;p=9539"},"modified":"2026-01-16T18:50:31","modified_gmt":"2026-01-16T10:50:31","slug":"bateria-lifepo4-con-carcasa-transparente-personalizada-serie-12-v-24-v","status":"publish","type":"product","link":"https:\/\/www.balderpower.com\/es\/custom-transparent-case-lifepo4-battery-series-12v-24v\/","title":{"rendered":"Bater\u00edas LiFePO4 con carcasa transparente personalizada (12 V\/24 V, 100 Ah\/150 Ah\/200 Ah\/300 Ah) \u2013 OEM\/ODM"},"content":{"rendered":"<h2 data-path-to-node=\"14\">Serie Transparente de Balder Power: Redefiniendo la confianza en el almacenamiento de energ\u00eda<\/h2>\n<p>&nbsp;<\/p>\n<p data-path-to-node=\"15\">En una industria a menudo empa\u00f1ada por pr\u00e1cticas de fabricaci\u00f3n opacas, Balder Power elige la transparencia, literalmente. Nuestra <b data-path-to-node=\"15\" data-index-in-node=\"113\">Serie de bater\u00edas LiFePO4 con carcasa transparente personalizada<\/b> Est\u00e1 dise\u00f1ada para quienes exigen la calidad que buscan. Ya sea un distribuidor B2B que busca una l\u00ednea de productos \u00fanica o un instalador profesional que equipa un sistema solar de alta gama, esta serie ofrece la combinaci\u00f3n perfecta de atractivo est\u00e9tico, rendimiento robusto y honestidad de ingenier\u00eda.<\/p>\n<p><img fetchpriority=\"high\" decoding=\"async\" class=\"size-full wp-image-9476\" src=\"https:\/\/balderpower.com\/wp-content\/uploads\/2026\/01\/transparent-shell-12v-100ah-lifepo4-battery-assembly-process-collage.webp\" alt=\"Assembly line and worker assembling clear case lifepo4 battery transparent shell 12v 100ah lifepo4 battery at Balder Power China factory\" width=\"1584\" height=\"605\" srcset=\"https:\/\/www.balderpower.com\/wp-content\/uploads\/2026\/01\/transparent-shell-12v-100ah-lifepo4-battery-assembly-process-collage.webp 1584w, https:\/\/www.balderpower.com\/wp-content\/uploads\/2026\/01\/transparent-shell-12v-100ah-lifepo4-battery-assembly-process-collage-1000x382.webp 1000w, https:\/\/www.balderpower.com\/wp-content\/uploads\/2026\/01\/transparent-shell-12v-100ah-lifepo4-battery-assembly-process-collage-1024x391.webp 1024w, https:\/\/www.balderpower.com\/wp-content\/uploads\/2026\/01\/transparent-shell-12v-100ah-lifepo4-battery-assembly-process-collage-768x293.webp 768w, https:\/\/www.balderpower.com\/wp-content\/uploads\/2026\/01\/transparent-shell-12v-100ah-lifepo4-battery-assembly-process-collage-1536x587.webp 1536w, https:\/\/www.balderpower.com\/wp-content\/uploads\/2026\/01\/transparent-shell-12v-100ah-lifepo4-battery-assembly-process-collage-18x7.webp 18w, https:\/\/www.balderpower.com\/wp-content\/uploads\/2026\/01\/transparent-shell-12v-100ah-lifepo4-battery-assembly-process-collage-600x229.webp 600w, https:\/\/www.balderpower.com\/wp-content\/uploads\/2026\/01\/transparent-shell-12v-100ah-lifepo4-battery-assembly-process-collage-64x24.webp 64w\" sizes=\"(max-width: 1584px) 100vw, 1584px\" data-no-translation=\"\" \/><\/p>\n<h3 data-path-to-node=\"16\">1. La visibilidad es la m\u00e1xima garant\u00eda de calidad<\/h3>\n<p data-path-to-node=\"17\">\u00bfPor qu\u00e9 ocultar la artesan\u00eda? La principal ventaja de nuestra <b data-path-to-node=\"17\" data-index-in-node=\"54\">Bater\u00eda LiFePO4 con carcasa transparente<\/b> es la capacidad de inspeccionar visualmente los componentes internos sin anular la garant\u00eda.<\/p>\n<ul data-path-to-node=\"18\">\n<li>\n<p data-path-to-node=\"18,0,0\"><b data-path-to-node=\"18,0,0\" data-index-in-node=\"0\">C\u00e9lulas prism\u00e1ticas de grado A:<\/b> A trav\u00e9s de la carcasa transparente, se pueden ver las celdas de grado automotriz ordenadas cuidadosamente, lo que garantiza que no haya celdas usadas o de grado B ocultas en el interior.<\/p>\n<\/li>\n<li>\n<p data-path-to-node=\"18,1,0\"><b data-path-to-node=\"18,1,0\" data-index-in-node=\"0\">Cableado de precisi\u00f3n:<\/b> Observe las barras colectoras de alta resistencia y el dise\u00f1o del cableado profesional que garantiza la seguridad y la transferencia de corriente eficiente.<\/p>\n<\/li>\n<li>\n<p data-path-to-node=\"18,2,0\"><b data-path-to-node=\"18,2,0\" data-index-in-node=\"0\">Colocaci\u00f3n robusta de BMS:<\/b> Verifique la integraci\u00f3n del BMS y la ubicaci\u00f3n del sensor t\u00e9rmico al instante. Este enfoque de &quot;Lo que ves es lo que obtienes&quot; genera confianza inmediata con tus clientes finales.<\/p>\n<\/li>\n<\/ul>\n<h3 data-path-to-node=\"19\">2. Alimentaci\u00f3n flexible: configuraciones de 12 V y 24 V<\/h3>\n<p data-path-to-node=\"20\">Entendemos que cada proyecto es \u00fanico. Por eso, nuestra serie transparente abarca una amplia gama de voltajes y capacidades.<\/p>\n<ul data-path-to-node=\"21\">\n<li>\n<p data-path-to-node=\"21,0,0\"><b data-path-to-node=\"21,0,0\" data-index-in-node=\"0\">La serie de 12 V (12,8 V):<\/b> Disponible en <b data-path-to-node=\"21,0,0\" data-index-in-node=\"37\">150 Ah, 200 Ah y unos enormes 300 Ah<\/b> Capacidades. Ideal para reemplazar bater\u00edas de plomo-\u00e1cido tradicionales del Grupo 31 u 8D en veh\u00edculos recreativos, caravanas y motores de pesca de arrastre. El modelo de 300 Ah ofrece 3840 Wh de energ\u00eda en una sola unidad port\u00e1til.<\/p>\n<\/li>\n<li>\n<p data-path-to-node=\"21,1,0\"><b data-path-to-node=\"21,1,0\" data-index-in-node=\"0\">La serie 24V (25,6V):<\/b> Disponible en <b data-path-to-node=\"21,1,0\" data-index-in-node=\"37\">100 Ah, 150 Ah y 200 Ah<\/b> opciones. Ideal para <b data-path-to-node=\"21,1,0\" data-index-in-node=\"80\">Bater\u00eda de ciclo profundo de 24 V<\/b> Aplicaciones en sistemas solares aislados y bancos de bater\u00edas para viviendas marinas. El modelo de 24 V y 200 Ah ofrece una asombrosa <b data-path-to-node=\"21,1,0\" data-index-in-node=\"208\">5,12 kWh<\/b> de poder.<\/p>\n<\/li>\n<\/ul>\n<h3 data-path-to-node=\"22\">3. Tecnolog\u00eda inteligente para las necesidades modernas<\/h3>\n<p data-path-to-node=\"23\">Esto no es s\u00f3lo una bater\u00eda; es un dispositivo de energ\u00eda inteligente.<\/p>\n<ul data-path-to-node=\"24\">\n<li>\n<p data-path-to-node=\"24,0,0\"><b data-path-to-node=\"24,0,0\" data-index-in-node=\"0\">Pantalla LCD integrada:<\/b> Una pantalla incorporada en la cubierta superior proporciona lecturas instant\u00e1neas de voltaje y capacidad.<\/p>\n<\/li>\n<li>\n<p data-path-to-node=\"24,1,0\"><b data-path-to-node=\"24,1,0\" data-index-in-node=\"0\">Conectividad Bluetooth:<\/b> Monitorea tu banco de bater\u00edas remotamente con nuestra aplicaci\u00f3n para smartphones. Consulta el estado de carga (SOC), el conteo de ciclos y la salud de las celdas desde tu tel\u00e9fono.<\/p>\n<\/li>\n<li>\n<p data-path-to-node=\"24,2,0\"><b data-path-to-node=\"24,2,0\" data-index-in-node=\"0\">Puertos de comunicaci\u00f3n (opcional):<\/b> Para clientes OEM, podemos integrar puertos de comunicaci\u00f3n CANBUS, RS485 o SMBus para interactuar directamente con inversores Victron, Growatt o Deye.<\/p>\n<\/li>\n<\/ul>\n<h3 data-path-to-node=\"25\">4. Dise\u00f1ado para durar y superar<\/h3>\n<p data-path-to-node=\"26\">Las bater\u00edas de plomo-\u00e1cido son cosa del pasado. Cambiar a nuestras <b data-path-to-node=\"26\" data-index-in-node=\"62\">Paquete de bater\u00edas LiFePO4 OEM<\/b> La tecnolog\u00eda trae beneficios inmediatos:<\/p>\n<ul data-path-to-node=\"27\">\n<li>\n<p data-path-to-node=\"27,0,0\"><b data-path-to-node=\"27,0,0\" data-index-in-node=\"0\">Reducci\u00f3n de peso:<\/b> Nuestro modelo de 24 V 200 Ah pesa aproximadamente 37,8 kg, menos de la mitad del peso de una configuraci\u00f3n de plomo-\u00e1cido equivalente.<\/p>\n<\/li>\n<li>\n<p data-path-to-node=\"27,1,0\"><b data-path-to-node=\"27,1,0\" data-index-in-node=\"0\">Capacidad de ciclo profundo:<\/b> Se puede descargar de forma segura hasta 100% DOD (profundidad de descarga), lo que le proporciona el doble de energ\u00eda utilizable que las bater\u00edas AGM.<\/p>\n<\/li>\n<li>\n<p data-path-to-node=\"27,2,0\"><b data-path-to-node=\"27,2,0\" data-index-in-node=\"0\">Durabilidad extrema:<\/b> La carcasa exterior est\u00e1 hecha de compuesto ABS\/PC de alta resistencia, con clasificaci\u00f3n IP54\/IP65 para protecci\u00f3n contra el polvo y las salpicaduras.<\/p>\n<\/li>\n<\/ul>\n<h3 data-path-to-node=\"28\">5. Su socio en la fabricaci\u00f3n personalizada de bater\u00edas de litio (OEM\/ODM)<\/h3>\n<p data-path-to-node=\"29\">Balder Power es m\u00e1s que un proveedor; somos su socio de f\u00e1brica.<\/p>\n<ul data-path-to-node=\"30\">\n<li>\n<p data-path-to-node=\"30,0,0\"><b data-path-to-node=\"30,0,0\" data-index-in-node=\"0\">Personalizaci\u00f3n de marca:<\/b> Ofrecemos serigraf\u00eda de su logotipo directamente en la carcasa transparente o en los portaceldas internos.<\/p>\n<\/li>\n<li>\n<p data-path-to-node=\"30,1,0\"><b data-path-to-node=\"30,1,0\" data-index-in-node=\"0\">Adaptaci\u00f3n de tama\u00f1o:<\/b> \u00bfNecesita una dimensi\u00f3n espec\u00edfica para una caja de bater\u00eda? Podemos personalizar la disposici\u00f3n de las celdas.<\/p>\n<\/li>\n<li>\n<p data-path-to-node=\"30,2,0\"><b data-path-to-node=\"30,2,0\" data-index-in-node=\"0\">Precios al por mayor:<\/b> Ofrecemos estructuras de precios escalonados para distribuidores e instaladores. Cont\u00e1ctenos para conocer nuestras \u00faltimas novedades. <b data-path-to-node=\"30,2,0\" data-index-in-node=\"115\">Fabricante de bater\u00edas de litio personalizadas<\/b> lista de precios.<\/p>\n<\/li>\n<\/ul>\n<div id=\"gtx-trans\" style=\"position: absolute; left: 441px; top: 59px;\">\n<div class=\"gtx-trans-icon\"><\/div>\n<\/div>","protected":false},"excerpt":{"rendered":"<ul>\n<li>\n<p data-path-to-node=\"11,0,0\"><b data-path-to-node=\"11,0,0\" data-index-in-node=\"0\">Calidad cristalina:<\/b> Carcasa ABS\/PC transparente exclusiva que permite la inspecci\u00f3n visual instant\u00e1nea de las celdas internas y el cableado BMS.<\/p>\n<\/li>\n<li>\n<p data-path-to-node=\"11,1,0\"><b data-path-to-node=\"11,1,0\" data-index-in-node=\"0\">Configuraciones vers\u00e1tiles:<\/b> Disponible en <b data-path-to-node=\"11,1,0\" data-index-in-node=\"39\">12,8 V (150 Ah\/200 Ah\/300 Ah)<\/b> y <b data-path-to-node=\"11,1,0\" data-index-in-node=\"69\">25,6 V (100 Ah\/150 Ah\/200 Ah)<\/b> Opciones para adaptarse a cualquier requisito de almacenamiento de energ\u00eda.<\/p>\n<\/li>\n<li>\n<p data-path-to-node=\"11,2,0\"><b data-path-to-node=\"11,2,0\" data-index-in-node=\"0\">Monitoreo inteligente:<\/b> Integrado <b data-path-to-node=\"11,2,0\" data-index-in-node=\"29\">Pantalla LCD<\/b> y <b data-path-to-node=\"11,2,0\" data-index-in-node=\"45\">Aplicaci\u00f3n Bluetooth<\/b> Conectividad para seguimiento de voltaje, corriente y temperatura en tiempo real.<\/p>\n<\/li>\n<li>\n<p data-path-to-node=\"11,3,0\"><b data-path-to-node=\"11,3,0\" data-index-in-node=\"0\">Poder duradero:<\/b> Las celdas Prismatic LiFePO4 de grado automotriz garantizan <b data-path-to-node=\"11,3,0\" data-index-in-node=\"68\">&gt;6000 ciclos<\/b> (en 80% DOD) y una vida \u00fatil de m\u00e1s de 10 a\u00f1os.<\/p>\n<\/li>\n<li>\n<p data-path-to-node=\"11,4,0\"><b data-path-to-node=\"11,4,0\" data-index-in-node=\"0\">Seguridad ante todo:<\/b> El BMS inteligente incorporado protege contra sobrecarga, sobredescarga, cortocircuitos y temperaturas extremas (-20 \u00b0C a 60 \u00b0C).<\/p>\n<\/li>\n<li>\n<p data-path-to-node=\"11,5,0\"><b data-path-to-node=\"11,5,0\" data-index-in-node=\"0\">Personalizaci\u00f3n B2B:<\/b> Ofrecemos impresi\u00f3n de logotipos, tama\u00f1os personalizados y protocolos BMS espec\u00edficos (CANBUS\/RS485) para pedidos al por mayor.<\/p>\n<\/li>\n<\/ul>","protected":false},"featured_media":9541,"template":"","meta":{"_acf_changed":false,"nf_dc_page":"","site-sidebar-layout":"default","site-content-layout":"","ast-site-content-layout":"default","site-content-style":"default","site-sidebar-style":"default","ast-global-header-display":"","ast-banner-title-visibility":"","ast-main-header-display":"","ast-hfb-above-header-display":"","ast-hfb-below-header-display":"","ast-hfb-mobile-header-display":"","site-post-title":"","ast-breadcrumbs-content":"","ast-featured-img":"","footer-sml-layout":"","ast-disable-related-posts":"","theme-transparent-header-meta":"default","adv-header-id-meta":"","stick-header-meta":"default","header-above-stick-meta":"","header-main-stick-meta":"","header-below-stick-meta":"","astra-migrate-meta-layouts":"set","ast-page-background-enabled":"default","ast-page-background-meta":{"desktop":{"background-color":"","background-image":"","background-repeat":"repeat","background-position":"center center","background-size":"auto","background-attachment":"scroll","background-type":"","background-media":"","overlay-type":"","overlay-color":"","overlay-opacity":"","overlay-gradient":""},"tablet":{"background-color":"","background-image":"","background-repeat":"repeat","background-position":"center center","background-size":"auto","background-attachment":"scroll","background-type":"","background-media":"","overlay-type":"","overlay-color":"","overlay-opacity":"","overlay-gradient":""},"mobile":{"background-color":"","background-image":"","background-repeat":"repeat","background-position":"center center","background-size":"auto","background-attachment":"scroll","background-type":"","background-media":"","overlay-type":"","overlay-color":"","overlay-opacity":"","overlay-gradient":""}},"ast-content-background-meta":{"desktop":{"background-color":"var(--ast-global-color-5)","background-image":"","background-repeat":"repeat","background-position":"center center","background-size":"auto","background-attachment":"scroll","background-type":"","background-media":"","overlay-type":"","overlay-color":"","overlay-opacity":"","overlay-gradient":""},"tablet":{"background-color":"var(--ast-global-color-5)","background-image":"","background-repeat":"repeat","background-position":"center center","background-size":"auto","background-attachment":"scroll","background-type":"","background-media":"","overlay-type":"","overlay-color":"","overlay-opacity":"","overlay-gradient":""},"mobile":{"background-color":"var(--ast-global-color-5)","background-image":"","background-repeat":"repeat","background-position":"center center","background-size":"auto","background-attachment":"scroll","background-type":"","background-media":"","overlay-type":"","overlay-color":"","overlay-opacity":"","overlay-gradient":""}},"_joinchat":[]},"product_brand":[],"product_cat":[781],"product_tag":[953,954,939,788,949,956,959,952,812,958,920,955,957,787,951],"class_list":{"0":"post-9539","1":"product","2":"type-product","3":"status-publish","4":"has-post-thumbnail","6":"product_cat-lead-acid-replacement-battery","7":"product_tag-12v-300ah","8":"product_tag-24v-100ah","9":"product_tag-24v-200ah","10":"product_tag-5kwh-battery","11":"product_tag-balder-power","12":"product_tag-bluetooth-lithium-battery","13":"product_tag-clear-housing-battery","14":"product_tag-custom-lithium-battery","15":"product_tag-deep-cycle-battery","16":"product_tag-lifepo4-manufacturer-china","17":"product_tag-marine-lithium-battery","18":"product_tag-oem-battery-pack","19":"product_tag-rv-house-battery","20":"product_tag-solar-energy-storage","21":"product_tag-transparent-case-lifepo4","22":"desktop-align-left","23":"tablet-align-left","24":"mobile-align-left","25":"ast-product-gallery-layout-horizontal-slider","26":"ast-product-tabs-layout-horizontal","28":"first","29":"instock","30":"shipping-taxable","31":"product-type-simple"},"acf":[],"_links":{"self":[{"href":"https:\/\/www.balderpower.com\/es\/wp-json\/wp\/v2\/product\/9539","targetHints":{"allow":["GET"]}}],"collection":[{"href":"https:\/\/www.balderpower.com\/es\/wp-json\/wp\/v2\/product"}],"about":[{"href":"https:\/\/www.balderpower.com\/es\/wp-json\/wp\/v2\/types\/product"}],"version-history":[{"count":0,"href":"https:\/\/www.balderpower.com\/es\/wp-json\/wp\/v2\/product\/9539\/revisions"}],"wp:featuredmedia":[{"embeddable":true,"href":"https:\/\/www.balderpower.com\/es\/wp-json\/wp\/v2\/media\/9541"}],"wp:attachment":[{"href":"https:\/\/www.balderpower.com\/es\/wp-json\/wp\/v2\/media?parent=9539"}],"wp:term":[{"taxonomy":"product_brand","embeddable":true,"href":"https:\/\/www.balderpower.com\/es\/wp-json\/wp\/v2\/product_brand?post=9539"},{"taxonomy":"product_cat","embeddable":true,"href":"https:\/\/www.balderpower.com\/es\/wp-json\/wp\/v2\/product_cat?post=9539"},{"taxonomy":"product_tag","embeddable":true,"href":"https:\/\/www.balderpower.com\/es\/wp-json\/wp\/v2\/product_tag?post=9539"}],"curies":[{"name":"wp","href":"https:\/\/api.w.org\/{rel}","templated":true}]}}