{"id":9519,"date":"2026-01-16T03:52:00","date_gmt":"2026-01-15T19:52:00","guid":{"rendered":"https:\/\/www.balderpower.com\/?post_type=product&#038;p=9519"},"modified":"2026-01-16T03:52:05","modified_gmt":"2026-01-15T19:52:05","slug":"bateria-lifepo4-de-24-v-y-200-ah-con-carcasa-transparente","status":"publish","type":"product","link":"https:\/\/www.balderpower.com\/es\/24v-200ah-lifepo4-battery-transparent-case\/","title":{"rendered":"Bater\u00eda LiFePO4 de 24 V y 200 Ah con carcasa transparente: sistema de almacenamiento de energ\u00eda de ciclo profundo de 5,12 kWh"},"content":{"rendered":"<h2 data-path-to-node=\"17\">\u00bfPor qu\u00e9 elegir la bater\u00eda LiFePO4 transparente de 24 V y 200 Ah de Balder Power?<\/h2>\n<p data-path-to-node=\"18\">En el mundo de las energ\u00edas renovables y la energ\u00eda industrial, <b data-path-to-node=\"18\" data-index-in-node=\"55\">la confianza lo es todo<\/b>. En Balder Power, creemos que la fabricaci\u00f3n de alta calidad no debe ocultarse tras una caja negra. Por eso presentamos nuestro producto estrella. <b data-path-to-node=\"18\" data-index-in-node=\"215\">Bater\u00eda LiFePO4 de 24 V y 200 Ah<\/b> con un grado industrial <b data-path-to-node=\"18\" data-index-in-node=\"266\">Estuche transparente<\/b>.<\/p>\n<p data-path-to-node=\"19\">Esta no es solo una bater\u00eda; es una declaraci\u00f3n de calidad. Dise\u00f1ada para compradores B2B exigentes, integradores de sistemas solares e instaladores profesionales, esta bater\u00eda combina la potencia de la tecnolog\u00eda de fosfato de hierro y litio con la confianza absoluta que solo un fabricante de primer nivel puede ofrecer.<\/p>\n<p data-path-to-node=\"19\"><img fetchpriority=\"high\" decoding=\"async\" class=\"alignleft size-full wp-image-9478\" src=\"https:\/\/balderpower.com\/wp-content\/uploads\/2026\/01\/transparent-shell-12v-100ah-lifepo4-battery-internal-assembly-views.webp\" alt=\"\" width=\"1584\" height=\"605\" srcset=\"https:\/\/www.balderpower.com\/wp-content\/uploads\/2026\/01\/transparent-shell-12v-100ah-lifepo4-battery-internal-assembly-views.webp 1584w, https:\/\/www.balderpower.com\/wp-content\/uploads\/2026\/01\/transparent-shell-12v-100ah-lifepo4-battery-internal-assembly-views-1000x382.webp 1000w, https:\/\/www.balderpower.com\/wp-content\/uploads\/2026\/01\/transparent-shell-12v-100ah-lifepo4-battery-internal-assembly-views-1024x391.webp 1024w, https:\/\/www.balderpower.com\/wp-content\/uploads\/2026\/01\/transparent-shell-12v-100ah-lifepo4-battery-internal-assembly-views-768x293.webp 768w, https:\/\/www.balderpower.com\/wp-content\/uploads\/2026\/01\/transparent-shell-12v-100ah-lifepo4-battery-internal-assembly-views-1536x587.webp 1536w, https:\/\/www.balderpower.com\/wp-content\/uploads\/2026\/01\/transparent-shell-12v-100ah-lifepo4-battery-internal-assembly-views-18x7.webp 18w, https:\/\/www.balderpower.com\/wp-content\/uploads\/2026\/01\/transparent-shell-12v-100ah-lifepo4-battery-internal-assembly-views-600x229.webp 600w, https:\/\/www.balderpower.com\/wp-content\/uploads\/2026\/01\/transparent-shell-12v-100ah-lifepo4-battery-internal-assembly-views-64x24.webp 64w\" sizes=\"(max-width: 1584px) 100vw, 1584px\" data-no-translation=\"\" \/><\/p>\n<h3 data-path-to-node=\"20\">1. Visibilidad inigualable: la ventaja de la transparencia<\/h3>\n<p data-path-to-node=\"21\">La mayor\u00eda de las bater\u00edas de litio del mercado est\u00e1n selladas en cajas negras opacas. Nunca se sabe si las celdas internas est\u00e1n soldadas correctamente ni si el cableado est\u00e1 organizado hasta que falla. Nuestras <b data-path-to-node=\"21\" data-index-in-node=\"180\">Bater\u00eda de litio con carcasa transparente<\/b> cambia el juego.<\/p>\n<ul data-path-to-node=\"22\">\n<li>\n<p data-path-to-node=\"22,0,0\"><b data-path-to-node=\"22,0,0\" data-index-in-node=\"0\">Control de calidad visual:<\/b> Podr\u00e1s verificar instant\u00e1neamente la calidad de la soldadura l\u00e1ser en las barras colectoras.<\/p>\n<\/li>\n<li>\n<p data-path-to-node=\"22,1,0\"><b data-path-to-node=\"22,1,0\" data-index-in-node=\"0\">Monitoreo celular:<\/b> Inspeccione f\u00e1cilmente el estado f\u00edsico de las celdas prism\u00e1ticas sin anular la garant\u00eda.<\/p>\n<\/li>\n<li>\n<p data-path-to-node=\"22,2,0\"><b data-path-to-node=\"22,2,0\" data-index-in-node=\"0\">Listo para exhibir:<\/b> Para instaladores y constructores de veh\u00edculos recreativos, esta bater\u00eda sirve como una sorprendente pieza central tecnol\u00f3gica en cualquier configuraci\u00f3n.<\/p>\n<\/li>\n<\/ul>\n<h3 data-path-to-node=\"23\">2. Excelencia en ingenier\u00eda: dentro de la bestia de 24 V y 200 Ah<\/h3>\n<p data-path-to-node=\"24\">En el n\u00facleo de esta bater\u00eda se encuentran 5,12 kWh de energ\u00eda utilizable. A diferencia de las bater\u00edas de plomo-\u00e1cido, que solo deben descargarse hasta 501 TP3T, nuestra <b data-path-to-node=\"24\" data-index-in-node=\"130\">Bater\u00eda LiFePO4 de 24 V y 200 Ah<\/b> Admite profundidad de descarga (DOD) 100%.<\/p>\n<ul data-path-to-node=\"25\">\n<li>\n<p data-path-to-node=\"25,0,0\"><b data-path-to-node=\"25,0,0\" data-index-in-node=\"0\">C\u00e9lulas prism\u00e1ticas de grado A:<\/b> Utilizamos exclusivamente celdas de grado automotriz. Esto garantiza la consistencia del voltaje y la resistencia interna, factores cruciales para la longevidad de la bater\u00eda.<\/p>\n<\/li>\n<li>\n<p data-path-to-node=\"25,1,0\"><b data-path-to-node=\"25,1,0\" data-index-in-node=\"0\">BMS de precisi\u00f3n:<\/b> El Sistema de Gesti\u00f3n de Bater\u00eda (BMS) integrado es el cerebro de la bater\u00eda. Equilibra activamente las celdas durante la carga y proporciona protecci\u00f3n cr\u00edtica contra cortocircuitos y fugas t\u00e9rmicas.<\/p>\n<\/li>\n<\/ul>\n<h3 data-path-to-node=\"26\">3. An\u00e1lisis de costo-beneficio: ROI para clientes B2B<\/h3>\n<p data-path-to-node=\"27\">Para nuestros socios mayoristas y distribuidores, cambiar a las soluciones LiFePO4 de Balder Power ofrece un atractivo retorno de la inversi\u00f3n (ROI).<\/p>\n<ul data-path-to-node=\"28\">\n<li>\n<p data-path-to-node=\"28,0,0\"><b data-path-to-node=\"28,0,0\" data-index-in-node=\"0\">Esperanza de vida:<\/b> Con m\u00e1s de 6000 ciclos a 80% DOD, esta bater\u00eda dura entre 8 y 10 veces m\u00e1s que las bater\u00edas AGM.<\/p>\n<\/li>\n<li>\n<p data-path-to-node=\"28,1,0\"><b data-path-to-node=\"28,1,0\" data-index-in-node=\"0\">Libre de mantenimiento:<\/b> Sin riego, sin derrames de \u00e1cido y sin comprobaciones de corrosi\u00f3n.<\/p>\n<\/li>\n<li>\n<p data-path-to-node=\"28,2,0\"><b data-path-to-node=\"28,2,0\" data-index-in-node=\"0\">Eficiencia de env\u00edo:<\/b> Con un peso de tan solo 38 kg aproximadamente, es 50% m\u00e1s liviano que los bancos de plomo-\u00e1cido equivalentes, lo que reduce significativamente sus costos de log\u00edstica y flete.<\/p>\n<\/li>\n<\/ul>\n<h3 data-path-to-node=\"29\">4. Optimizado para aplicaciones de alta demanda<\/h3>\n<p data-path-to-node=\"30\">Nuestro <b data-path-to-node=\"30\" data-index-in-node=\"4\">Almacenamiento de bater\u00eda solar de 24 V<\/b> La soluci\u00f3n est\u00e1 dise\u00f1ada para ser vers\u00e1til.<\/p>\n<ul data-path-to-node=\"31\">\n<li>\n<p data-path-to-node=\"31,0,0\"><b data-path-to-node=\"31,0,0\" data-index-in-node=\"0\">Marina y navegaci\u00f3n:<\/b> Como un <b data-path-to-node=\"31,0,0\" data-index-in-node=\"23\">Bater\u00eda marina de ciclo profundo de 24 V<\/b>, La carcasa transparente sellada (clasificaci\u00f3n IP65) resiste las vibraciones y la humedad, lo que la hace perfecta para motores de pesca de arrastre y bancos de casas de yates.<\/p>\n<\/li>\n<li>\n<p data-path-to-node=\"31,1,0\"><b data-path-to-node=\"31,1,0\" data-index-in-node=\"0\">Energ\u00eda solar fuera de la red:<\/b> Admite conexiones en paralelo y en serie (consulte a nuestros ingenieros para configuraciones espec\u00edficas de 48 V) para ampliar la capacidad de casas y caba\u00f1as.<\/p>\n<\/li>\n<li>\n<p data-path-to-node=\"31,2,0\"><b data-path-to-node=\"31,2,0\" data-index-in-node=\"0\">Autocaravanas y caravanas:<\/b> La densidad de energ\u00eda compacta permite m\u00e1s potencia en compartimentos reducidos.<\/p>\n<\/li>\n<\/ul>\n<h3 data-path-to-node=\"32\">5. Balder Power: Su socio de fabricaci\u00f3n<\/h3>\n<p data-path-to-node=\"33\">No solo vendemos bater\u00edas; ofrecemos soluciones energ\u00e9ticas.<\/p>\n<ul data-path-to-node=\"34\">\n<li>\n<p data-path-to-node=\"34,0,0\"><b data-path-to-node=\"34,0,0\" data-index-in-node=\"0\">Servicios OEM\/ODM:<\/b> Podemos imprimir su logotipo en la carcasa transparente o personalizar los par\u00e1metros BMS para las necesidades espec\u00edficas de su proyecto.<\/p>\n<\/li>\n<li>\n<p data-path-to-node=\"34,1,0\"><b data-path-to-node=\"34,1,0\" data-index-in-node=\"0\">Pruebas estrictas:<\/b> Cada bater\u00eda se somete a pruebas de envejecimiento, pruebas de vibraci\u00f3n y clasificaci\u00f3n de capacidad antes de salir de nuestra f\u00e1brica.<\/p>\n<\/li>\n<li>\n<p data-path-to-node=\"34,2,0\"><b data-path-to-node=\"34,2,0\" data-index-in-node=\"0\">Cumplimiento global:<\/b> Nuestros productos cumplen con los est\u00e1ndares de env\u00edo UN38.3, lo que garantiza una entrega segura a EE. UU., Europa y Australia.<\/p>\n<\/li>\n<\/ul>","protected":false},"excerpt":{"rendered":"<ul>\n<li>\n<p data-path-to-node=\"13,0,0\"><b data-path-to-node=\"13,0,0\" data-index-in-node=\"0\">Ver El Poder:<\/b> Exclusivo <b data-path-to-node=\"13,0,0\" data-index-in-node=\"25\">Bater\u00eda LiFePO4 con carcasa transparente<\/b> Dise\u00f1o que permite la inspecci\u00f3n visual instant\u00e1nea de la calidad de construcci\u00f3n interna y del cableado.<\/p>\n<\/li>\n<li>\n<p data-path-to-node=\"13,1,0\"><b data-path-to-node=\"13,1,0\" data-index-in-node=\"0\">Capacidad masiva:<\/b> Clasificaci\u00f3n energ\u00e9tica real de 5,12 kWh, reemplazo perfecto para bater\u00edas de plomo-\u00e1cido en sistemas de 24 V.<\/p>\n<\/li>\n<li>\n<p data-path-to-node=\"13,2,0\"><b data-path-to-node=\"13,2,0\" data-index-in-node=\"0\">C\u00e9lulas de grado automotriz:<\/b> Construido con celdas prism\u00e1ticas de grado A que garantizan <b data-path-to-node=\"13,2,0\" data-index-in-node=\"68\">M\u00e1s de 6000 ciclos de vida<\/b> (Vida \u00fatil de m\u00e1s de 10 a\u00f1os).<\/p>\n<\/li>\n<li>\n<p data-path-to-node=\"13,3,0\"><b data-path-to-node=\"13,3,0\" data-index-in-node=\"0\">Protecci\u00f3n inteligente:<\/b> BMS integrado de 100 A\/200 A que protege contra sobrecarga, sobredescarga y temperaturas extremas.<\/p>\n<\/li>\n<li>\n<p data-path-to-node=\"13,4,0\"><b data-path-to-node=\"13,4,0\" data-index-in-node=\"0\">Directo de f\u00e1brica:<\/b> Admite marca OEM, dimensiones personalizadas y precios mayoristas para pedidos al por mayor.<\/p>\n<\/li>\n<li>\n<p data-path-to-node=\"13,5,0\"><b data-path-to-node=\"13,5,0\" data-index-in-node=\"0\">Aplicaciones:<\/b> Ideal para <b data-path-to-node=\"13,5,0\" data-index-in-node=\"24\">Bater\u00eda marina de ciclo profundo de 24 V<\/b> bancos, energ\u00eda solar fuera de la red, veh\u00edculos recreativos y energ\u00eda de respaldo industrial.<\/p>\n<\/li>\n<\/ul>","protected":false},"featured_media":9524,"template":"","meta":{"_acf_changed":false,"nf_dc_page":"","site-sidebar-layout":"default","site-content-layout":"","ast-site-content-layout":"default","site-content-style":"default","site-sidebar-style":"default","ast-global-header-display":"","ast-banner-title-visibility":"","ast-main-header-display":"","ast-hfb-above-header-display":"","ast-hfb-below-header-display":"","ast-hfb-mobile-header-display":"","site-post-title":"","ast-breadcrumbs-content":"","ast-featured-img":"","footer-sml-layout":"","ast-disable-related-posts":"","theme-transparent-header-meta":"default","adv-header-id-meta":"","stick-header-meta":"default","header-above-stick-meta":"","header-main-stick-meta":"","header-below-stick-meta":"","astra-migrate-meta-layouts":"set","ast-page-background-enabled":"default","ast-page-background-meta":{"desktop":{"background-color":"","background-image":"","background-repeat":"repeat","background-position":"center center","background-size":"auto","background-attachment":"scroll","background-type":"","background-media":"","overlay-type":"","overlay-color":"","overlay-opacity":"","overlay-gradient":""},"tablet":{"background-color":"","background-image":"","background-repeat":"repeat","background-position":"center center","background-size":"auto","background-attachment":"scroll","background-type":"","background-media":"","overlay-type":"","overlay-color":"","overlay-opacity":"","overlay-gradient":""},"mobile":{"background-color":"","background-image":"","background-repeat":"repeat","background-position":"center center","background-size":"auto","background-attachment":"scroll","background-type":"","background-media":"","overlay-type":"","overlay-color":"","overlay-opacity":"","overlay-gradient":""}},"ast-content-background-meta":{"desktop":{"background-color":"var(--ast-global-color-5)","background-image":"","background-repeat":"repeat","background-position":"center center","background-size":"auto","background-attachment":"scroll","background-type":"","background-media":"","overlay-type":"","overlay-color":"","overlay-opacity":"","overlay-gradient":""},"tablet":{"background-color":"var(--ast-global-color-5)","background-image":"","background-repeat":"repeat","background-position":"center center","background-size":"auto","background-attachment":"scroll","background-type":"","background-media":"","overlay-type":"","overlay-color":"","overlay-opacity":"","overlay-gradient":""},"mobile":{"background-color":"var(--ast-global-color-5)","background-image":"","background-repeat":"repeat","background-position":"center center","background-size":"auto","background-attachment":"scroll","background-type":"","background-media":"","overlay-type":"","overlay-color":"","overlay-opacity":"","overlay-gradient":""}},"_joinchat":[]},"product_brand":[],"product_cat":[781],"product_tag":[939,788,949,943,948,942,950,928,945,855,817,940,919,944,787,941,946,947],"class_list":{"0":"post-9519","1":"product","2":"type-product","3":"status-publish","4":"has-post-thumbnail","6":"product_cat-lead-acid-replacement-battery","7":"product_tag-24v-200ah","8":"product_tag-5kwh-battery","9":"product_tag-balder-power","10":"product_tag-built-in-bms","11":"product_tag-china-factory","12":"product_tag-clear-housing","13":"product_tag-deep-cycle-marine-battery","14":"product_tag-lifepo4-deep-cycle","15":"product_tag-marine-battery","16":"product_tag-oem-battery","17":"product_tag-off-grid-system","18":"product_tag-prismatic-cells","19":"product_tag-rv-battery","20":"product_tag-smart-battery","21":"product_tag-solar-energy-storage","22":"product_tag-transparent-case","23":"product_tag-trolling-motor","24":"product_tag-wholesale-lithium-battery","25":"desktop-align-left","26":"tablet-align-left","27":"mobile-align-left","28":"ast-product-gallery-layout-horizontal-slider","29":"ast-product-tabs-layout-horizontal","31":"first","32":"instock","33":"shipping-taxable","34":"product-type-simple"},"acf":[],"_links":{"self":[{"href":"https:\/\/www.balderpower.com\/es\/wp-json\/wp\/v2\/product\/9519","targetHints":{"allow":["GET"]}}],"collection":[{"href":"https:\/\/www.balderpower.com\/es\/wp-json\/wp\/v2\/product"}],"about":[{"href":"https:\/\/www.balderpower.com\/es\/wp-json\/wp\/v2\/types\/product"}],"version-history":[{"count":0,"href":"https:\/\/www.balderpower.com\/es\/wp-json\/wp\/v2\/product\/9519\/revisions"}],"wp:featuredmedia":[{"embeddable":true,"href":"https:\/\/www.balderpower.com\/es\/wp-json\/wp\/v2\/media\/9524"}],"wp:attachment":[{"href":"https:\/\/www.balderpower.com\/es\/wp-json\/wp\/v2\/media?parent=9519"}],"wp:term":[{"taxonomy":"product_brand","embeddable":true,"href":"https:\/\/www.balderpower.com\/es\/wp-json\/wp\/v2\/product_brand?post=9519"},{"taxonomy":"product_cat","embeddable":true,"href":"https:\/\/www.balderpower.com\/es\/wp-json\/wp\/v2\/product_cat?post=9519"},{"taxonomy":"product_tag","embeddable":true,"href":"https:\/\/www.balderpower.com\/es\/wp-json\/wp\/v2\/product_tag?post=9519"}],"curies":[{"name":"wp","href":"https:\/\/api.w.org\/{rel}","templated":true}]}}