{"id":9480,"date":"2026-01-15T00:54:13","date_gmt":"2026-01-14T16:54:13","guid":{"rendered":"https:\/\/www.balderpower.com\/?post_type=product&#038;p=9480"},"modified":"2026-01-22T02:38:14","modified_gmt":"2026-01-21T18:38:14","slug":"bateria-de-plomo-acido-lifepo4-de-12-v-y-100-ah-con-carcasa-transparente","status":"publish","type":"product","link":"https:\/\/www.balderpower.com\/es\/transparent-shell-12v-100ah-lifepo4-battery-lead-acid-replacement\/","title":{"rendered":"Bater\u00eda de ciclo profundo LiFePO4 de 12 V y 100 Ah con carcasa transparente: reemplazo de plomo-\u00e1cido"},"content":{"rendered":"<p dir=\"auto\">Descubra la innovadora bater\u00eda de ciclo profundo LiFePO4 de 12 V y 100 Ah con carcasa transparente de Balder Power, fabricante l\u00edder de bater\u00edas de fosfato de hierro y litio con carcasa transparente en China. Esta bater\u00eda LifePO4 transparente e impermeable est\u00e1 dise\u00f1ada como un reemplazo eficiente de plomo-\u00e1cido, ofreciendo hasta 6000 ciclos con una profundidad de descarga (DOD) de 100% para una fiabilidad duradera. El dise\u00f1o de carcasa transparente permite a los usuarios inspeccionar visualmente los componentes internos, lo que mejora la seguridad y el mantenimiento en entornos exigentes, como en sistemas de bater\u00edas LifePO4 transparentes para instalaciones marinas de autocaravanas o sistemas de almacenamiento solar LifePO4 transparentes.<\/p>\n<p><img fetchpriority=\"high\" decoding=\"async\" class=\"size-full wp-image-9476\" src=\"https:\/\/balderpower.com\/wp-content\/uploads\/2026\/01\/transparent-shell-12v-100ah-lifepo4-battery-assembly-process-collage.webp\" alt=\"Assembly line and worker assembling clear case lifepo4 battery transparent shell 12v 100ah lifepo4 battery at Balder Power China factory\" width=\"1584\" height=\"605\" srcset=\"https:\/\/www.balderpower.com\/wp-content\/uploads\/2026\/01\/transparent-shell-12v-100ah-lifepo4-battery-assembly-process-collage.webp 1584w, https:\/\/www.balderpower.com\/wp-content\/uploads\/2026\/01\/transparent-shell-12v-100ah-lifepo4-battery-assembly-process-collage-1000x382.webp 1000w, https:\/\/www.balderpower.com\/wp-content\/uploads\/2026\/01\/transparent-shell-12v-100ah-lifepo4-battery-assembly-process-collage-1024x391.webp 1024w, https:\/\/www.balderpower.com\/wp-content\/uploads\/2026\/01\/transparent-shell-12v-100ah-lifepo4-battery-assembly-process-collage-768x293.webp 768w, https:\/\/www.balderpower.com\/wp-content\/uploads\/2026\/01\/transparent-shell-12v-100ah-lifepo4-battery-assembly-process-collage-1536x587.webp 1536w, https:\/\/www.balderpower.com\/wp-content\/uploads\/2026\/01\/transparent-shell-12v-100ah-lifepo4-battery-assembly-process-collage-18x7.webp 18w, https:\/\/www.balderpower.com\/wp-content\/uploads\/2026\/01\/transparent-shell-12v-100ah-lifepo4-battery-assembly-process-collage-600x229.webp 600w, https:\/\/www.balderpower.com\/wp-content\/uploads\/2026\/01\/transparent-shell-12v-100ah-lifepo4-battery-assembly-process-collage-64x24.webp 64w\" sizes=\"(max-width: 1584px) 100vw, 1584px\" data-no-translation=\"\" \/><\/p>\n<p dir=\"auto\">Como reemplazo directo de las bater\u00edas de plomo-\u00e1cido tradicionales, esta bater\u00eda LifePO4 transparente cuenta con una robusta carcasa de pl\u00e1stico ABS con resistencia al agua y al polvo IP65, lo que la hace ideal para exteriores y condiciones adversas. Equipada con un Sistema de Gesti\u00f3n de Bater\u00edas (BMS) inteligente, la bater\u00eda LifePO4 de 12 V con carcasa transparente y BMS protege contra sobrecargas, sobredescargas y cortocircuitos, garantizando un rendimiento \u00f3ptimo. Balder Power, con m\u00e1s de una d\u00e9cada de experiencia en la producci\u00f3n OEM\/ODM, exporta estas bater\u00edas de litio de carcasa transparente de alta calidad a m\u00e1s de 80 pa\u00edses, con el respaldo de certificaciones como CE, UL, UN38.3 y RoHS.<\/p>\n<p dir=\"auto\">Ya sea para almacenamiento de energ\u00eda solar residencial, carritos de golf, embarcaciones o aplicaciones fuera de la red el\u00e9ctrica, esta bater\u00eda de hierro-litio transparente ofrece una descarga continua de 100 A y admite conexiones en serie\/paralelo para una potencia escalable. Elija Balder Power para una alternativa sostenible y ligera (13,5 kg) que supera a las bater\u00edas de plomo-\u00e1cido en eficiencia, ciclo de vida e impacto ambiental.<\/p>\n<div id=\"gtx-trans\" style=\"position: absolute; left: 809px; top: 752.359px;\">\n<div class=\"gtx-trans-icon\"><\/div>\n<\/div>","protected":false},"excerpt":{"rendered":"<p dir=\"auto\">Actualice su sistema de energ\u00eda con la bater\u00eda LifePO4 de 12 V y 100 Ah con carcasa transparente de Balder Power, una soluci\u00f3n LifePO4 de ciclo profundo impermeable y transparente, dise\u00f1ada como reemplazo directo de plomo-\u00e1cido. Esta bater\u00eda LifePO4 con carcasa transparente ofrece un rendimiento superior para aplicaciones de RV, marinas y solares, con BMS avanzado y visibilidad a trav\u00e9s de la bater\u00eda de hierro-litio para una f\u00e1cil inspecci\u00f3n.<\/p>","protected":false},"featured_media":9466,"template":"","meta":{"_acf_changed":false,"nf_dc_page":"","site-sidebar-layout":"default","site-content-layout":"","ast-site-content-layout":"default","site-content-style":"default","site-sidebar-style":"default","ast-global-header-display":"","ast-banner-title-visibility":"","ast-main-header-display":"","ast-hfb-above-header-display":"","ast-hfb-below-header-display":"","ast-hfb-mobile-header-display":"","site-post-title":"","ast-breadcrumbs-content":"","ast-featured-img":"","footer-sml-layout":"","ast-disable-related-posts":"","theme-transparent-header-meta":"default","adv-header-id-meta":"","stick-header-meta":"default","header-above-stick-meta":"","header-main-stick-meta":"","header-below-stick-meta":"","astra-migrate-meta-layouts":"set","ast-page-background-enabled":"default","ast-page-background-meta":{"desktop":{"background-color":"","background-image":"","background-repeat":"repeat","background-position":"center center","background-size":"auto","background-attachment":"scroll","background-type":"","background-media":"","overlay-type":"","overlay-color":"","overlay-opacity":"","overlay-gradient":""},"tablet":{"background-color":"","background-image":"","background-repeat":"repeat","background-position":"center center","background-size":"auto","background-attachment":"scroll","background-type":"","background-media":"","overlay-type":"","overlay-color":"","overlay-opacity":"","overlay-gradient":""},"mobile":{"background-color":"","background-image":"","background-repeat":"repeat","background-position":"center center","background-size":"auto","background-attachment":"scroll","background-type":"","background-media":"","overlay-type":"","overlay-color":"","overlay-opacity":"","overlay-gradient":""}},"ast-content-background-meta":{"desktop":{"background-color":"var(--ast-global-color-5)","background-image":"","background-repeat":"repeat","background-position":"center center","background-size":"auto","background-attachment":"scroll","background-type":"","background-media":"","overlay-type":"","overlay-color":"","overlay-opacity":"","overlay-gradient":""},"tablet":{"background-color":"var(--ast-global-color-5)","background-image":"","background-repeat":"repeat","background-position":"center center","background-size":"auto","background-attachment":"scroll","background-type":"","background-media":"","overlay-type":"","overlay-color":"","overlay-opacity":"","overlay-gradient":""},"mobile":{"background-color":"var(--ast-global-color-5)","background-image":"","background-repeat":"repeat","background-position":"center center","background-size":"auto","background-attachment":"scroll","background-type":"","background-media":"","overlay-type":"","overlay-color":"","overlay-opacity":"","overlay-gradient":""}},"_joinchat":[]},"product_brand":[],"product_cat":[781],"product_tag":[932,924,880,928,931,930,926,929,923,927,925],"class_list":{"0":"post-9480","1":"product","2":"type-product","3":"status-publish","4":"has-post-thumbnail","6":"product_cat-lead-acid-replacement-battery","7":"product_tag-bms-protected-battery","8":"product_tag-clear-case-lifepo4-battery","9":"product_tag-lead-acid-replacement","10":"product_tag-lifepo4-deep-cycle","11":"product_tag-oem-china-battery","12":"product_tag-rv-marine-battery","13":"product_tag-see-through-lithium-iron-battery","14":"product_tag-solar-storage-battery","15":"product_tag-transparent-lifepo4-battery","16":"product_tag-transparent-shell-lithium-battery","17":"product_tag-waterproof-transparent-lifepo4","18":"desktop-align-left","19":"tablet-align-left","20":"mobile-align-left","21":"ast-product-gallery-layout-horizontal-slider","22":"ast-product-tabs-layout-horizontal","24":"first","25":"instock","26":"shipping-taxable","27":"purchasable","28":"product-type-simple"},"acf":[],"_links":{"self":[{"href":"https:\/\/www.balderpower.com\/es\/wp-json\/wp\/v2\/product\/9480","targetHints":{"allow":["GET"]}}],"collection":[{"href":"https:\/\/www.balderpower.com\/es\/wp-json\/wp\/v2\/product"}],"about":[{"href":"https:\/\/www.balderpower.com\/es\/wp-json\/wp\/v2\/types\/product"}],"version-history":[{"count":0,"href":"https:\/\/www.balderpower.com\/es\/wp-json\/wp\/v2\/product\/9480\/revisions"}],"wp:featuredmedia":[{"embeddable":true,"href":"https:\/\/www.balderpower.com\/es\/wp-json\/wp\/v2\/media\/9466"}],"wp:attachment":[{"href":"https:\/\/www.balderpower.com\/es\/wp-json\/wp\/v2\/media?parent=9480"}],"wp:term":[{"taxonomy":"product_brand","embeddable":true,"href":"https:\/\/www.balderpower.com\/es\/wp-json\/wp\/v2\/product_brand?post=9480"},{"taxonomy":"product_cat","embeddable":true,"href":"https:\/\/www.balderpower.com\/es\/wp-json\/wp\/v2\/product_cat?post=9480"},{"taxonomy":"product_tag","embeddable":true,"href":"https:\/\/www.balderpower.com\/es\/wp-json\/wp\/v2\/product_tag?post=9480"}],"curies":[{"name":"wp","href":"https:\/\/api.w.org\/{rel}","templated":true}]}}