{"id":9394,"date":"2026-01-13T01:46:46","date_gmt":"2026-01-12T17:46:46","guid":{"rendered":"https:\/\/www.balderpower.com\/?post_type=product&#038;p=9394"},"modified":"2026-01-13T01:56:37","modified_gmt":"2026-01-12T17:56:37","slug":"bateria-lifepo4-de-12-v-y-200-ah-con-bluetooth-oem-al-por-mayor","status":"publish","type":"product","link":"https:\/\/www.balderpower.com\/es\/wholesale-12v-200ah-lifepo4-battery-bluetooth-oem\/","title":{"rendered":"Bater\u00eda inteligente LiFePO4 de 12 V y 200 Ah: celdas prism\u00e1ticas de grado A, monitoreo por Bluetooth y resistencia al agua IP65. Venta directa de f\u00e1brica."},"content":{"rendered":"<h4 data-path-to-node=\"8\"><b data-path-to-node=\"8\" data-index-in-node=\"0\">Potencia inigualable para una independencia fuera de la red<\/b><\/h4>\n<p data-path-to-node=\"9\">El <b data-path-to-node=\"9\" data-index-in-node=\"4\">Balder Power BPE-LF12200<\/b> Es una bater\u00eda de fosfato de hierro y litio de alta capacidad de 12 V y 200 Ah, dise\u00f1ada para sistemas de energ\u00eda robustos. Con 2560 Wh de energ\u00eda \u00fatil, es la actualizaci\u00f3n definitiva para autocaravanas de lujo, bancos de bater\u00edas para embarcaciones y estaciones solares remotas donde la fiabilidad es fundamental.<\/p>\n<h4 data-path-to-node=\"10\"><b data-path-to-node=\"10\" data-index-in-node=\"0\">Tecnolog\u00eda inteligente y sostenible<\/b><\/h4>\n<p data-path-to-node=\"11\">Equipada con un BMS inteligente avanzado, esta bater\u00eda proporciona una visibilidad inigualable del estado de su bater\u00eda. Los usuarios pueden monitorear el estado de carga (SOC) y el voltaje a trav\u00e9s de un sistema integrado. <b data-path-to-node=\"11\" data-index-in-node=\"178\">Aplicaci\u00f3n Bluetooth para tel\u00e9fonos inteligentes<\/b> o lo conveniente <b data-path-to-node=\"11\" data-index-in-node=\"229\">pantalla LCD montada en la parte superior<\/b>. Al utilizar celdas prism\u00e1ticas de grado A, el BPE-LF12200 garantiza la m\u00e1xima seguridad y estabilidad t\u00e9rmica en temperaturas de funcionamiento de grado industrial.<\/p>","protected":false},"excerpt":{"rendered":"<ul>\n<li>\n<p data-path-to-node=\"5,0,0\"><b data-path-to-node=\"5,0,0\" data-index-in-node=\"0\">Energ\u00eda masiva de 2,56 kWh:<\/b> Una sola unidad proporciona alta capacidad para las exigentes necesidades de energ\u00eda fuera de la red.<\/p>\n<\/li>\n<li>\n<p data-path-to-node=\"5,1,0\"><b data-path-to-node=\"5,1,0\" data-index-in-node=\"0\">Gesti\u00f3n inteligente:<\/b> Monitoreo en tiempo real a trav\u00e9s de App Bluetooth y pantalla LCD de voltaje integrada.<\/p>\n<\/li>\n<li>\n<p data-path-to-node=\"5,2,0\"><b data-path-to-node=\"5,2,0\" data-index-in-node=\"0\">Longevidad industrial:<\/b> Vida \u00fatil de ciclo profundo de \u22656000 ciclos para m\u00e1s de 10 a\u00f1os de servicio sin necesidad de mantenimiento.<\/p>\n<\/li>\n<li>\n<p data-path-to-node=\"5,3,0\"><b data-path-to-node=\"5,3,0\" data-index-in-node=\"0\">Listo para B2B:<\/b> Precios directos del fabricante, se aceptan pedidos de lotes peque\u00f1os y soporte completo OEM\/ODM.<\/p>\n<\/li>\n<li>\n<p data-path-to-node=\"5,4,0\"><b data-path-to-node=\"5,4,0\" data-index-in-node=\"0\">Reemplazo directo:<\/b> El dise\u00f1o liviano de 27 kg reemplaza los pesados bancos de plomo-\u00e1cido de m\u00e1s de 60 kg.<\/p>\n<\/li>\n<\/ul>","protected":false},"featured_media":9392,"template":"","meta":{"_acf_changed":false,"nf_dc_page":"","site-sidebar-layout":"default","site-content-layout":"","ast-site-content-layout":"default","site-content-style":"default","site-sidebar-style":"default","ast-global-header-display":"","ast-banner-title-visibility":"","ast-main-header-display":"","ast-hfb-above-header-display":"","ast-hfb-below-header-display":"","ast-hfb-mobile-header-display":"","site-post-title":"","ast-breadcrumbs-content":"","ast-featured-img":"","footer-sml-layout":"","ast-disable-related-posts":"","theme-transparent-header-meta":"default","adv-header-id-meta":"","stick-header-meta":"default","header-above-stick-meta":"","header-main-stick-meta":"","header-below-stick-meta":"","astra-migrate-meta-layouts":"set","ast-page-background-enabled":"default","ast-page-background-meta":{"desktop":{"background-color":"","background-image":"","background-repeat":"repeat","background-position":"center center","background-size":"auto","background-attachment":"scroll","background-type":"","background-media":"","overlay-type":"","overlay-color":"","overlay-opacity":"","overlay-gradient":""},"tablet":{"background-color":"","background-image":"","background-repeat":"repeat","background-position":"center center","background-size":"auto","background-attachment":"scroll","background-type":"","background-media":"","overlay-type":"","overlay-color":"","overlay-opacity":"","overlay-gradient":""},"mobile":{"background-color":"","background-image":"","background-repeat":"repeat","background-position":"center center","background-size":"auto","background-attachment":"scroll","background-type":"","background-media":"","overlay-type":"","overlay-color":"","overlay-opacity":"","overlay-gradient":""}},"ast-content-background-meta":{"desktop":{"background-color":"var(--ast-global-color-5)","background-image":"","background-repeat":"repeat","background-position":"center center","background-size":"auto","background-attachment":"scroll","background-type":"","background-media":"","overlay-type":"","overlay-color":"","overlay-opacity":"","overlay-gradient":""},"tablet":{"background-color":"var(--ast-global-color-5)","background-image":"","background-repeat":"repeat","background-position":"center center","background-size":"auto","background-attachment":"scroll","background-type":"","background-media":"","overlay-type":"","overlay-color":"","overlay-opacity":"","overlay-gradient":""},"mobile":{"background-color":"var(--ast-global-color-5)","background-image":"","background-repeat":"repeat","background-position":"center center","background-size":"auto","background-attachment":"scroll","background-type":"","background-media":"","overlay-type":"","overlay-color":"","overlay-opacity":"","overlay-gradient":""}},"_joinchat":[]},"product_brand":[],"product_cat":[781],"product_tag":[906,911,907,905,462,908,910,909,904,871],"class_list":{"0":"post-9394","1":"product","2":"type-product","3":"status-publish","4":"has-post-thumbnail","6":"product_cat-lead-acid-replacement-battery","7":"product_tag-12v-200ah","8":"product_tag-2560wh","9":"product_tag-bluetooth-lifepo4","10":"product_tag-bpe-lf12200","11":"product_tag-factory-direct","12":"product_tag-ip65-waterproof","13":"product_tag-marine-house-bank","14":"product_tag-rv-energy-storage","15":"product_tag-small-batch-accepted","16":"product_tag-wholesale","17":"desktop-align-left","18":"tablet-align-left","19":"mobile-align-left","20":"ast-product-gallery-layout-horizontal-slider","21":"ast-product-tabs-layout-horizontal","23":"first","24":"instock","25":"shipping-taxable","26":"product-type-simple"},"acf":[],"_links":{"self":[{"href":"https:\/\/www.balderpower.com\/es\/wp-json\/wp\/v2\/product\/9394","targetHints":{"allow":["GET"]}}],"collection":[{"href":"https:\/\/www.balderpower.com\/es\/wp-json\/wp\/v2\/product"}],"about":[{"href":"https:\/\/www.balderpower.com\/es\/wp-json\/wp\/v2\/types\/product"}],"version-history":[{"count":0,"href":"https:\/\/www.balderpower.com\/es\/wp-json\/wp\/v2\/product\/9394\/revisions"}],"wp:featuredmedia":[{"embeddable":true,"href":"https:\/\/www.balderpower.com\/es\/wp-json\/wp\/v2\/media\/9392"}],"wp:attachment":[{"href":"https:\/\/www.balderpower.com\/es\/wp-json\/wp\/v2\/media?parent=9394"}],"wp:term":[{"taxonomy":"product_brand","embeddable":true,"href":"https:\/\/www.balderpower.com\/es\/wp-json\/wp\/v2\/product_brand?post=9394"},{"taxonomy":"product_cat","embeddable":true,"href":"https:\/\/www.balderpower.com\/es\/wp-json\/wp\/v2\/product_cat?post=9394"},{"taxonomy":"product_tag","embeddable":true,"href":"https:\/\/www.balderpower.com\/es\/wp-json\/wp\/v2\/product_tag?post=9394"}],"curies":[{"name":"wp","href":"https:\/\/api.w.org\/{rel}","templated":true}]}}