{"id":9376,"date":"2026-01-13T00:07:11","date_gmt":"2026-01-12T16:07:11","guid":{"rendered":"https:\/\/www.balderpower.com\/?post_type=product&#038;p=9376"},"modified":"2026-01-13T00:07:16","modified_gmt":"2026-01-12T16:07:16","slug":"bateria-lifepo4-de-12-v-y-100-ah-impermeable-bluetooth-grupo-31-venta-al-por-mayor","status":"publish","type":"product","link":"https:\/\/www.balderpower.com\/es\/wholesale-12v-100ah-lifepo4-battery-waterproof-bluetooth-group-31\/","title":{"rendered":"Bater\u00eda LiFePO4 de 12 V y 100 Ah (Bluetooth y LCD) - Ciclo profundo, impermeable, grupo 31 | Venta al por mayor y OEM"},"content":{"rendered":"<p data-path-to-node=\"8\">Actualice sus soluciones energ\u00e9ticas con la <b data-path-to-node=\"8\" data-index-in-node=\"39\">Bater\u00eda inteligente LiFePO4 de 12 V y 100 Ah de Balder Power<\/b>. Dise\u00f1ada para las rigurosas demandas de aplicaciones marinas, de veh\u00edculos recreativos e industriales, esta bater\u00eda combina una capacidad masiva (1280 Wh) con una gesti\u00f3n inteligente en un est\u00e1ndar <b data-path-to-node=\"8\" data-index-in-node=\"255\">Huella del grupo 31<\/b>.<\/p>\n<p data-path-to-node=\"9\"><b data-path-to-node=\"9\" data-index-in-node=\"0\">\u00bfPor qu\u00e9 comprar con nosotros?<\/b> Como f\u00e1brica de origen, eliminamos los m\u00e1rgenes de beneficio minoristas. Ofrecemos soluciones de alto margen para distribuidores e integradores de sistemas. Este modelo no es solo una bater\u00eda; es una central el\u00e9ctrica inteligente con... <b data-path-to-node=\"9\" data-index-in-node=\"214\">Aplicaci\u00f3n Bluetooth<\/b> Para monitorizaci\u00f3n remota y un sistema integrado <b data-path-to-node=\"9\" data-index-in-node=\"268\">Pantalla LCD<\/b> para comprobaciones de voltaje instant\u00e1neas.<\/p>\n<p data-path-to-node=\"10\"><b data-path-to-node=\"10\" data-index-in-node=\"0\">Resistente y confiable<\/b> Construido con calidad automotriz <b data-path-to-node=\"10\" data-index-in-node=\"46\">Celdas prism\u00e1ticas de LiFePO4<\/b>, proporciona una potencia constante con una tasa de descarga continua de 100 A. La carcasa sellada de ABS logra una <b data-path-to-node=\"10\" data-index-in-node=\"173\">Clasificaci\u00f3n de impermeabilidad IP65<\/b>, Garantizando fiabilidad en entornos marinos h\u00famedos o plantas industriales polvorientas. Ya sea para una flota de carritos de golf de 48 V o un banco de energ\u00eda solar, esta bater\u00eda ofrece m\u00e1s de 10 a\u00f1os de vida \u00fatil.<\/p>","protected":false},"excerpt":{"rendered":"<p>Fuente directa del fabricante: El <b data-path-to-node=\"6\" data-index-in-node=\"43\">Balder Power Serie BPE (Modelo: BPE-LF12100)<\/b> Es una bater\u00eda premium LiFePO4 de 12 V y 100 Ah con protecci\u00f3n IP65 contra el agua, monitorizaci\u00f3n Bluetooth integrada y pantalla LCD de voltaje. Dise\u00f1ada como un robusto reemplazo de plomo-\u00e1cido del Grupo 31, ofrece m\u00e1s de 6000 ciclos y es escalable para sistemas de 48 V. Disponible a precios competitivos al por mayor.<\/p>","protected":false},"featured_media":9366,"template":"","meta":{"_acf_changed":false,"nf_dc_page":"","site-sidebar-layout":"default","site-content-layout":"","ast-site-content-layout":"default","site-content-style":"default","site-sidebar-style":"default","ast-global-header-display":"","ast-banner-title-visibility":"","ast-main-header-display":"","ast-hfb-above-header-display":"","ast-hfb-below-header-display":"","ast-hfb-mobile-header-display":"","site-post-title":"","ast-breadcrumbs-content":"","ast-featured-img":"","footer-sml-layout":"","ast-disable-related-posts":"","theme-transparent-header-meta":"default","adv-header-id-meta":"","stick-header-meta":"default","header-above-stick-meta":"","header-main-stick-meta":"","header-below-stick-meta":"","astra-migrate-meta-layouts":"set","ast-page-background-enabled":"default","ast-page-background-meta":{"desktop":{"background-color":"","background-image":"","background-repeat":"repeat","background-position":"center center","background-size":"auto","background-attachment":"scroll","background-type":"","background-media":"","overlay-type":"","overlay-color":"","overlay-opacity":"","overlay-gradient":""},"tablet":{"background-color":"","background-image":"","background-repeat":"repeat","background-position":"center center","background-size":"auto","background-attachment":"scroll","background-type":"","background-media":"","overlay-type":"","overlay-color":"","overlay-opacity":"","overlay-gradient":""},"mobile":{"background-color":"","background-image":"","background-repeat":"repeat","background-position":"center center","background-size":"auto","background-attachment":"scroll","background-type":"","background-media":"","overlay-type":"","overlay-color":"","overlay-opacity":"","overlay-gradient":""}},"ast-content-background-meta":{"desktop":{"background-color":"var(--ast-global-color-5)","background-image":"","background-repeat":"repeat","background-position":"center center","background-size":"auto","background-attachment":"scroll","background-type":"","background-media":"","overlay-type":"","overlay-color":"","overlay-opacity":"","overlay-gradient":""},"tablet":{"background-color":"var(--ast-global-color-5)","background-image":"","background-repeat":"repeat","background-position":"center center","background-size":"auto","background-attachment":"scroll","background-type":"","background-media":"","overlay-type":"","overlay-color":"","overlay-opacity":"","overlay-gradient":""},"mobile":{"background-color":"var(--ast-global-color-5)","background-image":"","background-repeat":"repeat","background-position":"center center","background-size":"auto","background-attachment":"scroll","background-type":"","background-media":"","overlay-type":"","overlay-color":"","overlay-opacity":"","overlay-gradient":""}},"_joinchat":[]},"product_brand":[],"product_cat":[781],"product_tag":[902,901,898,896,280,272,897,903,899,900,876,895],"class_list":{"0":"post-9376","1":"product","2":"type-product","3":"status-publish","4":"has-post-thumbnail","6":"product_cat-lead-acid-replacement-battery","7":"product_tag-1280wh-energy-storage","8":"product_tag-48v-golf-cart-conversion","9":"product_tag-bluetooth-smart-bms","10":"product_tag-bpe-lf12100","11":"product_tag-bulk-battery-supplier","12":"product_tag-factory-direct-battery","13":"product_tag-group-31-lifepo4","14":"product_tag-ip65-rated-battery","15":"product_tag-lcd-screen-battery","16":"product_tag-marine-deep-cycle-battery","17":"product_tag-waterproof-lithium-battery","18":"product_tag-wholesale-12v-100ah-lifepo4","19":"desktop-align-left","20":"tablet-align-left","21":"mobile-align-left","22":"ast-product-gallery-layout-horizontal-slider","23":"ast-product-tabs-layout-horizontal","25":"first","26":"instock","27":"shipping-taxable","28":"product-type-simple"},"acf":[],"_links":{"self":[{"href":"https:\/\/www.balderpower.com\/es\/wp-json\/wp\/v2\/product\/9376","targetHints":{"allow":["GET"]}}],"collection":[{"href":"https:\/\/www.balderpower.com\/es\/wp-json\/wp\/v2\/product"}],"about":[{"href":"https:\/\/www.balderpower.com\/es\/wp-json\/wp\/v2\/types\/product"}],"version-history":[{"count":0,"href":"https:\/\/www.balderpower.com\/es\/wp-json\/wp\/v2\/product\/9376\/revisions"}],"wp:featuredmedia":[{"embeddable":true,"href":"https:\/\/www.balderpower.com\/es\/wp-json\/wp\/v2\/media\/9366"}],"wp:attachment":[{"href":"https:\/\/www.balderpower.com\/es\/wp-json\/wp\/v2\/media?parent=9376"}],"wp:term":[{"taxonomy":"product_brand","embeddable":true,"href":"https:\/\/www.balderpower.com\/es\/wp-json\/wp\/v2\/product_brand?post=9376"},{"taxonomy":"product_cat","embeddable":true,"href":"https:\/\/www.balderpower.com\/es\/wp-json\/wp\/v2\/product_cat?post=9376"},{"taxonomy":"product_tag","embeddable":true,"href":"https:\/\/www.balderpower.com\/es\/wp-json\/wp\/v2\/product_tag?post=9376"}],"curies":[{"name":"wp","href":"https:\/\/api.w.org\/{rel}","templated":true}]}}