{"id":9285,"date":"2026-01-11T16:41:55","date_gmt":"2026-01-11T08:41:55","guid":{"rendered":"https:\/\/www.balderpower.com\/?post_type=product&#038;p=9285"},"modified":"2026-01-11T22:01:54","modified_gmt":"2026-01-11T14:01:54","slug":"reemplazo-de-bateria-lifepo4-de-12-v-y-7-ah","status":"publish","type":"product","link":"https:\/\/www.balderpower.com\/es\/12v-7ah-lifepo4-battery-replacement\/","title":{"rendered":"Bater\u00eda LiFePO4 de 12 V y 7 Ah: reemplazo de litio de ciclo profundo para SAI, sistemas de alarma y sondas de pesca | BMS integrado | Directo de f\u00e1brica"},"content":{"rendered":"<p data-path-to-node=\"12\"><b data-path-to-node=\"12\" data-index-in-node=\"0\">Potencia confiable, redefinida: La mejor actualizaci\u00f3n de litio de 12 V y 7 Ah<\/b><\/p>\n<p data-path-to-node=\"13\">Como fabricante profesional de bater\u00edas de litio, Balder Power presenta la bater\u00eda LiFePO4 de 12 V y 7 Ah, dise\u00f1ada para reemplazar directamente las bater\u00edas SLA (de plomo-\u00e1cido selladas) pesadas y de corta duraci\u00f3n. Tanto si se dedica a la integraci\u00f3n de sistemas de seguridad como a la distribuci\u00f3n de electr\u00f3nica para exteriores, esta bater\u00eda ofrece un rendimiento superior sin necesidad de mantenimiento.<\/p>\n<p data-path-to-node=\"14\">A diferencia de las bater\u00edas de plomo-\u00e1cido, que pierden voltaje bajo carga, nuestra tecnolog\u00eda LiFePO4 mantiene un suministro de energ\u00eda constante, lo que garantiza que sus dispositivos funcionen durante m\u00e1s tiempo y de forma m\u00e1s eficiente. Fabricada con un robusto... <b data-path-to-node=\"14\" data-index-in-node=\"188\">Sistema de gesti\u00f3n de bater\u00edas (BMS)<\/b>, Protege contra sobrecargas, descargas profundas y cortocircuitos, lo que lo convierte en la opci\u00f3n m\u00e1s segura para aplicaciones cr\u00edticas como iluminaci\u00f3n de emergencia y equipos m\u00e9dicos.<\/p>\n<p data-path-to-node=\"15\"><b data-path-to-node=\"15\" data-index-in-node=\"0\">\u00bfPor qu\u00e9 elegir Balder Power?<\/b><\/p>\n<ul data-path-to-node=\"16\">\n<li>\n<p data-path-to-node=\"16,0,0\"><b data-path-to-node=\"16,0,0\" data-index-in-node=\"0\">Precios directos de f\u00e1brica:<\/b> Elimina al intermediario y obt\u00e9n tarifas mayoristas competitivas.<\/p>\n<\/li>\n<li>\n<p data-path-to-node=\"16,1,0\"><b data-path-to-node=\"16,1,0\" data-index-in-node=\"0\">Personalizaci\u00f3n:<\/b> Ofrecemos etiquetado OEM, colores de carcasa personalizados y modificaciones de terminales (F1\/F2).<\/p>\n<\/li>\n<li>\n<p data-path-to-node=\"16,2,0\"><b data-path-to-node=\"16,2,0\" data-index-in-node=\"0\">Seguro de calidad:<\/b> Cada unidad se somete a rigurosas pruebas de envejecimiento y adaptaci\u00f3n de voltaje antes del env\u00edo.<\/p>\n<\/li>\n<\/ul>","protected":false},"excerpt":{"rendered":"<p>Mejora tu poder con Balder Power <b data-path-to-node=\"8\" data-index-in-node=\"39\">Bater\u00eda LiFePO4 de 12 V y 7 Ah<\/b>, El reemplazo ligero y definitivo para las bater\u00edas de plomo-\u00e1cido tradicionales. Dise\u00f1ado con celdas premium de grado A y un sistema BMS inteligente, ofrece... <b data-path-to-node=\"8\" data-index-in-node=\"213\">m\u00e1s de 4000 ciclos<\/b> (frente a los 300 de AGM), pesa solo <b data-path-to-node=\"8\" data-index-in-node=\"257\">1,1 kilogramos<\/b>, y ofrece una salida estable de 12,8 V. Perfecto para <b data-path-to-node=\"8\" data-index-in-node=\"308\">Sistemas UPS, alarmas de seguridad, detectores de peces y dispositivos m\u00e9dicos<\/b>. Disponible para marca OEM y pedidos al por mayor.<\/p>","protected":false},"featured_media":9295,"template":"","meta":{"_acf_changed":false,"nf_dc_page":"","site-sidebar-layout":"default","site-content-layout":"","ast-site-content-layout":"default","site-content-style":"default","site-sidebar-style":"default","ast-global-header-display":"","ast-banner-title-visibility":"","ast-main-header-display":"","ast-hfb-above-header-display":"","ast-hfb-below-header-display":"","ast-hfb-mobile-header-display":"","site-post-title":"","ast-breadcrumbs-content":"","ast-featured-img":"","footer-sml-layout":"","ast-disable-related-posts":"","theme-transparent-header-meta":"default","adv-header-id-meta":"","stick-header-meta":"default","header-above-stick-meta":"","header-main-stick-meta":"","header-below-stick-meta":"","astra-migrate-meta-layouts":"set","ast-page-background-enabled":"default","ast-page-background-meta":{"desktop":{"background-color":"","background-image":"","background-repeat":"repeat","background-position":"center center","background-size":"auto","background-attachment":"scroll","background-type":"","background-media":"","overlay-type":"","overlay-color":"","overlay-opacity":"","overlay-gradient":""},"tablet":{"background-color":"","background-image":"","background-repeat":"repeat","background-position":"center center","background-size":"auto","background-attachment":"scroll","background-type":"","background-media":"","overlay-type":"","overlay-color":"","overlay-opacity":"","overlay-gradient":""},"mobile":{"background-color":"","background-image":"","background-repeat":"repeat","background-position":"center center","background-size":"auto","background-attachment":"scroll","background-type":"","background-media":"","overlay-type":"","overlay-color":"","overlay-opacity":"","overlay-gradient":""}},"ast-content-background-meta":{"desktop":{"background-color":"var(--ast-global-color-5)","background-image":"","background-repeat":"repeat","background-position":"center center","background-size":"auto","background-attachment":"scroll","background-type":"","background-media":"","overlay-type":"","overlay-color":"","overlay-opacity":"","overlay-gradient":""},"tablet":{"background-color":"var(--ast-global-color-5)","background-image":"","background-repeat":"repeat","background-position":"center center","background-size":"auto","background-attachment":"scroll","background-type":"","background-media":"","overlay-type":"","overlay-color":"","overlay-opacity":"","overlay-gradient":""},"mobile":{"background-color":"var(--ast-global-color-5)","background-image":"","background-repeat":"repeat","background-position":"center center","background-size":"auto","background-attachment":"scroll","background-type":"","background-media":"","overlay-type":"","overlay-color":"","overlay-opacity":"","overlay-gradient":""}},"_joinchat":[]},"product_brand":[],"product_cat":[781],"product_tag":[856,857,859,860,810,863,861,858,862],"class_list":{"0":"post-9285","1":"product","2":"type-product","3":"status-publish","4":"has-post-thumbnail","6":"product_cat-lead-acid-replacement-battery","7":"product_tag-12v-battery","8":"product_tag-7ah","9":"product_tag-alarm-battery","10":"product_tag-deep-cycle","11":"product_tag-lifepo4","12":"product_tag-oem-battery12v-7ah-lifepo4","13":"product_tag-sla-replacement","14":"product_tag-ups-battery","15":"product_tag-wholesale-battery","16":"desktop-align-left","17":"tablet-align-left","18":"mobile-align-left","19":"ast-product-gallery-layout-horizontal-slider","20":"ast-product-tabs-layout-horizontal","22":"first","23":"instock","24":"shipping-taxable","25":"product-type-simple"},"acf":[],"_links":{"self":[{"href":"https:\/\/www.balderpower.com\/es\/wp-json\/wp\/v2\/product\/9285","targetHints":{"allow":["GET"]}}],"collection":[{"href":"https:\/\/www.balderpower.com\/es\/wp-json\/wp\/v2\/product"}],"about":[{"href":"https:\/\/www.balderpower.com\/es\/wp-json\/wp\/v2\/types\/product"}],"version-history":[{"count":0,"href":"https:\/\/www.balderpower.com\/es\/wp-json\/wp\/v2\/product\/9285\/revisions"}],"wp:featuredmedia":[{"embeddable":true,"href":"https:\/\/www.balderpower.com\/es\/wp-json\/wp\/v2\/media\/9295"}],"wp:attachment":[{"href":"https:\/\/www.balderpower.com\/es\/wp-json\/wp\/v2\/media?parent=9285"}],"wp:term":[{"taxonomy":"product_brand","embeddable":true,"href":"https:\/\/www.balderpower.com\/es\/wp-json\/wp\/v2\/product_brand?post=9285"},{"taxonomy":"product_cat","embeddable":true,"href":"https:\/\/www.balderpower.com\/es\/wp-json\/wp\/v2\/product_cat?post=9285"},{"taxonomy":"product_tag","embeddable":true,"href":"https:\/\/www.balderpower.com\/es\/wp-json\/wp\/v2\/product_tag?post=9285"}],"curies":[{"name":"wp","href":"https:\/\/api.w.org\/{rel}","templated":true}]}}