{"id":9188,"date":"2026-01-09T02:16:08","date_gmt":"2026-01-08T18:16:08","guid":{"rendered":"https:\/\/www.balderpower.com\/?post_type=product&#038;p=9188"},"modified":"2026-01-09T02:32:14","modified_gmt":"2026-01-08T18:32:14","slug":"sistema-de-almacenamiento-de-energia-apilado-de-alto-voltaje-de-20-kwh-y-204-kwh","status":"publish","type":"product","link":"https:\/\/www.balderpower.com\/es\/high-voltage-stacked-energy-storage-system-20kwh-204kwh\/","title":{"rendered":"Sistema de almacenamiento de energ\u00eda apilado de alto voltaje (20 kWh \u2013 204 kWh) Serie BPE-HV-PRO"},"content":{"rendered":"<h2 data-path-to-node=\"14\"><strong>Almacenamiento de energ\u00eda de precisi\u00f3n: adaptado a cada tama\u00f1o de proyecto<\/strong><\/h2>\n<p data-path-to-node=\"15\">La serie BPE-HV-PRO elimina la limitaci\u00f3n de la &quot;talla \u00fanica&quot;. Ya sea que alimente una gran vivienda de lujo o una planta de fabricaci\u00f3n comercial, nuestro sistema apilado de alto voltaje se adapta a sus requisitos espec\u00edficos de voltaje y capacidad.<\/p>\n<p><img fetchpriority=\"high\" decoding=\"async\" class=\"size-full wp-image-9220\" src=\"https:\/\/balderpower.com\/wp-content\/uploads\/2026\/01\/lifepo4-battery-module-stackable-design-parallel.webp\" alt=\"LiFePO4 battery module with stackable design, supporting max 5 units in parallel connection for scalable energy storage.\" width=\"800\" height=\"800\" srcset=\"https:\/\/www.balderpower.com\/wp-content\/uploads\/2026\/01\/lifepo4-battery-module-stackable-design-parallel.webp 800w, https:\/\/www.balderpower.com\/wp-content\/uploads\/2026\/01\/lifepo4-battery-module-stackable-design-parallel-150x150.webp 150w, https:\/\/www.balderpower.com\/wp-content\/uploads\/2026\/01\/lifepo4-battery-module-stackable-design-parallel-768x768.webp 768w, https:\/\/www.balderpower.com\/wp-content\/uploads\/2026\/01\/lifepo4-battery-module-stackable-design-parallel-12x12.webp 12w, https:\/\/www.balderpower.com\/wp-content\/uploads\/2026\/01\/lifepo4-battery-module-stackable-design-parallel-300x300.webp 300w, https:\/\/www.balderpower.com\/wp-content\/uploads\/2026\/01\/lifepo4-battery-module-stackable-design-parallel-600x600.webp 600w, https:\/\/www.balderpower.com\/wp-content\/uploads\/2026\/01\/lifepo4-battery-module-stackable-design-parallel-100x100.webp 100w, https:\/\/www.balderpower.com\/wp-content\/uploads\/2026\/01\/lifepo4-battery-module-stackable-design-parallel-64x64.webp 64w\" sizes=\"(max-width: 800px) 100vw, 800px\" data-no-translation=\"\" \/><\/p>\n<p style=\"text-align: left;\" data-path-to-node=\"16\"><b data-path-to-node=\"16\" data-index-in-node=\"0\">M\u00e1xima flexibilidad: HV4 a HV8<\/b><\/p>\n<ul style=\"text-align: left;\" data-path-to-node=\"17\">\n<li>\n<p data-path-to-node=\"17,0,0\"><b data-path-to-node=\"17,0,0\" data-index-in-node=\"0\">Nivel de entrada (BPE-HV4-PRO):<\/b> A 204,8 V, <b data-path-to-node=\"17,0,0\" data-index-in-node=\"37\">20,48 kWh<\/b> Sistema perfecto para grandes copias de seguridad residenciales o peque\u00f1as oficinas comerciales.<\/p>\n<\/li>\n<li>\n<p data-path-to-node=\"17,1,0\"><b data-path-to-node=\"17,1,0\" data-index-in-node=\"0\">Central el\u00e9ctrica (BPE-HV8-PRO):<\/b> A 409,6 V, <b data-path-to-node=\"17,1,0\" data-index-in-node=\"36\">40,96 kWh<\/b> Torre dise\u00f1ada para aplicaciones de trabajo pesado.<\/p>\n<\/li>\n<li>\n<p data-path-to-node=\"17,2,0\"><b data-path-to-node=\"17,2,0\" data-index-in-node=\"0\">Matriz industrial:<\/b> \u00bfNecesitas m\u00e1s potencia? Conecta hasta 5 unidades del modelo HV8 en paralelo para crear... <b data-path-to-node=\"17,2,0\" data-index-in-node=\"98\">204,8 kWh<\/b> centro energ\u00e9tico, totalmente gestionado por nuestro BMS inteligente.<\/p>\n<\/li>\n<\/ul>\n<p style=\"text-align: left;\" data-path-to-node=\"18\"><b data-path-to-node=\"18\" data-index-in-node=\"0\">\u00bfPor qu\u00e9 alto voltaje?<\/b> Con rangos de voltaje de 204,8 V a 409,6 V, nuestra serie opera con una eficiencia significativamente mayor que las bater\u00edas tradicionales de 48 V. Este dise\u00f1o de alto voltaje permite un cableado m\u00e1s delgado, un funcionamiento m\u00e1s fr\u00edo y compatibilidad directa con los inversores h\u00edbridos de alto voltaje m\u00e1s avanzados de la actualidad.<\/p>","protected":false},"excerpt":{"rendered":"<h2 data-path-to-node=\"10,0\"><b data-path-to-node=\"10,0\" data-index-in-node=\"0\">Soluci\u00f3n ESS flexible de alto voltaje: escalable de 20 kWh a 204 kWh.<\/b><\/h2>\n<p data-path-to-node=\"10,0\">La serie BPE-HV-PRO ofrece una flexibilidad inigualable para el almacenamiento de energ\u00eda comercial y residencial. Empezando por su dise\u00f1o compacto. <b data-path-to-node=\"10,0\" data-index-in-node=\"191\">20,48 kWh \/ 204,8 V<\/b> (Modelo HV4), el sistema puede escalarse hasta un tama\u00f1o masivo <b data-path-to-node=\"10,0\" data-index-in-node=\"259\">204,8 kWh<\/b> Mediante la conexi\u00f3n en paralelo de cinco unidades HV8. Dise\u00f1ado con celdas LiFePO4 de grado A y una arquitectura modular apilable, garantiza una integraci\u00f3n perfecta en proyectos de cualquier tama\u00f1o, desde el respaldo de una villa hasta la reducci\u00f3n de picos de energ\u00eda en f\u00e1bricas.<\/p>\n<ul data-path-to-node=\"10,1\">\n<li>\n<p data-path-to-node=\"10,1,0,0\"><b data-path-to-node=\"10,1,0,0\" data-index-in-node=\"0\">Rango de voltaje:<\/b> 204,8 V \u2013 409,6 V (seg\u00fan el modelo)<\/p>\n<\/li>\n<li>\n<p data-path-to-node=\"10,1,1,0\"><b data-path-to-node=\"10,1,1,0\" data-index-in-node=\"0\">Rango de capacidad:<\/b> 20,48 kWh (individual) \u2013 204,8 kWh (paralelo)<\/p>\n<\/li>\n<li>\n<p data-path-to-node=\"10,1,2,0\"><b data-path-to-node=\"10,1,2,0\" data-index-in-node=\"0\">Eficiencia:<\/b> Arquitectura de alto voltaje para reducir p\u00e9rdidas<\/p>\n<\/li>\n<li>\n<p data-path-to-node=\"10,1,3,0\"><b data-path-to-node=\"10,1,3,0\" data-index-in-node=\"0\">Solicitud:<\/b> Residencial, Comercial, Microrred<\/p>\n<\/li>\n<\/ul>","protected":false},"featured_media":9196,"template":"","meta":{"_acf_changed":false,"nf_dc_page":"","site-sidebar-layout":"default","site-content-layout":"","ast-site-content-layout":"default","site-content-style":"default","site-sidebar-style":"default","ast-global-header-display":"","ast-banner-title-visibility":"","ast-main-header-display":"","ast-hfb-above-header-display":"","ast-hfb-below-header-display":"","ast-hfb-mobile-header-display":"","site-post-title":"","ast-breadcrumbs-content":"","ast-featured-img":"","footer-sml-layout":"","ast-disable-related-posts":"","theme-transparent-header-meta":"default","adv-header-id-meta":"","stick-header-meta":"default","header-above-stick-meta":"","header-main-stick-meta":"","header-below-stick-meta":"","astra-migrate-meta-layouts":"set","ast-page-background-enabled":"default","ast-page-background-meta":{"desktop":{"background-color":"","background-image":"","background-repeat":"repeat","background-position":"center center","background-size":"auto","background-attachment":"scroll","background-type":"","background-media":"","overlay-type":"","overlay-color":"","overlay-opacity":"","overlay-gradient":""},"tablet":{"background-color":"","background-image":"","background-repeat":"repeat","background-position":"center center","background-size":"auto","background-attachment":"scroll","background-type":"","background-media":"","overlay-type":"","overlay-color":"","overlay-opacity":"","overlay-gradient":""},"mobile":{"background-color":"","background-image":"","background-repeat":"repeat","background-position":"center center","background-size":"auto","background-attachment":"scroll","background-type":"","background-media":"","overlay-type":"","overlay-color":"","overlay-opacity":"","overlay-gradient":""}},"ast-content-background-meta":{"desktop":{"background-color":"var(--ast-global-color-5)","background-image":"","background-repeat":"repeat","background-position":"center center","background-size":"auto","background-attachment":"scroll","background-type":"","background-media":"","overlay-type":"","overlay-color":"","overlay-opacity":"","overlay-gradient":""},"tablet":{"background-color":"var(--ast-global-color-5)","background-image":"","background-repeat":"repeat","background-position":"center center","background-size":"auto","background-attachment":"scroll","background-type":"","background-media":"","overlay-type":"","overlay-color":"","overlay-opacity":"","overlay-gradient":""},"mobile":{"background-color":"var(--ast-global-color-5)","background-image":"","background-repeat":"repeat","background-position":"center center","background-size":"auto","background-attachment":"scroll","background-type":"","background-media":"","overlay-type":"","overlay-color":"","overlay-opacity":"","overlay-gradient":""}},"_joinchat":[]},"product_brand":[],"product_cat":[839],"product_tag":[852,830,849,853,851,855,854,850],"class_list":{"0":"post-9188","1":"product","2":"type-product","3":"status-publish","4":"has-post-thumbnail","6":"product_cat-high-voltage-stackable-battery","7":"product_tag-20kwh-battery","8":"product_tag-commercial-energy-storage","9":"product_tag-high-voltage-battery","10":"product_tag-industrial-battery-backup","11":"product_tag-lifepo4-high-voltage","12":"product_tag-oem-battery","13":"product_tag-solar-storage-system","14":"product_tag-stacked-ess","15":"desktop-align-left","16":"tablet-align-left","17":"mobile-align-left","18":"ast-product-gallery-layout-horizontal-slider","19":"ast-product-tabs-layout-horizontal","21":"first","22":"instock","23":"shipping-taxable","24":"product-type-simple"},"acf":[],"_links":{"self":[{"href":"https:\/\/www.balderpower.com\/es\/wp-json\/wp\/v2\/product\/9188","targetHints":{"allow":["GET"]}}],"collection":[{"href":"https:\/\/www.balderpower.com\/es\/wp-json\/wp\/v2\/product"}],"about":[{"href":"https:\/\/www.balderpower.com\/es\/wp-json\/wp\/v2\/types\/product"}],"version-history":[{"count":0,"href":"https:\/\/www.balderpower.com\/es\/wp-json\/wp\/v2\/product\/9188\/revisions"}],"wp:featuredmedia":[{"embeddable":true,"href":"https:\/\/www.balderpower.com\/es\/wp-json\/wp\/v2\/media\/9196"}],"wp:attachment":[{"href":"https:\/\/www.balderpower.com\/es\/wp-json\/wp\/v2\/media?parent=9188"}],"wp:term":[{"taxonomy":"product_brand","embeddable":true,"href":"https:\/\/www.balderpower.com\/es\/wp-json\/wp\/v2\/product_brand?post=9188"},{"taxonomy":"product_cat","embeddable":true,"href":"https:\/\/www.balderpower.com\/es\/wp-json\/wp\/v2\/product_cat?post=9188"},{"taxonomy":"product_tag","embeddable":true,"href":"https:\/\/www.balderpower.com\/es\/wp-json\/wp\/v2\/product_tag?post=9188"}],"curies":[{"name":"wp","href":"https:\/\/api.w.org\/{rel}","templated":true}]}}