{"id":8779,"date":"2025-12-20T19:55:40","date_gmt":"2025-12-20T11:55:40","guid":{"rendered":"https:\/\/www.balderpower.com\/?post_type=product&#038;p=8779"},"modified":"2025-12-20T19:55:43","modified_gmt":"2025-12-20T11:55:43","slug":"bateria-para-rack-de-servidor-lifepo4-de-512-v-y-300-ah-15-kwh","status":"publish","type":"product","link":"https:\/\/www.balderpower.com\/es\/51-2v-300ah-lifepo4-server-rack-battery-15kwh\/","title":{"rendered":"Bater\u00eda de rack para servidores LiFePO4 de 51,2 V y 300 Ah (15 kWh): almacenamiento de energ\u00eda de alta densidad para sistemas solares y aut\u00f3nomos."},"content":{"rendered":"<p data-start=\"1267\" data-end=\"1342\"><strong data-start=\"1267\" data-end=\"1342\">Maximice el almacenamiento, minimice el espacio: la revoluci\u00f3n de la bater\u00eda de rack LiFePO4 de 51,2 V, 300 Ah y 15 kWh<\/strong><\/p>\n<p data-start=\"1344\" data-end=\"1619\">La bater\u00eda para rack de servidores Balder Power de 51,2 V y 300 Ah LiFePO4 representa la pr\u00f3xima generaci\u00f3n de almacenamiento de energ\u00eda residencial y comercial. Con una capacidad enorme... <strong data-start=\"1496\" data-end=\"1508\">15,36 kWh<\/strong> de energ\u00eda en un solo m\u00f3dulo, esta bater\u00eda est\u00e1 dise\u00f1ada para simplificar la instalaci\u00f3n y maximizar la densidad de energ\u00eda.<\/p>\n<p data-start=\"1621\" data-end=\"1988\"><strong data-start=\"1621\" data-end=\"1646\">\u00bfPor qu\u00e9 actualizar a 300 Ah?<\/strong><br \/>\nLas configuraciones tradicionales requieren la combinaci\u00f3n de varias bater\u00edas de baja capacidad para lograr suficiente energ\u00eda de respaldo. Con nuestro m\u00f3dulo de 300 Ah, puede reducir significativamente la cantidad de unidades de bater\u00eda, cables y conexiones necesarias. Una simple combinaci\u00f3n de 2 unidades proporciona m\u00e1s de <strong data-start=\"1900\" data-end=\"1918\">30 kWh de potencia<\/strong>\u2014suficiente para abastecer un hogar estadounidense t\u00edpico durante d\u00edas durante un apag\u00f3n.<\/p>\n<p data-start=\"1990\" data-end=\"2342\"><strong data-start=\"1990\" data-end=\"2022\">Confiabilidad de grado industrial<\/strong><br \/>\nFabricada con una carcasa met\u00e1lica de alta resistencia y un sistema inteligente de gesti\u00f3n de bater\u00edas (BMS), esta bater\u00eda gestiona sin problemas altas corrientes de descarga continua. Es el complemento perfecto para inversores h\u00edbridos de 12 kW y 15 kW, lo que garantiza el funcionamiento de cargas pesadas como aires acondicionados y bombas sin que se active el sistema.<\/p>\n<p data-start=\"2344\" data-end=\"2627\"><strong data-start=\"2344\" data-end=\"2368\">Integraci\u00f3n perfecta<\/strong><br \/>\nA pesar de su alta capacidad, cabe en armarios de servidores est\u00e1ndar de 19 pulgadas. La comunicaci\u00f3n CAN-Bus integrada se comunica directamente con las principales marcas de inversores (Victron, Deye, Luxpower, etc.), lo que permite un control de bucle cerrado para optimizar la carga y la seguridad.<\/p>","protected":false},"excerpt":{"rendered":"<ul>\n<li data-start=\"569\" data-end=\"634\">\n<p data-start=\"573\" data-end=\"634\"><strong data-start=\"573\" data-end=\"583\">Modelo:<\/strong> M\u00f3dulo de ultra alta capacidad de 51,2 V 300 Ah (15,36 kWh).<\/p>\n<\/li>\n<li data-start=\"635\" data-end=\"718\">\n<p data-start=\"639\" data-end=\"718\"><strong data-start=\"639\" data-end=\"656\">Ahorro de espacio:<\/strong> Reemplaza tres m\u00f3dulos est\u00e1ndar de 100 Ah, ahorrando espacio en el rack 66%.<\/p>\n<\/li>\n<li data-start=\"719\" data-end=\"775\">\n<p data-start=\"723\" data-end=\"775\"><strong data-start=\"723\" data-end=\"737\">Tipo de c\u00e9lula:<\/strong> LiFePO4 prism\u00e1tico (Grado A EVE\/CATL).<\/p>\n<\/li>\n<li data-start=\"776\" data-end=\"844\">\n<p data-start=\"780\" data-end=\"844\"><strong data-start=\"780\" data-end=\"795\">Ciclo de vida:<\/strong> M\u00e1s de 6000 ciclos a 80% DOD (vida \u00fatil de dise\u00f1o de m\u00e1s de 15 a\u00f1os).<\/p>\n<\/li>\n<li data-start=\"845\" data-end=\"921\">\n<p data-start=\"849\" data-end=\"921\"><strong data-start=\"849\" data-end=\"867\">Descarga m\u00e1xima:<\/strong> 150A-200A continuo (admite inversores de alta potencia).<\/p>\n<\/li>\n<li data-start=\"922\" data-end=\"995\">\n<p data-start=\"926\" data-end=\"995\"><strong data-start=\"926\" data-end=\"942\">Escalabilidad:<\/strong> Conecte en paralelo hasta 15 unidades para obtener sistemas masivos de m\u00e1s de 230 kWh.<\/p>\n<\/li>\n<li data-start=\"996\" data-end=\"1079\">\n<p data-start=\"1000\" data-end=\"1079\"><strong data-start=\"1000\" data-end=\"1018\">Comunicaci\u00f3n:<\/strong> Compatible con CAN y RS485 con Victron, Deye, Sol-Ark, Growatt.<\/p>\n<\/li>\n<li data-start=\"1080\" data-end=\"1175\">\n<p data-start=\"1084\" data-end=\"1175\"><strong data-start=\"1084\" data-end=\"1099\">Dimensiones:<\/strong> Ancho de rack est\u00e1ndar de 19 pulgadas (verifique la profundidad\/altura para su carcasa espec\u00edfica).<\/p>\n<\/li>\n<\/ul>","protected":false},"featured_media":8766,"template":"","meta":{"_acf_changed":false,"nf_dc_page":"","site-sidebar-layout":"default","site-content-layout":"","ast-site-content-layout":"default","site-content-style":"default","site-sidebar-style":"default","ast-global-header-display":"","ast-banner-title-visibility":"","ast-main-header-display":"","ast-hfb-above-header-display":"","ast-hfb-below-header-display":"","ast-hfb-mobile-header-display":"","site-post-title":"","ast-breadcrumbs-content":"","ast-featured-img":"","footer-sml-layout":"","ast-disable-related-posts":"","theme-transparent-header-meta":"default","adv-header-id-meta":"","stick-header-meta":"default","header-above-stick-meta":"","header-main-stick-meta":"","header-below-stick-meta":"","astra-migrate-meta-layouts":"set","ast-page-background-enabled":"default","ast-page-background-meta":{"desktop":{"background-color":"","background-image":"","background-repeat":"repeat","background-position":"center center","background-size":"auto","background-attachment":"scroll","background-type":"","background-media":"","overlay-type":"","overlay-color":"","overlay-opacity":"","overlay-gradient":""},"tablet":{"background-color":"","background-image":"","background-repeat":"repeat","background-position":"center center","background-size":"auto","background-attachment":"scroll","background-type":"","background-media":"","overlay-type":"","overlay-color":"","overlay-opacity":"","overlay-gradient":""},"mobile":{"background-color":"","background-image":"","background-repeat":"repeat","background-position":"center center","background-size":"auto","background-attachment":"scroll","background-type":"","background-media":"","overlay-type":"","overlay-color":"","overlay-opacity":"","overlay-gradient":""}},"ast-content-background-meta":{"desktop":{"background-color":"var(--ast-global-color-5)","background-image":"","background-repeat":"repeat","background-position":"center center","background-size":"auto","background-attachment":"scroll","background-type":"","background-media":"","overlay-type":"","overlay-color":"","overlay-opacity":"","overlay-gradient":""},"tablet":{"background-color":"var(--ast-global-color-5)","background-image":"","background-repeat":"repeat","background-position":"center center","background-size":"auto","background-attachment":"scroll","background-type":"","background-media":"","overlay-type":"","overlay-color":"","overlay-opacity":"","overlay-gradient":""},"mobile":{"background-color":"var(--ast-global-color-5)","background-image":"","background-repeat":"repeat","background-position":"center center","background-size":"auto","background-attachment":"scroll","background-type":"","background-media":"","overlay-type":"","overlay-color":"","overlay-opacity":"","overlay-gradient":""}},"_joinchat":[]},"product_brand":[],"product_cat":[782],"product_tag":[823,838,824,836,810,829,837],"class_list":{"0":"post-8779","1":"product","2":"type-product","3":"status-publish","4":"has-post-thumbnail","6":"product_cat-server-rack-lifepo4-battery","7":"product_tag-15kwh-battery","8":"product_tag-48v-300ah","9":"product_tag-51-2v-300ah","10":"product_tag-high-capacity","11":"product_tag-lifepo4","12":"product_tag-server-rack-battery","13":"product_tag-solar-storage","14":"desktop-align-left","15":"tablet-align-left","16":"mobile-align-left","17":"ast-product-gallery-layout-horizontal-slider","18":"ast-product-tabs-layout-horizontal","20":"first","21":"instock","22":"shipping-taxable","23":"product-type-simple"},"acf":[],"_links":{"self":[{"href":"https:\/\/www.balderpower.com\/es\/wp-json\/wp\/v2\/product\/8779","targetHints":{"allow":["GET"]}}],"collection":[{"href":"https:\/\/www.balderpower.com\/es\/wp-json\/wp\/v2\/product"}],"about":[{"href":"https:\/\/www.balderpower.com\/es\/wp-json\/wp\/v2\/types\/product"}],"version-history":[{"count":0,"href":"https:\/\/www.balderpower.com\/es\/wp-json\/wp\/v2\/product\/8779\/revisions"}],"wp:featuredmedia":[{"embeddable":true,"href":"https:\/\/www.balderpower.com\/es\/wp-json\/wp\/v2\/media\/8766"}],"wp:attachment":[{"href":"https:\/\/www.balderpower.com\/es\/wp-json\/wp\/v2\/media?parent=8779"}],"wp:term":[{"taxonomy":"product_brand","embeddable":true,"href":"https:\/\/www.balderpower.com\/es\/wp-json\/wp\/v2\/product_brand?post=8779"},{"taxonomy":"product_cat","embeddable":true,"href":"https:\/\/www.balderpower.com\/es\/wp-json\/wp\/v2\/product_cat?post=8779"},{"taxonomy":"product_tag","embeddable":true,"href":"https:\/\/www.balderpower.com\/es\/wp-json\/wp\/v2\/product_tag?post=8779"}],"curies":[{"name":"wp","href":"https:\/\/api.w.org\/{rel}","templated":true}]}}