{"id":8764,"date":"2025-12-20T15:57:11","date_gmt":"2025-12-20T07:57:11","guid":{"rendered":"https:\/\/www.balderpower.com\/?post_type=product&#038;p=8764"},"modified":"2025-12-20T19:54:00","modified_gmt":"2025-12-20T11:54:00","slug":"bateria-para-rack-de-servidor-lifepo4-de-512-v-y-200-ah-10-kwh","status":"publish","type":"product","link":"https:\/\/www.balderpower.com\/es\/51-2v-200ah-lifepo4-server-rack-battery-10kwh\/","title":{"rendered":"Bater\u00eda para rack de servidor LiFePO4 de 51,2 V, 200 Ah y 10 kWh: sistema de almacenamiento de energ\u00eda escalable (ESS) para energ\u00eda solar y de respaldo"},"content":{"rendered":"<p data-start=\"1155\" data-end=\"1230\"><strong data-start=\"1155\" data-end=\"1230\">Potencie su independencia energ\u00e9tica con la bater\u00eda de rack de 10 kWh de Balder Power<\/strong><\/p>\n<p data-start=\"1232\" data-end=\"1557\">La bater\u00eda de rack para servidores Balder Power de 51,2 V y 200 Ah LiFePO4 es la soluci\u00f3n definitiva de almacenamiento de energ\u00eda para sistemas solares residenciales, SAI comerciales y configuraciones aisladas de la red el\u00e9ctrica. Dise\u00f1ado para adaptarse a gabinetes de servidores est\u00e1ndar de 19 pulgadas, este m\u00f3dulo de 10,24 kWh ofrece una soluci\u00f3n de energ\u00eda de alta densidad sin el volumen de las bater\u00edas de plomo-\u00e1cido tradicionales.<\/p>\n<p><img fetchpriority=\"high\" decoding=\"async\" class=\"wp-image-8762 size-full\" src=\"https:\/\/balderpower.com\/wp-content\/uploads\/2025\/12\/hybrid-charging-modes-diagram-solar-grid-generator-compatible1.webp\" alt=\"Diagram of diverse charging modes for Balder Power 10kWh battery, showing compatibility with Grid, Diesel Generators, and Solar PV Micro-grids.\" width=\"1200\" height=\"1217\" srcset=\"https:\/\/www.balderpower.com\/wp-content\/uploads\/2025\/12\/hybrid-charging-modes-diagram-solar-grid-generator-compatible1.webp 1200w, https:\/\/www.balderpower.com\/wp-content\/uploads\/2025\/12\/hybrid-charging-modes-diagram-solar-grid-generator-compatible1-986x1000.webp 986w, https:\/\/www.balderpower.com\/wp-content\/uploads\/2025\/12\/hybrid-charging-modes-diagram-solar-grid-generator-compatible1-1010x1024.webp 1010w, https:\/\/www.balderpower.com\/wp-content\/uploads\/2025\/12\/hybrid-charging-modes-diagram-solar-grid-generator-compatible1-768x779.webp 768w, https:\/\/www.balderpower.com\/wp-content\/uploads\/2025\/12\/hybrid-charging-modes-diagram-solar-grid-generator-compatible1-12x12.webp 12w, https:\/\/www.balderpower.com\/wp-content\/uploads\/2025\/12\/hybrid-charging-modes-diagram-solar-grid-generator-compatible1-600x609.webp 600w, https:\/\/www.balderpower.com\/wp-content\/uploads\/2025\/12\/hybrid-charging-modes-diagram-solar-grid-generator-compatible1-100x100.webp 100w, https:\/\/www.balderpower.com\/wp-content\/uploads\/2025\/12\/hybrid-charging-modes-diagram-solar-grid-generator-compatible1-64x65.webp 64w\" sizes=\"(max-width: 1200px) 100vw, 1200px\" data-no-translation=\"\" \/><\/p>\n<p data-start=\"1559\" data-end=\"1879\"><strong data-start=\"1559\" data-end=\"1595\">Expansi\u00f3n y escalabilidad sin inconvenientes<\/strong><br \/>\nAumente su almacenamiento de energ\u00eda a medida que aumenten sus necesidades. Nuestro dise\u00f1o escalable permite a los instaladores conectar hasta 15 m\u00f3dulos de bater\u00eda en paralelo. Ya sea que necesite un sistema de 10 kWh para una casa inteligente o un banco de 150 kWh para una peque\u00f1a f\u00e1brica, esta bater\u00eda se adapta f\u00e1cilmente sin necesidad de un recableado complejo.<\/p>\n<p><img decoding=\"async\" class=\"size-full wp-image-8743\" src=\"https:\/\/balderpower.com\/wp-content\/uploads\/2025\/12\/10kwh-lifepo4-battery-key-features-smart-bms-6000-cycles.webp\" alt=\"Key features infographic of 51.2V 200Ah battery: Smart BMS, 6000+ cycles, ultra-thin compact size, plug-and-play installation, and CE\/UN38.3 certifications.\" width=\"1152\" height=\"928\" srcset=\"https:\/\/www.balderpower.com\/wp-content\/uploads\/2025\/12\/10kwh-lifepo4-battery-key-features-smart-bms-6000-cycles.webp 1152w, https:\/\/www.balderpower.com\/wp-content\/uploads\/2025\/12\/10kwh-lifepo4-battery-key-features-smart-bms-6000-cycles-1000x806.webp 1000w, https:\/\/www.balderpower.com\/wp-content\/uploads\/2025\/12\/10kwh-lifepo4-battery-key-features-smart-bms-6000-cycles-1024x825.webp 1024w, https:\/\/www.balderpower.com\/wp-content\/uploads\/2025\/12\/10kwh-lifepo4-battery-key-features-smart-bms-6000-cycles-768x619.webp 768w, https:\/\/www.balderpower.com\/wp-content\/uploads\/2025\/12\/10kwh-lifepo4-battery-key-features-smart-bms-6000-cycles-15x12.webp 15w, https:\/\/www.balderpower.com\/wp-content\/uploads\/2025\/12\/10kwh-lifepo4-battery-key-features-smart-bms-6000-cycles-600x483.webp 600w, https:\/\/www.balderpower.com\/wp-content\/uploads\/2025\/12\/10kwh-lifepo4-battery-key-features-smart-bms-6000-cycles-64x52.webp 64w\" sizes=\"(max-width: 1152px) 100vw, 1152px\" data-no-translation=\"\" \/><\/p>\n<p data-start=\"1881\" data-end=\"2246\"><strong data-start=\"1881\" data-end=\"1912\">La seguridad es lo primero con Smart BMS<\/strong><br \/>\nLa seguridad es fundamental. Cada unidad est\u00e1 equipada con un avanzado Sistema de Gesti\u00f3n de Bater\u00edas (BMS) que equilibra activamente las celdas y protege contra sobretensi\u00f3n, subtensi\u00f3n, cortocircuitos y temperaturas extremas. La pantalla frontal integrada ofrece a los usuarios informaci\u00f3n en tiempo real sobre el voltaje, la corriente y el estado de carga (SOC).<\/p>\n<p data-start=\"2248\" data-end=\"2526\"><strong data-start=\"2248\" data-end=\"2276\">\u00bfPor qu\u00e9 elegir Balder Power?<\/strong><br \/>\nComo fabricante especializado de bater\u00edas de litio, nos aseguramos de que cada unidad se someta a rigurosas pruebas de envejecimiento antes del env\u00edo. Ofrecemos personalizaci\u00f3n OEM\/ODM completa, desde el color de la carcasa hasta los ajustes del protocolo BMS, para ayudarle a consolidar su marca en el mercado local.<\/p>","protected":false},"excerpt":{"rendered":"<ul>\n<li data-start=\"557\" data-end=\"613\">\n<p data-start=\"561\" data-end=\"613\"><strong data-start=\"561\" data-end=\"571\">Modelo:<\/strong> M\u00f3dulo de montaje en bastidor de 51,2 V 200 Ah (10,24 kWh).<\/p>\n<\/li>\n<li data-start=\"614\" data-end=\"678\">\n<p data-start=\"618\" data-end=\"678\"><strong data-start=\"618\" data-end=\"638\">Tecnolog\u00eda celular:<\/strong> Celdas prism\u00e1ticas LiFePO4 de grado A, nivel 1.<\/p>\n<\/li>\n<li data-start=\"679\" data-end=\"747\">\n<p data-start=\"683\" data-end=\"747\"><strong data-start=\"683\" data-end=\"698\">Ciclo de vida:<\/strong> M\u00e1s de 6000 ciclos a 80% DOD (vida \u00fatil de dise\u00f1o &gt;15 a\u00f1os).<\/p>\n<\/li>\n<li data-start=\"748\" data-end=\"827\">\n<p data-start=\"752\" data-end=\"827\"><strong data-start=\"752\" data-end=\"773\">Inteligencia BMS:<\/strong> BMS inteligente incorporado con comunicaci\u00f3n dual CAN\/RS485.<\/p>\n<\/li>\n<li data-start=\"828\" data-end=\"896\">\n<p data-start=\"832\" data-end=\"896\"><strong data-start=\"832\" data-end=\"848\">Escalabilidad:<\/strong> Soporte paralelo de hasta 15 unidades (Total 153kWh).<\/p>\n<\/li>\n<li data-start=\"897\" data-end=\"1006\">\n<p data-start=\"901\" data-end=\"1006\"><strong data-start=\"901\" data-end=\"919\">Compatibilidad:<\/strong> Funciona perfectamente con Victron, Growatt, Deye, Luxpower y la mayor\u00eda de los inversores h\u00edbridos de 48 V.<\/p>\n<\/li>\n<li data-start=\"1007\" data-end=\"1080\">\n<p data-start=\"1011\" data-end=\"1080\"><strong data-start=\"1011\" data-end=\"1024\">Garant\u00eda:<\/strong> Garant\u00eda est\u00e1ndar de 5 a\u00f1os (garant\u00eda extendida disponible para OEM).<\/p>\n<\/li>\n<\/ul>","protected":false},"featured_media":8753,"template":"","meta":{"_acf_changed":false,"nf_dc_page":"","site-sidebar-layout":"default","site-content-layout":"","ast-site-content-layout":"default","site-content-style":"default","site-sidebar-style":"default","ast-global-header-display":"","ast-banner-title-visibility":"","ast-main-header-display":"","ast-hfb-above-header-display":"","ast-hfb-below-header-display":"","ast-hfb-mobile-header-display":"","site-post-title":"","ast-breadcrumbs-content":"","ast-featured-img":"","footer-sml-layout":"","ast-disable-related-posts":"","theme-transparent-header-meta":"default","adv-header-id-meta":"","stick-header-meta":"default","header-above-stick-meta":"","header-main-stick-meta":"","header-below-stick-meta":"","astra-migrate-meta-layouts":"set","ast-page-background-enabled":"default","ast-page-background-meta":{"desktop":{"background-color":"","background-image":"","background-repeat":"repeat","background-position":"center center","background-size":"auto","background-attachment":"scroll","background-type":"","background-media":"","overlay-type":"","overlay-color":"","overlay-opacity":"","overlay-gradient":""},"tablet":{"background-color":"","background-image":"","background-repeat":"repeat","background-position":"center center","background-size":"auto","background-attachment":"scroll","background-type":"","background-media":"","overlay-type":"","overlay-color":"","overlay-opacity":"","overlay-gradient":""},"mobile":{"background-color":"","background-image":"","background-repeat":"repeat","background-position":"center center","background-size":"auto","background-attachment":"scroll","background-type":"","background-media":"","overlay-type":"","overlay-color":"","overlay-opacity":"","overlay-gradient":""}},"ast-content-background-meta":{"desktop":{"background-color":"var(--ast-global-color-5)","background-image":"","background-repeat":"repeat","background-position":"center center","background-size":"auto","background-attachment":"scroll","background-type":"","background-media":"","overlay-type":"","overlay-color":"","overlay-opacity":"","overlay-gradient":""},"tablet":{"background-color":"var(--ast-global-color-5)","background-image":"","background-repeat":"repeat","background-position":"center center","background-size":"auto","background-attachment":"scroll","background-type":"","background-media":"","overlay-type":"","overlay-color":"","overlay-opacity":"","overlay-gradient":""},"mobile":{"background-color":"var(--ast-global-color-5)","background-image":"","background-repeat":"repeat","background-position":"center center","background-size":"auto","background-attachment":"scroll","background-type":"","background-media":"","overlay-type":"","overlay-color":"","overlay-opacity":"","overlay-gradient":""}},"_joinchat":[]},"product_brand":[],"product_cat":[782],"product_tag":[819,806,805,810,835,829,787],"class_list":{"0":"post-8764","1":"product","2":"type-product","3":"status-publish","4":"has-post-thumbnail","6":"product_cat-server-rack-lifepo4-battery","7":"product_tag-10kwh-battery","8":"product_tag-48v-lithium-battery","9":"product_tag-51-2v-battery","10":"product_tag-lifepo4","11":"product_tag-rack-mount","12":"product_tag-server-rack-battery","13":"product_tag-solar-energy-storage","14":"desktop-align-left","15":"tablet-align-left","16":"mobile-align-left","17":"ast-product-gallery-layout-horizontal-slider","18":"ast-product-tabs-layout-horizontal","20":"first","21":"instock","22":"shipping-taxable","23":"product-type-simple"},"acf":[],"_links":{"self":[{"href":"https:\/\/www.balderpower.com\/es\/wp-json\/wp\/v2\/product\/8764","targetHints":{"allow":["GET"]}}],"collection":[{"href":"https:\/\/www.balderpower.com\/es\/wp-json\/wp\/v2\/product"}],"about":[{"href":"https:\/\/www.balderpower.com\/es\/wp-json\/wp\/v2\/types\/product"}],"version-history":[{"count":0,"href":"https:\/\/www.balderpower.com\/es\/wp-json\/wp\/v2\/product\/8764\/revisions"}],"wp:featuredmedia":[{"embeddable":true,"href":"https:\/\/www.balderpower.com\/es\/wp-json\/wp\/v2\/media\/8753"}],"wp:attachment":[{"href":"https:\/\/www.balderpower.com\/es\/wp-json\/wp\/v2\/media?parent=8764"}],"wp:term":[{"taxonomy":"product_brand","embeddable":true,"href":"https:\/\/www.balderpower.com\/es\/wp-json\/wp\/v2\/product_brand?post=8764"},{"taxonomy":"product_cat","embeddable":true,"href":"https:\/\/www.balderpower.com\/es\/wp-json\/wp\/v2\/product_cat?post=8764"},{"taxonomy":"product_tag","embeddable":true,"href":"https:\/\/www.balderpower.com\/es\/wp-json\/wp\/v2\/product_tag?post=8764"}],"curies":[{"name":"wp","href":"https:\/\/api.w.org\/{rel}","templated":true}]}}