{"id":8706,"date":"2025-12-18T01:08:21","date_gmt":"2025-12-17T17:08:21","guid":{"rendered":"https:\/\/www.balderpower.com\/?post_type=product&#038;p=8706"},"modified":"2025-12-18T01:23:51","modified_gmt":"2025-12-17T17:23:51","slug":"bateria-lifepo4-para-rack-de-servidores-de-51-2-v-280-ah-14-kwh","status":"publish","type":"product","link":"https:\/\/www.balderpower.com\/es\/51-2v-280ah-server-rack-lifepo4-battery-14kwh\/","title":{"rendered":"M\u00f3dulo de bater\u00eda para rack de servidores LiFePO4 de 51,2 V y 280 Ah (14,3 kWh) | Almacenamiento de energ\u00eda de grado comercial"},"content":{"rendered":"<p data-start=\"1093\" data-end=\"1153\"><strong data-start=\"1093\" data-end=\"1153\">Maximice su almacenamiento de energ\u00eda con la central el\u00e9ctrica de 14,3 kWh<\/strong><\/p>\n<p data-start=\"1155\" data-end=\"1379\">El <strong data-start=\"1159\" data-end=\"1207\">Bater\u00eda para rack de servidor Balder Power de 51,2 V y 280 Ah<\/strong> Representa la pr\u00f3xima generaci\u00f3n de almacenamiento de energ\u00eda de litio. Dise\u00f1ado para aplicaciones comerciales y residenciales de alta demanda, este m\u00f3dulo de 14,3 kWh redefine la densidad energ\u00e9tica.<\/p>\n<p data-start=\"1381\" data-end=\"1756\"><strong data-start=\"1381\" data-end=\"1406\">\u00bfPor qu\u00e9 actualizar a 280 Ah?<\/strong><br \/>\nLas configuraciones tradicionales requieren la conexi\u00f3n de varias bater\u00edas de 100 Ah para lograr una alta capacidad, lo que genera un cableado complejo y posibles problemas de equilibrio. Nuestro m\u00f3dulo de 280 Ah soluciona este problema al integrar... <strong data-start=\"1590\" data-end=\"1620\">14,3 kWh en una sola unidad<\/strong>. Puedes construir un enorme <strong data-start=\"1646\" data-end=\"1663\">Sistema de 229 kWh<\/strong> conectando en paralelo solo 16 unidades, ahorrando valioso espacio en el rack del servidor y tiempo de mano de obra de instalaci\u00f3n.<\/p>\n<p data-start=\"1758\" data-end=\"2170\"><strong data-start=\"1758\" data-end=\"1790\">Confiabilidad de grado industrial<\/strong><br \/>\nEn esencia, utilizamos <strong data-start=\"1811\" data-end=\"1846\">Celdas prism\u00e1ticas LiFePO4 de grado A<\/strong>\u2014la misma tecnolog\u00eda que se encuentra en los veh\u00edculos el\u00e9ctricos. Combinada con nuestra tecnolog\u00eda patentada <strong data-start=\"1925\" data-end=\"1966\">BMS inteligente (sistema de gesti\u00f3n de bater\u00edas)<\/strong>, La bater\u00eda est\u00e1 protegida activamente contra sobrecargas, sobredescargas y temperaturas extremas. La pantalla integrada proporciona diagn\u00f3sticos en tiempo real, lo que garantiza que el sistema funcione a su m\u00e1xima eficiencia.<\/p>\n<p data-start=\"2172\" data-end=\"2307\">Ya sea para autoconsumo solar, reducci\u00f3n de picos de demanda o energ\u00eda de respaldo cr\u00edtica, esta bater\u00eda brinda energ\u00eda constante, segura y escalable.<\/p>","protected":false},"excerpt":{"rendered":"<ul>\n<li data-start=\"458\" data-end=\"572\">\n<p data-start=\"462\" data-end=\"572\"><strong data-start=\"462\" data-end=\"483\">Capacidad masiva:<\/strong> Un solo m\u00f3dulo ofrece <strong data-start=\"507\" data-end=\"518\">14,3 kWh<\/strong> energ\u00eda, equivalente a tres bater\u00edas est\u00e1ndar de 100 Ah.<\/p>\n<\/li>\n<li data-start=\"573\" data-end=\"676\">\n<p data-start=\"577\" data-end=\"676\"><strong data-start=\"577\" data-end=\"605\">Celdas prism\u00e1ticas de grado A:<\/strong> Construido con celdas LiFePO4 de 280 Ah de grado automotriz para m\u00e1xima estabilidad.<\/p>\n<\/li>\n<li data-start=\"677\" data-end=\"770\">\n<p data-start=\"681\" data-end=\"770\"><strong data-start=\"681\" data-end=\"701\">Ciclo de vida largo:<\/strong> <strong data-start=\"702\" data-end=\"718\">\u22656000 ciclos<\/strong> en 80% DOD, dise\u00f1ado para m\u00e1s de 15 a\u00f1os de vida \u00fatil.<\/p>\n<\/li>\n<li data-start=\"771\" data-end=\"901\">\n<p data-start=\"775\" data-end=\"901\"><strong data-start=\"775\" data-end=\"789\">BMS inteligente:<\/strong> El BMS integrado de 200 A admite la comunicaci\u00f3n CAN\/RS485\/RS232 con los principales inversores (Victron, Growatt, Deye, etc.).<\/p>\n<\/li>\n<li data-start=\"902\" data-end=\"1009\">\n<p data-start=\"906\" data-end=\"1009\"><strong data-start=\"906\" data-end=\"926\">Eficiencia espacial:<\/strong> El dise\u00f1o de alta densidad de energ\u00eda ahorra espacio en el rack del servidor y reduce la complejidad del cableado.<\/p>\n<\/li>\n<\/ul>","protected":false},"featured_media":8710,"template":"","meta":{"_acf_changed":false,"nf_dc_page":"","site-sidebar-layout":"default","site-content-layout":"","ast-site-content-layout":"default","site-content-style":"default","site-sidebar-style":"default","ast-global-header-display":"","ast-banner-title-visibility":"","ast-main-header-display":"","ast-hfb-above-header-display":"","ast-hfb-below-header-display":"","ast-hfb-mobile-header-display":"","site-post-title":"","ast-breadcrumbs-content":"","ast-featured-img":"","footer-sml-layout":"","ast-disable-related-posts":"","theme-transparent-header-meta":"default","adv-header-id-meta":"","stick-header-meta":"default","header-above-stick-meta":"","header-main-stick-meta":"","header-below-stick-meta":"","astra-migrate-meta-layouts":"set","ast-page-background-enabled":"default","ast-page-background-meta":{"desktop":{"background-color":"","background-image":"","background-repeat":"repeat","background-position":"center center","background-size":"auto","background-attachment":"scroll","background-type":"","background-media":"","overlay-type":"","overlay-color":"","overlay-opacity":"","overlay-gradient":""},"tablet":{"background-color":"","background-image":"","background-repeat":"repeat","background-position":"center center","background-size":"auto","background-attachment":"scroll","background-type":"","background-media":"","overlay-type":"","overlay-color":"","overlay-opacity":"","overlay-gradient":""},"mobile":{"background-color":"","background-image":"","background-repeat":"repeat","background-position":"center center","background-size":"auto","background-attachment":"scroll","background-type":"","background-media":"","overlay-type":"","overlay-color":"","overlay-opacity":"","overlay-gradient":""}},"ast-content-background-meta":{"desktop":{"background-color":"var(--ast-global-color-5)","background-image":"","background-repeat":"repeat","background-position":"center center","background-size":"auto","background-attachment":"scroll","background-type":"","background-media":"","overlay-type":"","overlay-color":"","overlay-opacity":"","overlay-gradient":""},"tablet":{"background-color":"var(--ast-global-color-5)","background-image":"","background-repeat":"repeat","background-position":"center center","background-size":"auto","background-attachment":"scroll","background-type":"","background-media":"","overlay-type":"","overlay-color":"","overlay-opacity":"","overlay-gradient":""},"mobile":{"background-color":"var(--ast-global-color-5)","background-image":"","background-repeat":"repeat","background-position":"center center","background-size":"auto","background-attachment":"scroll","background-type":"","background-media":"","overlay-type":"","overlay-color":"","overlay-opacity":"","overlay-gradient":""}},"_joinchat":[]},"product_brand":[],"product_cat":[782],"product_tag":[831,828,830,810,829,816],"class_list":{"0":"post-8706","1":"product","2":"type-product","3":"status-publish","4":"has-post-thumbnail","6":"product_cat-server-rack-lifepo4-battery","7":"product_tag-14-3kwh","8":"product_tag-51-2v-280ah","9":"product_tag-commercial-energy-storage","10":"product_tag-lifepo4","11":"product_tag-server-rack-battery","12":"product_tag-solar-battery-backup","13":"desktop-align-left","14":"tablet-align-left","15":"mobile-align-left","16":"ast-product-gallery-layout-horizontal-slider","17":"ast-product-tabs-layout-horizontal","19":"first","20":"instock","21":"shipping-taxable","22":"product-type-simple"},"acf":[],"_links":{"self":[{"href":"https:\/\/www.balderpower.com\/es\/wp-json\/wp\/v2\/product\/8706","targetHints":{"allow":["GET"]}}],"collection":[{"href":"https:\/\/www.balderpower.com\/es\/wp-json\/wp\/v2\/product"}],"about":[{"href":"https:\/\/www.balderpower.com\/es\/wp-json\/wp\/v2\/types\/product"}],"version-history":[{"count":0,"href":"https:\/\/www.balderpower.com\/es\/wp-json\/wp\/v2\/product\/8706\/revisions"}],"wp:featuredmedia":[{"embeddable":true,"href":"https:\/\/www.balderpower.com\/es\/wp-json\/wp\/v2\/media\/8710"}],"wp:attachment":[{"href":"https:\/\/www.balderpower.com\/es\/wp-json\/wp\/v2\/media?parent=8706"}],"wp:term":[{"taxonomy":"product_brand","embeddable":true,"href":"https:\/\/www.balderpower.com\/es\/wp-json\/wp\/v2\/product_brand?post=8706"},{"taxonomy":"product_cat","embeddable":true,"href":"https:\/\/www.balderpower.com\/es\/wp-json\/wp\/v2\/product_cat?post=8706"},{"taxonomy":"product_tag","embeddable":true,"href":"https:\/\/www.balderpower.com\/es\/wp-json\/wp\/v2\/product_tag?post=8706"}],"curies":[{"name":"wp","href":"https:\/\/api.w.org\/{rel}","templated":true}]}}