{"id":8656,"date":"2025-12-10T23:52:58","date_gmt":"2025-12-10T15:52:58","guid":{"rendered":"https:\/\/www.balderpower.com\/?post_type=product&#038;p=8656"},"modified":"2025-12-10T23:53:37","modified_gmt":"2025-12-10T15:53:37","slug":"bateria-lifepo4-de-montaje-en-pared-de-15-kwh-51-v-300-ah","status":"publish","type":"product","link":"https:\/\/www.balderpower.com\/es\/15kwh-51-2v-300ah-wall-mounted-lifepo4-battery\/","title":{"rendered":"Bater\u00eda LiFePO4 de 15 kWh para montaje en pared | ESS dom\u00e9stico de alta capacidad de 51,2 V y 300 Ah"},"content":{"rendered":"<p data-start=\"2600\" data-end=\"2649\"><strong data-start=\"2600\" data-end=\"2649\">La soluci\u00f3n energ\u00e9tica definitiva para la vida moderna<\/strong><\/p>\n<p data-start=\"2654\" data-end=\"2947\">Conozca el buque insignia del almacenamiento de energ\u00eda residencial: el <strong data-start=\"2707\" data-end=\"2758\">Bater\u00eda LiFePO4 de 15 kWh para montaje en pared de Balder Power<\/strong>. Como especialista <strong data-start=\"2777\" data-end=\"2809\">Fabricante de bater\u00edas de litio<\/strong>, Dise\u00f1amos este sistema de 51,2 V 300 Ah para satisfacer las crecientes demandas energ\u00e9ticas de los hogares inteligentes modernos y las necesidades de carga de veh\u00edculos el\u00e9ctricos (EV).<\/p>\n<p data-start=\"2952\" data-end=\"2981\"><strong data-start=\"2952\" data-end=\"2981\">\u00bfPor qu\u00e9 elegir 15kWh (300Ah)?<\/strong><\/p>\n<ul data-start=\"2984\" data-end=\"3437\">\n<li data-start=\"2984\" data-end=\"3136\">\n<p data-start=\"2988\" data-end=\"3136\"><strong data-start=\"2988\" data-end=\"3009\">Eficiencia espacial:<\/strong> En lugar de colgar varias bater\u00edas peque\u00f1as en la pared del garaje, una sola unidad de 15 kWh proporciona un aspecto m\u00e1s limpio y minimalista.<\/p>\n<\/li>\n<li data-start=\"3139\" data-end=\"3244\">\n<p data-start=\"3143\" data-end=\"3244\"><strong data-start=\"3143\" data-end=\"3162\">Rentable:<\/strong> Menor costo por kWh en comparaci\u00f3n con la compra de m\u00faltiples carcasas m\u00e1s peque\u00f1as y unidades BMS.<\/p>\n<\/li>\n<li data-start=\"3247\" data-end=\"3435\">\n<p data-start=\"3251\" data-end=\"3435\"><strong data-start=\"3251\" data-end=\"3273\">Alta potencia de salida:<\/strong> La capacidad de 300 Ah admite corrientes de descarga continua m\u00e1s altas, lo que le permite hacer funcionar electrodom\u00e9sticos pesados como acondicionadores de aire centrales y bombas de piscina sin esfuerzo.<\/p>\n<\/li>\n<\/ul>\n<p data-start=\"3440\" data-end=\"3670\"><strong data-start=\"3440\" data-end=\"3462\">Robusto y confiable:<\/strong><br \/>\nEsta bater\u00eda, alojada en una carcasa met\u00e1lica de alta resistencia, est\u00e1 dise\u00f1ada para soportar los rigores del uso diario. Incluye un soporte de pared resistente para garantizar un montaje seguro a pesar de su considerable peso.<\/p>","protected":false},"excerpt":{"rendered":"<ul>\n<li data-start=\"433\" data-end=\"484\">\n<p data-start=\"437\" data-end=\"484\"><strong data-start=\"437\" data-end=\"456\">Energ\u00eda nominal:<\/strong> 15,36 kWh (capacidad masiva)<\/p>\n<\/li>\n<li data-start=\"485\" data-end=\"528\">\n<p data-start=\"489\" data-end=\"528\"><strong data-start=\"489\" data-end=\"508\">Voltaje del sistema:<\/strong> 51,2 V (LiFePO4 16S)<\/p>\n<\/li>\n<li data-start=\"529\" data-end=\"552\">\n<p data-start=\"533\" data-end=\"552\"><strong data-start=\"533\" data-end=\"546\">Capacidad:<\/strong> 300 Ah<\/p>\n<\/li>\n<li data-start=\"553\" data-end=\"606\">\n<p data-start=\"557\" data-end=\"606\"><strong data-start=\"557\" data-end=\"571\">Tipo de c\u00e9lula:<\/strong> Celdas prism\u00e1ticas de grado A para automoci\u00f3n<\/p>\n<\/li>\n<li data-start=\"607\" data-end=\"649\">\n<p data-start=\"611\" data-end=\"649\"><strong data-start=\"611\" data-end=\"626\">Ciclo de vida:<\/strong> \u22656000 ciclos a 80% DOD<\/p>\n<\/li>\n<li data-start=\"650\" data-end=\"721\">\n<p data-start=\"654\" data-end=\"721\"><strong data-start=\"654\" data-end=\"672\">Comunicaci\u00f3n:<\/strong> Doble CAN\/RS485 (compatible con Victron\/Deye\/Growatt)<\/p>\n<\/li>\n<li data-start=\"722\" data-end=\"779\">\n<p data-start=\"726\" data-end=\"779\"><strong data-start=\"726\" data-end=\"742\">Escalabilidad:<\/strong> Paralelo hasta 15 unidades (M\u00e1x. 230kWh)<\/p>\n<\/li>\n<li data-start=\"780\" data-end=\"829\">\n<p data-start=\"784\" data-end=\"829\"><strong data-start=\"784\" data-end=\"797\">Garant\u00eda:<\/strong> 5 a\u00f1os (m\u00e1s de 10 a\u00f1os de vida \u00fatil del dise\u00f1o)<\/p>\n<\/li>\n<\/ul>","protected":false},"featured_media":8637,"template":"","meta":{"_acf_changed":false,"nf_dc_page":"","site-sidebar-layout":"default","site-content-layout":"","ast-site-content-layout":"default","site-content-style":"default","site-sidebar-style":"default","ast-global-header-display":"","ast-banner-title-visibility":"","ast-main-header-display":"","ast-hfb-above-header-display":"","ast-hfb-below-header-display":"","ast-hfb-mobile-header-display":"","site-post-title":"","ast-breadcrumbs-content":"","ast-featured-img":"","footer-sml-layout":"","ast-disable-related-posts":"","theme-transparent-header-meta":"default","adv-header-id-meta":"","stick-header-meta":"default","header-above-stick-meta":"","header-main-stick-meta":"","header-below-stick-meta":"","astra-migrate-meta-layouts":"set","ast-page-background-enabled":"default","ast-page-background-meta":{"desktop":{"background-color":"","background-image":"","background-repeat":"repeat","background-position":"center center","background-size":"auto","background-attachment":"scroll","background-type":"","background-media":"","overlay-type":"","overlay-color":"","overlay-opacity":"","overlay-gradient":""},"tablet":{"background-color":"","background-image":"","background-repeat":"repeat","background-position":"center center","background-size":"auto","background-attachment":"scroll","background-type":"","background-media":"","overlay-type":"","overlay-color":"","overlay-opacity":"","overlay-gradient":""},"mobile":{"background-color":"","background-image":"","background-repeat":"repeat","background-position":"center center","background-size":"auto","background-attachment":"scroll","background-type":"","background-media":"","overlay-type":"","overlay-color":"","overlay-opacity":"","overlay-gradient":""}},"ast-content-background-meta":{"desktop":{"background-color":"var(--ast-global-color-5)","background-image":"","background-repeat":"repeat","background-position":"center center","background-size":"auto","background-attachment":"scroll","background-type":"","background-media":"","overlay-type":"","overlay-color":"","overlay-opacity":"","overlay-gradient":""},"tablet":{"background-color":"var(--ast-global-color-5)","background-image":"","background-repeat":"repeat","background-position":"center center","background-size":"auto","background-attachment":"scroll","background-type":"","background-media":"","overlay-type":"","overlay-color":"","overlay-opacity":"","overlay-gradient":""},"mobile":{"background-color":"var(--ast-global-color-5)","background-image":"","background-repeat":"repeat","background-position":"center center","background-size":"auto","background-attachment":"scroll","background-type":"","background-media":"","overlay-type":"","overlay-color":"","overlay-opacity":"","overlay-gradient":""}},"_joinchat":[]},"product_brand":[],"product_cat":[778],"product_tag":[823,806,824,827,812,825,814,811,810,826,817,815,816,794],"class_list":{"0":"post-8656","1":"product","2":"type-product","3":"status-publish","4":"has-post-thumbnail","6":"product_cat-wall-mounted-lifepo4-battery","7":"product_tag-15kwh-battery","8":"product_tag-48v-lithium-battery","9":"product_tag-51-2v-300ah","10":"product_tag-balder-power-electronic","11":"product_tag-deep-cycle-battery","12":"product_tag-high-capacity-ess","13":"product_tag-home-energy-storage","14":"product_tag-lfp-battery","15":"product_tag-lifepo4","16":"product_tag-luxury-home-battery","17":"product_tag-off-grid-system","18":"product_tag-residential-ess","19":"product_tag-solar-battery-backup","20":"product_tag-wall-mounted-battery","21":"desktop-align-left","22":"tablet-align-left","23":"mobile-align-left","24":"ast-product-gallery-layout-horizontal-slider","25":"ast-product-tabs-layout-horizontal","27":"first","28":"instock","29":"shipping-taxable","30":"product-type-simple"},"acf":[],"_links":{"self":[{"href":"https:\/\/www.balderpower.com\/es\/wp-json\/wp\/v2\/product\/8656","targetHints":{"allow":["GET"]}}],"collection":[{"href":"https:\/\/www.balderpower.com\/es\/wp-json\/wp\/v2\/product"}],"about":[{"href":"https:\/\/www.balderpower.com\/es\/wp-json\/wp\/v2\/types\/product"}],"version-history":[{"count":0,"href":"https:\/\/www.balderpower.com\/es\/wp-json\/wp\/v2\/product\/8656\/revisions"}],"wp:featuredmedia":[{"embeddable":true,"href":"https:\/\/www.balderpower.com\/es\/wp-json\/wp\/v2\/media\/8637"}],"wp:attachment":[{"href":"https:\/\/www.balderpower.com\/es\/wp-json\/wp\/v2\/media?parent=8656"}],"wp:term":[{"taxonomy":"product_brand","embeddable":true,"href":"https:\/\/www.balderpower.com\/es\/wp-json\/wp\/v2\/product_brand?post=8656"},{"taxonomy":"product_cat","embeddable":true,"href":"https:\/\/www.balderpower.com\/es\/wp-json\/wp\/v2\/product_cat?post=8656"},{"taxonomy":"product_tag","embeddable":true,"href":"https:\/\/www.balderpower.com\/es\/wp-json\/wp\/v2\/product_tag?post=8656"}],"curies":[{"name":"wp","href":"https:\/\/api.w.org\/{rel}","templated":true}]}}