{"id":8620,"date":"2025-12-10T01:37:54","date_gmt":"2025-12-09T17:37:54","guid":{"rendered":"https:\/\/www.balderpower.com\/?post_type=product&#038;p=8620"},"modified":"2025-12-10T22:34:06","modified_gmt":"2025-12-10T14:34:06","slug":"bateria-lifepo4-de-10-kwh-51-v-200-ah-para-montaje-en-pared","status":"publish","type":"product","link":"https:\/\/www.balderpower.com\/es\/10kwh-51-2v-200ah-wall-mounted-lifepo4-battery\/","title":{"rendered":"Bater\u00eda LiFePO4 de 10 kWh para montaje en pared | Sistema de almacenamiento de energ\u00eda dom\u00e9stico (ESS) de 51,2 V y 200 Ah"},"content":{"rendered":"<p data-start=\"2730\" data-end=\"2775\"><strong data-start=\"2730\" data-end=\"2775\">La soluci\u00f3n definitiva para bater\u00edas de respaldo para el hogar<\/strong><\/p>\n<p data-start=\"2780\" data-end=\"3039\">El <strong data-start=\"2784\" data-end=\"2835\">Bater\u00eda LiFePO4 de 10 kWh para montaje en pared de Balder Power<\/strong> est\u00e1 dise\u00f1ado para propietarios que exigen m\u00e1s. Como profesional <strong data-start=\"2900\" data-end=\"2932\">Fabricante de bater\u00edas de litio<\/strong>, Hemos optimizado este sistema de 51,2 V 200 Ah para almacenamiento de energ\u00eda solar residencial y aplicaciones fuera de la red.<\/p>\n<p data-start=\"3044\" data-end=\"3256\"><strong data-start=\"3044\" data-end=\"3081\">\u00bfPor qu\u00e9 elegir un m\u00f3dulo \u00fanico de 10kWh?<\/strong><br \/>\nInstalar una unidad de 10 kWh es m\u00e1s r\u00e1pido y eficiente que conectar en cadena dos unidades de 5 kWh. Ahorra espacio en la pared, reduce los puntos de conexi\u00f3n y simplifica la monitorizaci\u00f3n del sistema.<\/p>\n<p data-start=\"3261\" data-end=\"3278\"><strong data-start=\"3261\" data-end=\"3278\">Aplicaciones:<\/strong><\/p>\n<ul data-start=\"3281\" data-end=\"3566\">\n<li data-start=\"3281\" data-end=\"3375\">\n<p data-start=\"3285\" data-end=\"3375\"><strong data-start=\"3285\" data-end=\"3306\">Autoconsumo:<\/strong> Almacene el exceso de energ\u00eda solar durante el d\u00eda para alimentar su hogar por la noche.<\/p>\n<\/li>\n<li data-start=\"3378\" data-end=\"3477\">\n<p data-start=\"3382\" data-end=\"3477\"><strong data-start=\"3382\" data-end=\"3399\">Energ\u00eda de respaldo:<\/strong> Mantenga los electrodom\u00e9sticos esenciales (luces, refrigerador, WiFi) en funcionamiento durante los cortes de energ\u00eda.<\/p>\n<\/li>\n<li data-start=\"3480\" data-end=\"3564\">\n<p data-start=\"3484\" data-end=\"3564\"><strong data-start=\"3484\" data-end=\"3501\">Afeitado de picos:<\/strong> Descargue durante las horas punta para reducir las facturas de electricidad.<\/p>\n<\/li>\n<\/ul>\n<p data-start=\"3569\" data-end=\"3679\">Respaldado por las certificaciones UN38.3, CE y MSDS, este robusto sistema de almacenamiento de energ\u00eda est\u00e1 listo para env\u00edos globales.<\/p>","protected":false},"excerpt":{"rendered":"<ul>\n<li data-start=\"404\" data-end=\"456\">\n<p data-start=\"408\" data-end=\"456\"><strong data-start=\"408\" data-end=\"418\">Modelo:<\/strong> 51,2 V 200 Ah (10,24 kWh de energ\u00eda nominal)<\/p>\n<\/li>\n<li data-start=\"457\" data-end=\"515\">\n<p data-start=\"461\" data-end=\"515\"><strong data-start=\"461\" data-end=\"475\">Tipo de c\u00e9lula:<\/strong> Celdas prism\u00e1ticas LiFePO4 de grado A premium<\/p>\n<\/li>\n<li data-start=\"516\" data-end=\"581\">\n<p data-start=\"520\" data-end=\"581\"><strong data-start=\"520\" data-end=\"535\">Ciclo de vida:<\/strong> \u22656000 ciclos a 80% DOD (vida \u00fatil de dise\u00f1o de m\u00e1s de 15 a\u00f1os)<\/p>\n<\/li>\n<li data-start=\"582\" data-end=\"685\">\n<p data-start=\"586\" data-end=\"685\"><strong data-start=\"586\" data-end=\"603\">Protocolo BMS:<\/strong> BMS inteligente incorporado (CAN\/RS485), compatible con Victron, Deye, Growatt, SMA, etc.<\/p>\n<\/li>\n<li data-start=\"686\" data-end=\"754\">\n<p data-start=\"690\" data-end=\"754\"><strong data-start=\"690\" data-end=\"706\">Escalabilidad:<\/strong> Admite hasta 15 unidades en paralelo (m\u00e1ximo 150 kWh)<\/p>\n<\/li>\n<li data-start=\"755\" data-end=\"833\">\n<p data-start=\"759\" data-end=\"833\"><strong data-start=\"759\" data-end=\"770\">Dise\u00f1o:<\/strong> Carcasa met\u00e1lica robusta y resistente para una gesti\u00f3n t\u00e9rmica superior<\/p>\n<\/li>\n<li data-start=\"834\" data-end=\"884\">\n<p data-start=\"838\" data-end=\"884\"><strong data-start=\"838\" data-end=\"851\">Garant\u00eda:<\/strong> 5 a\u00f1os (prorrogable a 10 a\u00f1os)<\/p>\n<\/li>\n<\/ul>","protected":false},"featured_media":8605,"template":"","meta":{"_acf_changed":false,"nf_dc_page":"","site-sidebar-layout":"default","site-content-layout":"","ast-site-content-layout":"default","site-content-style":"default","site-sidebar-style":"default","ast-global-header-display":"","ast-banner-title-visibility":"","ast-main-header-display":"","ast-hfb-above-header-display":"","ast-hfb-below-header-display":"","ast-hfb-mobile-header-display":"","site-post-title":"","ast-breadcrumbs-content":"","ast-featured-img":"","footer-sml-layout":"","ast-disable-related-posts":"","theme-transparent-header-meta":"default","adv-header-id-meta":"","stick-header-meta":"default","header-above-stick-meta":"","header-main-stick-meta":"","header-below-stick-meta":"","astra-migrate-meta-layouts":"set","ast-page-background-enabled":"default","ast-page-background-meta":{"desktop":{"background-color":"","background-image":"","background-repeat":"repeat","background-position":"center center","background-size":"auto","background-attachment":"scroll","background-type":"","background-media":"","overlay-type":"","overlay-color":"","overlay-opacity":"","overlay-gradient":""},"tablet":{"background-color":"","background-image":"","background-repeat":"repeat","background-position":"center center","background-size":"auto","background-attachment":"scroll","background-type":"","background-media":"","overlay-type":"","overlay-color":"","overlay-opacity":"","overlay-gradient":""},"mobile":{"background-color":"","background-image":"","background-repeat":"repeat","background-position":"center center","background-size":"auto","background-attachment":"scroll","background-type":"","background-media":"","overlay-type":"","overlay-color":"","overlay-opacity":"","overlay-gradient":""}},"ast-content-background-meta":{"desktop":{"background-color":"var(--ast-global-color-5)","background-image":"","background-repeat":"repeat","background-position":"center center","background-size":"auto","background-attachment":"scroll","background-type":"","background-media":"","overlay-type":"","overlay-color":"","overlay-opacity":"","overlay-gradient":""},"tablet":{"background-color":"var(--ast-global-color-5)","background-image":"","background-repeat":"repeat","background-position":"center center","background-size":"auto","background-attachment":"scroll","background-type":"","background-media":"","overlay-type":"","overlay-color":"","overlay-opacity":"","overlay-gradient":""},"mobile":{"background-color":"var(--ast-global-color-5)","background-image":"","background-repeat":"repeat","background-position":"center center","background-size":"auto","background-attachment":"scroll","background-type":"","background-media":"","overlay-type":"","overlay-color":"","overlay-opacity":"","overlay-gradient":""}},"_joinchat":[]},"product_brand":[],"product_cat":[778],"product_tag":[819,822,806,820,812,821,814,811,810,817,818,815,816,794],"class_list":{"0":"post-8620","1":"product","2":"type-product","3":"status-publish","4":"has-post-thumbnail","6":"product_cat-wall-mounted-lifepo4-battery","7":"product_tag-10kwh-battery","8":"product_tag-200ah-lithium-battery","9":"product_tag-48v-lithium-battery","10":"product_tag-51-2v-200ah","11":"product_tag-deep-cycle-battery","12":"product_tag-high-capacity-battery","13":"product_tag-home-energy-storage","14":"product_tag-lfp-battery","15":"product_tag-lifepo4","16":"product_tag-off-grid-system","17":"product_tag-powerwall-alternative","18":"product_tag-residential-ess","19":"product_tag-solar-battery-backup","20":"product_tag-wall-mounted-battery","21":"desktop-align-left","22":"tablet-align-left","23":"mobile-align-left","24":"ast-product-gallery-layout-horizontal-slider","25":"ast-product-tabs-layout-horizontal","27":"first","28":"instock","29":"shipping-taxable","30":"product-type-simple"},"acf":[],"_links":{"self":[{"href":"https:\/\/www.balderpower.com\/es\/wp-json\/wp\/v2\/product\/8620","targetHints":{"allow":["GET"]}}],"collection":[{"href":"https:\/\/www.balderpower.com\/es\/wp-json\/wp\/v2\/product"}],"about":[{"href":"https:\/\/www.balderpower.com\/es\/wp-json\/wp\/v2\/types\/product"}],"version-history":[{"count":0,"href":"https:\/\/www.balderpower.com\/es\/wp-json\/wp\/v2\/product\/8620\/revisions"}],"wp:featuredmedia":[{"embeddable":true,"href":"https:\/\/www.balderpower.com\/es\/wp-json\/wp\/v2\/media\/8605"}],"wp:attachment":[{"href":"https:\/\/www.balderpower.com\/es\/wp-json\/wp\/v2\/media?parent=8620"}],"wp:term":[{"taxonomy":"product_brand","embeddable":true,"href":"https:\/\/www.balderpower.com\/es\/wp-json\/wp\/v2\/product_brand?post=8620"},{"taxonomy":"product_cat","embeddable":true,"href":"https:\/\/www.balderpower.com\/es\/wp-json\/wp\/v2\/product_cat?post=8620"},{"taxonomy":"product_tag","embeddable":true,"href":"https:\/\/www.balderpower.com\/es\/wp-json\/wp\/v2\/product_tag?post=8620"}],"curies":[{"name":"wp","href":"https:\/\/api.w.org\/{rel}","templated":true}]}}