{"id":4750,"date":"2022-11-17T15:11:49","date_gmt":"2022-11-17T07:11:49","guid":{"rendered":"https:\/\/gjt.lpf.mybluehost.me\/website_cd5134ed\/?post_type=product&#038;p=4750"},"modified":"2026-03-06T15:52:37","modified_gmt":"2026-03-06T07:52:37","slug":"bateria-a1382-para-macbook-pro-de-15-pulgadas-a1286-al-por-mayor","status":"publish","type":"product","link":"https:\/\/www.balderpower.com\/es\/a1382-battery-macbook-pro-15-inch-a1286-wholesale\/","title":{"rendered":"Bater\u00eda A1382 para MacBook Pro de 15\u2033 A1286 (2011-2012) | Venta al por mayor de f\u00e1brica"},"content":{"rendered":"<h2 data-start=\"2273\" data-end=\"2350\">Bater\u00eda de repuesto profesional A1382 para MacBook Pro de 15 pulgadas (2011-2012)<\/h2>\n<p data-start=\"2352\" data-end=\"2647\">Restaure la potencia de la cl\u00e1sica estaci\u00f3n de trabajo Unibody con Balder Power <strong data-start=\"2425\" data-end=\"2442\">Bater\u00eda A1382<\/strong>. Dise\u00f1ado espec\u00edficamente para el <strong data-start=\"2476\" data-end=\"2550\">MacBook Pro de 15 pulgadas A1286 (modelos de principios de 2011, finales de 2011 y mediados de 2012)<\/strong>, Esta bater\u00eda es la soluci\u00f3n definitiva para solucionar advertencias de \u201cBater\u00eda de servicio\u201d y tiempos de funcionamiento cortos.<\/p>\n<p data-start=\"2649\" data-end=\"3053\">Como l\u00edder <strong data-start=\"2662\" data-end=\"2690\">Bater\u00eda para port\u00e1til al por mayor<\/strong> Fabricante en China, priorizamos la estabilidad y la durabilidad. A diferencia de las bater\u00edas de repuesto econ\u00f3micas que se degradan en cuesti\u00f3n de meses, nuestra bater\u00eda de repuesto A1382 utiliza <strong data-start=\"2848\" data-end=\"2881\">Celdas de pol\u00edmero de litio de grado A<\/strong> para que coincida con la especificaci\u00f3n original de Apple de <strong data-start=\"2927\" data-end=\"2947\">77,5 Wh (7200 mAh)<\/strong>. Esto garantiza que sus clientes obtengan la duraci\u00f3n de bater\u00eda que esperan para trabajos de edici\u00f3n de video, codificaci\u00f3n y dise\u00f1o.<\/p>\n<h3 data-start=\"6529\" data-end=\"6578\">Lista de compatibilidad (consultar antes de realizar el pedido)<\/h3>\n<p data-start=\"6580\" data-end=\"6709\"><em data-start=\"6580\" data-end=\"6709\">Atenci\u00f3n: Esta bater\u00eda es compatible <strong data-start=\"6610\" data-end=\"6629\">A1286 2011-2012<\/strong> Solo modelos. NO es compatible con los modelos A1286 2009\/2010 (que usan bater\u00eda A1321).<\/em><\/p>\n<p data-start=\"6711\" data-end=\"6753\"><strong data-start=\"6711\" data-end=\"6753\">Modelos compatibles de MacBook Pro de 15 pulgadas:<\/strong><\/p>\n<ul data-start=\"6754\" data-end=\"6925\">\n<li data-start=\"6754\" data-end=\"6794\">\n<p data-start=\"6758\" data-end=\"6794\"><strong data-start=\"6758\" data-end=\"6773\">Principios de 2011:<\/strong> MC721LL\/A, MC723LL\/A<\/p>\n<\/li>\n<li data-start=\"6795\" data-end=\"6834\">\n<p data-start=\"6799\" data-end=\"6834\"><strong data-start=\"6799\" data-end=\"6813\">Finales de 2011:<\/strong> MD318LL\/A, MD322LL\/A<\/p>\n<\/li>\n<li data-start=\"6835\" data-end=\"6873\">\n<p data-start=\"6839\" data-end=\"6873\"><strong data-start=\"6839\" data-end=\"6852\">Mediados de 2012:<\/strong> MD103LL\/A, MD104LL\/A<\/p>\n<\/li>\n<li data-start=\"6874\" data-end=\"6925\">\n<p data-start=\"6878\" data-end=\"6925\"><strong data-start=\"6878\" data-end=\"6896\">Modelo de m\u00e1quina:<\/strong> A1286 (EMC 2417, 2563, 2556)<\/p>\n<\/li>\n<\/ul>","protected":false},"excerpt":{"rendered":"<ul>\n<li data-start=\"1585\" data-end=\"1766\">\n<p data-start=\"1589\" data-end=\"1766\"><strong data-start=\"1589\" data-end=\"1766\">Bater\u00eda A1382 de alto rendimiento de 77,5 Wh para MacBook Pro de 15\u2033 A1286 (2011-2012) con celdas de pol\u00edmero de grado A. Precio de venta al por mayor directo de f\u00e1brica con certificaci\u00f3n de calidad ISO 9001.<\/strong><\/p>\n<\/li>\n<li data-start=\"1767\" data-end=\"1829\">\n<p data-start=\"1771\" data-end=\"1829\"><strong data-start=\"1771\" data-end=\"1789\">Capacidad real:<\/strong> 7200 mAh \/ 77,5 Wh (capacidad nominal real).<\/p>\n<\/li>\n<li data-start=\"1830\" data-end=\"1882\">\n<p data-start=\"1834\" data-end=\"1882\"><strong data-start=\"1834\" data-end=\"1846\">Voltaje:<\/strong> 10,95 V (salida estable para Core i7).<\/p>\n<\/li>\n<li data-start=\"1883\" data-end=\"1967\">\n<p data-start=\"1887\" data-end=\"1967\"><strong data-start=\"1887\" data-end=\"1905\">Compatibilidad:<\/strong> Compatible con MacBook Pro 15\u2033 Unibody principios de 2011, finales de 2011, mediados de 2012.<\/p>\n<\/li>\n<li data-start=\"1968\" data-end=\"2033\">\n<p data-start=\"1972\" data-end=\"2033\"><strong data-start=\"1972\" data-end=\"1986\">Tipo de c\u00e9lula:<\/strong> Pol\u00edmero de litio de primera calidad (ciclo cero, a base de cobalto).<\/p>\n<\/li>\n<li data-start=\"2034\" data-end=\"2111\">\n<p data-start=\"2038\" data-end=\"2111\"><strong data-start=\"2038\" data-end=\"2054\">Servicio B2B:<\/strong> MOQ bajo, etiquetado OEM, env\u00edo r\u00e1pido (certificado UN38.3).<\/p>\n<\/li>\n<li data-start=\"2112\" data-end=\"2177\">\n<p data-start=\"2116\" data-end=\"2177\"><strong data-start=\"2116\" data-end=\"2129\">Garant\u00eda:<\/strong> Garant\u00eda de reemplazo de 12 meses para mayoristas.<\/p>\n<\/li>\n<\/ul>","protected":false},"featured_media":10796,"template":"","meta":{"_acf_changed":false,"nf_dc_page":"","site-sidebar-layout":"default","site-content-layout":"default","ast-site-content-layout":"default","site-content-style":"default","site-sidebar-style":"default","ast-global-header-display":"","ast-banner-title-visibility":"","ast-main-header-display":"","ast-hfb-above-header-display":"","ast-hfb-below-header-display":"","ast-hfb-mobile-header-display":"","site-post-title":"","ast-breadcrumbs-content":"","ast-featured-img":"","footer-sml-layout":"","ast-disable-related-posts":"","theme-transparent-header-meta":"default","adv-header-id-meta":"","stick-header-meta":"default","header-above-stick-meta":"","header-main-stick-meta":"","header-below-stick-meta":"","astra-migrate-meta-layouts":"set","ast-page-background-enabled":"default","ast-page-background-meta":{"desktop":{"background-color":"","background-image":"","background-repeat":"repeat","background-position":"center center","background-size":"auto","background-attachment":"scroll","background-type":"","background-media":"","overlay-type":"","overlay-color":"","overlay-opacity":"","overlay-gradient":""},"tablet":{"background-color":"","background-image":"","background-repeat":"repeat","background-position":"center center","background-size":"auto","background-attachment":"scroll","background-type":"","background-media":"","overlay-type":"","overlay-color":"","overlay-opacity":"","overlay-gradient":""},"mobile":{"background-color":"","background-image":"","background-repeat":"repeat","background-position":"center center","background-size":"auto","background-attachment":"scroll","background-type":"","background-media":"","overlay-type":"","overlay-color":"","overlay-opacity":"","overlay-gradient":""}},"ast-content-background-meta":{"desktop":{"background-color":"var(--ast-global-color-5)","background-image":"","background-repeat":"repeat","background-position":"center center","background-size":"auto","background-attachment":"scroll","background-type":"","background-media":"","overlay-type":"","overlay-color":"","overlay-opacity":"","overlay-gradient":""},"tablet":{"background-color":"var(--ast-global-color-5)","background-image":"","background-repeat":"repeat","background-position":"center center","background-size":"auto","background-attachment":"scroll","background-type":"","background-media":"","overlay-type":"","overlay-color":"","overlay-opacity":"","overlay-gradient":""},"mobile":{"background-color":"var(--ast-global-color-5)","background-image":"","background-repeat":"repeat","background-position":"center center","background-size":"auto","background-attachment":"scroll","background-type":"","background-media":"","overlay-type":"","overlay-color":"","overlay-opacity":"","overlay-gradient":""}},"_joinchat":[]},"product_brand":[],"product_cat":[125],"product_tag":[455,146,454,147,1030,1224,457,1032,456,1034,148,453,1033,451,1035,145,1031],"class_list":{"0":"post-4750","1":"product","2":"type-product","3":"status-publish","4":"has-post-thumbnail","6":"product_cat-macbook-battery-wholesale-china","7":"product_tag-10-95v-77-5wh-laptop-battery","8":"product_tag-10-95v-laptop-battery","9":"product_tag-a1286-replacement-battery","10":"product_tag-a1382-battery","11":"product_tag-a1382-manufacturer","12":"product_tag-apple","13":"product_tag-bulk-li-polymer-battery","14":"product_tag-factory-direct-price","15":"product_tag-factory-wholesale-apple-battery","16":"product_tag-it-repair-shop-supply","17":"product_tag-macbook-a1286-battery","18":"product_tag-macbook-a1382-battery","19":"product_tag-macbook-pro-refurbishing","20":"product_tag-no-moq-macbook-battery","21":"product_tag-school-laptop-maintenance","22":"product_tag-wholesale-10-95v-77-5wh-laptop-battery-for-macbook-a1382-a1286","23":"product_tag-wholesale-macbook-parts","24":"desktop-align-left","25":"tablet-align-left","26":"mobile-align-left","27":"ast-product-gallery-layout-horizontal-slider","28":"ast-product-tabs-layout-horizontal","30":"first","31":"instock","32":"shipping-taxable","33":"purchasable","34":"product-type-simple"},"acf":[],"_links":{"self":[{"href":"https:\/\/www.balderpower.com\/es\/wp-json\/wp\/v2\/product\/4750","targetHints":{"allow":["GET"]}}],"collection":[{"href":"https:\/\/www.balderpower.com\/es\/wp-json\/wp\/v2\/product"}],"about":[{"href":"https:\/\/www.balderpower.com\/es\/wp-json\/wp\/v2\/types\/product"}],"version-history":[{"count":4,"href":"https:\/\/www.balderpower.com\/es\/wp-json\/wp\/v2\/product\/4750\/revisions"}],"predecessor-version":[{"id":10805,"href":"https:\/\/www.balderpower.com\/es\/wp-json\/wp\/v2\/product\/4750\/revisions\/10805"}],"wp:featuredmedia":[{"embeddable":true,"href":"https:\/\/www.balderpower.com\/es\/wp-json\/wp\/v2\/media\/10796"}],"wp:attachment":[{"href":"https:\/\/www.balderpower.com\/es\/wp-json\/wp\/v2\/media?parent=4750"}],"wp:term":[{"taxonomy":"product_brand","embeddable":true,"href":"https:\/\/www.balderpower.com\/es\/wp-json\/wp\/v2\/product_brand?post=4750"},{"taxonomy":"product_cat","embeddable":true,"href":"https:\/\/www.balderpower.com\/es\/wp-json\/wp\/v2\/product_cat?post=4750"},{"taxonomy":"product_tag","embeddable":true,"href":"https:\/\/www.balderpower.com\/es\/wp-json\/wp\/v2\/product_tag?post=4750"}],"curies":[{"name":"wp","href":"https:\/\/api.w.org\/{rel}","templated":true}]}}