{"id":4724,"date":"2022-11-17T09:21:41","date_gmt":"2022-11-17T01:21:41","guid":{"rendered":"https:\/\/gjt.lpf.mybluehost.me\/website_cd5134ed\/?post_type=product&#038;p=4724"},"modified":"2026-03-06T15:52:42","modified_gmt":"2026-03-06T07:52:42","slug":"bateria-a1383-para-macbook-pro-de-17-pulgadas-a1297-al-por-mayor","status":"publish","type":"product","link":"https:\/\/www.balderpower.com\/es\/a1383-battery-macbook-pro-17-inch-a1297-wholesale\/","title":{"rendered":"Bater\u00eda A1383 para MacBook Pro de 17\u2033 A1297 (principios\/finales de 2011) | Venta al por mayor de f\u00e1brica"},"content":{"rendered":"<h2 data-start=\"2241\" data-end=\"2308\">Bater\u00eda de repuesto Premium A1383 para MacBook Pro de 17 pulgadas (2011)<\/h2>\n<p data-start=\"2310\" data-end=\"2565\">Revitalice la cl\u00e1sica estaci\u00f3n de trabajo de 17 pulgadas con Balder Power <strong data-start=\"2373\" data-end=\"2390\">Bater\u00eda A1383<\/strong>. Dise\u00f1ado espec\u00edficamente para el <strong data-start=\"2422\" data-end=\"2491\">MacBook Pro 17\u2033 Unibody A1297 (versiones de principios y finales de 2011)<\/strong>, Esta bater\u00eda restaura el rendimiento de f\u00e1brica de la computadora port\u00e1til m\u00e1s grande de Apple.<\/p>\n<p data-start=\"2567\" data-end=\"2919\">Como especialista <strong data-start=\"2584\" data-end=\"2612\">Bater\u00eda para port\u00e1til al por mayor<\/strong> Fabricante, entendemos que los usuarios de A1297 requieren una potencia constante para renderizado y procesamiento intensivo. A diferencia de las alternativas econ\u00f3micas que se degradan r\u00e1pidamente, nuestra <strong data-start=\"2771\" data-end=\"2800\">Reemplazo de bater\u00eda A1383<\/strong> Utiliza c\u00e9lulas de pol\u00edmero de alta densidad para que coincidan con las originales. <strong data-start=\"2855\" data-end=\"2863\">95 Wh<\/strong> Especificaci\u00f3n, garantizando confiabilidad de nivel profesional.<\/p>\n<h3 data-start=\"6211\" data-end=\"6255\">\ud83d\udcbb Lista de compatibilidad (Verifique su modelo)<\/h3>\n<p data-start=\"6257\" data-end=\"6365\"><em data-start=\"6257\" data-end=\"6365\">Importante: Esta bater\u00eda es S\u00d3LO para modelos 2011. NO es compatible con los modelos A1297 2009\/2010 (que usan A1309).<\/em><\/p>\n<p data-start=\"6367\" data-end=\"6409\"><strong data-start=\"6367\" data-end=\"6409\">Modelos compatibles de MacBook Pro de 17 pulgadas:<\/strong><\/p>\n<ul data-start=\"6410\" data-end=\"6644\">\n<li data-start=\"6410\" data-end=\"6495\">\n<p data-start=\"6414\" data-end=\"6495\"><strong data-start=\"6414\" data-end=\"6445\">MacBook Pro 17\u2033 principios de 2011:<\/strong> MC725LL\/A, MC725*\/A, MC725B\/A, MC725J\/A, MC725E\/A<\/p>\n<\/li>\n<li data-start=\"6496\" data-end=\"6580\">\n<p data-start=\"6500\" data-end=\"6580\"><strong data-start=\"6500\" data-end=\"6530\">MacBook Pro 17\u2033 finales de 2011:<\/strong> MD311LL\/A, MD311*\/A, MD311B\/A, MD311J\/A, MD311E\/A<\/p>\n<\/li>\n<li data-start=\"6581\" data-end=\"6644\">\n<p data-start=\"6585\" data-end=\"6644\"><strong data-start=\"6585\" data-end=\"6609\">N\u00famero de modelo del dispositivo:<\/strong> A1297 (Verifique EMC 2352-1, EMC 2564)<\/p>\n<\/li>\n<\/ul>","protected":false},"excerpt":{"rendered":"<ul>\n<li data-start=\"1551\" data-end=\"1730\">\n<p data-start=\"1555\" data-end=\"1730\"><strong data-start=\"1555\" data-end=\"1730\">Bater\u00eda A1383 de alta capacidad de 95 Wh para MacBook Pro de 17\u2033 A1297 (principios\/finales de 2011) con celdas de pol\u00edmero de nivel 1. Precio de f\u00e1brica al por mayor con certificaci\u00f3n ISO9001 y 12 meses de garant\u00eda.<\/strong><\/p>\n<\/li>\n<li data-start=\"1731\" data-end=\"1809\">\n<p data-start=\"1735\" data-end=\"1809\"><strong data-start=\"1735\" data-end=\"1748\">Capacidad:<\/strong> Verdaderos 95 Wh \/ 8436 mAh (alto rendimiento para estaciones de trabajo de 17\u2033).<\/p>\n<\/li>\n<li data-start=\"1810\" data-end=\"1850\">\n<p data-start=\"1814\" data-end=\"1850\"><strong data-start=\"1814\" data-end=\"1826\">Voltaje:<\/strong> 10,95 V (salida estable).<\/p>\n<\/li>\n<li data-start=\"1851\" data-end=\"1903\">\n<p data-start=\"1855\" data-end=\"1903\"><strong data-start=\"1855\" data-end=\"1870\">Grado celular:<\/strong> Pol\u00edmero de litio de grado A (ciclo cero).<\/p>\n<\/li>\n<li data-start=\"1904\" data-end=\"2001\">\n<p data-start=\"1908\" data-end=\"2001\"><strong data-start=\"1908\" data-end=\"1926\">Compatibilidad:<\/strong> Exclusivo para MacBook Pro Unibody de 17 pulgadas <strong data-start=\"1969\" data-end=\"1984\">Modelos 2011<\/strong> (MC725\/MD311).<\/p>\n<\/li>\n<li data-start=\"2002\" data-end=\"2066\">\n<p data-start=\"2006\" data-end=\"2066\"><strong data-start=\"2006\" data-end=\"2017\">Seguridad:<\/strong> Protecci\u00f3n incorporada contra sobrecarga y cortocircuito.<\/p>\n<\/li>\n<li data-start=\"2067\" data-end=\"2145\">\n<p data-start=\"2071\" data-end=\"2145\"><strong data-start=\"2071\" data-end=\"2092\">Soporte empresarial:<\/strong> Precios al por mayor, env\u00edo a granel (certificado UN38.3).<\/p>\n<\/li>\n<\/ul>\n<p>&nbsp;<\/p>\n<div id=\"gtx-trans\" style=\"position: absolute; left: -166px; top: -3px;\">\n<div class=\"gtx-trans-icon\"><\/div>\n<\/div>","protected":false},"featured_media":10780,"template":"","meta":{"_acf_changed":false,"nf_dc_page":"","site-sidebar-layout":"default","site-content-layout":"default","ast-site-content-layout":"default","site-content-style":"default","site-sidebar-style":"default","ast-global-header-display":"","ast-banner-title-visibility":"","ast-main-header-display":"","ast-hfb-above-header-display":"","ast-hfb-below-header-display":"","ast-hfb-mobile-header-display":"","site-post-title":"","ast-breadcrumbs-content":"","ast-featured-img":"","footer-sml-layout":"","ast-disable-related-posts":"","theme-transparent-header-meta":"default","adv-header-id-meta":"","stick-header-meta":"default","header-above-stick-meta":"","header-main-stick-meta":"","header-below-stick-meta":"","astra-migrate-meta-layouts":"set","ast-page-background-enabled":"default","ast-page-background-meta":{"desktop":{"background-color":"","background-image":"","background-repeat":"repeat","background-position":"center center","background-size":"auto","background-attachment":"scroll","background-type":"","background-media":"","overlay-type":"","overlay-color":"","overlay-opacity":"","overlay-gradient":""},"tablet":{"background-color":"","background-image":"","background-repeat":"repeat","background-position":"center center","background-size":"auto","background-attachment":"scroll","background-type":"","background-media":"","overlay-type":"","overlay-color":"","overlay-opacity":"","overlay-gradient":""},"mobile":{"background-color":"","background-image":"","background-repeat":"repeat","background-position":"center center","background-size":"auto","background-attachment":"scroll","background-type":"","background-media":"","overlay-type":"","overlay-color":"","overlay-opacity":"","overlay-gradient":""}},"ast-content-background-meta":{"desktop":{"background-color":"var(--ast-global-color-5)","background-image":"","background-repeat":"repeat","background-position":"center center","background-size":"auto","background-attachment":"scroll","background-type":"","background-media":"","overlay-type":"","overlay-color":"","overlay-opacity":"","overlay-gradient":""},"tablet":{"background-color":"var(--ast-global-color-5)","background-image":"","background-repeat":"repeat","background-position":"center center","background-size":"auto","background-attachment":"scroll","background-type":"","background-media":"","overlay-type":"","overlay-color":"","overlay-opacity":"","overlay-gradient":""},"mobile":{"background-color":"var(--ast-global-color-5)","background-image":"","background-repeat":"repeat","background-position":"center center","background-size":"auto","background-attachment":"scroll","background-type":"","background-media":"","overlay-type":"","overlay-color":"","overlay-opacity":"","overlay-gradient":""}},"_joinchat":[]},"product_brand":[],"product_cat":[125],"product_tag":[470,142,467,1027,1224,256,141,466,1028,419,469,1029,367,468],"class_list":{"0":"post-4724","1":"product","2":"type-product","3":"status-publish","4":"has-post-thumbnail","6":"product_cat-macbook-battery-wholesale-china","7":"product_tag-8650mah-macbook-battery","8":"product_tag-a1383-battery","9":"product_tag-a1383-laptop-battery","10":"product_tag-a1383-wholesale","11":"product_tag-apple","12":"product_tag-bulk-laptop-batteries","13":"product_tag-laptop-battery-for-macbook-a1297-a1383","14":"product_tag-macbook-pro-a1297-battery","15":"product_tag-macbook-pro-battery-factory","16":"product_tag-no-moq-battery-supplier","17":"product_tag-oem-custom-battery","18":"product_tag-repair-parts-supplier","19":"product_tag-repair-shop-battery-supplier","20":"product_tag-wholesale-battery-factory-price","21":"desktop-align-left","22":"tablet-align-left","23":"mobile-align-left","24":"ast-product-gallery-layout-horizontal-slider","25":"ast-product-tabs-layout-horizontal","27":"first","28":"instock","29":"shipping-taxable","30":"purchasable","31":"product-type-simple"},"acf":[],"_links":{"self":[{"href":"https:\/\/www.balderpower.com\/es\/wp-json\/wp\/v2\/product\/4724","targetHints":{"allow":["GET"]}}],"collection":[{"href":"https:\/\/www.balderpower.com\/es\/wp-json\/wp\/v2\/product"}],"about":[{"href":"https:\/\/www.balderpower.com\/es\/wp-json\/wp\/v2\/types\/product"}],"version-history":[{"count":4,"href":"https:\/\/www.balderpower.com\/es\/wp-json\/wp\/v2\/product\/4724\/revisions"}],"predecessor-version":[{"id":10791,"href":"https:\/\/www.balderpower.com\/es\/wp-json\/wp\/v2\/product\/4724\/revisions\/10791"}],"wp:featuredmedia":[{"embeddable":true,"href":"https:\/\/www.balderpower.com\/es\/wp-json\/wp\/v2\/media\/10780"}],"wp:attachment":[{"href":"https:\/\/www.balderpower.com\/es\/wp-json\/wp\/v2\/media?parent=4724"}],"wp:term":[{"taxonomy":"product_brand","embeddable":true,"href":"https:\/\/www.balderpower.com\/es\/wp-json\/wp\/v2\/product_brand?post=4724"},{"taxonomy":"product_cat","embeddable":true,"href":"https:\/\/www.balderpower.com\/es\/wp-json\/wp\/v2\/product_cat?post=4724"},{"taxonomy":"product_tag","embeddable":true,"href":"https:\/\/www.balderpower.com\/es\/wp-json\/wp\/v2\/product_tag?post=4724"}],"curies":[{"name":"wp","href":"https:\/\/api.w.org\/{rel}","templated":true}]}}