{"id":4706,"date":"2022-11-15T21:16:55","date_gmt":"2022-11-15T13:16:55","guid":{"rendered":"https:\/\/gjt.lpf.mybluehost.me\/website_cd5134ed\/?post_type=product&#038;p=4706"},"modified":"2026-03-06T15:52:44","modified_gmt":"2026-03-06T07:52:44","slug":"bateria-a1406-a1495-para-macbook-air-de-11-pulgadas-al-por-mayor","status":"publish","type":"product","link":"https:\/\/www.balderpower.com\/es\/a1406-a1495-battery-macbook-air-11-inch-wholesale\/","title":{"rendered":"Bater\u00eda A1406 A1495 para MacBook Air de 11 pulgadas (A1370\/A1465) | Venta directa de f\u00e1brica"},"content":{"rendered":"<h2 data-start=\"2353\" data-end=\"2424\">Bater\u00eda de repuesto profesional para MacBook Air de 11 pulgadas (2011-2015)<\/h2>\n<p data-start=\"2426\" data-end=\"2753\">Buscando un confiable <strong data-start=\"2449\" data-end=\"2479\">Fabricante de bater\u00edas A1370<\/strong> \u00bfO proveedor para su negocio de reparaciones? Balder Power ofrece alto rendimiento. <strong data-start=\"2557\" data-end=\"2598\">Bater\u00eda A1406 para MacBook Air de 11 pulgadas<\/strong> y el modelo A1495 compatible. Dise\u00f1adas para una larga vida \u00fatil y estabilidad, nuestras bater\u00edas son la opci\u00f3n preferida por mayoristas y cadenas de reparaci\u00f3n de todo el mundo.<\/p>\n<p data-start=\"2755\" data-end=\"2956\">A diferencia de las bater\u00edas gen\u00e9ricas baratas, nuestros productos utilizan <strong data-start=\"2808\" data-end=\"2833\">C\u00e9lulas de pol\u00edmero de grado A<\/strong> y chips de gesti\u00f3n TI importados, lo que garantiza una compatibilidad perfecta con el \u00faltimo macOS de Apple sin advertencias ni apagados.<\/p>\n<h3 data-start=\"6639\" data-end=\"6673\">\ud83d\udcbb Lista detallada de compatibilidad<\/h3>\n<p data-start=\"6674\" data-end=\"6750\"><em data-start=\"6674\" data-end=\"6750\">Verifique el n\u00famero de modelo de su dispositivo en la carcasa inferior de su MacBook.<\/em><\/p>\n<p data-start=\"6752\" data-end=\"6794\"><strong data-start=\"6752\" data-end=\"6794\">Modelos compatibles de MacBook Air de 11 pulgadas:<\/strong><\/p>\n<ul data-start=\"6795\" data-end=\"7033\">\n<li data-start=\"6795\" data-end=\"6841\">\n<p data-start=\"6799\" data-end=\"6841\"><strong data-start=\"6799\" data-end=\"6820\">Mediados de 2011 (A1370):<\/strong> MC968xx\/A, MC969xx\/A<\/p>\n<\/li>\n<li data-start=\"6842\" data-end=\"6888\">\n<p data-start=\"6846\" data-end=\"6888\"><strong data-start=\"6846\" data-end=\"6867\">Mediados de 2012 (A1465):<\/strong> MD223xx\/A, MD224xx\/A<\/p>\n<\/li>\n<li data-start=\"6889\" data-end=\"6935\">\n<p data-start=\"6893\" data-end=\"6935\"><strong data-start=\"6893\" data-end=\"6914\">Mediados de 2013 (A1465):<\/strong> MD711xx\/A, MD712xx\/A<\/p>\n<\/li>\n<li data-start=\"6936\" data-end=\"6984\">\n<p data-start=\"6940\" data-end=\"6984\"><strong data-start=\"6940\" data-end=\"6963\">Principios de 2014 (A1465):<\/strong> MD711xx\/B, MD712xx\/B<\/p>\n<\/li>\n<li data-start=\"6985\" data-end=\"7033\">\n<p data-start=\"6989\" data-end=\"7033\"><strong data-start=\"6989\" data-end=\"7012\">Principios de 2015 (A1465):<\/strong> MJVM2xx\/A, MJVP2xx\/A<\/p>\n<\/li>\n<\/ul>","protected":false},"excerpt":{"rendered":"<ul>\n<li data-start=\"1619\" data-end=\"1817\">\n<p data-start=\"1623\" data-end=\"1817\"><strong data-start=\"1623\" data-end=\"1817\">Bater\u00eda premium A1406 A1495 para MacBook Air de 11 pulgadas (A1370\/A1465) con celdas de ciclo cero y chips TI IC para un rendimiento m\u00e1ximo. Precio de venta al por mayor directo de f\u00e1brica con certificaci\u00f3n ISO9001.<\/strong><\/p>\n<\/li>\n<li data-start=\"1818\" data-end=\"1885\">\n<p data-start=\"1822\" data-end=\"1885\"><strong data-start=\"1822\" data-end=\"1835\">Capacidad:<\/strong> Bater\u00eda real de 35 Wh\/4680 mAh (celdas de pol\u00edmero de alta densidad).<\/p>\n<\/li>\n<li data-start=\"1886\" data-end=\"1938\">\n<p data-start=\"1890\" data-end=\"1938\"><strong data-start=\"1890\" data-end=\"1902\">Voltaje:<\/strong> Compatible con 7,3 V\/7,6 V (BMS inteligente).<\/p>\n<\/li>\n<li data-start=\"1939\" data-end=\"2022\">\n<p data-start=\"1943\" data-end=\"2022\"><strong data-start=\"1943\" data-end=\"1961\">Compatibilidad:<\/strong> Compatible con MacBook Air de 11\u2033 de mediados de 2011 a principios de 2015 (A1370 \/ A1465).<\/p>\n<\/li>\n<li data-start=\"2023\" data-end=\"2109\">\n<p data-start=\"2027\" data-end=\"2109\"><strong data-start=\"2027\" data-end=\"2045\">Grado de calidad:<\/strong> Est\u00e1ndar OEM con IC de Texas Instruments (TI) para tasa de defectos 0%.<\/p>\n<\/li>\n<li data-start=\"2110\" data-end=\"2204\">\n<p data-start=\"2114\" data-end=\"2204\"><strong data-start=\"2114\" data-end=\"2130\">Servicio B2B:<\/strong> MOQ bajo, etiquetado personalizado disponible, env\u00edo directo desde la f\u00e1brica de Dongguan.<\/p>\n<\/li>\n<li data-start=\"2205\" data-end=\"2257\">\n<p data-start=\"2209\" data-end=\"2257\"><strong data-start=\"2209\" data-end=\"2228\">Certificaciones:<\/strong> CE, FCC, RoHS, UN38.3, Hoja de datos de seguridad.<\/p>\n<\/li>\n<\/ul>\n<div id=\"gtx-trans\" style=\"position: absolute; left: 596px; top: 225.516px;\">\n<div class=\"gtx-trans-icon\"><\/div>\n<\/div>","protected":false},"featured_media":10762,"template":"","meta":{"_acf_changed":false,"nf_dc_page":"","site-sidebar-layout":"default","site-content-layout":"default","ast-site-content-layout":"default","site-content-style":"default","site-sidebar-style":"default","ast-global-header-display":"","ast-banner-title-visibility":"","ast-main-header-display":"","ast-hfb-above-header-display":"","ast-hfb-below-header-display":"","ast-hfb-mobile-header-display":"","site-post-title":"","ast-breadcrumbs-content":"","ast-featured-img":"","footer-sml-layout":"","ast-disable-related-posts":"","theme-transparent-header-meta":"default","adv-header-id-meta":"","stick-header-meta":"default","header-above-stick-meta":"","header-main-stick-meta":"","header-below-stick-meta":"","astra-migrate-meta-layouts":"set","ast-page-background-enabled":"default","ast-page-background-meta":{"desktop":{"background-color":"","background-image":"","background-repeat":"repeat","background-position":"center center","background-size":"auto","background-attachment":"scroll","background-type":"","background-media":"","overlay-type":"","overlay-color":"","overlay-opacity":"","overlay-gradient":""},"tablet":{"background-color":"","background-image":"","background-repeat":"repeat","background-position":"center center","background-size":"auto","background-attachment":"scroll","background-type":"","background-media":"","overlay-type":"","overlay-color":"","overlay-opacity":"","overlay-gradient":""},"mobile":{"background-color":"","background-image":"","background-repeat":"repeat","background-position":"center center","background-size":"auto","background-attachment":"scroll","background-type":"","background-media":"","overlay-type":"","overlay-color":"","overlay-opacity":"","overlay-gradient":""}},"ast-content-background-meta":{"desktop":{"background-color":"var(--ast-global-color-5)","background-image":"","background-repeat":"repeat","background-position":"center center","background-size":"auto","background-attachment":"scroll","background-type":"","background-media":"","overlay-type":"","overlay-color":"","overlay-opacity":"","overlay-gradient":""},"tablet":{"background-color":"var(--ast-global-color-5)","background-image":"","background-repeat":"repeat","background-position":"center center","background-size":"auto","background-attachment":"scroll","background-type":"","background-media":"","overlay-type":"","overlay-color":"","overlay-opacity":"","overlay-gradient":""},"mobile":{"background-color":"var(--ast-global-color-5)","background-image":"","background-repeat":"repeat","background-position":"center center","background-size":"auto","background-attachment":"scroll","background-type":"","background-media":"","overlay-type":"","overlay-color":"","overlay-opacity":"","overlay-gradient":""}},"_joinchat":[]},"product_brand":[],"product_cat":[125],"product_tag":[1224,139,866,1023,1026,462,1022,1025,140,1024,1021],"class_list":{"0":"post-4706","1":"product","2":"type-product","3":"status-publish","4":"has-post-thumbnail","6":"product_cat-macbook-battery-wholesale-china","7":"product_tag-apple","8":"product_tag-battery-for-a1406","9":"product_tag-bulk-order","10":"product_tag-computer-repair-shop","11":"product_tag-electronics-distributor","12":"product_tag-factory-direct","13":"product_tag-oem-available","14":"product_tag-refurbished-laptop-market","15":"product_tag-replacement-battery-for-macbook-a1465","16":"product_tag-school-education-deployment","17":"product_tag-wholesale-macbook-battery","18":"desktop-align-left","19":"tablet-align-left","20":"mobile-align-left","21":"ast-product-gallery-layout-horizontal-slider","22":"ast-product-tabs-layout-horizontal","24":"first","25":"instock","26":"shipping-taxable","27":"purchasable","28":"product-type-simple"},"acf":[],"_links":{"self":[{"href":"https:\/\/www.balderpower.com\/es\/wp-json\/wp\/v2\/product\/4706","targetHints":{"allow":["GET"]}}],"collection":[{"href":"https:\/\/www.balderpower.com\/es\/wp-json\/wp\/v2\/product"}],"about":[{"href":"https:\/\/www.balderpower.com\/es\/wp-json\/wp\/v2\/types\/product"}],"version-history":[{"count":4,"href":"https:\/\/www.balderpower.com\/es\/wp-json\/wp\/v2\/product\/4706\/revisions"}],"predecessor-version":[{"id":10761,"href":"https:\/\/www.balderpower.com\/es\/wp-json\/wp\/v2\/product\/4706\/revisions\/10761"}],"wp:featuredmedia":[{"embeddable":true,"href":"https:\/\/www.balderpower.com\/es\/wp-json\/wp\/v2\/media\/10762"}],"wp:attachment":[{"href":"https:\/\/www.balderpower.com\/es\/wp-json\/wp\/v2\/media?parent=4706"}],"wp:term":[{"taxonomy":"product_brand","embeddable":true,"href":"https:\/\/www.balderpower.com\/es\/wp-json\/wp\/v2\/product_brand?post=4706"},{"taxonomy":"product_cat","embeddable":true,"href":"https:\/\/www.balderpower.com\/es\/wp-json\/wp\/v2\/product_cat?post=4706"},{"taxonomy":"product_tag","embeddable":true,"href":"https:\/\/www.balderpower.com\/es\/wp-json\/wp\/v2\/product_tag?post=4706"}],"curies":[{"name":"wp","href":"https:\/\/api.w.org\/{rel}","templated":true}]}}