{"id":4697,"date":"2022-11-15T20:52:20","date_gmt":"2022-11-15T12:52:20","guid":{"rendered":"https:\/\/gjt.lpf.mybluehost.me\/website_cd5134ed\/?post_type=product&#038;p=4697"},"modified":"2026-03-06T15:52:50","modified_gmt":"2026-03-06T07:52:50","slug":"reemplazo-de-bateria-a1375-para-macbook-air-11-a1370","status":"publish","type":"product","link":"https:\/\/www.balderpower.com\/es\/a1375-battery-replacement-macbook-air-11-a1370\/","title":{"rendered":"Bater\u00eda de repuesto A1375 para MacBook Air de 11\u2033 (finales de 2010) A1370 \u2013 Venta al por mayor de f\u00e1brica"},"content":{"rendered":"<p data-path-to-node=\"21\"><b data-path-to-node=\"21\" data-index-in-node=\"0\">Revitalice la MacBook Air de sus clientes con potencia de grado industrial<\/b><\/p>\n<p data-path-to-node=\"22\">Como un dedicado <b data-path-to-node=\"22\" data-index-in-node=\"15\">Proveedor mayorista de bater\u00edas para port\u00e1tiles<\/b>, Balder Power entiende que la calidad y la estabilidad son fundamentales para su negocio de reparaci\u00f3n. <b data-path-to-node=\"22\" data-index-in-node=\"149\">Reemplazo de bater\u00eda A1375<\/b> est\u00e1 dise\u00f1ado para cumplir o superar las especificaciones OEM, proporcionando una soluci\u00f3n de energ\u00eda confiable para la cl\u00e1sica serie MacBook Air de 11 pulgadas (finales de 2010).<\/p>\n<p data-path-to-node=\"23\">A diferencia de las alternativas econ\u00f3micas que se hinchan o fallan despu\u00e9s de unos meses, nuestras bater\u00edas se fabrican en nuestras instalaciones con certificaci\u00f3n ISO9001. Utilizamos celdas de pol\u00edmero de litio de primera calidad que proporcionan un voltaje de salida constante (7,3 V) y una capacidad real (35 Wh), lo que garantiza que sus usuarios finales recuperen la vida \u00fatil original de la bater\u00eda. Ya sea propietario de un taller de reparaci\u00f3n, distribuidor de piezas de TI o vendedor de Amazon, esta bater\u00eda ofrece el equilibrio perfecto entre rendimiento y margen de beneficio.<\/p>\n<p data-path-to-node=\"24\"><b data-path-to-node=\"24\" data-index-in-node=\"0\">\u00bfPor qu\u00e9 elegir a Balder Power como su socio?<\/b> Controlamos la cadena de suministro desde la materia prima hasta el envase terminado. Cada <b data-path-to-node=\"24\" data-index-in-node=\"116\">Bater\u00eda de pol\u00edmero de litio A1375<\/b> Se somete a rigurosas pruebas de envejecimiento y clasificaci\u00f3n de capacidad antes del env\u00edo. Proporcionamos informes completos UN38.3 y MSDS, lo que facilita los env\u00edos internacionales.<\/p>\n<h3>Lista de compatibilidad<\/h3>\n<p><strong>N\u00fameros de piezas compatibles:<\/strong><\/p>\n<ul>\n<li>A1375<\/li>\n<li>661-5736<\/li>\n<li>020-6920-A<\/li>\n<li>020-6920-B<\/li>\n<\/ul>\n<p><strong>Modelos de port\u00e1tiles compatibles (verifique el a\u00f1o cuidadosamente):<\/strong><\/p>\n<ul>\n<li><strong>MacBook Air de 11 pulgadas (finales de 2010):<\/strong> A1370<\/li>\n<li>MC505LL\/A (Core 2 Duo de 1,4 GHz)<\/li>\n<li>MC506LL\/A (Core 2 Duo de 1,4 GHz)<\/li>\n<li>MC506LL\/A BTO (1,6 GHz Core 2 Duo)<\/li>\n<\/ul>\n<p style=\"color: red; font-size: 0.9em;\"><em>*Nota: Esta bater\u00eda NO es compatible con los modelos A1370 (mediados de 2011) ni A1465 (2012-2015), que utilizan la bater\u00eda A1406\/A1496. Verifique el a\u00f1o de su port\u00e1til.<\/em><\/p>","protected":false},"excerpt":{"rendered":"<ul>\n<li>\n<p data-path-to-node=\"18,0,0\">Bater\u00eda de repuesto premium A1375 para MacBook Air 11 A1370 (finales de 2010). Precio de venta al por mayor directo de f\u00e1brica, celdas de grado A+, 35 Wh de alta capacidad con certificaci\u00f3n CE\/UL\/UN38.3.<\/p>\n<\/li>\n<li>\n<p data-path-to-node=\"18,1,0\"><b data-path-to-node=\"18,1,0\" data-index-in-node=\"0\">Compatibilidad perfecta:<\/b> Dise\u00f1ado estrictamente para MacBook Air de 11 pulgadas (versi\u00f3n de finales de 2010) MC505\/MC506.<\/p>\n<\/li>\n<li>\n<p data-path-to-node=\"18,2,0\"><b data-path-to-node=\"18,2,0\" data-index-in-node=\"0\">C\u00e9lulas de ciclo cero:<\/b> Las nuevas celdas de pol\u00edmero rico en cobalto 100% garantizan m\u00e1s de 500 ciclos de recarga.<\/p>\n<\/li>\n<li>\n<p data-path-to-node=\"18,3,0\"><b data-path-to-node=\"18,3,0\" data-index-in-node=\"0\">Seguridad ante todo:<\/b> El BMS TI (Texas Instruments) incorporado ofrece protecci\u00f3n contra sobrecarga, sobredescarga y cortocircuito.<\/p>\n<\/li>\n<li>\n<p data-path-to-node=\"18,4,0\"><b data-path-to-node=\"18,4,0\" data-index-in-node=\"0\">Soporte B2B:<\/b> MOQ bajo, se aceptan pedidos mixtos y etiquetado neutral disponible para distribuidores.<\/p>\n<\/li>\n<\/ul>","protected":false},"featured_media":10857,"template":"","meta":{"_acf_changed":false,"nf_dc_page":"","site-sidebar-layout":"default","site-content-layout":"default","ast-site-content-layout":"default","site-content-style":"default","site-sidebar-style":"default","ast-global-header-display":"","ast-banner-title-visibility":"","ast-main-header-display":"","ast-hfb-above-header-display":"","ast-hfb-below-header-display":"","ast-hfb-mobile-header-display":"","site-post-title":"","ast-breadcrumbs-content":"","ast-featured-img":"","footer-sml-layout":"","ast-disable-related-posts":"","theme-transparent-header-meta":"default","adv-header-id-meta":"","stick-header-meta":"default","header-above-stick-meta":"","header-main-stick-meta":"","header-below-stick-meta":"","astra-migrate-meta-layouts":"set","ast-page-background-enabled":"default","ast-page-background-meta":{"desktop":{"background-color":"","background-image":"","background-repeat":"repeat","background-position":"center center","background-size":"auto","background-attachment":"scroll","background-type":"","background-media":"","overlay-type":"","overlay-color":"","overlay-opacity":"","overlay-gradient":""},"tablet":{"background-color":"","background-image":"","background-repeat":"repeat","background-position":"center center","background-size":"auto","background-attachment":"scroll","background-type":"","background-media":"","overlay-type":"","overlay-color":"","overlay-opacity":"","overlay-gradient":""},"mobile":{"background-color":"","background-image":"","background-repeat":"repeat","background-position":"center center","background-size":"auto","background-attachment":"scroll","background-type":"","background-media":"","overlay-type":"","overlay-color":"","overlay-opacity":"","overlay-gradient":""}},"ast-content-background-meta":{"desktop":{"background-color":"var(--ast-global-color-5)","background-image":"","background-repeat":"repeat","background-position":"center center","background-size":"auto","background-attachment":"scroll","background-type":"","background-media":"","overlay-type":"","overlay-color":"","overlay-opacity":"","overlay-gradient":""},"tablet":{"background-color":"var(--ast-global-color-5)","background-image":"","background-repeat":"repeat","background-position":"center center","background-size":"auto","background-attachment":"scroll","background-type":"","background-media":"","overlay-type":"","overlay-color":"","overlay-opacity":"","overlay-gradient":""},"mobile":{"background-color":"var(--ast-global-color-5)","background-image":"","background-repeat":"repeat","background-position":"center center","background-size":"auto","background-attachment":"scroll","background-type":"","background-media":"","overlay-type":"","overlay-color":"","overlay-opacity":"","overlay-gradient":""}},"_joinchat":[]},"product_brand":[],"product_cat":[125],"product_tag":[136,137,1039,1224,1041,1042,1040,138,253],"class_list":{"0":"post-4697","1":"product","2":"type-product","3":"status-publish","4":"has-post-thumbnail","6":"product_cat-macbook-battery-wholesale-china","7":"product_tag-a1370-a1375-mc505-506-battery","8":"product_tag-a1370-battery","9":"product_tag-a1375","10":"product_tag-apple","11":"product_tag-apple-replacement-parts","12":"product_tag-li-polymer-7-3v","13":"product_tag-macbook-air-11-battery","14":"product_tag-replacement-battery-for-macbook-a1375","15":"product_tag-wholesale-laptop-battery","16":"desktop-align-left","17":"tablet-align-left","18":"mobile-align-left","19":"ast-product-gallery-layout-horizontal-slider","20":"ast-product-tabs-layout-horizontal","22":"first","23":"instock","24":"shipping-taxable","25":"purchasable","26":"product-type-simple"},"acf":[],"_links":{"self":[{"href":"https:\/\/www.balderpower.com\/es\/wp-json\/wp\/v2\/product\/4697","targetHints":{"allow":["GET"]}}],"collection":[{"href":"https:\/\/www.balderpower.com\/es\/wp-json\/wp\/v2\/product"}],"about":[{"href":"https:\/\/www.balderpower.com\/es\/wp-json\/wp\/v2\/types\/product"}],"version-history":[{"count":4,"href":"https:\/\/www.balderpower.com\/es\/wp-json\/wp\/v2\/product\/4697\/revisions"}],"predecessor-version":[{"id":10870,"href":"https:\/\/www.balderpower.com\/es\/wp-json\/wp\/v2\/product\/4697\/revisions\/10870"}],"wp:featuredmedia":[{"embeddable":true,"href":"https:\/\/www.balderpower.com\/es\/wp-json\/wp\/v2\/media\/10857"}],"wp:attachment":[{"href":"https:\/\/www.balderpower.com\/es\/wp-json\/wp\/v2\/media?parent=4697"}],"wp:term":[{"taxonomy":"product_brand","embeddable":true,"href":"https:\/\/www.balderpower.com\/es\/wp-json\/wp\/v2\/product_brand?post=4697"},{"taxonomy":"product_cat","embeddable":true,"href":"https:\/\/www.balderpower.com\/es\/wp-json\/wp\/v2\/product_cat?post=4697"},{"taxonomy":"product_tag","embeddable":true,"href":"https:\/\/www.balderpower.com\/es\/wp-json\/wp\/v2\/product_tag?post=4697"}],"curies":[{"name":"wp","href":"https:\/\/api.w.org\/{rel}","templated":true}]}}