{"id":4644,"date":"2022-11-15T14:35:01","date_gmt":"2022-11-15T06:35:01","guid":{"rendered":"https:\/\/gjt.lpf.mybluehost.me\/website_cd5134ed\/?post_type=product&#038;p=4644"},"modified":"2026-03-06T15:52:52","modified_gmt":"2026-03-06T07:52:52","slug":"bateria-universal-a1466-a1496-para-macbook-air-13-al-por-mayor","status":"publish","type":"product","link":"https:\/\/www.balderpower.com\/es\/universal-a1466-a1496-battery-macbook-air-13-wholesale\/","title":{"rendered":"Bater\u00eda universal A1466 A1496 para MacBook Air de 13\u2033 (finales de 2010-2017) | Venta al por mayor de f\u00e1brica"},"content":{"rendered":"<h2 data-start=\"2383\" data-end=\"2460\">Optimice su negocio de reparaciones con la bater\u00eda universal para MacBook Air de 13\u2033<\/h2>\n<p data-start=\"2462\" data-end=\"2786\">Gestionar el inventario de varias generaciones de MacBook puede ser un dolor de cabeza. Balder Power simplifica su cadena de suministro con nuestro <strong data-start=\"2584\" data-end=\"2617\">Bater\u00eda universal A1466 A1496<\/strong>. Dise\u00f1ado para ser lo \u00faltimo <strong data-start=\"2649\" data-end=\"2678\">Reemplazo de bater\u00eda A1466<\/strong>, Esta \u00fanica unidad alimenta sin problemas toda la l\u00ednea Apple MacBook Air de 13 pulgadas desde <strong data-start=\"2764\" data-end=\"2785\">Finales de 2010 a 2017<\/strong>.<\/p>\n<p data-start=\"2788\" data-end=\"3084\">Ya sea que su cliente traiga un adulto mayor <strong data-start=\"2829\" data-end=\"2850\">A1369 (2010-2011)<\/strong> o una m\u00e1s nueva <strong data-start=\"2862\" data-end=\"2883\">A1466 (2012-2017)<\/strong>, Esta bater\u00eda es la soluci\u00f3n lista para usar. Al combinar las bater\u00edas A1377, A1405 y A1496 en un solo producto premium, ayudamos a mayoristas y talleres de reparaci\u00f3n a reducir el stock muerto y a aumentar la eficiencia de la rotaci\u00f3n.<\/p>\n<h3 data-start=\"6593\" data-end=\"6633\">\ud83d\udcbb Gu\u00eda completa de compatibilidad<\/h3>\n<p data-start=\"6635\" data-end=\"6698\"><em data-start=\"6635\" data-end=\"6698\">Nuestra soluci\u00f3n integral cubre 7 a\u00f1os de lanzamientos de MacBook Air.<\/em><\/p>\n<p data-start=\"6700\" data-end=\"6719\"><strong data-start=\"6700\" data-end=\"6719\">Modelos de m\u00e1quinas:<\/strong><\/p>\n<ul data-start=\"6720\" data-end=\"7116\">\n<li data-start=\"6720\" data-end=\"6775\">\n<p data-start=\"6724\" data-end=\"6775\"><strong data-start=\"6724\" data-end=\"6754\">MacBook Air 13\u2033 finales de 2010:<\/strong> A1369 (MC503, MC504)<\/p>\n<\/li>\n<li data-start=\"6776\" data-end=\"6837\">\n<p data-start=\"6780\" data-end=\"6837\"><strong data-start=\"6780\" data-end=\"6809\">MacBook Air 13\u2033 mediados de 2011:<\/strong> A1369 (MC965, MC966, MD508)<\/p>\n<\/li>\n<li data-start=\"6838\" data-end=\"6892\">\n<p data-start=\"6842\" data-end=\"6892\"><strong data-start=\"6842\" data-end=\"6871\">MacBook Air 13\u2033 mediados de 2012:<\/strong> A1466 (MD231, MD232)<\/p>\n<\/li>\n<li data-start=\"6893\" data-end=\"6947\">\n<p data-start=\"6897\" data-end=\"6947\"><strong data-start=\"6897\" data-end=\"6926\">MacBook Air 13\u2033 mediados de 2013:<\/strong> A1466 (MD760, MD761)<\/p>\n<\/li>\n<li data-start=\"6948\" data-end=\"7008\">\n<p data-start=\"6952\" data-end=\"7008\"><strong data-start=\"6952\" data-end=\"6983\">MacBook Air 13\u2033 principios de 2014:<\/strong> A1466 (MD760\/B, MD761\/B)<\/p>\n<\/li>\n<li data-start=\"7009\" data-end=\"7065\">\n<p data-start=\"7013\" data-end=\"7065\"><strong data-start=\"7013\" data-end=\"7044\">MacBook Air 13\u2033 principios de 2015:<\/strong> A1466 (MJVE2, MJVG2)<\/p>\n<\/li>\n<li data-start=\"7066\" data-end=\"7116\">\n<p data-start=\"7070\" data-end=\"7116\"><strong data-start=\"7070\" data-end=\"7095\">MacBook Air de 13\u2033 2017:<\/strong> A1466 (MQD32, MQD42)<\/p>\n<\/li>\n<\/ul>\n<p data-start=\"7118\" data-end=\"7152\"><strong data-start=\"7118\" data-end=\"7152\">Reemplaza los n\u00fameros de pieza de la bater\u00eda:<\/strong><\/p>\n<ul data-start=\"7153\" data-end=\"7264\">\n<li data-start=\"7153\" data-end=\"7173\">\n<p data-start=\"7157\" data-end=\"7173\"><strong data-start=\"7157\" data-end=\"7166\">A1377<\/strong> (50 Wh)<\/p>\n<\/li>\n<li data-start=\"7174\" data-end=\"7194\">\n<p data-start=\"7178\" data-end=\"7194\"><strong data-start=\"7178\" data-end=\"7187\">A1405<\/strong> (50 Wh)<\/p>\n<\/li>\n<li data-start=\"7195\" data-end=\"7217\">\n<p data-start=\"7199\" data-end=\"7217\"><strong data-start=\"7199\" data-end=\"7208\">A1496<\/strong> (54,4 Wh)<\/p>\n<\/li>\n<li data-start=\"7218\" data-end=\"7264\">\n<p data-start=\"7222\" data-end=\"7264\">020-7379-A, 020-8143-A, 661-6055, 661-6639<\/p>\n<\/li>\n<\/ul>","protected":false},"excerpt":{"rendered":"<ul>\n<li data-start=\"1622\" data-end=\"1811\">\n<p data-start=\"1626\" data-end=\"1811\"><strong data-start=\"1626\" data-end=\"1811\">Actualice su inventario con nuestra bater\u00eda universal A1466 A1496 para MacBook Air de 13 pulgadas. 7200 mAh de alta capacidad, BMS inteligente compatible con modelos 2010-2017. Precios de f\u00e1brica al por mayor disponibles.<\/strong><\/p>\n<\/li>\n<li data-start=\"1812\" data-end=\"1891\">\n<p data-start=\"1816\" data-end=\"1891\"><strong data-start=\"1816\" data-end=\"1837\">Un SKU para todos:<\/strong> Compatible con los modelos A1377, A1405 y A1496.<\/p>\n<\/li>\n<li data-start=\"1892\" data-end=\"1964\">\n<p data-start=\"1896\" data-end=\"1964\"><strong data-start=\"1896\" data-end=\"1918\">Capacidad extendida:<\/strong> 55 Wh \/ 7200 mAh (actualizado desde los 50 Wh originales).<\/p>\n<\/li>\n<li data-start=\"1965\" data-end=\"2054\">\n<p data-start=\"1969\" data-end=\"2054\"><strong data-start=\"1969\" data-end=\"1992\">Sincronizaci\u00f3n de voltaje inteligente:<\/strong> Se adapta autom\u00e1ticamente a los requisitos de la placa l\u00f3gica de 7,3 V \u2013 7,6 V.<\/p>\n<\/li>\n<li data-start=\"2055\" data-end=\"2135\">\n<p data-start=\"2059\" data-end=\"2135\"><strong data-start=\"2059\" data-end=\"2073\">Tecnolog\u00eda celular:<\/strong> Pol\u00edmero de litio y cobalto ternario (Curva de descarga m\u00e1s estable).<\/p>\n<\/li>\n<li data-start=\"2136\" data-end=\"2214\">\n<p data-start=\"2140\" data-end=\"2214\"><strong data-start=\"2140\" data-end=\"2157\">Cadena de suministro:<\/strong> Fabricaci\u00f3n directa con cumplimiento de exportaci\u00f3n UN38.3\/MSDS.<\/p>\n<\/li>\n<li data-start=\"2215\" data-end=\"2287\">\n<p data-start=\"2219\" data-end=\"2287\"><strong data-start=\"2219\" data-end=\"2238\">Clientes objetivos:<\/strong> Cadenas de reparaci\u00f3n, Departamentos de inform\u00e1tica educativa, Reacondicionadores.<\/p>\n<\/li>\n<\/ul>","protected":false},"featured_media":10810,"template":"","meta":{"_acf_changed":false,"nf_dc_page":"","site-sidebar-layout":"default","site-content-layout":"default","ast-site-content-layout":"default","site-content-style":"default","site-sidebar-style":"default","ast-global-header-display":"","ast-banner-title-visibility":"","ast-main-header-display":"","ast-hfb-above-header-display":"","ast-hfb-below-header-display":"","ast-hfb-mobile-header-display":"","site-post-title":"","ast-breadcrumbs-content":"","ast-featured-img":"","footer-sml-layout":"","ast-disable-related-posts":"","theme-transparent-header-meta":"default","adv-header-id-meta":"","stick-header-meta":"default","header-above-stick-meta":"","header-main-stick-meta":"","header-below-stick-meta":"","astra-migrate-meta-layouts":"set","ast-page-background-enabled":"default","ast-page-background-meta":{"desktop":{"background-color":"","background-image":"","background-repeat":"repeat","background-position":"center center","background-size":"auto","background-attachment":"scroll","background-type":"","background-media":"","overlay-type":"","overlay-color":"","overlay-opacity":"","overlay-gradient":""},"tablet":{"background-color":"","background-image":"","background-repeat":"repeat","background-position":"center center","background-size":"auto","background-attachment":"scroll","background-type":"","background-media":"","overlay-type":"","overlay-color":"","overlay-opacity":"","overlay-gradient":""},"mobile":{"background-color":"","background-image":"","background-repeat":"repeat","background-position":"center center","background-size":"auto","background-attachment":"scroll","background-type":"","background-media":"","overlay-type":"","overlay-color":"","overlay-opacity":"","overlay-gradient":""}},"ast-content-background-meta":{"desktop":{"background-color":"var(--ast-global-color-5)","background-image":"","background-repeat":"repeat","background-position":"center center","background-size":"auto","background-attachment":"scroll","background-type":"","background-media":"","overlay-type":"","overlay-color":"","overlay-opacity":"","overlay-gradient":""},"tablet":{"background-color":"var(--ast-global-color-5)","background-image":"","background-repeat":"repeat","background-position":"center center","background-size":"auto","background-attachment":"scroll","background-type":"","background-media":"","overlay-type":"","overlay-color":"","overlay-opacity":"","overlay-gradient":""},"mobile":{"background-color":"var(--ast-global-color-5)","background-image":"","background-repeat":"repeat","background-position":"center center","background-size":"auto","background-attachment":"scroll","background-type":"","background-media":"","overlay-type":"","overlay-color":"","overlay-opacity":"","overlay-gradient":""}},"_joinchat":[]},"product_brand":[],"product_cat":[125],"product_tag":[134,133,1037,135,1224,1036,1038,132],"class_list":{"0":"post-4644","1":"product","2":"type-product","3":"status-publish","4":"has-post-thumbnail","6":"product_cat-macbook-battery-wholesale-china","7":"product_tag-a1377-battery","8":"product_tag-a1405-battery","9":"product_tag-a1466-bulk-supplier","10":"product_tag-a1496-battery","11":"product_tag-apple","12":"product_tag-inventory-optimization","13":"product_tag-macbook-air-parts-wholesale","14":"product_tag-relacement-battery-for-mac-a1405-a1496-a1377","15":"desktop-align-left","16":"tablet-align-left","17":"mobile-align-left","18":"ast-product-gallery-layout-horizontal-slider","19":"ast-product-tabs-layout-horizontal","21":"first","22":"instock","23":"shipping-taxable","24":"purchasable","25":"product-type-simple"},"acf":[],"_links":{"self":[{"href":"https:\/\/www.balderpower.com\/es\/wp-json\/wp\/v2\/product\/4644","targetHints":{"allow":["GET"]}}],"collection":[{"href":"https:\/\/www.balderpower.com\/es\/wp-json\/wp\/v2\/product"}],"about":[{"href":"https:\/\/www.balderpower.com\/es\/wp-json\/wp\/v2\/types\/product"}],"version-history":[{"count":4,"href":"https:\/\/www.balderpower.com\/es\/wp-json\/wp\/v2\/product\/4644\/revisions"}],"predecessor-version":[{"id":10819,"href":"https:\/\/www.balderpower.com\/es\/wp-json\/wp\/v2\/product\/4644\/revisions\/10819"}],"wp:featuredmedia":[{"embeddable":true,"href":"https:\/\/www.balderpower.com\/es\/wp-json\/wp\/v2\/media\/10810"}],"wp:attachment":[{"href":"https:\/\/www.balderpower.com\/es\/wp-json\/wp\/v2\/media?parent=4644"}],"wp:term":[{"taxonomy":"product_brand","embeddable":true,"href":"https:\/\/www.balderpower.com\/es\/wp-json\/wp\/v2\/product_brand?post=4644"},{"taxonomy":"product_cat","embeddable":true,"href":"https:\/\/www.balderpower.com\/es\/wp-json\/wp\/v2\/product_cat?post=4644"},{"taxonomy":"product_tag","embeddable":true,"href":"https:\/\/www.balderpower.com\/es\/wp-json\/wp\/v2\/product_tag?post=4644"}],"curies":[{"name":"wp","href":"https:\/\/api.w.org\/{rel}","templated":true}]}}