{"id":11376,"date":"2026-03-04T01:13:21","date_gmt":"2026-03-03T17:13:21","guid":{"rendered":"https:\/\/www.balderpower.com\/?post_type=product&#038;p=11376"},"modified":"2026-03-04T01:28:13","modified_gmt":"2026-03-03T17:28:13","slug":"armario-de-almacenamiento-de-energia-todo-en-uno-de-230-kwh-y-120-kw-refrigerado-por-liquido-con-certificacion-ip54","status":"publish","type":"product","link":"https:\/\/www.balderpower.com\/es\/230kwh-all-in-one-energy-storage-cabinet-120kw-liquid-cooled-ip54\/","title":{"rendered":"Armario de almacenamiento de energ\u00eda todo en uno de 230 kWh (IP54) | ESS de alto voltaje LiFePO4 refrigerado por l\u00edquido de 120 kW"},"content":{"rendered":"<h2>Gabinete ESS todo en uno para exteriores de 230 kWh para sitios comerciales e industriales<\/h2>\n<p>El <strong>Armario de almacenamiento de energ\u00eda todo en uno de 230 kWh<\/strong> Est\u00e1 dise\u00f1ado para clientes comerciales e industriales que necesitan ahorros de energ\u00eda predecibles y una s\u00f3lida resiliencia del sitio. Est\u00e1 dise\u00f1ado para casos de uso C&amp;I del mundo real, como <strong>afeitado de picos<\/strong>, Gesti\u00f3n de la carga por demanda, optimizaci\u00f3n del autoconsumo solar y energ\u00eda de respaldo confiable. Al integrar el sistema de bater\u00edas y los componentes de conversi\u00f3n\/control de energ\u00eda en un solo gabinete apto para exteriores, se reduce la complejidad de la instalaci\u00f3n, se minimizan los riesgos del cableado in situ y se ayuda a los equipos de EPC a ejecutar proyectos con mayor rapidez y un rendimiento constante en m\u00faltiples ubicaciones.<\/p>\n<h2>Plataforma de bater\u00edas LiFePO4 de alto voltaje con alta energ\u00eda utilizable<\/h2>\n<p>Este sistema adopta <strong>LiFePO4 (LFP)<\/strong> qu\u00edmica con <strong>3,2 V\/280 Ah<\/strong> celdas. El gabinete est\u00e1 construido sobre una plataforma de alto voltaje con <strong>Tensi\u00f3n nominal de 819,2 V<\/strong> y un rango de trabajo de <strong>665,6\u2013934,4 V<\/strong>. La energ\u00eda nominal alcanza <strong>229.376kWh<\/strong>, y la profundidad de descarga dise\u00f1ada es de hasta <strong>0,95 DOD<\/strong> para maximizar la capacidad utilizable teniendo en cuenta la salud de la bater\u00eda. Una tasa de carga\/descarga controlada de <strong>\u22640,6 \u00b0C<\/strong> apoya un comportamiento c\u00edclico estable para el cambio diario de energ\u00eda, especialmente en escenarios de reducci\u00f3n de picos basados en tarifas.<\/p>\n<h3>PCS + MPPT + STS + EMS integrados de 120 kW para una implementaci\u00f3n lista para el proyecto<\/h3>\n<p>El gabinete integra un <strong>PCS de 120 kW<\/strong> (tensi\u00f3n nominal de CC <strong>800 V<\/strong>, corriente CC m\u00e1xima <strong>176A<\/strong>) y admite la conexi\u00f3n a la red en <strong>230\/400 V 3P+N+PE<\/strong> (50 Hz). Para el acoplamiento solar, la entrada fotovoltaica admite hasta <strong>1000 V<\/strong> tensi\u00f3n m\u00e1xima de entrada fotovoltaica con un rango de funcionamiento MPPT de <strong>200\u2013850 V<\/strong> y corriente de entrada m\u00e1xima <strong>200A<\/strong> (depende de la configuraci\u00f3n). Con una arquitectura preparada para STS y EMS, el sistema puede implementarse en proyectos t\u00edpicos de energ\u00eda solar y almacenamiento C&amp;I, donde los usuarios almacenan el excedente diurno y lo descargan durante los picos de demanda nocturnos.<\/p>\n<h2>Fiabilidad en exteriores con protecci\u00f3n IP54 y refrigeraci\u00f3n l\u00edquida<\/h2>\n<p>El uso en exteriores suele implicar una mayor variaci\u00f3n de la temperatura ambiente y condiciones de funcionamiento m\u00e1s rigurosas. Este gabinete est\u00e1 dise\u00f1ado para <strong>interior\/exterior<\/strong> instalaci\u00f3n con <strong>IP54<\/strong> protecci\u00f3n y un amplio rango de temperatura de funcionamiento <strong>-20\u00b0C a 55\u00b0C<\/strong>. El <strong>refrigeraci\u00f3n l\u00edquida<\/strong> El sistema ayuda a mejorar la consistencia t\u00e9rmica en las celdas, lo que respalda un rendimiento estable y reduce la reducci\u00f3n de potencia durante per\u00edodos de alta carga o alta temperatura: una ventaja importante para los usuarios industriales que buscan confiabilidad a largo plazo.<\/p>\n<h2>Dise\u00f1o de seguridad: Alarma inteligente contra incendios y supresi\u00f3n t\u00e9rmica de aerosoles<\/h2>\n<p>La seguridad es una prioridad en el almacenamiento de energ\u00eda comercial e industrial. El sistema est\u00e1 dise\u00f1ado con un <strong>sistema inteligente de alarma y extinci\u00f3n de incendios<\/strong> Para monitoreo en tiempo real, posicionamiento preciso y alerta temprana. <strong>sistema de extinci\u00f3n de incendios por aerosol t\u00e9rmico<\/strong> (seg\u00fan configuraci\u00f3n) proporciona una capa adicional de mitigaci\u00f3n de riesgos a nivel de gabinete para mejorar la confiabilidad operativa en entornos exigentes.<\/p>\n<h2>Soporte B2B: Suministro directo de f\u00e1brica para EPC y distribuidores<\/h2>\n<p>Para los compradores profesionales, la documentaci\u00f3n, la repetibilidad y el control de entregas son tan importantes como las especificaciones. Como proveedor orientado a la f\u00e1brica, respaldamos los pedidos de prueba y las compras al por mayor con hojas de datos listas para el proyecto, gu\u00eda de embalaje y coordinaci\u00f3n log\u00edstica. Para los flujos de trabajo de env\u00edos y compras internacionales, documentos t\u00edpicos como <strong>ONU38.3<\/strong> y <strong>Hoja de datos de seguridad (MSDS)<\/strong> Se puede proporcionar a solicitud. Esto ayuda a los integradores a avanzar m\u00e1s r\u00e1pido de la evaluaci\u00f3n a la implementaci\u00f3n, manteniendo la confianza en la preparaci\u00f3n para el cumplimiento normativo y la consistencia de la producci\u00f3n.<\/p>\n<div id=\"gtx-trans\" style=\"position: absolute; left: -36px; top: 618.188px;\">\n<div class=\"gtx-trans-icon\"><\/div>\n<\/div>","protected":false},"excerpt":{"rendered":"<ul>\n<li data-start=\"1611\" data-end=\"1797\">\n<p data-start=\"1613\" data-end=\"1797\"><strong data-start=\"1613\" data-end=\"1795\">Gabinete de almacenamiento de energ\u00eda todo en uno para exteriores IP54 de 230 kWh con PCS de 120 kW, refrigeraci\u00f3n l\u00edquida y bater\u00edas LiFePO4 para reducci\u00f3n de picos C&amp;I, autoconsumo solar y energ\u00eda de respaldo confiable.<\/strong><\/p>\n<\/li>\n<li data-start=\"1798\" data-end=\"1931\">\n<p data-start=\"1800\" data-end=\"1931\">El sistema integrado incluye <strong data-start=\"1827\" data-end=\"1873\">Bater\u00edas LiFePO4 + PCS + MPPT + STS + EMS<\/strong>, reduciendo el cableado en sitio y acelerando la puesta en servicio.<\/p>\n<\/li>\n<li data-start=\"1932\" data-end=\"2061\">\n<p data-start=\"1934\" data-end=\"2061\">Plataforma de bater\u00eda de alto voltaje: <strong data-start=\"1965\" data-end=\"1981\">819,2 V nominal<\/strong>, <strong data-start=\"1983\" data-end=\"1999\">665,6\u2013934,4 V<\/strong> Rango operativo, dise\u00f1ado para un suministro eficiente de energ\u00eda C&amp;I.<\/p>\n<\/li>\n<li data-start=\"2062\" data-end=\"2210\">\n<p data-start=\"2064\" data-end=\"2210\">Listo para la seguridad: sistema inteligente de alarma y extinci\u00f3n de incendios y <strong data-start=\"2128\" data-end=\"2164\">extinci\u00f3n de incendios mediante aerosol t\u00e9rmico<\/strong> (seg\u00fan configuraci\u00f3n) para el control proactivo de riesgos.<\/p>\n<\/li>\n<li data-start=\"2211\" data-end=\"2338\">\n<p data-start=\"2213\" data-end=\"2338\">La refrigeraci\u00f3n l\u00edquida ayuda a mantener la consistencia de la temperatura de la celda y favorece un funcionamiento estable en entornos exteriores exigentes.<\/p>\n<\/li>\n<li data-start=\"2339\" data-end=\"2494\">\n<p data-start=\"2341\" data-end=\"2494\">Suministro B2B: precios directos de f\u00e1brica, admite pedidos de prueba, compras al por mayor y documentos de env\u00edo\/cumplimiento (UN38.3\/MSDS disponibles a pedido).<\/p>\n<\/li>\n<\/ul>","protected":false},"featured_media":11381,"template":"","meta":{"_acf_changed":false,"nf_dc_page":"","site-sidebar-layout":"default","site-content-layout":"","ast-site-content-layout":"default","site-content-style":"default","site-sidebar-style":"default","ast-global-header-display":"","ast-banner-title-visibility":"","ast-main-header-display":"","ast-hfb-above-header-display":"","ast-hfb-below-header-display":"","ast-hfb-mobile-header-display":"","site-post-title":"","ast-breadcrumbs-content":"","ast-featured-img":"","footer-sml-layout":"","ast-disable-related-posts":"","theme-transparent-header-meta":"default","adv-header-id-meta":"","stick-header-meta":"default","header-above-stick-meta":"","header-main-stick-meta":"","header-below-stick-meta":"","astra-migrate-meta-layouts":"set","ast-page-background-enabled":"default","ast-page-background-meta":{"desktop":{"background-color":"","background-image":"","background-repeat":"repeat","background-position":"center center","background-size":"auto","background-attachment":"scroll","background-type":"","background-media":"","overlay-type":"","overlay-color":"","overlay-opacity":"","overlay-gradient":""},"tablet":{"background-color":"","background-image":"","background-repeat":"repeat","background-position":"center center","background-size":"auto","background-attachment":"scroll","background-type":"","background-media":"","overlay-type":"","overlay-color":"","overlay-opacity":"","overlay-gradient":""},"mobile":{"background-color":"","background-image":"","background-repeat":"repeat","background-position":"center center","background-size":"auto","background-attachment":"scroll","background-type":"","background-media":"","overlay-type":"","overlay-color":"","overlay-opacity":"","overlay-gradient":""}},"ast-content-background-meta":{"desktop":{"background-color":"var(--ast-global-color-5)","background-image":"","background-repeat":"repeat","background-position":"center center","background-size":"auto","background-attachment":"scroll","background-type":"","background-media":"","overlay-type":"","overlay-color":"","overlay-opacity":"","overlay-gradient":""},"tablet":{"background-color":"var(--ast-global-color-5)","background-image":"","background-repeat":"repeat","background-position":"center center","background-size":"auto","background-attachment":"scroll","background-type":"","background-media":"","overlay-type":"","overlay-color":"","overlay-opacity":"","overlay-gradient":""},"mobile":{"background-color":"var(--ast-global-color-5)","background-image":"","background-repeat":"repeat","background-position":"center center","background-size":"auto","background-attachment":"scroll","background-type":"","background-media":"","overlay-type":"","overlay-color":"","overlay-opacity":"","overlay-gradient":""}},"_joinchat":[]},"product_brand":[],"product_cat":[845],"product_tag":[1195,1211,1210,1216,1215,1214,1205,1181,1178,1220,1186,1208,1222,1213,1221,1206,1212,1209,1196,1203,1218,1177,1179,1219,1217,1204,1207,1223],"class_list":{"0":"post-11376","1":"product","2":"type-product","3":"status-publish","4":"has-post-thumbnail","6":"product_cat-commercial-industrial-bess","7":"product_tag-1000v-pv-input-ess","8":"product_tag-120kw-liquid-cooled-ess-cabinet","9":"product_tag-230kwh-all-in-one-energy-storage-cabinet","10":"product_tag-280ah-lfp-cell","11":"product_tag-665-6-934-4v-voltage-range","12":"product_tag-819-2v-battery-system","13":"product_tag-bulk-pricing","14":"product_tag-commercial-backup-power","15":"product_tag-demand-charge-management","16":"product_tag-ems-ready-lan-monitoring","17":"product_tag-epc-integrator-ready","18":"product_tag-ev-charging-station-buffering","19":"product_tag-factory-direct-ess-supplier","20":"product_tag-high-voltage-lifepo4-battery-cabinet","21":"product_tag-industrial-energy-storage-container","22":"product_tag-industrial-park-energy-storage","23":"product_tag-ip54-outdoor-commercial-energy-storage-system","24":"product_tag-microgrid-ready-ess","25":"product_tag-mppt-200-850v","26":"product_tag-oem-odm-support","27":"product_tag-pcs-integrated-cabinet","28":"product_tag-peak-shaving-energy-storage","29":"product_tag-solar-self-consumption-storage","30":"product_tag-sts-integrated-energy-storage","31":"product_tag-thermal-aerosol-fire-extinguishing-system","32":"product_tag-trial-order-available","33":"product_tag-warehouse-energy-storage","34":"product_tag-wholesale-ess-cabinet","35":"desktop-align-left","36":"tablet-align-left","37":"mobile-align-left","38":"ast-product-gallery-layout-horizontal-slider","39":"ast-product-tabs-layout-horizontal","41":"first","42":"instock","43":"shipping-taxable","44":"purchasable","45":"product-type-simple"},"acf":[],"_links":{"self":[{"href":"https:\/\/www.balderpower.com\/es\/wp-json\/wp\/v2\/product\/11376","targetHints":{"allow":["GET"]}}],"collection":[{"href":"https:\/\/www.balderpower.com\/es\/wp-json\/wp\/v2\/product"}],"about":[{"href":"https:\/\/www.balderpower.com\/es\/wp-json\/wp\/v2\/types\/product"}],"version-history":[{"count":0,"href":"https:\/\/www.balderpower.com\/es\/wp-json\/wp\/v2\/product\/11376\/revisions"}],"wp:featuredmedia":[{"embeddable":true,"href":"https:\/\/www.balderpower.com\/es\/wp-json\/wp\/v2\/media\/11381"}],"wp:attachment":[{"href":"https:\/\/www.balderpower.com\/es\/wp-json\/wp\/v2\/media?parent=11376"}],"wp:term":[{"taxonomy":"product_brand","embeddable":true,"href":"https:\/\/www.balderpower.com\/es\/wp-json\/wp\/v2\/product_brand?post=11376"},{"taxonomy":"product_cat","embeddable":true,"href":"https:\/\/www.balderpower.com\/es\/wp-json\/wp\/v2\/product_cat?post=11376"},{"taxonomy":"product_tag","embeddable":true,"href":"https:\/\/www.balderpower.com\/es\/wp-json\/wp\/v2\/product_tag?post=11376"}],"curies":[{"name":"wp","href":"https:\/\/api.w.org\/{rel}","templated":true}]}}