{"id":11365,"date":"2026-03-04T00:55:49","date_gmt":"2026-03-03T16:55:49","guid":{"rendered":"https:\/\/www.balderpower.com\/?post_type=product&#038;p=11365"},"modified":"2026-03-06T03:07:46","modified_gmt":"2026-03-05T19:07:46","slug":"armario-de-almacenamiento-de-energia-todo-en-uno-de-114-kwh-y-60-kw-con-proteccion-ip54-y-lifepo4","status":"publish","type":"product","link":"https:\/\/www.balderpower.com\/es\/114kwh-all-in-one-energy-storage-cabinet-60kw-ip54-lifepo4\/","title":{"rendered":"Armario de almacenamiento de energ\u00eda todo en uno de 114 kWh (IP54) | Inversor h\u00edbrido LiFePO4 HV ESS de 60 kW"},"content":{"rendered":"<h2>Gabinete ESS todo en uno para exteriores de 114 kWh para proyectos solares comerciales e industriales<\/h2>\n<p>El <strong>Armario de almacenamiento de energ\u00eda todo en uno de 114 kWh<\/strong> Est\u00e1 dise\u00f1ado para usuarios comerciales e industriales que necesitan una soluci\u00f3n compacta y f\u00e1cil de usar para proyectos. <strong>afeitado de picos<\/strong>, Gesti\u00f3n de la carga por demanda, optimizaci\u00f3n del autoconsumo fotovoltaico y energ\u00eda de respaldo confiable. Al integrar el sistema de bater\u00edas LiFePO4 y el inversor\/PCS h\u00edbrido en un gabinete apto para exteriores, se ayuda a los EPC, instaladores y distribuidores a reducir el cableado in situ, acortar el tiempo de puesta en servicio y mejorar la consistencia de la implementaci\u00f3n en m\u00faltiples ubicaciones. Las aplicaciones t\u00edpicas incluyen f\u00e1bricas, almacenes, parques de oficinas, granjas, instalaciones de telecomunicaciones, salas de datos y estaciones de carga de veh\u00edculos el\u00e9ctricos, donde la energ\u00eda estable y el control de costos energ\u00e9ticos son cruciales para el negocio.<\/p>\n<h2>Plataforma de bater\u00edas LiFePO4 de alto voltaje con alta energ\u00eda utilizable<\/h2>\n<p>Este gabinete utiliza <strong>LiFePO4 (LFP)<\/strong> qu\u00edmica con <strong>3,2 V\/135 Ah<\/strong> celdas y una plataforma de bater\u00eda de alto voltaje nominal <strong>844,8 V<\/strong> con un rango operativo de <strong>660,0\u2013963,6 V<\/strong>. La energ\u00eda nominal alcanza <strong>114.048kWh<\/strong>, con una profundidad de descarga dise\u00f1ada de hasta <strong>0,95 DOD<\/strong> Para maximizar la capacidad utilizable y mantener la salud de la bater\u00eda a largo plazo. Con una velocidad de carga y descarga controlada de <strong>\u22640,6 \u00b0C<\/strong> y un objetivo de ciclo de vida de <strong>&gt;6000 ciclos<\/strong>, El sistema es adecuado para ciclos diarios frecuentes que se requieren com\u00fanmente en escenarios de reducci\u00f3n de picos C&amp;I y cambio solar.<\/p>\n<h3>Inversor h\u00edbrido integrado de 60 kW\/PCS + entrada MPPT fotovoltaica<\/h3>\n<p>En cuanto a la conversi\u00f3n de energ\u00eda, el inversor PCS\/h\u00edbrido integrado tiene una potencia nominal de <strong>60 kW<\/strong> (tensi\u00f3n nominal de CC <strong>800 V<\/strong>, corriente CC m\u00e1xima <strong>88A<\/strong>) y admite la conexi\u00f3n a la red en <strong>230\/400 V 3P+N+PE<\/strong> (50 Hz). Para el acoplamiento solar, la entrada fotovoltaica admite hasta <strong>1000 V<\/strong> tensi\u00f3n m\u00e1xima de entrada fotovoltaica, potencia fotovoltaica m\u00e1xima <strong>60 kW<\/strong>, Rango operativo MPPT <strong>200\u2013850 V<\/strong>, y corriente de entrada m\u00e1xima <strong>200A<\/strong>. Esta configuraci\u00f3n admite una carga eficiente de energ\u00eda solar a almacenamiento durante el d\u00eda y una descarga programada durante las horas pico de tarifa o picos de carga.<\/p>\n<h2>Fiabilidad en exteriores: protecci\u00f3n IP54, refrigeraci\u00f3n y seguridad contra incendios inteligente<\/h2>\n<p>El gabinete est\u00e1 construido para <strong>interior\/exterior<\/strong> instalaci\u00f3n con <strong>IP54<\/strong> protecci\u00f3n y un amplio rango de temperatura de funcionamiento <strong>-20\u00b0C a 55\u00b0C<\/strong>. Para lograr estabilidad t\u00e9rmica, admite refrigeraci\u00f3n eficiente (refrigeraci\u00f3n por aire\/aire acondicionado, seg\u00fan la configuraci\u00f3n) para reducir la p\u00e9rdida de potencia en altas temperaturas ambientales. La seguridad se ve reforzada por un <strong>Sistema integrado inteligente de alarma y extinci\u00f3n de incendios<\/strong> Para monitoreo en tiempo real, posicionamiento preciso, alerta temprana y respuesta r\u00e1pida de extinci\u00f3n (p. ej., sistema de extinci\u00f3n de incendios por aerosol t\u00e9rmico, seg\u00fan la configuraci\u00f3n). Estas medidas ayudan a mejorar la confiabilidad operativa y a reducir el riesgo en entornos C&amp;I reales.<\/p>\n<h2>Soporte de compras B2B directas de f\u00e1brica<\/h2>\n<p>Para integradores y distribuidores, la documentaci\u00f3n y la consistencia en las entregas son importantes. Como proveedor orientado a la f\u00e1brica, ofrecemos paquetes de cotizaci\u00f3n de proyectos, hojas de datos, coordinaci\u00f3n de embalaje y env\u00edo, y la documentaci\u00f3n de transporte com\u00fanmente solicitada, como... <strong>ONU38.3<\/strong> y <strong>Hoja de datos de seguridad (MSDS)<\/strong> A solicitud. Tambi\u00e9n ofrecemos pedidos de prueba para evaluaci\u00f3n, compras al por mayor y planificaci\u00f3n escalable para futuras expansiones del sistema. Este enfoque ayuda a los compradores a avanzar m\u00e1s r\u00e1pido de la evaluaci\u00f3n a la implementaci\u00f3n, manteniendo la confianza en el control de calidad y la preparaci\u00f3n para el cumplimiento normativo.<\/p>","protected":false},"excerpt":{"rendered":"<ul>\n<li data-start=\"1605\" data-end=\"1771\">\n<p data-start=\"1607\" data-end=\"1771\"><strong data-start=\"1607\" data-end=\"1769\">Gabinete de almacenamiento de energ\u00eda todo en uno para exteriores IP54 de 114 kWh con inversor h\u00edbrido de 60 kW, dise\u00f1ado para reducci\u00f3n de picos C&amp;I, autoconsumo solar y energ\u00eda de respaldo confiable.<\/strong><\/p>\n<\/li>\n<li data-start=\"1772\" data-end=\"1905\">\n<p data-start=\"1774\" data-end=\"1905\">Soluci\u00f3n integrada: bater\u00eda LiFePO4 + inversor h\u00edbrido\/PCS + MPPT PV + monitoreo listo para EMS en un gabinete para una implementaci\u00f3n m\u00e1s r\u00e1pida.<\/p>\n<\/li>\n<li data-start=\"1906\" data-end=\"2033\">\n<p data-start=\"1908\" data-end=\"2033\">Plataforma de bater\u00eda de alto voltaje: nominal <strong data-start=\"1945\" data-end=\"1955\">844,8 V<\/strong>, rango de operaci\u00f3n <strong data-start=\"1973\" data-end=\"1987\">660\u2013963,6 V<\/strong>, dise\u00f1ado para un suministro eficiente de energ\u00eda C&amp;I.<\/p>\n<\/li>\n<li data-start=\"2034\" data-end=\"2179\">\n<p data-start=\"2036\" data-end=\"2179\">Dise\u00f1o centrado en la seguridad: sistema inteligente de alarma y extinci\u00f3n de incendios, supresi\u00f3n t\u00e9rmica de aerosoles (configurable) y protecci\u00f3n multicapa.<\/p>\n<\/li>\n<li data-start=\"2180\" data-end=\"2320\">\n<p data-start=\"2182\" data-end=\"2320\">Listo para exteriores: <strong data-start=\"2197\" data-end=\"2205\">IP54<\/strong> recinto, amplio rango de temperatura <strong data-start=\"2240\" data-end=\"2257\">-20\u00b0C a 55\u00b0C<\/strong>, y refrigeraci\u00f3n eficiente con aire acondicionado (seg\u00fan configuraci\u00f3n).<\/p>\n<\/li>\n<li data-start=\"2321\" data-end=\"2469\">\n<p data-start=\"2323\" data-end=\"2469\">Suministro B2B: precios directos de f\u00e1brica, admite pedidos de prueba, compras al por mayor y documentaci\u00f3n para env\u00edo\/cumplimiento (UN38.3\/MSDS a pedido).<\/p>\n<\/li>\n<\/ul>","protected":false},"featured_media":11366,"template":"","meta":{"_acf_changed":false,"nf_dc_page":"","site-sidebar-layout":"default","site-content-layout":"","ast-site-content-layout":"default","site-content-style":"default","site-sidebar-style":"default","ast-global-header-display":"","ast-banner-title-visibility":"","ast-main-header-display":"","ast-hfb-above-header-display":"","ast-hfb-below-header-display":"","ast-hfb-mobile-header-display":"","site-post-title":"","ast-breadcrumbs-content":"","ast-featured-img":"","footer-sml-layout":"","ast-disable-related-posts":"","theme-transparent-header-meta":"default","adv-header-id-meta":"","stick-header-meta":"default","header-above-stick-meta":"","header-main-stick-meta":"","header-below-stick-meta":"","astra-migrate-meta-layouts":"set","ast-page-background-enabled":"default","ast-page-background-meta":{"desktop":{"background-color":"","background-image":"","background-repeat":"repeat","background-position":"center center","background-size":"auto","background-attachment":"scroll","background-type":"","background-media":"","overlay-type":"","overlay-color":"","overlay-opacity":"","overlay-gradient":""},"tablet":{"background-color":"","background-image":"","background-repeat":"repeat","background-position":"center center","background-size":"auto","background-attachment":"scroll","background-type":"","background-media":"","overlay-type":"","overlay-color":"","overlay-opacity":"","overlay-gradient":""},"mobile":{"background-color":"","background-image":"","background-repeat":"repeat","background-position":"center center","background-size":"auto","background-attachment":"scroll","background-type":"","background-media":"","overlay-type":"","overlay-color":"","overlay-opacity":"","overlay-gradient":""}},"ast-content-background-meta":{"desktop":{"background-color":"var(--ast-global-color-5)","background-image":"","background-repeat":"repeat","background-position":"center center","background-size":"auto","background-attachment":"scroll","background-type":"","background-media":"","overlay-type":"","overlay-color":"","overlay-opacity":"","overlay-gradient":""},"tablet":{"background-color":"var(--ast-global-color-5)","background-image":"","background-repeat":"repeat","background-position":"center center","background-size":"auto","background-attachment":"scroll","background-type":"","background-media":"","overlay-type":"","overlay-color":"","overlay-opacity":"","overlay-gradient":""},"mobile":{"background-color":"var(--ast-global-color-5)","background-image":"","background-repeat":"repeat","background-position":"center center","background-size":"auto","background-attachment":"scroll","background-type":"","background-media":"","overlay-type":"","overlay-color":"","overlay-opacity":"","overlay-gradient":""}},"_joinchat":[]},"product_brand":[],"product_cat":[845],"product_tag":[1195,1190,1191,1200,1205,1197,1193,1178,1186,1208,1201,1194,1206,1199,1198,1209,1196,1203,1192,1177,1179,1175,1204,1207,1202],"class_list":{"0":"post-11365","1":"product","2":"type-product","3":"status-publish","4":"has-post-thumbnail","6":"product_cat-commercial-industrial-bess","7":"product_tag-1000v-pv-input-ess","8":"product_tag-114kwh-all-in-one-energy-storage-cabinet","9":"product_tag-60kw-hybrid-inverter-ess","10":"product_tag-air-conditioner-cooling-ess","11":"product_tag-bulk-pricing","12":"product_tag-ci-backup-power","13":"product_tag-commercial-industrial-energy-storage","14":"product_tag-demand-charge-management","15":"product_tag-epc-integrator-ready","16":"product_tag-ev-charging-station-buffering","17":"product_tag-factory-direct-energy-storage-cabinet","18":"product_tag-high-voltage-solar-power-system","19":"product_tag-industrial-park-energy-storage","20":"product_tag-intelligent-fire-alarm-system","21":"product_tag-lan-ems-monitoring","22":"product_tag-microgrid-ready-ess","23":"product_tag-mppt-200-850v","24":"product_tag-oem-odm-support","25":"product_tag-outdoor-ip54-lifepo4-cabinet","26":"product_tag-peak-shaving-energy-storage","27":"product_tag-solar-self-consumption-storage","28":"product_tag-thermal-aerosol-fire-suppression","29":"product_tag-trial-order-available","30":"product_tag-warehouse-energy-storage","31":"product_tag-wholesale-ess-supplier","32":"desktop-align-left","33":"tablet-align-left","34":"mobile-align-left","35":"ast-product-gallery-layout-horizontal-slider","36":"ast-product-tabs-layout-horizontal","38":"first","39":"instock","40":"shipping-taxable","41":"purchasable","42":"product-type-simple"},"acf":[],"_links":{"self":[{"href":"https:\/\/www.balderpower.com\/es\/wp-json\/wp\/v2\/product\/11365","targetHints":{"allow":["GET"]}}],"collection":[{"href":"https:\/\/www.balderpower.com\/es\/wp-json\/wp\/v2\/product"}],"about":[{"href":"https:\/\/www.balderpower.com\/es\/wp-json\/wp\/v2\/types\/product"}],"version-history":[{"count":0,"href":"https:\/\/www.balderpower.com\/es\/wp-json\/wp\/v2\/product\/11365\/revisions"}],"wp:featuredmedia":[{"embeddable":true,"href":"https:\/\/www.balderpower.com\/es\/wp-json\/wp\/v2\/media\/11366"}],"wp:attachment":[{"href":"https:\/\/www.balderpower.com\/es\/wp-json\/wp\/v2\/media?parent=11365"}],"wp:term":[{"taxonomy":"product_brand","embeddable":true,"href":"https:\/\/www.balderpower.com\/es\/wp-json\/wp\/v2\/product_brand?post=11365"},{"taxonomy":"product_cat","embeddable":true,"href":"https:\/\/www.balderpower.com\/es\/wp-json\/wp\/v2\/product_cat?post=11365"},{"taxonomy":"product_tag","embeddable":true,"href":"https:\/\/www.balderpower.com\/es\/wp-json\/wp\/v2\/product_tag?post=11365"}],"curies":[{"name":"wp","href":"https:\/\/api.w.org\/{rel}","templated":true}]}}