{"id":11358,"date":"2026-03-04T00:23:08","date_gmt":"2026-03-03T16:23:08","guid":{"rendered":"https:\/\/www.balderpower.com\/?post_type=product&#038;p=11358"},"modified":"2026-03-06T03:08:45","modified_gmt":"2026-03-05T19:08:45","slug":"armario-de-almacenamiento-de-energia-de-241-kwh-con-inversor-hibrido-de-100-kw-y-768-v","status":"publish","type":"product","link":"https:\/\/www.balderpower.com\/es\/241kwh-energy-storage-cabinet-100kw-hybrid-inverter-768v\/","title":{"rendered":"Armario de almacenamiento de energ\u00eda de 241 kWh (768 V, 314 Ah) | Inversor h\u00edbrido C&amp;I BESS de 100 kW"},"content":{"rendered":"<h2>Gabinete de almacenamiento de energ\u00eda de 241 kWh para proyectos comerciales e industriales<\/h2>\n<p>Este <strong>Armario de almacenamiento de energ\u00eda de 241 kWh<\/strong> Est\u00e1 dise\u00f1ado para usuarios comerciales e industriales que necesitan ahorros predecibles y mayor confiabilidad energ\u00e9tica. Ayuda a integradores y usuarios finales a lograr... <strong>afeitado de picos<\/strong>, Reducci\u00f3n de la carga por demanda, mejora del autoconsumo fotovoltaico y suministro de energ\u00eda de respaldo estable en f\u00e1bricas, almacenes, parques de oficinas, granjas, puntos de carga de veh\u00edculos el\u00e9ctricos e instalaciones preparadas para microrredes. El gabinete se entrega con un dise\u00f1o estandarizado y eficiente en espacio para reducir la mano de obra en sitio y acortar el tiempo de puesta en servicio, ideal para proyectos EPC donde el cronograma y la seguridad son cruciales.<\/p>\n<h2>Plataforma LiFePO4 de alto voltaje de 768 V con celdas de 314 Ah<\/h2>\n<p>Construido sobre una <strong>LiFePO4 de alto voltaje de 768 V<\/strong> Arquitectura, el sistema permite un suministro de energ\u00eda eficiente para cargas C&amp;I. El dise\u00f1o de alto voltaje generalmente reduce la corriente para el mismo nivel de potencia, lo que ayuda a reducir las p\u00e9rdidas de cable y mejora la eficiencia general del sistema en implementaciones reales. El gabinete utiliza <strong>Celdas LFP de 3,2 V\/314 Ah<\/strong> y una configuraci\u00f3n robusta del m\u00f3dulo para proporcionar una salida constante y una larga vida \u00fatil con ciclos frecuentes. Con un recomendado <strong>Inversor h\u00edbrido de 100 kW<\/strong> Configuraci\u00f3n: esta soluci\u00f3n se adapta a muchos escenarios comerciales comunes, como cambio de carga, optimizaci\u00f3n de almacenamiento + PV y reemplazo\/asistencia de generadores.<\/p>\n<h3>Protecci\u00f3n BMS inteligente para un ciclismo diario m\u00e1s seguro<\/h3>\n<p>El rendimiento de la bater\u00eda depende de la consistencia de las celdas y la precisi\u00f3n del control. El BMS inteligente integrado ofrece protecci\u00f3n multicapa con <strong>monitoreo celular en tiempo real<\/strong>, <strong>ajuste din\u00e1mico de corriente<\/strong>, y <strong>autoequilibrio<\/strong>. Estas funciones ayudan a reducir la desviaci\u00f3n anormal de las celdas con el tiempo y a mantener un funcionamiento estable durante los ciclos diarios de carga y descarga. Para los compradores B2B, esto se traduce en menos intervenciones de mantenimiento, mayor disponibilidad del sistema y una mayor rentabilidad del proyecto, especialmente en aplicaciones de nivelaci\u00f3n de picos de demanda, donde el sistema realiza ciclos regularmente.<\/p>\n<h2>Gesti\u00f3n t\u00e9rmica y seguridad contra incendios para instalaciones en exteriores<\/h2>\n<p>Para instalaci\u00f3n en exteriores y semi-exteriores, el gabinete cuenta con <strong>enfriamiento del aire con un acondicionador de aire<\/strong> Para mantener una temperatura interna estable y optimizar el rendimiento en condiciones ambientales cambiantes. Para mejorar la seguridad operativa, el sistema incluye un <strong>sistema de protecci\u00f3n contra incendios por aerosol t\u00e9rmico<\/strong>, proporcionando mitigaci\u00f3n proactiva de riesgos a nivel de gabinete. El gabinete cumple <strong>IP55<\/strong> Protecci\u00f3n, apoyando la implementaci\u00f3n en entornos industriales donde la resistencia al polvo y la humedad son esenciales.<\/p>\n<h2>Dise\u00f1o de gabinete escalable para la creciente demanda de energ\u00eda<\/h2>\n<p>Los requisitos del proyecto suelen ampliarse despu\u00e9s de la primera fase. Esto <strong>Gabinete BESS comercial e industrial<\/strong> Admite conexi\u00f3n en paralelo de hasta <strong>10 unidades<\/strong>, lo que permite la expansi\u00f3n de la capacidad hasta <strong>2,41 MWh<\/strong> Sin redise\u00f1ar todo el sistema de almacenamiento de energ\u00eda. Opciones de comunicaci\u00f3n como <strong>CAN\/RS485<\/strong> Compatible con flujos de trabajo de integraci\u00f3n comunes con plataformas de inversores y EMS. Las marcas de inversores compatibles m\u00e1s comunes en el mercado incluyen Growatt, Deye, Sofar, Solis, Megarevo e Invt (la compatibilidad final depende de la asignaci\u00f3n de protocolos y la configuraci\u00f3n del proyecto).<\/p>\n<h3>Soporte de compras B2B directas de f\u00e1brica<\/h3>\n<p>Como proveedor B2B orientado a la f\u00e1brica, apoyamos a EPCs, distribuidores y proveedores de soluciones energ\u00e9ticas con documentaci\u00f3n clara y una coordinaci\u00f3n t\u00e9cnica \u00e1gil. El gabinete se suministra con los documentos de cumplimiento m\u00e1s solicitados, como <strong>ONU38.3<\/strong>, <strong>Hoja de datos de seguridad (MSDS)<\/strong>, y referencias de conformidad aplicables (por ejemplo, <strong>CE\/IEC\/UKCA<\/strong> Cuando sea necesario). Tambi\u00e9n podemos proporcionar hojas de datos, referencias de cableado y asistencia para la elaboraci\u00f3n de presupuestos de proyectos para agilizar las adquisiciones. Para los compradores, esto se traduce en una evaluaci\u00f3n m\u00e1s r\u00e1pida, una gesti\u00f3n de importaci\u00f3n y exportaci\u00f3n m\u00e1s fluida y un proceso de entrega m\u00e1s fiable, respaldado por una mentalidad de calidad orientada a la producci\u00f3n.<\/p>","protected":false},"excerpt":{"rendered":"<ul>\n<li data-start=\"1501\" data-end=\"1676\">\n<p data-start=\"1503\" data-end=\"1676\"><strong data-start=\"1503\" data-end=\"1674\">Gabinete de almacenamiento de energ\u00eda para exteriores refrigerado por aire de 241 kWh con inversor h\u00edbrido de 100 kW para reducci\u00f3n de picos comerciales e industriales, autoconsumo solar y energ\u00eda de respaldo confiable.<\/strong><\/p>\n<\/li>\n<li data-start=\"1677\" data-end=\"1796\">\n<p data-start=\"1679\" data-end=\"1796\">De alta tensi\u00f3n <strong data-start=\"1692\" data-end=\"1714\">Bater\u00eda de litio de 768 V (LFP)<\/strong> arquitectura con <strong data-start=\"1733\" data-end=\"1748\">Celdas de 314 Ah<\/strong> para un rendimiento estable y una larga vida \u00fatil.<\/p>\n<\/li>\n<li data-start=\"1797\" data-end=\"1905\">\n<p data-start=\"1799\" data-end=\"1905\">Dise\u00f1o de gabinete estandarizado y preensamblado para acortar el tiempo de instalaci\u00f3n y reducir los riesgos de cableado en el sitio.<\/p>\n<\/li>\n<li data-start=\"1906\" data-end=\"2021\">\n<p data-start=\"1908\" data-end=\"2021\">BMS inteligente con monitoreo de celdas en tiempo real, control din\u00e1mico de corriente y autoequilibrio para una operaci\u00f3n m\u00e1s segura.<\/p>\n<\/li>\n<li data-start=\"2022\" data-end=\"2134\">\n<p data-start=\"2024\" data-end=\"2134\">Gesti\u00f3n t\u00e9rmica integrada (refrigeraci\u00f3n por aire + A\/C) y <strong data-start=\"2076\" data-end=\"2111\">protecci\u00f3n contra incendios mediante aerosoles t\u00e9rmicos<\/strong> para mayor seguridad.<\/p>\n<\/li>\n<li data-start=\"2135\" data-end=\"2233\">\n<p data-start=\"2137\" data-end=\"2233\">Soportes <strong data-start=\"2146\" data-end=\"2183\">expansi\u00f3n paralela hasta 10 unidades<\/strong> para proyectos BESS C&amp;I escalables (hasta 2,41 MWh).<\/p>\n<\/li>\n<li data-start=\"2234\" data-end=\"2349\">\n<p data-start=\"2236\" data-end=\"2349\">Suministro directo de f\u00e1brica para proyectos B2B: soporte de pedidos de prueba, precios al por mayor y documentaci\u00f3n OEM a pedido.<\/p>\n<\/li>\n<\/ul>","protected":false},"featured_media":11360,"template":"","meta":{"_acf_changed":false,"nf_dc_page":"","site-sidebar-layout":"default","site-content-layout":"","ast-site-content-layout":"default","site-content-style":"default","site-sidebar-style":"default","ast-global-header-display":"","ast-banner-title-visibility":"","ast-main-header-display":"","ast-hfb-above-header-display":"","ast-hfb-below-header-display":"","ast-hfb-mobile-header-display":"","site-post-title":"","ast-breadcrumbs-content":"","ast-featured-img":"","footer-sml-layout":"","ast-disable-related-posts":"","theme-transparent-header-meta":"default","adv-header-id-meta":"","stick-header-meta":"default","header-above-stick-meta":"","header-main-stick-meta":"","header-below-stick-meta":"","astra-migrate-meta-layouts":"set","ast-page-background-enabled":"default","ast-page-background-meta":{"desktop":{"background-color":"","background-image":"","background-repeat":"repeat","background-position":"center center","background-size":"auto","background-attachment":"scroll","background-type":"","background-media":"","overlay-type":"","overlay-color":"","overlay-opacity":"","overlay-gradient":""},"tablet":{"background-color":"","background-image":"","background-repeat":"repeat","background-position":"center center","background-size":"auto","background-attachment":"scroll","background-type":"","background-media":"","overlay-type":"","overlay-color":"","overlay-opacity":"","overlay-gradient":""},"mobile":{"background-color":"","background-image":"","background-repeat":"repeat","background-position":"center center","background-size":"auto","background-attachment":"scroll","background-type":"","background-media":"","overlay-type":"","overlay-color":"","overlay-opacity":"","overlay-gradient":""}},"ast-content-background-meta":{"desktop":{"background-color":"var(--ast-global-color-5)","background-image":"","background-repeat":"repeat","background-position":"center center","background-size":"auto","background-attachment":"scroll","background-type":"","background-media":"","overlay-type":"","overlay-color":"","overlay-opacity":"","overlay-gradient":""},"tablet":{"background-color":"var(--ast-global-color-5)","background-image":"","background-repeat":"repeat","background-position":"center center","background-size":"auto","background-attachment":"scroll","background-type":"","background-media":"","overlay-type":"","overlay-color":"","overlay-opacity":"","overlay-gradient":""},"mobile":{"background-color":"var(--ast-global-color-5)","background-image":"","background-repeat":"repeat","background-position":"center center","background-size":"auto","background-attachment":"scroll","background-type":"","background-media":"","overlay-type":"","overlay-color":"","overlay-opacity":"","overlay-gradient":""}},"_joinchat":[]},"product_brand":[],"product_cat":[845],"product_tag":[1169,1168,1172,1171,1173,1189,1176,1170,1181,1178,1186,1183,1184,1182,1174,1180,1187,1177,1179,1175,1188,1185],"class_list":{"0":"post-11358","1":"product","2":"type-product","3":"status-publish","4":"has-post-thumbnail","6":"product_cat-commercial-industrial-bess","7":"product_tag-100kw-hybrid-inverter-energy-storage-system","8":"product_tag-241kwh-energy-storage-cabinet","9":"product_tag-314ah-lfp-battery-module","10":"product_tag-768v-high-voltage-lifepo4-battery-cabinet","11":"product_tag-air-cooled-outdoor-ess-cabinet","12":"product_tag-bulk-pricing-available","13":"product_tag-can-rs485-communication","14":"product_tag-commercial-industrial-bess-cabinet","15":"product_tag-commercial-backup-power","16":"product_tag-demand-charge-management","17":"product_tag-epc-integrator-ready","18":"product_tag-ev-charging-station-energy-buffering","19":"product_tag-factory-direct-bess-supplier","20":"product_tag-industrial-park-bess","21":"product_tag-ip55-energy-storage-cabinet","22":"product_tag-microgrid-energy-storage","23":"product_tag-oem-odm-supported","24":"product_tag-peak-shaving-energy-storage","25":"product_tag-solar-self-consumption-storage","26":"product_tag-thermal-aerosol-fire-suppression","27":"product_tag-trial-order-supported","28":"product_tag-wholesale-energy-storage-cabinet","29":"desktop-align-left","30":"tablet-align-left","31":"mobile-align-left","32":"ast-product-gallery-layout-horizontal-slider","33":"ast-product-tabs-layout-horizontal","35":"first","36":"instock","37":"shipping-taxable","38":"purchasable","39":"product-type-simple"},"acf":[],"_links":{"self":[{"href":"https:\/\/www.balderpower.com\/es\/wp-json\/wp\/v2\/product\/11358","targetHints":{"allow":["GET"]}}],"collection":[{"href":"https:\/\/www.balderpower.com\/es\/wp-json\/wp\/v2\/product"}],"about":[{"href":"https:\/\/www.balderpower.com\/es\/wp-json\/wp\/v2\/types\/product"}],"version-history":[{"count":0,"href":"https:\/\/www.balderpower.com\/es\/wp-json\/wp\/v2\/product\/11358\/revisions"}],"wp:featuredmedia":[{"embeddable":true,"href":"https:\/\/www.balderpower.com\/es\/wp-json\/wp\/v2\/media\/11360"}],"wp:attachment":[{"href":"https:\/\/www.balderpower.com\/es\/wp-json\/wp\/v2\/media?parent=11358"}],"wp:term":[{"taxonomy":"product_brand","embeddable":true,"href":"https:\/\/www.balderpower.com\/es\/wp-json\/wp\/v2\/product_brand?post=11358"},{"taxonomy":"product_cat","embeddable":true,"href":"https:\/\/www.balderpower.com\/es\/wp-json\/wp\/v2\/product_cat?post=11358"},{"taxonomy":"product_tag","embeddable":true,"href":"https:\/\/www.balderpower.com\/es\/wp-json\/wp\/v2\/product_tag?post=11358"}],"curies":[{"name":"wp","href":"https:\/\/api.w.org\/{rel}","templated":true}]}}