{"id":11339,"date":"2026-03-03T16:52:03","date_gmt":"2026-03-03T08:52:03","guid":{"rendered":"https:\/\/www.balderpower.com\/?post_type=product&#038;p=11339"},"modified":"2026-03-03T16:52:06","modified_gmt":"2026-03-03T08:52:06","slug":"contenedor-ci-bess-todo-en-uno-de-100-kw-y-215-kwh","status":"publish","type":"product","link":"https:\/\/www.balderpower.com\/es\/100kw-215kwh-all-in-one-ci-bess-container\/","title":{"rendered":"Sistema h\u00edbrido de almacenamiento de energ\u00eda solar LiFePO4 en contenedor BESS C&amp;I de 100 kW y 215 kWh"},"content":{"rendered":"<h3 data-start=\"2090\" data-end=\"2200\">Mejore la gesti\u00f3n de su energ\u00eda industrial con el contenedor BESS C&amp;I todo en uno de 100 kW y 215 kWh de Balder Power<\/h3>\n<p data-start=\"2201\" data-end=\"2778\">Con m\u00e1s de 15 a\u00f1os de experiencia como productor l\u00edder de bater\u00edas de litio de China, Balder Power presenta <strong data-start=\"2301\" data-end=\"2347\">Contenedor BESS C&amp;I todo en uno de 100 kW y 215 kWh<\/strong> Un sistema integral de almacenamiento de energ\u00eda solar h\u00edbrido LiFePO4, dise\u00f1ado para sectores comerciales e industriales que enfrentan costos energ\u00e9ticos vol\u00e1tiles y desaf\u00edos de confiabilidad. Esta soluci\u00f3n contenedorizada integra componentes avanzados en una robusta carcasa IP54, lo que permite a empresas como plantas de fabricaci\u00f3n, centros de datos y parques solares lograr independencia energ\u00e9tica, reducir los cargos por demanda m\u00e1xima y optimizar la integraci\u00f3n de energ\u00edas renovables.<\/p>\n<p data-start=\"2780\" data-end=\"3374\">Nuestro equipo de ingenier\u00eda, con el respaldo de instalaciones con certificaci\u00f3n ISO e implementaciones reales en m\u00e1s de 40 pa\u00edses, ha dise\u00f1ado este sistema para ofrecer un rendimiento excepcional. Con un sistema de almacenamiento de energ\u00eda industrial LiFePO4 de 215 kWh como n\u00facleo, ofrece m\u00e1s de 6000 ciclos a una profundidad de descarga de 801 TP3T, lo que garantiza una rentabilidad a largo plazo mediante el arbitraje energ\u00e9tico y el autoconsumo. El contenedor solar h\u00edbrido BESS de 100 kW es compatible con los modos conectado a la red, h\u00edbrido o aislado, lo que lo hace ideal para regiones con redes inestables o altas tasas de TOU (Tiempo de Uso). Esta tendencia se acelerar\u00e1 en 2026, ya que las instalaciones globales de BESS superar\u00e1n los 450 GWh anuales.<\/p>\n<h3 data-start=\"3376\" data-end=\"3416\">Fiabilidad comprobada para las demandas B2B<\/h3>\n<p data-start=\"3417\" data-end=\"3971\">Los clientes B2B valoran nuestra <strong data-start=\"3439\" data-end=\"3483\">Almacenamiento de energ\u00eda solar comercial e industrial al por mayor en China<\/strong> Por sus ventajas de fabricaci\u00f3n directa: precios competitivos con pedido m\u00ednimo de tan solo 1 unidad para pilotos, personalizaci\u00f3n de marca y plazos de entrega de 30 a 45 d\u00edas. Hemos suministrado sistemas similares a almacenes europeos y centros de veh\u00edculos el\u00e9ctricos de Oriente Medio, donde la variante opcional de almacenamiento de bater\u00edas comerciales con refrigeraci\u00f3n l\u00edquida destaca en condiciones de alta temperatura de hasta 60 \u00b0C. Todas las unidades superan las pruebas de f\u00e1brica 100% y cuentan con las certificaciones IEC62477, IEC61000 e IEC62116, lo que confirma nuestro compromiso con la seguridad y el cumplimiento normativo.<\/p>\n<p data-start=\"3973\" data-end=\"4281\">Este BESS no es solo hardware: es una inversi\u00f3n inteligente. El EMS integrado optimiza los flujos de energ\u00eda solar, de bater\u00edas y de red en tiempo real, reduciendo los costos operativos hasta en 301 TP3T, seg\u00fan nuestros casos pr\u00e1cticos. Para operaciones en expansi\u00f3n, la escalabilidad modular permite una conexi\u00f3n en paralelo fluida a niveles de MW sin interrupciones.<\/p>\n<p data-start=\"4283\" data-end=\"4502\">Conf\u00ede en Balder Power para asegurar el futuro de su estrategia energ\u00e9tica. Contacte con nuestros expertos para obtener presupuestos personalizados, dise\u00f1os CAD o asistencia de integraci\u00f3n. Estamos aqu\u00ed para impulsar su negocio con soluciones energ\u00e9ticas confiables y eficientes.<\/p>","protected":false},"excerpt":{"rendered":"<p data-start=\"1210\" data-end=\"1561\">Explore el robusto contenedor BESS todo en uno C&amp;I de 100 kW y 215 kWh con capacidades solares h\u00edbridas LiFePO4, refrigeraci\u00f3n l\u00edquida opcional y SAI integrado para una mayor resiliencia industrial. Directamente del fabricante chino Balder Power: modular, certificado y listo para la venta al por mayor.<\/p>\n<ul data-start=\"1562\" data-end=\"1991\">\n<li data-start=\"1562\" data-end=\"1651\">\n<p data-start=\"1564\" data-end=\"1651\">Bater\u00eda LiFePO4 de alta capacidad de 215 kWh con una potencia de salida de 100 kW para aplicaciones comerciales e industriales exigentes<\/p>\n<\/li>\n<li data-start=\"1652\" data-end=\"1744\">\n<p data-start=\"1654\" data-end=\"1744\">MPPT integrado, inversor CC-CA, STS, EMS en un solo contenedor IP54 para una f\u00e1cil implementaci\u00f3n<\/p>\n<\/li>\n<li data-start=\"1745\" data-end=\"1824\">\n<p data-start=\"1747\" data-end=\"1824\">El arranque en negro y el verdadero SAI garantizan energ\u00eda sin tiempo de inactividad durante interrupciones de la red<\/p>\n<\/li>\n<li data-start=\"1825\" data-end=\"1914\">\n<p data-start=\"1827\" data-end=\"1914\">Opciones de refrigeraci\u00f3n flexibles: refrigeraci\u00f3n por aire o l\u00edquido para mayor eficiencia en diversos entornos<\/p>\n<\/li>\n<li data-start=\"1915\" data-end=\"1991\">\n<p data-start=\"1917\" data-end=\"1991\">El dise\u00f1o escalable admite la expansi\u00f3n paralela para satisfacer las crecientes necesidades energ\u00e9ticas<\/p>\n<\/li>\n<\/ul>","protected":false},"featured_media":11345,"template":"","meta":{"_acf_changed":false,"nf_dc_page":"","site-sidebar-layout":"default","site-content-layout":"","ast-site-content-layout":"default","site-content-style":"default","site-sidebar-style":"default","ast-global-header-display":"","ast-banner-title-visibility":"","ast-main-header-display":"","ast-hfb-above-header-display":"","ast-hfb-below-header-display":"","ast-hfb-mobile-header-display":"","site-post-title":"","ast-breadcrumbs-content":"","ast-featured-img":"","footer-sml-layout":"","ast-disable-related-posts":"","theme-transparent-header-meta":"default","adv-header-id-meta":"","stick-header-meta":"default","header-above-stick-meta":"","header-main-stick-meta":"","header-below-stick-meta":"","astra-migrate-meta-layouts":"set","ast-page-background-enabled":"default","ast-page-background-meta":{"desktop":{"background-color":"","background-image":"","background-repeat":"repeat","background-position":"center center","background-size":"auto","background-attachment":"scroll","background-type":"","background-media":"","overlay-type":"","overlay-color":"","overlay-opacity":"","overlay-gradient":""},"tablet":{"background-color":"","background-image":"","background-repeat":"repeat","background-position":"center center","background-size":"auto","background-attachment":"scroll","background-type":"","background-media":"","overlay-type":"","overlay-color":"","overlay-opacity":"","overlay-gradient":""},"mobile":{"background-color":"","background-image":"","background-repeat":"repeat","background-position":"center center","background-size":"auto","background-attachment":"scroll","background-type":"","background-media":"","overlay-type":"","overlay-color":"","overlay-opacity":"","overlay-gradient":""}},"ast-content-background-meta":{"desktop":{"background-color":"var(--ast-global-color-5)","background-image":"","background-repeat":"repeat","background-position":"center center","background-size":"auto","background-attachment":"scroll","background-type":"","background-media":"","overlay-type":"","overlay-color":"","overlay-opacity":"","overlay-gradient":""},"tablet":{"background-color":"var(--ast-global-color-5)","background-image":"","background-repeat":"repeat","background-position":"center center","background-size":"auto","background-attachment":"scroll","background-type":"","background-media":"","overlay-type":"","overlay-color":"","overlay-opacity":"","overlay-gradient":""},"mobile":{"background-color":"var(--ast-global-color-5)","background-image":"","background-repeat":"repeat","background-position":"center center","background-size":"auto","background-attachment":"scroll","background-type":"","background-media":"","overlay-type":"","overlay-color":"","overlay-opacity":"","overlay-gradient":""}},"_joinchat":[]},"product_brand":[],"product_cat":[845],"product_tag":[1145,1144,1152,1147,1143,1150,1148,1146,1151,1153,1154,1149],"class_list":{"0":"post-11339","1":"product","2":"type-product","3":"status-publish","4":"has-post-thumbnail","6":"product_cat-commercial-industrial-bess","7":"product_tag-100kw-hybrid-solar-bess","8":"product_tag-215kwh-lifepo4-storage","9":"product_tag-b2b-solar-storage","10":"product_tag-china-wholesale-ci-storage","11":"product_tag-ci-bess-container","12":"product_tag-data-center-ups","13":"product_tag-industrial-peak-shaving","14":"product_tag-liquid-cooled-commercial-battery","15":"product_tag-modular-energy-system","16":"product_tag-off-grid-industrial-battery","17":"product_tag-scalable-ci-ess","18":"product_tag-solar-farm-bess","19":"desktop-align-left","20":"tablet-align-left","21":"mobile-align-left","22":"ast-product-gallery-layout-horizontal-slider","23":"ast-product-tabs-layout-horizontal","25":"first","26":"instock","27":"shipping-taxable","28":"purchasable","29":"product-type-simple"},"acf":[],"_links":{"self":[{"href":"https:\/\/www.balderpower.com\/es\/wp-json\/wp\/v2\/product\/11339","targetHints":{"allow":["GET"]}}],"collection":[{"href":"https:\/\/www.balderpower.com\/es\/wp-json\/wp\/v2\/product"}],"about":[{"href":"https:\/\/www.balderpower.com\/es\/wp-json\/wp\/v2\/types\/product"}],"version-history":[{"count":0,"href":"https:\/\/www.balderpower.com\/es\/wp-json\/wp\/v2\/product\/11339\/revisions"}],"wp:featuredmedia":[{"embeddable":true,"href":"https:\/\/www.balderpower.com\/es\/wp-json\/wp\/v2\/media\/11345"}],"wp:attachment":[{"href":"https:\/\/www.balderpower.com\/es\/wp-json\/wp\/v2\/media?parent=11339"}],"wp:term":[{"taxonomy":"product_brand","embeddable":true,"href":"https:\/\/www.balderpower.com\/es\/wp-json\/wp\/v2\/product_brand?post=11339"},{"taxonomy":"product_cat","embeddable":true,"href":"https:\/\/www.balderpower.com\/es\/wp-json\/wp\/v2\/product_cat?post=11339"},{"taxonomy":"product_tag","embeddable":true,"href":"https:\/\/www.balderpower.com\/es\/wp-json\/wp\/v2\/product_tag?post=11339"}],"curies":[{"name":"wp","href":"https:\/\/api.w.org\/{rel}","templated":true}]}}