{"id":11110,"date":"2026-02-24T17:47:25","date_gmt":"2026-02-24T09:47:25","guid":{"rendered":"https:\/\/www.balderpower.com\/?post_type=product&#038;p=11110"},"modified":"2026-03-06T15:52:12","modified_gmt":"2026-03-06T07:52:12","slug":"bateria-para-macbook-pro-13-a1964-a1989-2018-y-2019","status":"publish","type":"product","link":"https:\/\/www.balderpower.com\/es\/a1964-macbook-pro-13-battery-a1989-2018-2019\/","title":{"rendered":"Bater\u00eda A1964 para MacBook Pro 13 (modelo A1989, 2018\/2019, 58 Wh, 11,41 V)"},"content":{"rendered":"<h2 data-start=\"1593\" data-end=\"1658\">Reemplazo de bater\u00eda para MacBook Pro 13 A1964 (modelo A1989, a\u00f1os 2018-2019)<\/h2>\n<p data-start=\"1660\" data-end=\"1957\">Este <strong data-start=\"1665\" data-end=\"1697\">Bater\u00eda A1964 para MacBook Pro 13<\/strong> Est\u00e1 dise\u00f1ado como un reemplazo de alta calidad para los modelos Apple MacBook Pro de 13 pulgadas A1989 lanzados en 2018 y 2019. Dise\u00f1ado con una capacidad real de 58 Wh y una salida estable de 11,41 V, restaura el rendimiento de ejecuci\u00f3n original al tiempo que mantiene la seguridad y la estabilidad del ciclo.<\/p>\n<p data-start=\"1959\" data-end=\"2129\">Fabricada bajo los est\u00e1ndares de producci\u00f3n con certificaci\u00f3n ISO9001, cada bater\u00eda se somete a pruebas de envejecimiento, verificaci\u00f3n de capacidad y validaci\u00f3n de la placa de protecci\u00f3n completa antes del env\u00edo.<\/p>\n<h3 data-start=\"2131\" data-end=\"2152\">Modelos compatibles<\/h3>\n<p data-start=\"2154\" data-end=\"2283\">\u2714 MacBook Pro 13\u2033 A1989 (EMC 3214) \u2013 Mediados de 2018<br data-start=\"2199\" data-end=\"2202\" \/>\u2714 MacBook Pro 13\u2033 A1989 (EMC 3358) \u2013 Mediados de 2019<br data-start=\"2247\" data-end=\"2250\" \/>\u2714 N\u00fameros de pieza de Apple: 020-02497<\/p>\n<p data-start=\"2285\" data-end=\"2441\">Si est\u00e1 buscando fuentes de abastecimiento <strong data-start=\"2305\" data-end=\"2334\">Reemplazo de bater\u00eda A1989<\/strong> Para el suministro de cadenas de distribuci\u00f3n o reparaci\u00f3n, este modelo garantiza una compatibilidad confiable y un suministro a granel estable.<\/p>","protected":false},"excerpt":{"rendered":"<ul>\n<li data-start=\"1041\" data-end=\"1213\">\n<p data-start=\"1043\" data-end=\"1213\">Bater\u00eda A1964 para MacBook Pro 13 A1989 2018\/2019, 58Wh 11,41 V, reemplazo de alta capacidad disponible para suministro mayorista y OEM con precios de f\u00e1brica y env\u00edo global.<\/p>\n<\/li>\n<li data-start=\"1214\" data-end=\"1293\">\n<p data-start=\"1216\" data-end=\"1293\">Compatible con MacBook Pro 13\u2033 A1989 (EMC 3214) modelos de mediados de 2018 y mediados de 2019<\/p>\n<\/li>\n<li data-start=\"1294\" data-end=\"1365\">\n<p data-start=\"1296\" data-end=\"1365\">Celdas de pol\u00edmero de litio de grado A, dise\u00f1o de 6 celdas, capacidad real de 5083 mAh<\/p>\n<\/li>\n<li data-start=\"1366\" data-end=\"1424\">\n<p data-start=\"1368\" data-end=\"1424\">100% probado con soluciones de CI de protecci\u00f3n \/ TI originales<\/p>\n<\/li>\n<li data-start=\"1425\" data-end=\"1486\">\n<p data-start=\"1427\" data-end=\"1486\">UN38.3, compatible con MSDS para env\u00edos internacionales a\u00e9reos\/mar\u00edtimos<\/p>\n<\/li>\n<li data-start=\"1487\" data-end=\"1551\">\n<p data-start=\"1489\" data-end=\"1551\">Dise\u00f1ado para distribuidores, centros de reparaci\u00f3n y revendedores en l\u00ednea<\/p>\n<\/li>\n<\/ul>","protected":false},"featured_media":11111,"template":"","meta":{"_acf_changed":false,"nf_dc_page":"","site-sidebar-layout":"default","site-content-layout":"","ast-site-content-layout":"default","site-content-style":"default","site-sidebar-style":"default","ast-global-header-display":"","ast-banner-title-visibility":"","ast-main-header-display":"","ast-hfb-above-header-display":"","ast-hfb-below-header-display":"","ast-hfb-mobile-header-display":"","site-post-title":"","ast-breadcrumbs-content":"","ast-featured-img":"","footer-sml-layout":"","ast-disable-related-posts":"","theme-transparent-header-meta":"default","adv-header-id-meta":"","stick-header-meta":"default","header-above-stick-meta":"","header-main-stick-meta":"","header-below-stick-meta":"","astra-migrate-meta-layouts":"set","ast-page-background-enabled":"default","ast-page-background-meta":{"desktop":{"background-color":"","background-image":"","background-repeat":"repeat","background-position":"center center","background-size":"auto","background-attachment":"scroll","background-type":"","background-media":"","overlay-type":"","overlay-color":"","overlay-opacity":"","overlay-gradient":""},"tablet":{"background-color":"","background-image":"","background-repeat":"repeat","background-position":"center center","background-size":"auto","background-attachment":"scroll","background-type":"","background-media":"","overlay-type":"","overlay-color":"","overlay-opacity":"","overlay-gradient":""},"mobile":{"background-color":"","background-image":"","background-repeat":"repeat","background-position":"center center","background-size":"auto","background-attachment":"scroll","background-type":"","background-media":"","overlay-type":"","overlay-color":"","overlay-opacity":"","overlay-gradient":""}},"ast-content-background-meta":{"desktop":{"background-color":"var(--ast-global-color-5)","background-image":"","background-repeat":"repeat","background-position":"center center","background-size":"auto","background-attachment":"scroll","background-type":"","background-media":"","overlay-type":"","overlay-color":"","overlay-opacity":"","overlay-gradient":""},"tablet":{"background-color":"var(--ast-global-color-5)","background-image":"","background-repeat":"repeat","background-position":"center center","background-size":"auto","background-attachment":"scroll","background-type":"","background-media":"","overlay-type":"","overlay-color":"","overlay-opacity":"","overlay-gradient":""},"mobile":{"background-color":"var(--ast-global-color-5)","background-image":"","background-repeat":"repeat","background-position":"center center","background-size":"auto","background-attachment":"scroll","background-type":"","background-media":"","overlay-type":"","overlay-color":"","overlay-opacity":"","overlay-gradient":""}},"_joinchat":[]},"product_brand":[],"product_cat":[125],"product_tag":[1129,1125,1126,1224,1128,1133,1130,1127,1131,1132,1012],"class_list":{"0":"post-11110","1":"product","2":"type-product","3":"status-publish","4":"has-post-thumbnail","6":"product_cat-macbook-battery-wholesale-china","7":"product_tag-58wh-11-41v-battery","8":"product_tag-a1964-macbook-pro-13-battery","9":"product_tag-a1989-battery-replacement","10":"product_tag-apple","11":"product_tag-apple-laptop-battery-supplier","12":"product_tag-distributor-supply","13":"product_tag-laptop-battery-wholesale","14":"product_tag-macbook-pro-13-2018-battery","15":"product_tag-macbook-repair-battery","16":"product_tag-oem-laptop-battery-manufacturer","17":"product_tag-un38-3-certified-battery","18":"desktop-align-left","19":"tablet-align-left","20":"mobile-align-left","21":"ast-product-gallery-layout-horizontal-slider","22":"ast-product-tabs-layout-horizontal","24":"first","25":"instock","26":"shipping-taxable","27":"purchasable","28":"product-type-simple"},"acf":[],"_links":{"self":[{"href":"https:\/\/www.balderpower.com\/es\/wp-json\/wp\/v2\/product\/11110","targetHints":{"allow":["GET"]}}],"collection":[{"href":"https:\/\/www.balderpower.com\/es\/wp-json\/wp\/v2\/product"}],"about":[{"href":"https:\/\/www.balderpower.com\/es\/wp-json\/wp\/v2\/types\/product"}],"version-history":[{"count":2,"href":"https:\/\/www.balderpower.com\/es\/wp-json\/wp\/v2\/product\/11110\/revisions"}],"predecessor-version":[{"id":11120,"href":"https:\/\/www.balderpower.com\/es\/wp-json\/wp\/v2\/product\/11110\/revisions\/11120"}],"wp:featuredmedia":[{"embeddable":true,"href":"https:\/\/www.balderpower.com\/es\/wp-json\/wp\/v2\/media\/11111"}],"wp:attachment":[{"href":"https:\/\/www.balderpower.com\/es\/wp-json\/wp\/v2\/media?parent=11110"}],"wp:term":[{"taxonomy":"product_brand","embeddable":true,"href":"https:\/\/www.balderpower.com\/es\/wp-json\/wp\/v2\/product_brand?post=11110"},{"taxonomy":"product_cat","embeddable":true,"href":"https:\/\/www.balderpower.com\/es\/wp-json\/wp\/v2\/product_cat?post=11110"},{"taxonomy":"product_tag","embeddable":true,"href":"https:\/\/www.balderpower.com\/es\/wp-json\/wp\/v2\/product_tag?post=11110"}],"curies":[{"name":"wp","href":"https:\/\/api.w.org\/{rel}","templated":true}]}}