{"id":11100,"date":"2026-02-24T02:34:26","date_gmt":"2026-02-23T18:34:26","guid":{"rendered":"https:\/\/www.balderpower.com\/?post_type=product&#038;p=11100"},"modified":"2026-03-06T15:52:15","modified_gmt":"2026-03-06T07:52:15","slug":"bateria-a2171-al-por-mayor-para-macbook-pro-13-a2338-a1708-universal","status":"publish","type":"product","link":"https:\/\/www.balderpower.com\/es\/a2171-battery-wholesale-macbook-pro-13-a2338-a1708-universal\/","title":{"rendered":"Bater\u00eda A2171 al por mayor: 58,2 Wh, ajuste universal para MacBook Pro de 13\u2033 A2338 (M1\/M2), A2289, A2159 y A1708"},"content":{"rendered":"<p data-start=\"2346\" data-end=\"2742\">Bienvenido a Balder Power, su socio estrat\u00e9gico para <strong data-start=\"2398\" data-end=\"2425\">Bater\u00eda A2171 al por mayor<\/strong>. En la acelerada industria de reparaci\u00f3n de port\u00e1tiles, gestionar el inventario de docenas de modelos diferentes puede ser una pesadilla. Nuestro <strong data-start=\"2543\" data-end=\"2576\">Bater\u00eda universal A2171\/A1713<\/strong> Es la soluci\u00f3n. Dise\u00f1ado con un conector vers\u00e1til y un formato optimizado, este producto \u00fanico permite dar servicio a cuatro generaciones de MacBook Pro de 13 pulgadas.<\/p>\n<p data-start=\"2744\" data-end=\"2898\">Ya sea que su cliente tenga un antiguo A1708 2016 o el m\u00e1s nuevo M2 A2338 2022, nuestra bater\u00eda de 58,2 Wh de alta capacidad proporciona un ajuste perfecto y una mejora del rendimiento.<\/p>\n<h4 data-start=\"2900\" data-end=\"2940\">\ud83d\udcbb Lista completa de compatibilidad<\/h4>\n<p data-start=\"2941\" data-end=\"3024\"><em data-start=\"2941\" data-end=\"3024\">Este &quot;SKU universal&quot; es compatible con los siguientes modelos. Verifique el n\u00famero de compatibilidad electromagn\u00e9tica (EMC).<\/em><\/p>\n<p data-start=\"3026\" data-end=\"3079\"><strong data-start=\"3026\" data-end=\"3079\">1. Modelos principales (reemplazo directo de A2171):<\/strong><\/p>\n<ul data-start=\"3080\" data-end=\"3417\">\n<li data-start=\"3080\" data-end=\"3154\">\n<p data-start=\"3084\" data-end=\"3118\"><strong data-start=\"3084\" data-end=\"3118\">MacBook Pro de 13 pulgadas (M2, 2022)<\/strong><\/p>\n<ul data-start=\"3123\" data-end=\"3154\">\n<li data-start=\"3123\" data-end=\"3154\">\n<p data-start=\"3127\" data-end=\"3154\">Modelo: <strong data-start=\"3134\" data-end=\"3143\">A2338<\/strong> | EMC 8162<\/p>\n<\/li>\n<\/ul>\n<\/li>\n<li data-start=\"3155\" data-end=\"3229\">\n<p data-start=\"3159\" data-end=\"3193\"><strong data-start=\"3159\" data-end=\"3193\">MacBook Pro de 13 pulgadas (M1, 2020)<\/strong><\/p>\n<ul data-start=\"3198\" data-end=\"3229\">\n<li data-start=\"3198\" data-end=\"3229\">\n<p data-start=\"3202\" data-end=\"3229\">Modelo: <strong data-start=\"3209\" data-end=\"3218\">A2338<\/strong> | EMC 3578<\/p>\n<\/li>\n<\/ul>\n<\/li>\n<li data-start=\"3230\" data-end=\"3323\">\n<p data-start=\"3234\" data-end=\"3287\"><strong data-start=\"3234\" data-end=\"3287\">MacBook Pro de 13 pulgadas (2020, 2 puertos Thunderbolt 3)<\/strong><\/p>\n<ul data-start=\"3292\" data-end=\"3323\">\n<li data-start=\"3292\" data-end=\"3323\">\n<p data-start=\"3296\" data-end=\"3323\">Modelo: <strong data-start=\"3303\" data-end=\"3312\">A2289<\/strong> | EMC 3456<\/p>\n<\/li>\n<\/ul>\n<\/li>\n<li data-start=\"3324\" data-end=\"3417\">\n<p data-start=\"3328\" data-end=\"3381\"><strong data-start=\"3328\" data-end=\"3381\">MacBook Pro de 13 pulgadas (2019, 2 puertos Thunderbolt 3)<\/strong><\/p>\n<ul data-start=\"3386\" data-end=\"3417\">\n<li data-start=\"3386\" data-end=\"3417\">\n<p data-start=\"3390\" data-end=\"3417\">Modelo: <strong data-start=\"3397\" data-end=\"3406\">A2159<\/strong> | EMC 3301<\/p>\n<\/li>\n<\/ul>\n<\/li>\n<\/ul>\n<p data-start=\"3419\" data-end=\"3470\"><strong data-start=\"3419\" data-end=\"3470\">2. Modelos compatibles con versiones anteriores (reemplaza A1713):<\/strong><\/p>\n<ul data-start=\"3471\" data-end=\"3642\">\n<li data-start=\"3471\" data-end=\"3556\">\n<p data-start=\"3475\" data-end=\"3520\"><strong data-start=\"3475\" data-end=\"3520\">MacBook Pro de 13 pulgadas (2017, teclas de funci\u00f3n)<\/strong><\/p>\n<ul data-start=\"3525\" data-end=\"3556\">\n<li data-start=\"3525\" data-end=\"3556\">\n<p data-start=\"3529\" data-end=\"3556\">Modelo: <strong data-start=\"3536\" data-end=\"3545\">A1708<\/strong> | EMC 3164<\/p>\n<\/li>\n<\/ul>\n<\/li>\n<li data-start=\"3557\" data-end=\"3642\">\n<p data-start=\"3561\" data-end=\"3606\"><strong data-start=\"3561\" data-end=\"3606\">MacBook Pro de 13 pulgadas (2016, teclas de funci\u00f3n)<\/strong><\/p>\n<ul data-start=\"3611\" data-end=\"3642\">\n<li data-start=\"3611\" data-end=\"3642\">\n<p data-start=\"3615\" data-end=\"3642\">Modelo: <strong data-start=\"3622\" data-end=\"3631\">A1708<\/strong> | EMC 2978<\/p>\n<\/li>\n<\/ul>\n<\/li>\n<\/ul>\n<p data-start=\"3644\" data-end=\"3681\"><strong data-start=\"3644\" data-end=\"3681\">3. N\u00fameros de piezas de Apple compatibles:<\/strong><\/p>\n<ul data-start=\"3682\" data-end=\"3784\">\n<li data-start=\"3682\" data-end=\"3716\">\n<p data-start=\"3686\" data-end=\"3716\"><strong data-start=\"3686\" data-end=\"3695\">A2171<\/strong> (Original para 2019+)<\/p>\n<\/li>\n<li data-start=\"3717\" data-end=\"3755\">\n<p data-start=\"3721\" data-end=\"3755\"><strong data-start=\"3721\" data-end=\"3730\">A1713<\/strong> (Original para 2016-2017)<\/p>\n<\/li>\n<li data-start=\"3756\" data-end=\"3784\">\n<p data-start=\"3760\" data-end=\"3784\"><strong data-start=\"3760\" data-end=\"3784\">616-00578, 616-00946<\/strong><\/p>\n<\/li>\n<\/ul>\n<p data-start=\"3786\" data-end=\"3848\">\u26a0\ufe0f <strong data-start=\"3789\" data-end=\"3817\">Advertencia de incompatibilidad:<\/strong><br \/>\nEsta bater\u00eda no <strong data-start=\"3836\" data-end=\"3843\">NO<\/strong> adaptar:<\/p>\n<ul data-start=\"3849\" data-end=\"4089\">\n<li data-start=\"3849\" data-end=\"3966\">\n<p data-start=\"3853\" data-end=\"3966\">Modelos de MacBook Pro de 13 pulgadas (cuatro puertos Thunderbolt 3): <strong data-start=\"3908\" data-end=\"3931\">A1706, A1989, A2251<\/strong> (\u00c9stos utilizan bater\u00edas A1819\/A1964).<\/p>\n<\/li>\n<li data-start=\"3967\" data-end=\"4089\">\n<p data-start=\"3971\" data-end=\"4089\"><em data-start=\"3971\" data-end=\"4089\">Consejo: Los modelos A1708\/A2159\/A2289\/A2338 cuentan con dos puertos Thunderbolt. Si la Mac tiene cuatro puertos, esta bater\u00eda no encajar\u00e1.<\/em><\/p>\n<\/li>\n<\/ul>","protected":false},"excerpt":{"rendered":"<ul>\n<li data-start=\"1661\" data-end=\"1826\">\n<p data-start=\"1665\" data-end=\"1826\">Comprar <strong data-start=\"1669\" data-end=\"1696\">Bater\u00eda A2171 al por mayor<\/strong> (58,2 Wh) compatible con MacBook Pro de 13\u2033 A2338 M1, A2289, A2159 y A1708. Un SKU cubre los modelos de 2016 a 2022. Precio directo de f\u00e1brica.<\/p>\n<\/li>\n<li data-start=\"1827\" data-end=\"1937\">\n<p data-start=\"1831\" data-end=\"1937\"><strong data-start=\"1831\" data-end=\"1851\">Ahorrador de inventario:<\/strong> Una bater\u00eda reemplaza a ambas <strong data-start=\"1878\" data-end=\"1887\">A2171<\/strong> y <strong data-start=\"1892\" data-end=\"1901\">A1713<\/strong>, que abarca 5 a\u00f1os de modelos de port\u00e1tiles.<\/p>\n<\/li>\n<li data-start=\"1938\" data-end=\"2036\">\n<p data-start=\"1942\" data-end=\"2036\"><strong data-start=\"1942\" data-end=\"1963\">Actualizaci\u00f3n de capacidad:<\/strong> <strong data-start=\"1964\" data-end=\"1984\">58,2 Wh \/ 5103 mAh<\/strong> \u2013 Mayor capacidad que el A1713 original (54,5Wh).<\/p>\n<\/li>\n<li data-start=\"2037\" data-end=\"2143\">\n<p data-start=\"2041\" data-end=\"2143\"><strong data-start=\"2041\" data-end=\"2064\">Amplia compatibilidad:<\/strong> Compatible con A1708 (tecla de funci\u00f3n), A2159 (barra t\u00e1ctil), A2289 (2020) y A2338 (M1\/M2).<\/p>\n<\/li>\n<li data-start=\"2144\" data-end=\"2261\">\n<p data-start=\"2148\" data-end=\"2261\"><strong data-start=\"2148\" data-end=\"2168\">Calidad de f\u00e1brica:<\/strong> El chip indicador de gas TI garantiza la lectura del estado 100% tanto en macOS Intel como en Apple Silicon (M1\/M2).<\/p>\n<\/li>\n<\/ul>","protected":false},"featured_media":11105,"template":"","meta":{"_acf_changed":false,"nf_dc_page":"","site-sidebar-layout":"default","site-content-layout":"","ast-site-content-layout":"default","site-content-style":"default","site-sidebar-style":"default","ast-global-header-display":"","ast-banner-title-visibility":"","ast-main-header-display":"","ast-hfb-above-header-display":"","ast-hfb-below-header-display":"","ast-hfb-mobile-header-display":"","site-post-title":"","ast-breadcrumbs-content":"","ast-featured-img":"","footer-sml-layout":"","ast-disable-related-posts":"","theme-transparent-header-meta":"default","adv-header-id-meta":"","stick-header-meta":"default","header-above-stick-meta":"","header-main-stick-meta":"","header-below-stick-meta":"","astra-migrate-meta-layouts":"set","ast-page-background-enabled":"default","ast-page-background-meta":{"desktop":{"background-color":"","background-image":"","background-repeat":"repeat","background-position":"center center","background-size":"auto","background-attachment":"scroll","background-type":"","background-media":"","overlay-type":"","overlay-color":"","overlay-opacity":"","overlay-gradient":""},"tablet":{"background-color":"","background-image":"","background-repeat":"repeat","background-position":"center center","background-size":"auto","background-attachment":"scroll","background-type":"","background-media":"","overlay-type":"","overlay-color":"","overlay-opacity":"","overlay-gradient":""},"mobile":{"background-color":"","background-image":"","background-repeat":"repeat","background-position":"center center","background-size":"auto","background-attachment":"scroll","background-type":"","background-media":"","overlay-type":"","overlay-color":"","overlay-opacity":"","overlay-gradient":""}},"ast-content-background-meta":{"desktop":{"background-color":"var(--ast-global-color-5)","background-image":"","background-repeat":"repeat","background-position":"center center","background-size":"auto","background-attachment":"scroll","background-type":"","background-media":"","overlay-type":"","overlay-color":"","overlay-opacity":"","overlay-gradient":""},"tablet":{"background-color":"var(--ast-global-color-5)","background-image":"","background-repeat":"repeat","background-position":"center center","background-size":"auto","background-attachment":"scroll","background-type":"","background-media":"","overlay-type":"","overlay-color":"","overlay-opacity":"","overlay-gradient":""},"mobile":{"background-color":"var(--ast-global-color-5)","background-image":"","background-repeat":"repeat","background-position":"center center","background-size":"auto","background-attachment":"scroll","background-type":"","background-media":"","overlay-type":"","overlay-color":"","overlay-opacity":"","overlay-gradient":""}},"_joinchat":[]},"product_brand":[],"product_cat":[125],"product_tag":[1124,1119,1123,1117,1121,1118,1224,1120,1122],"class_list":{"0":"post-11100","1":"product","2":"type-product","3":"status-publish","4":"has-post-thumbnail","6":"product_cat-macbook-battery-wholesale-china","7":"product_tag-a1708-battery","8":"product_tag-a1713-battery-upgrade","9":"product_tag-a2159-battery","10":"product_tag-a2171-battery-wholesale","11":"product_tag-a2289-battery","12":"product_tag-a2338-battery-replacement","13":"product_tag-apple","14":"product_tag-macbook-pro-m1-battery","15":"product_tag-universal-macbook-battery","16":"desktop-align-left","17":"tablet-align-left","18":"mobile-align-left","19":"ast-product-gallery-layout-horizontal-slider","20":"ast-product-tabs-layout-horizontal","22":"first","23":"instock","24":"shipping-taxable","25":"purchasable","26":"product-type-simple"},"acf":[],"_links":{"self":[{"href":"https:\/\/www.balderpower.com\/es\/wp-json\/wp\/v2\/product\/11100","targetHints":{"allow":["GET"]}}],"collection":[{"href":"https:\/\/www.balderpower.com\/es\/wp-json\/wp\/v2\/product"}],"about":[{"href":"https:\/\/www.balderpower.com\/es\/wp-json\/wp\/v2\/types\/product"}],"version-history":[{"count":1,"href":"https:\/\/www.balderpower.com\/es\/wp-json\/wp\/v2\/product\/11100\/revisions"}],"predecessor-version":[{"id":11107,"href":"https:\/\/www.balderpower.com\/es\/wp-json\/wp\/v2\/product\/11100\/revisions\/11107"}],"wp:featuredmedia":[{"embeddable":true,"href":"https:\/\/www.balderpower.com\/es\/wp-json\/wp\/v2\/media\/11105"}],"wp:attachment":[{"href":"https:\/\/www.balderpower.com\/es\/wp-json\/wp\/v2\/media?parent=11100"}],"wp:term":[{"taxonomy":"product_brand","embeddable":true,"href":"https:\/\/www.balderpower.com\/es\/wp-json\/wp\/v2\/product_brand?post=11100"},{"taxonomy":"product_cat","embeddable":true,"href":"https:\/\/www.balderpower.com\/es\/wp-json\/wp\/v2\/product_cat?post=11100"},{"taxonomy":"product_tag","embeddable":true,"href":"https:\/\/www.balderpower.com\/es\/wp-json\/wp\/v2\/product_tag?post=11100"}],"curies":[{"name":"wp","href":"https:\/\/api.w.org\/{rel}","templated":true}]}}