{"id":11075,"date":"2026-02-24T01:37:12","date_gmt":"2026-02-23T17:37:12","guid":{"rendered":"https:\/\/www.balderpower.com\/?post_type=product&#038;p=11075"},"modified":"2026-03-06T15:52:19","modified_gmt":"2026-03-06T07:52:19","slug":"bateria-a2113-al-por-mayor-para-macbook-pro-16-a2141-99-8wh","status":"publish","type":"product","link":"https:\/\/www.balderpower.com\/es\/a2113-battery-wholesale-macbook-pro-16-a2141-99-8wh\/","title":{"rendered":"Bater\u00eda A2113 al por mayor \u2013 Capacidad OEM de 99,8 Wh para MacBook Pro de 16\u2033 A2141 (2019) EMC 3347"},"content":{"rendered":"<p data-start=\"2223\" data-end=\"2634\">Bienvenido a Balder Power, su principal fuente de <strong data-start=\"2272\" data-end=\"2299\">Bater\u00eda A2113 al por mayor<\/strong> y fabricaci\u00f3n OEM. La MacBook Pro de 16 pulgadas (2019) es una m\u00e1quina potente y exige una bater\u00eda que pueda seguirle el ritmo. Nuestra bater\u00eda de repuesto A2113 est\u00e1 dise\u00f1ada para ofrecer... <strong data-start=\"2481\" data-end=\"2519\">capacidad m\u00e1xima absoluta (99,8 Wh)<\/strong> permitido por las normas de seguridad de la aviaci\u00f3n, restaurando la vida \u00fatil original de la bater\u00eda de \u201ctodo el d\u00eda\u201d para los dispositivos de sus clientes.<\/p>\n<p data-start=\"2636\" data-end=\"2953\">Como proveedor de f\u00e1brica dedicado, ofrecemos a talleres de reparaci\u00f3n y distribuidores una alternativa confiable a los costosos servicios autorizados. Nuestras bater\u00edas A2113 se fabrican con celdas nuevas de ciclo cero y se someten a rigurosas pruebas para garantizar que soporten el alto consumo de energ\u00eda de los procesadores Intel Core i7\/i9 del modelo A2141.<\/p>\n<h4 data-start=\"2955\" data-end=\"2995\">\ud83d\udcbb Lista completa de compatibilidad<\/h4>\n<p data-start=\"2996\" data-end=\"3101\"><em data-start=\"2996\" data-end=\"3101\">Verifique el n\u00famero EMC en la carcasa inferior. Esta bater\u00eda es solo para el modelo Intel de 16 pulgadas de 2019.<\/em><\/p>\n<p data-start=\"3103\" data-end=\"3135\"><strong data-start=\"3103\" data-end=\"3135\">1. Modelos de port\u00e1tiles compatibles:<\/strong><\/p>\n<ul data-start=\"3136\" data-end=\"3360\">\n<li data-start=\"3136\" data-end=\"3360\">\n<p data-start=\"3140\" data-end=\"3171\"><strong data-start=\"3140\" data-end=\"3171\">MacBook Pro (16 pulgadas, 2019)<\/strong><\/p>\n<ul data-start=\"3176\" data-end=\"3360\">\n<li data-start=\"3176\" data-end=\"3207\">\n<p data-start=\"3180\" data-end=\"3207\"><strong data-start=\"3180\" data-end=\"3197\">N\u00famero de modelo:<\/strong> <strong data-start=\"3198\" data-end=\"3207\">A2141<\/strong><\/p>\n<\/li>\n<li data-start=\"3212\" data-end=\"3244\">\n<p data-start=\"3216\" data-end=\"3244\"><strong data-start=\"3216\" data-end=\"3231\">N\u00famero EMC:<\/strong> <strong data-start=\"3232\" data-end=\"3244\">EMC 3347<\/strong><\/p>\n<\/li>\n<li data-start=\"3249\" data-end=\"3293\">\n<p data-start=\"3253\" data-end=\"3293\"><strong data-start=\"3253\" data-end=\"3260\">IDENTIFICACI\u00d3N:<\/strong> MacBookPro16,1 o MacBookPro16,4<\/p>\n<\/li>\n<li data-start=\"3298\" data-end=\"3360\">\n<p data-start=\"3302\" data-end=\"3360\"><strong data-start=\"3302\" data-end=\"3316\">Procesador:<\/strong> Intel Core i7\/i9 (no para chips M1\/M2\/M3)<\/p>\n<\/li>\n<\/ul>\n<\/li>\n<\/ul>\n<p data-start=\"3362\" data-end=\"3450\"><strong data-start=\"3362\" data-end=\"3415\">2. N\u00fameros de piezas de Apple compatibles (n\u00fameros de pedido):<\/strong><br \/>\n<em data-start=\"3416\" data-end=\"3450\">(Compatible con gris espacial y plata)<\/em><\/p>\n<ul data-start=\"3451\" data-end=\"3623\">\n<li data-start=\"3451\" data-end=\"3496\">\n<p data-start=\"3455\" data-end=\"3496\"><strong data-start=\"3455\" data-end=\"3479\">MVVJ2LL\/A, MVVK2LL\/A<\/strong> (Core i7 de 2,6 GHz)<\/p>\n<\/li>\n<li data-start=\"3497\" data-end=\"3542\">\n<p data-start=\"3501\" data-end=\"3542\"><strong data-start=\"3501\" data-end=\"3525\">MVVL2LL\/A, MVVM2LL\/A<\/strong> (Core i9 de 2,3 GHz)<\/p>\n<\/li>\n<li data-start=\"3543\" data-end=\"3623\">\n<p data-start=\"3547\" data-end=\"3623\"><em data-start=\"3547\" data-end=\"3623\">Nota: Compatible con todas las variaciones regionales (por ejemplo, MVVJ2CH\/A, MVVJ2B\/A).<\/em><\/p>\n<\/li>\n<\/ul>\n<p data-start=\"3625\" data-end=\"3664\"><strong data-start=\"3625\" data-end=\"3664\">3. N\u00fameros de piezas de bater\u00eda compatibles:<\/strong><\/p>\n<ul data-start=\"3665\" data-end=\"3717\">\n<li data-start=\"3665\" data-end=\"3678\">\n<p data-start=\"3669\" data-end=\"3678\"><strong data-start=\"3669\" data-end=\"3678\">A2113<\/strong><\/p>\n<\/li>\n<li data-start=\"3679\" data-end=\"3696\">\n<p data-start=\"3683\" data-end=\"3696\"><strong data-start=\"3683\" data-end=\"3696\">616-00533<\/strong><\/p>\n<\/li>\n<li data-start=\"3697\" data-end=\"3717\">\n<p data-start=\"3701\" data-end=\"3717\"><strong data-start=\"3701\" data-end=\"3717\">080-333-4000<\/strong><\/p>\n<\/li>\n<\/ul>\n<p data-start=\"3719\" data-end=\"3781\">\u26a0\ufe0f <strong data-start=\"3722\" data-end=\"3750\">Advertencia de incompatibilidad:<\/strong><br \/>\nEsta bater\u00eda no <strong data-start=\"3769\" data-end=\"3776\">NO<\/strong> adaptar:<\/p>\n<ul data-start=\"3782\" data-end=\"3887\">\n<li data-start=\"3782\" data-end=\"3828\">\n<p data-start=\"3786\" data-end=\"3828\">Modelos MacBook Pro de 15 pulgadas (A1990, A1707).<\/p>\n<\/li>\n<li data-start=\"3829\" data-end=\"3887\">\n<p data-start=\"3833\" data-end=\"3887\">MacBook Pro de 16 pulgadas (2021) Modelo M1 Pro\/Max <strong data-start=\"3877\" data-end=\"3886\">A2485<\/strong>.<\/p>\n<\/li>\n<\/ul>","protected":false},"excerpt":{"rendered":"<ul>\n<li data-start=\"1587\" data-end=\"1757\">\n<p data-start=\"1591\" data-end=\"1757\">Comprar <strong data-start=\"1595\" data-end=\"1622\">Bater\u00eda A2113 al por mayor<\/strong> para MacBook Pro 16\u2033 A2141 (2019). <strong data-start=\"1657\" data-end=\"1684\">Capacidad masiva de 99,8 Wh<\/strong> (L\u00edmite TSA), precios a granel directos de f\u00e1brica y env\u00edo certificado UN38.3.<\/p>\n<\/li>\n<li data-start=\"1758\" data-end=\"1869\">\n<p data-start=\"1762\" data-end=\"1869\"><strong data-start=\"1762\" data-end=\"1780\">Potencia m\u00e1xima:<\/strong> Calificado en <strong data-start=\"1790\" data-end=\"1810\">99,8 Wh \/ 8790 mAh<\/strong>, el l\u00edmite legal para los viajes a\u00e9reos, garantizando el m\u00e1ximo tiempo de funcionamiento.<\/p>\n<\/li>\n<li data-start=\"1870\" data-end=\"1969\">\n<p data-start=\"1874\" data-end=\"1969\"><strong data-start=\"1874\" data-end=\"1900\">Compatibilidad perfecta:<\/strong> Dise\u00f1ado espec\u00edficamente para MacBook Pro de 16 pulgadas <strong data-start=\"1947\" data-end=\"1968\">A2141 (finales de 2019)<\/strong>.<\/p>\n<\/li>\n<li data-start=\"1970\" data-end=\"2053\">\n<p data-start=\"1974\" data-end=\"2053\"><strong data-start=\"1974\" data-end=\"1992\">Grado de f\u00e1brica:<\/strong> Utiliza celdas de pol\u00edmero de litio de primera calidad con chips BMS inteligentes TI.<\/p>\n<\/li>\n<li data-start=\"2054\" data-end=\"2138\">\n<p data-start=\"2058\" data-end=\"2138\"><strong data-start=\"2058\" data-end=\"2075\">Servicios B2B:<\/strong> Precios competitivos por niveles, MOQ bajo y soporte para dropshipping.<\/p>\n<\/li>\n<\/ul>","protected":false},"featured_media":11071,"template":"","meta":{"_acf_changed":false,"nf_dc_page":"","site-sidebar-layout":"default","site-content-layout":"","ast-site-content-layout":"default","site-content-style":"default","site-sidebar-style":"default","ast-global-header-display":"","ast-banner-title-visibility":"","ast-main-header-display":"","ast-hfb-above-header-display":"","ast-hfb-below-header-display":"","ast-hfb-mobile-header-display":"","site-post-title":"","ast-breadcrumbs-content":"","ast-featured-img":"","footer-sml-layout":"","ast-disable-related-posts":"","theme-transparent-header-meta":"default","adv-header-id-meta":"","stick-header-meta":"default","header-above-stick-meta":"","header-main-stick-meta":"","header-below-stick-meta":"","astra-migrate-meta-layouts":"set","ast-page-background-enabled":"default","ast-page-background-meta":{"desktop":{"background-color":"","background-image":"","background-repeat":"repeat","background-position":"center center","background-size":"auto","background-attachment":"scroll","background-type":"","background-media":"","overlay-type":"","overlay-color":"","overlay-opacity":"","overlay-gradient":""},"tablet":{"background-color":"","background-image":"","background-repeat":"repeat","background-position":"center center","background-size":"auto","background-attachment":"scroll","background-type":"","background-media":"","overlay-type":"","overlay-color":"","overlay-opacity":"","overlay-gradient":""},"mobile":{"background-color":"","background-image":"","background-repeat":"repeat","background-position":"center center","background-size":"auto","background-attachment":"scroll","background-type":"","background-media":"","overlay-type":"","overlay-color":"","overlay-opacity":"","overlay-gradient":""}},"ast-content-background-meta":{"desktop":{"background-color":"var(--ast-global-color-5)","background-image":"","background-repeat":"repeat","background-position":"center center","background-size":"auto","background-attachment":"scroll","background-type":"","background-media":"","overlay-type":"","overlay-color":"","overlay-opacity":"","overlay-gradient":""},"tablet":{"background-color":"var(--ast-global-color-5)","background-image":"","background-repeat":"repeat","background-position":"center center","background-size":"auto","background-attachment":"scroll","background-type":"","background-media":"","overlay-type":"","overlay-color":"","overlay-opacity":"","overlay-gradient":""},"mobile":{"background-color":"var(--ast-global-color-5)","background-image":"","background-repeat":"repeat","background-position":"center center","background-size":"auto","background-attachment":"scroll","background-type":"","background-media":"","overlay-type":"","overlay-color":"","overlay-opacity":"","overlay-gradient":""}},"_joinchat":[]},"product_brand":[],"product_cat":[125],"product_tag":[1105,1103,1106,1224,1107,1104,1108,1109],"class_list":{"0":"post-11075","1":"product","2":"type-product","3":"status-publish","4":"has-post-thumbnail","6":"product_cat-macbook-battery-wholesale-china","7":"product_tag-99-8wh-laptop-battery","8":"product_tag-a2113-battery-wholesale","9":"product_tag-a2141-replacement-battery","10":"product_tag-apple","11":"product_tag-emc-3347","12":"product_tag-macbook-pro-16-a2141-battery","13":"product_tag-macbook-pro-2019-battery","14":"product_tag-oem-macbook-battery-supplier","15":"desktop-align-left","16":"tablet-align-left","17":"mobile-align-left","18":"ast-product-gallery-layout-horizontal-slider","19":"ast-product-tabs-layout-horizontal","21":"first","22":"instock","23":"shipping-taxable","24":"purchasable","25":"product-type-simple"},"acf":[],"_links":{"self":[{"href":"https:\/\/www.balderpower.com\/es\/wp-json\/wp\/v2\/product\/11075","targetHints":{"allow":["GET"]}}],"collection":[{"href":"https:\/\/www.balderpower.com\/es\/wp-json\/wp\/v2\/product"}],"about":[{"href":"https:\/\/www.balderpower.com\/es\/wp-json\/wp\/v2\/types\/product"}],"version-history":[{"count":1,"href":"https:\/\/www.balderpower.com\/es\/wp-json\/wp\/v2\/product\/11075\/revisions"}],"predecessor-version":[{"id":11082,"href":"https:\/\/www.balderpower.com\/es\/wp-json\/wp\/v2\/product\/11075\/revisions\/11082"}],"wp:featuredmedia":[{"embeddable":true,"href":"https:\/\/www.balderpower.com\/es\/wp-json\/wp\/v2\/media\/11071"}],"wp:attachment":[{"href":"https:\/\/www.balderpower.com\/es\/wp-json\/wp\/v2\/media?parent=11075"}],"wp:term":[{"taxonomy":"product_brand","embeddable":true,"href":"https:\/\/www.balderpower.com\/es\/wp-json\/wp\/v2\/product_brand?post=11075"},{"taxonomy":"product_cat","embeddable":true,"href":"https:\/\/www.balderpower.com\/es\/wp-json\/wp\/v2\/product_cat?post=11075"},{"taxonomy":"product_tag","embeddable":true,"href":"https:\/\/www.balderpower.com\/es\/wp-json\/wp\/v2\/product_tag?post=11075"}],"curies":[{"name":"wp","href":"https:\/\/api.w.org\/{rel}","templated":true}]}}