{"id":11058,"date":"2026-02-24T00:52:27","date_gmt":"2026-02-23T16:52:27","guid":{"rendered":"https:\/\/www.balderpower.com\/?post_type=product&#038;p=11058"},"modified":"2026-03-06T15:52:21","modified_gmt":"2026-03-06T07:52:21","slug":"bateria-a2389-al-por-mayor-para-macbook-air-13-a2337-a2179","status":"publish","type":"product","link":"https:\/\/www.balderpower.com\/es\/a2389-battery-wholesale-macbook-air-13-a2337-a2179\/","title":{"rendered":"Bater\u00eda A2389 al por mayor: 55 Wh de alta capacidad para MacBook Air de 13\u2033 A2337 (M1) y A2179 (2020)"},"content":{"rendered":"<p data-start=\"2307\" data-end=\"2634\">Bienvenido a Balder Power. Somos un fabricante l\u00edder de bater\u00edas de litio para port\u00e1tiles, y atendemos a franquicias de reparaci\u00f3n, distribuidores y proveedores de reemplazo de seguros. <strong data-start=\"2473\" data-end=\"2500\">Bater\u00eda A2389 al por mayor<\/strong> El programa ofrece una importante ventaja competitiva: una <strong data-start=\"2555\" data-end=\"2577\">Alta capacidad de 55 Wh<\/strong> Bater\u00eda que supera la especificaci\u00f3n OEM est\u00e1ndar.<\/p>\n<p data-start=\"2636\" data-end=\"2913\">Dise\u00f1ada para la l\u00ednea MacBook Air 2020, esta bater\u00eda acorta la distancia entre las eras Intel y M1. Al ofrecer una celda de mayor densidad (4800 mAh frente a los 4380 mAh est\u00e1ndar), puede ofrecer a sus clientes una mayor duraci\u00f3n de la bater\u00eda, lo que har\u00e1 que su servicio de reparaci\u00f3n destaque en el mercado.<\/p>\n<h4 data-start=\"2915\" data-end=\"2955\">\ud83d\udcbb Lista completa de compatibilidad<\/h4>\n<p data-start=\"2956\" data-end=\"3084\"><em data-start=\"2956\" data-end=\"3084\">Verifique el n\u00famero EMC exacto para garantizar la compatibilidad. Esta bater\u00eda es compatible con las versiones de principios de 2020 (Intel) y finales de 2020 (M1).<\/em><\/p>\n<p data-start=\"3086\" data-end=\"3118\"><strong data-start=\"3086\" data-end=\"3118\">1. Modelos de port\u00e1tiles compatibles:<\/strong><\/p>\n<ul data-start=\"3119\" data-end=\"3425\">\n<li data-start=\"3119\" data-end=\"3265\">\n<p data-start=\"3123\" data-end=\"3161\"><strong data-start=\"3123\" data-end=\"3149\">MacBook Air (M1, 2020)<\/strong> \u2013 Finales de 2020<\/p>\n<ul data-start=\"3166\" data-end=\"3265\">\n<li data-start=\"3166\" data-end=\"3197\">\n<p data-start=\"3170\" data-end=\"3197\"><strong data-start=\"3170\" data-end=\"3187\">N\u00famero de modelo:<\/strong> <strong data-start=\"3188\" data-end=\"3197\">A2337<\/strong><\/p>\n<\/li>\n<li data-start=\"3202\" data-end=\"3234\">\n<p data-start=\"3206\" data-end=\"3234\"><strong data-start=\"3206\" data-end=\"3221\">N\u00famero EMC:<\/strong> <strong data-start=\"3222\" data-end=\"3234\">EMC 3598<\/strong><\/p>\n<\/li>\n<li data-start=\"3239\" data-end=\"3265\">\n<p data-start=\"3243\" data-end=\"3265\"><strong data-start=\"3243\" data-end=\"3250\">IDENTIFICACI\u00d3N:<\/strong> MacBookAir10,1<\/p>\n<\/li>\n<\/ul>\n<\/li>\n<li data-start=\"3266\" data-end=\"3425\">\n<p data-start=\"3270\" data-end=\"3322\"><strong data-start=\"3270\" data-end=\"3309\">MacBook Air (Retina, 13 pulgadas, 2020)<\/strong> \u2013 Principios de 2020<\/p>\n<ul data-start=\"3327\" data-end=\"3425\">\n<li data-start=\"3327\" data-end=\"3358\">\n<p data-start=\"3331\" data-end=\"3358\"><strong data-start=\"3331\" data-end=\"3348\">N\u00famero de modelo:<\/strong> <strong data-start=\"3349\" data-end=\"3358\">A2179<\/strong><\/p>\n<\/li>\n<li data-start=\"3363\" data-end=\"3395\">\n<p data-start=\"3367\" data-end=\"3395\"><strong data-start=\"3367\" data-end=\"3382\">N\u00famero EMC:<\/strong> <strong data-start=\"3383\" data-end=\"3395\">EMC 3302<\/strong><\/p>\n<\/li>\n<li data-start=\"3400\" data-end=\"3425\">\n<p data-start=\"3404\" data-end=\"3425\"><strong data-start=\"3404\" data-end=\"3411\">IDENTIFICACI\u00d3N:<\/strong> MacBookAir9,1<\/p>\n<\/li>\n<\/ul>\n<\/li>\n<\/ul>\n<p data-start=\"3427\" data-end=\"3480\"><strong data-start=\"3427\" data-end=\"3480\">2. N\u00fameros de piezas de Apple compatibles (n\u00fameros de pedido):<\/strong><\/p>\n<ul data-start=\"3481\" data-end=\"3751\">\n<li data-start=\"3481\" data-end=\"3532\">\n<p data-start=\"3485\" data-end=\"3532\"><strong data-start=\"3485\" data-end=\"3520\">MGN63LL\/A, MGN93LL\/A, MGND3LL\/A<\/strong> (Modelos M1)<\/p>\n<\/li>\n<li data-start=\"3533\" data-end=\"3584\">\n<p data-start=\"3537\" data-end=\"3584\"><strong data-start=\"3537\" data-end=\"3572\">MGN73LL\/A, MGNA3LL\/A, MGNE3LL\/A<\/strong> (Modelos M1)<\/p>\n<\/li>\n<li data-start=\"3585\" data-end=\"3639\">\n<p data-start=\"3589\" data-end=\"3639\"><strong data-start=\"3589\" data-end=\"3624\">MVH22LL\/A, MVH42LL\/A, MVH52LL\/A<\/strong> (Modelos Intel)<\/p>\n<\/li>\n<li data-start=\"3640\" data-end=\"3694\">\n<p data-start=\"3644\" data-end=\"3694\"><strong data-start=\"3644\" data-end=\"3679\">MWTK2LL\/A, MWTJ2LL\/A, MWTL2LL\/A<\/strong> (Modelos Intel)<\/p>\n<\/li>\n<li data-start=\"3695\" data-end=\"3751\">\n<p data-start=\"3699\" data-end=\"3751\"><em data-start=\"3699\" data-end=\"3751\">Admite todos los chasis gris espacial, dorado y plateado.<\/em><\/p>\n<\/li>\n<\/ul>\n<p data-start=\"3753\" data-end=\"3792\"><strong data-start=\"3753\" data-end=\"3792\">3. N\u00fameros de piezas de bater\u00eda compatibles:<\/strong><\/p>\n<ul data-start=\"3793\" data-end=\"3845\">\n<li data-start=\"3793\" data-end=\"3806\">\n<p data-start=\"3797\" data-end=\"3806\"><strong data-start=\"3797\" data-end=\"3806\">A2389<\/strong><\/p>\n<\/li>\n<li data-start=\"3807\" data-end=\"3824\">\n<p data-start=\"3811\" data-end=\"3824\"><strong data-start=\"3811\" data-end=\"3824\">661-16086<\/strong><\/p>\n<\/li>\n<li data-start=\"3825\" data-end=\"3845\">\n<p data-start=\"3829\" data-end=\"3845\"><strong data-start=\"3829\" data-end=\"3845\">080-333-4000<\/strong><\/p>\n<\/li>\n<\/ul>\n<p data-start=\"3847\" data-end=\"3909\">\u26a0\ufe0f <strong data-start=\"3850\" data-end=\"3878\">Advertencia de incompatibilidad:<\/strong><br \/>\nEsta bater\u00eda no <strong data-start=\"3897\" data-end=\"3904\">NO<\/strong> adaptar:<\/p>\n<ul data-start=\"3910\" data-end=\"4040\">\n<li data-start=\"3910\" data-end=\"3985\">\n<p data-start=\"3914\" data-end=\"3985\">MacBook Air de 13 pulgadas (2018-2019) \u2013 Modelo <strong data-start=\"3954\" data-end=\"3963\">A1932<\/strong> (Utiliza bater\u00eda A1965).<\/p>\n<\/li>\n<li data-start=\"3986\" data-end=\"4040\">\n<p data-start=\"3990\" data-end=\"4040\">MacBook Air de 13,6 pulgadas (2022 M2) \u2013 Modelo <strong data-start=\"4030\" data-end=\"4039\">A2681<\/strong>.<\/p>\n<\/li>\n<\/ul>","protected":false},"excerpt":{"rendered":"<ul>\n<li data-start=\"1659\" data-end=\"1825\">\n<p data-start=\"1663\" data-end=\"1825\">Comprar <strong data-start=\"1667\" data-end=\"1694\">Bater\u00eda A2389 al por mayor<\/strong> para MacBook Air 13\u2033 M1 A2337 y A2179. <strong data-start=\"1733\" data-end=\"1755\">55 Wh de alta capacidad<\/strong> actualizaci\u00f3n (vs 49,9 Wh OEM), precio directo de f\u00e1brica con garant\u00eda de 12 meses.<\/p>\n<\/li>\n<li data-start=\"1826\" data-end=\"1935\">\n<p data-start=\"1830\" data-end=\"1935\"><strong data-start=\"1830\" data-end=\"1851\">Actualizaci\u00f3n de capacidad:<\/strong> <strong data-start=\"1852\" data-end=\"1870\">55 Wh \/ 4800 mAh<\/strong> (Capacidad real) \u2013 Dura m\u00e1s que la bater\u00eda original de 49,9 Wh.<\/p>\n<\/li>\n<li data-start=\"1936\" data-end=\"2035\">\n<p data-start=\"1940\" data-end=\"2035\"><strong data-start=\"1940\" data-end=\"1963\">Doble compatibilidad:<\/strong> Compatible con ambos MacBook Air 2020 <strong data-start=\"1991\" data-end=\"2005\">M1 (A2337)<\/strong> y <strong data-start=\"2010\" data-end=\"2027\">Intel (A2179)<\/strong> modelos.<\/p>\n<\/li>\n<li data-start=\"2036\" data-end=\"2135\">\n<p data-start=\"2040\" data-end=\"2135\"><strong data-start=\"2040\" data-end=\"2057\">Calidad celular:<\/strong> Las celdas de pol\u00edmero de litio y cobalto de primera calidad garantizan un voltaje estable y m\u00e1s de 800 ciclos de carga.<\/p>\n<\/li>\n<li data-start=\"2136\" data-end=\"2222\">\n<p data-start=\"2140\" data-end=\"2222\"><strong data-start=\"2140\" data-end=\"2160\">Condiciones de venta al por mayor:<\/strong> Precio directo de f\u00e1brica, MOQ bajo, embalaje neutral para revendedores.<\/p>\n<\/li>\n<\/ul>","protected":false},"featured_media":11061,"template":"","meta":{"_acf_changed":false,"nf_dc_page":"","site-sidebar-layout":"default","site-content-layout":"","ast-site-content-layout":"default","site-content-style":"default","site-sidebar-style":"default","ast-global-header-display":"","ast-banner-title-visibility":"","ast-main-header-display":"","ast-hfb-above-header-display":"","ast-hfb-below-header-display":"","ast-hfb-mobile-header-display":"","site-post-title":"","ast-breadcrumbs-content":"","ast-featured-img":"","footer-sml-layout":"","ast-disable-related-posts":"","theme-transparent-header-meta":"default","adv-header-id-meta":"","stick-header-meta":"default","header-above-stick-meta":"","header-main-stick-meta":"","header-below-stick-meta":"","astra-migrate-meta-layouts":"set","ast-page-background-enabled":"default","ast-page-background-meta":{"desktop":{"background-color":"","background-image":"","background-repeat":"repeat","background-position":"center center","background-size":"auto","background-attachment":"scroll","background-type":"","background-media":"","overlay-type":"","overlay-color":"","overlay-opacity":"","overlay-gradient":""},"tablet":{"background-color":"","background-image":"","background-repeat":"repeat","background-position":"center center","background-size":"auto","background-attachment":"scroll","background-type":"","background-media":"","overlay-type":"","overlay-color":"","overlay-opacity":"","overlay-gradient":""},"mobile":{"background-color":"","background-image":"","background-repeat":"repeat","background-position":"center center","background-size":"auto","background-attachment":"scroll","background-type":"","background-media":"","overlay-type":"","overlay-color":"","overlay-opacity":"","overlay-gradient":""}},"ast-content-background-meta":{"desktop":{"background-color":"var(--ast-global-color-5)","background-image":"","background-repeat":"repeat","background-position":"center center","background-size":"auto","background-attachment":"scroll","background-type":"","background-media":"","overlay-type":"","overlay-color":"","overlay-opacity":"","overlay-gradient":""},"tablet":{"background-color":"var(--ast-global-color-5)","background-image":"","background-repeat":"repeat","background-position":"center center","background-size":"auto","background-attachment":"scroll","background-type":"","background-media":"","overlay-type":"","overlay-color":"","overlay-opacity":"","overlay-gradient":""},"mobile":{"background-color":"var(--ast-global-color-5)","background-image":"","background-repeat":"repeat","background-position":"center center","background-size":"auto","background-attachment":"scroll","background-type":"","background-media":"","overlay-type":"","overlay-color":"","overlay-opacity":"","overlay-gradient":""}},"_joinchat":[]},"product_brand":[],"product_cat":[125],"product_tag":[1099,1098,1097,1096,1224,1101,1102,1100],"class_list":{"0":"post-11058","1":"product","2":"type-product","3":"status-publish","4":"has-post-thumbnail","6":"product_cat-macbook-battery-wholesale-china","7":"product_tag-55wh-macbook-air-battery","8":"product_tag-a2179-battery","9":"product_tag-a2337-battery-replacement","10":"product_tag-a2389-battery-wholesale","11":"product_tag-apple","12":"product_tag-emc-3598-battery","13":"product_tag-high-capacity-macbook-battery","14":"product_tag-macbook-air-m1-battery","15":"desktop-align-left","16":"tablet-align-left","17":"mobile-align-left","18":"ast-product-gallery-layout-horizontal-slider","19":"ast-product-tabs-layout-horizontal","21":"first","22":"instock","23":"shipping-taxable","24":"purchasable","25":"product-type-simple"},"acf":[],"_links":{"self":[{"href":"https:\/\/www.balderpower.com\/es\/wp-json\/wp\/v2\/product\/11058","targetHints":{"allow":["GET"]}}],"collection":[{"href":"https:\/\/www.balderpower.com\/es\/wp-json\/wp\/v2\/product"}],"about":[{"href":"https:\/\/www.balderpower.com\/es\/wp-json\/wp\/v2\/types\/product"}],"version-history":[{"count":2,"href":"https:\/\/www.balderpower.com\/es\/wp-json\/wp\/v2\/product\/11058\/revisions"}],"predecessor-version":[{"id":11070,"href":"https:\/\/www.balderpower.com\/es\/wp-json\/wp\/v2\/product\/11058\/revisions\/11070"}],"wp:featuredmedia":[{"embeddable":true,"href":"https:\/\/www.balderpower.com\/es\/wp-json\/wp\/v2\/media\/11061"}],"wp:attachment":[{"href":"https:\/\/www.balderpower.com\/es\/wp-json\/wp\/v2\/media?parent=11058"}],"wp:term":[{"taxonomy":"product_brand","embeddable":true,"href":"https:\/\/www.balderpower.com\/es\/wp-json\/wp\/v2\/product_brand?post=11058"},{"taxonomy":"product_cat","embeddable":true,"href":"https:\/\/www.balderpower.com\/es\/wp-json\/wp\/v2\/product_cat?post=11058"},{"taxonomy":"product_tag","embeddable":true,"href":"https:\/\/www.balderpower.com\/es\/wp-json\/wp\/v2\/product_tag?post=11058"}],"curies":[{"name":"wp","href":"https:\/\/api.w.org\/{rel}","templated":true}]}}