{"id":11030,"date":"2026-02-23T23:52:45","date_gmt":"2026-02-23T15:52:45","guid":{"rendered":"https:\/\/www.balderpower.com\/?post_type=product&#038;p=11030"},"modified":"2026-03-06T15:52:25","modified_gmt":"2026-03-06T07:52:25","slug":"bateria-a2527-al-por-mayor-para-macbook-pro-16-a2485","status":"publish","type":"product","link":"https:\/\/www.balderpower.com\/es\/a2527-battery-wholesale-macbook-pro-16-a2485\/","title":{"rendered":"Bater\u00eda A2527 al por mayor - Calidad OEM para MacBook Pro de 16 pulgadas A2485 (finales de 2021) EMC3651"},"content":{"rendered":"<p data-start=\"2039\" data-end=\"2484\">Bienvenido a Balder Power, su socio de confianza para <strong data-start=\"2089\" data-end=\"2116\">Bater\u00eda A2527 al por mayor<\/strong> y soluciones de fabricaci\u00f3n. Entendemos que para los talleres de reparaci\u00f3n de port\u00e1tiles, los reacondicionadores de TI y los distribuidores de piezas, la consistencia y los m\u00e1rgenes de beneficio son clave. Nuestra bater\u00eda de repuesto para... <strong data-start=\"2303\" data-end=\"2350\">MacBook Pro de 16 pulgadas (finales de 2021) Modelo A2485<\/strong> Est\u00e1 dise\u00f1ado para ofrecer el mismo rendimiento que la bater\u00eda original de Apple, pero a un precio que maximiza el crecimiento de su negocio.<\/p>\n<p data-start=\"2486\" data-end=\"2652\">Al elegir nuestro <strong data-start=\"2502\" data-end=\"2529\">Bater\u00eda A2527 al por mayor<\/strong> Servicio, elimina al intermediario y trata directamente con un fabricante profesional de bater\u00edas de litio en China.<\/p>\n<h4 data-start=\"935\" data-end=\"975\">\ud83d\udcbb Lista completa de compatibilidad<\/h4>\n<p data-start=\"976\" data-end=\"1123\"><em data-start=\"976\" data-end=\"1123\">Verifique expl\u00edcitamente el modelo de su dispositivo antes de realizar un pedido al por mayor. Esta bater\u00eda est\u00e1 dise\u00f1ada <strong data-start=\"1067\" data-end=\"1082\">exclusivamente<\/strong> para los modelos M1 Pro\/Max de 16 pulgadas de 2021.<\/em><\/p>\n<p data-start=\"1125\" data-end=\"1157\"><strong data-start=\"1125\" data-end=\"1157\">1. Modelos de port\u00e1tiles compatibles:<\/strong><\/p>\n<ul data-start=\"1158\" data-end=\"1373\">\n<li data-start=\"1158\" data-end=\"1238\">\n<p data-start=\"1162\" data-end=\"1238\"><strong data-start=\"1162\" data-end=\"1193\">MacBook Pro (16 pulgadas, 2021)<\/strong> \u2013 Equipado con chip Apple M1 Pro o M1 Max.<\/p>\n<\/li>\n<li data-start=\"1239\" data-end=\"1296\">\n<p data-start=\"1243\" data-end=\"1296\"><strong data-start=\"1243\" data-end=\"1264\">Identificador del modelo:<\/strong> MacBookPro18,1 \/ MacBookPro18,2<\/p>\n<\/li>\n<li data-start=\"1297\" data-end=\"1340\">\n<p data-start=\"1301\" data-end=\"1340\"><strong data-start=\"1301\" data-end=\"1330\">N\u00famero de modelo (carcasa trasera):<\/strong> <strong data-start=\"1331\" data-end=\"1340\">A2485<\/strong><\/p>\n<\/li>\n<li data-start=\"1341\" data-end=\"1373\">\n<p data-start=\"1345\" data-end=\"1373\"><strong data-start=\"1345\" data-end=\"1360\">N\u00famero EMC:<\/strong> <strong data-start=\"1361\" data-end=\"1373\">EMC 3651<\/strong><\/p>\n<\/li>\n<\/ul>\n<p data-start=\"1375\" data-end=\"1485\"><strong data-start=\"1375\" data-end=\"1428\">2. N\u00fameros de piezas de Apple compatibles (n\u00fameros de pedido):<\/strong><br \/>\n<em data-start=\"1429\" data-end=\"1485\">(Admite todas las variaciones de color: gris espacial y plateado)<\/em><\/p>\n<ul data-start=\"1486\" data-end=\"1916\">\n<li data-start=\"1486\" data-end=\"1533\">\n<p data-start=\"1490\" data-end=\"1533\"><strong data-start=\"1490\" data-end=\"1503\">MK183LL\/A<\/strong> (16 pulgadas, M1 Pro, gris espacial)<\/p>\n<\/li>\n<li data-start=\"1534\" data-end=\"1581\">\n<p data-start=\"1538\" data-end=\"1581\"><strong data-start=\"1538\" data-end=\"1551\">MK193LL\/A<\/strong> (16 pulgadas, M1 Pro, gris espacial)<\/p>\n<\/li>\n<li data-start=\"1582\" data-end=\"1625\">\n<p data-start=\"1586\" data-end=\"1625\"><strong data-start=\"1586\" data-end=\"1599\">MK1E3LL\/A<\/strong> (16 pulgadas, M1 Pro, Plata)<\/p>\n<\/li>\n<li data-start=\"1626\" data-end=\"1669\">\n<p data-start=\"1630\" data-end=\"1669\"><strong data-start=\"1630\" data-end=\"1643\">MK1F3LL\/A<\/strong> (16 pulgadas, M1 Pro, Plata)<\/p>\n<\/li>\n<li data-start=\"1670\" data-end=\"1717\">\n<p data-start=\"1674\" data-end=\"1717\"><strong data-start=\"1674\" data-end=\"1687\">MK1A3LL\/A<\/strong> (16 pulgadas, M1 Max, gris espacial)<\/p>\n<\/li>\n<li data-start=\"1718\" data-end=\"1761\">\n<p data-start=\"1722\" data-end=\"1761\"><strong data-start=\"1722\" data-end=\"1735\">MK1H3LL\/A<\/strong> (16 pulgadas, M1 Max, Plata)<\/p>\n<\/li>\n<li data-start=\"1762\" data-end=\"1916\">\n<p data-start=\"1766\" data-end=\"1916\"><em data-start=\"1766\" data-end=\"1916\">Nota: \u201cLL\/A\u201d se refiere a la regi\u00f3n de EE. UU., pero nuestra bater\u00eda es compatible con todos los c\u00f3digos de regi\u00f3n globales (por ejemplo, ZP\/A, B\/A, CH\/A, etc.) para el modelo A2485.<\/em><\/p>\n<\/li>\n<\/ul>\n<p data-start=\"1918\" data-end=\"1957\"><strong data-start=\"1918\" data-end=\"1957\">3. N\u00fameros de piezas de bater\u00eda compatibles:<\/strong><\/p>\n<ul data-start=\"1958\" data-end=\"2010\">\n<li data-start=\"1958\" data-end=\"1971\">\n<p data-start=\"1962\" data-end=\"1971\"><strong data-start=\"1962\" data-end=\"1971\">A2527<\/strong><\/p>\n<\/li>\n<li data-start=\"1972\" data-end=\"1989\">\n<p data-start=\"1976\" data-end=\"1989\"><strong data-start=\"1976\" data-end=\"1989\">616-00923<\/strong><\/p>\n<\/li>\n<li data-start=\"1990\" data-end=\"2010\">\n<p data-start=\"1994\" data-end=\"2010\"><strong data-start=\"1994\" data-end=\"2010\">080-333-4000<\/strong><\/p>\n<\/li>\n<\/ul>\n<p data-start=\"2012\" data-end=\"2075\">\u26a0\ufe0f <strong data-start=\"2015\" data-end=\"2034\">Nota importante:<\/strong> Esta bater\u00eda es <strong data-start=\"2051\" data-end=\"2058\">NO<\/strong> compatible con:<\/p>\n<ul data-start=\"2076\" data-end=\"2195\">\n<li data-start=\"2076\" data-end=\"2135\">\n<p data-start=\"2080\" data-end=\"2135\">MacBook Pro de 16 pulgadas (2019) Core i7\/i9 \u2013 Modelo <strong data-start=\"2126\" data-end=\"2135\">A2141<\/strong><\/p>\n<\/li>\n<li data-start=\"2136\" data-end=\"2195\">\n<p data-start=\"2140\" data-end=\"2195\">MacBook Pro de 16 pulgadas (2023) M2 Pro\/Max \u2013 Modelo <strong data-start=\"2186\" data-end=\"2195\">A2780<\/strong><\/p>\n<\/li>\n<\/ul>","protected":false},"excerpt":{"rendered":"<ul>\n<li data-start=\"1468\" data-end=\"1579\">\n<p data-start=\"1472\" data-end=\"1579\">De primera calidad <strong data-start=\"1480\" data-end=\"1507\">Bater\u00eda A2527 al por mayor<\/strong> Suministro espec\u00edfico para MacBook Pro de 16 pulgadas A2485 (finales de 2021) EMC 3651.<\/p>\n<\/li>\n<li data-start=\"1580\" data-end=\"1683\">\n<p data-start=\"1584\" data-end=\"1683\"><strong data-start=\"1584\" data-end=\"1608\">Compatibilidad del modelo:<\/strong> Compatible con MacBook Pro 16\u2033 M1 Pro\/Max (A2485) \u2013 MK1E3LL\/A, MK183LL\/A, MK1F3LL\/A.<\/p>\n<\/li>\n<li data-start=\"1684\" data-end=\"1750\">\n<p data-start=\"1688\" data-end=\"1750\"><strong data-start=\"1688\" data-end=\"1703\">Especificaciones principales:<\/strong> 11,45 V | 99,6 Wh | 8700 mAh | Pol\u00edmero de litio de 6 celdas.<\/p>\n<\/li>\n<li data-start=\"1751\" data-end=\"1854\">\n<p data-start=\"1755\" data-end=\"1854\"><strong data-start=\"1755\" data-end=\"1777\">Beneficios empresariales:<\/strong> Precios directos de f\u00e1brica, descuentos por volumen escalonados, etiquetado neutral disponible.<\/p>\n<\/li>\n<li data-start=\"1855\" data-end=\"1954\">\n<p data-start=\"1859\" data-end=\"1954\"><strong data-start=\"1859\" data-end=\"1877\">Grado de calidad:<\/strong> 100% Probado contra el envejecimiento, chip medidor de gas TI, celdas ricas en cobalto para ciclos de vida prolongados.<\/p>\n<\/li>\n<\/ul>","protected":false},"featured_media":11035,"template":"","meta":{"_acf_changed":false,"nf_dc_page":"","site-sidebar-layout":"default","site-content-layout":"","ast-site-content-layout":"default","site-content-style":"default","site-sidebar-style":"default","ast-global-header-display":"","ast-banner-title-visibility":"","ast-main-header-display":"","ast-hfb-above-header-display":"","ast-hfb-below-header-display":"","ast-hfb-mobile-header-display":"","site-post-title":"","ast-breadcrumbs-content":"","ast-featured-img":"","footer-sml-layout":"","ast-disable-related-posts":"","theme-transparent-header-meta":"default","adv-header-id-meta":"","stick-header-meta":"default","header-above-stick-meta":"","header-main-stick-meta":"","header-below-stick-meta":"","astra-migrate-meta-layouts":"set","ast-page-background-enabled":"default","ast-page-background-meta":{"desktop":{"background-color":"","background-image":"","background-repeat":"repeat","background-position":"center center","background-size":"auto","background-attachment":"scroll","background-type":"","background-media":"","overlay-type":"","overlay-color":"","overlay-opacity":"","overlay-gradient":""},"tablet":{"background-color":"","background-image":"","background-repeat":"repeat","background-position":"center center","background-size":"auto","background-attachment":"scroll","background-type":"","background-media":"","overlay-type":"","overlay-color":"","overlay-opacity":"","overlay-gradient":""},"mobile":{"background-color":"","background-image":"","background-repeat":"repeat","background-position":"center center","background-size":"auto","background-attachment":"scroll","background-type":"","background-media":"","overlay-type":"","overlay-color":"","overlay-opacity":"","overlay-gradient":""}},"ast-content-background-meta":{"desktop":{"background-color":"var(--ast-global-color-5)","background-image":"","background-repeat":"repeat","background-position":"center center","background-size":"auto","background-attachment":"scroll","background-type":"","background-media":"","overlay-type":"","overlay-color":"","overlay-opacity":"","overlay-gradient":""},"tablet":{"background-color":"var(--ast-global-color-5)","background-image":"","background-repeat":"repeat","background-position":"center center","background-size":"auto","background-attachment":"scroll","background-type":"","background-media":"","overlay-type":"","overlay-color":"","overlay-opacity":"","overlay-gradient":""},"mobile":{"background-color":"var(--ast-global-color-5)","background-image":"","background-repeat":"repeat","background-position":"center center","background-size":"auto","background-attachment":"scroll","background-type":"","background-media":"","overlay-type":"","overlay-color":"","overlay-opacity":"","overlay-gradient":""}},"_joinchat":[]},"product_brand":[],"product_cat":[125],"product_tag":[1084,1083,1087,1224,1088,1086,1085],"class_list":{"0":"post-11030","1":"product","2":"type-product","3":"status-publish","4":"has-post-thumbnail","6":"product_cat-macbook-battery-wholesale-china","7":"product_tag-a2485-battery-bulk","8":"product_tag-a2527-battery-wholesale","9":"product_tag-a2527-replacement-battery","10":"product_tag-apple","11":"product_tag-emc-3651-battery","12":"product_tag-laptop-battery-manufacturer-china","13":"product_tag-macbook-pro-16-2021-battery-oem","14":"desktop-align-left","15":"tablet-align-left","16":"mobile-align-left","17":"ast-product-gallery-layout-horizontal-slider","18":"ast-product-tabs-layout-horizontal","20":"first","21":"instock","22":"shipping-taxable","23":"purchasable","24":"product-type-simple"},"acf":[],"_links":{"self":[{"href":"https:\/\/www.balderpower.com\/es\/wp-json\/wp\/v2\/product\/11030","targetHints":{"allow":["GET"]}}],"collection":[{"href":"https:\/\/www.balderpower.com\/es\/wp-json\/wp\/v2\/product"}],"about":[{"href":"https:\/\/www.balderpower.com\/es\/wp-json\/wp\/v2\/types\/product"}],"version-history":[{"count":2,"href":"https:\/\/www.balderpower.com\/es\/wp-json\/wp\/v2\/product\/11030\/revisions"}],"predecessor-version":[{"id":11040,"href":"https:\/\/www.balderpower.com\/es\/wp-json\/wp\/v2\/product\/11030\/revisions\/11040"}],"wp:featuredmedia":[{"embeddable":true,"href":"https:\/\/www.balderpower.com\/es\/wp-json\/wp\/v2\/media\/11035"}],"wp:attachment":[{"href":"https:\/\/www.balderpower.com\/es\/wp-json\/wp\/v2\/media?parent=11030"}],"wp:term":[{"taxonomy":"product_brand","embeddable":true,"href":"https:\/\/www.balderpower.com\/es\/wp-json\/wp\/v2\/product_brand?post=11030"},{"taxonomy":"product_cat","embeddable":true,"href":"https:\/\/www.balderpower.com\/es\/wp-json\/wp\/v2\/product_cat?post=11030"},{"taxonomy":"product_tag","embeddable":true,"href":"https:\/\/www.balderpower.com\/es\/wp-json\/wp\/v2\/product_tag?post=11030"}],"curies":[{"name":"wp","href":"https:\/\/api.w.org\/{rel}","templated":true}]}}