{"id":10006,"date":"2026-02-03T01:37:02","date_gmt":"2026-02-02T17:37:02","guid":{"rendered":"https:\/\/www.balderpower.com\/?post_type=product&#038;p=10006"},"modified":"2026-02-03T01:37:05","modified_gmt":"2026-02-02T17:37:05","slug":"bateria-msi-claw-a1m-al-por-mayor","status":"publish","type":"product","link":"https:\/\/www.balderpower.com\/es\/msi-claw-a1m-battery-wholesale\/","title":{"rendered":"Bater\u00eda MSI Claw A1M al por mayor | Reemplazo OEM MS-1T41 de 54,5 Wh"},"content":{"rendered":"<h2 data-path-to-node=\"10\"><b data-path-to-node=\"10\" data-index-in-node=\"0\">Revive la Bestia: Bater\u00eda de repuesto OEM para MSI Claw A1M<\/b><\/h2>\n<p data-path-to-node=\"11\">A medida que la MSI Claw A1M (modelo: MS-1T41) envejece, la degradaci\u00f3n de la bater\u00eda es el problema que enfrentan los gamers. Para talleres de reparaci\u00f3n y mayoristas, Balder Power ofrece la soluci\u00f3n definitiva: <b data-path-to-node=\"11\" data-index-in-node=\"177\">Bater\u00eda MSI Claw A1M al por mayor<\/b> Programa. Fabricamos la unidad de potencia espec\u00edfica seg\u00fan las especificaciones del fabricante original (OEM) necesaria para el procesador Intel Core Ultra, garantizando as\u00ed que sus clientes obtengan el rendimiento desde el primer d\u00eda.<\/p>\n<h3 data-path-to-node=\"12\"><b data-path-to-node=\"12\" data-index-in-node=\"0\">Dise\u00f1ado espec\u00edficamente para el chasis MS-1T41<\/b><\/h3>\n<p data-path-to-node=\"13\">Esta no es una bater\u00eda gen\u00e9rica. Est\u00e1 dise\u00f1ada estrictamente para... <b data-path-to-node=\"13\" data-index-in-node=\"60\">MS-1T41<\/b> Arquitectura port\u00e1til de 7 pulgadas.<\/p>\n<ul data-path-to-node=\"14\">\n<li>\n<p data-path-to-node=\"14,0,0\"><b data-path-to-node=\"14,0,0\" data-index-in-node=\"0\">Especificaciones OEM precisas:<\/b> Nuestra bater\u00eda coincide exactamente con la <b data-path-to-node=\"14,0,0\" data-index-in-node=\"49\">Voltaje nominal de 11,61 V<\/b> y <b data-path-to-node=\"14,0,0\" data-index-in-node=\"76\">L\u00edmite de carga de 13,35 V<\/b> Requerido por la placa base MSI. Esto evita los temidos errores de &quot;enchufado, no cargando&quot;, comunes en las copias baratas.<\/p>\n<\/li>\n<li>\n<p data-path-to-node=\"14,1,0\"><b data-path-to-node=\"14,1,0\" data-index-in-node=\"0\">Optimizado t\u00e9rmicamente:<\/b> El dise\u00f1o en forma de L est\u00e1 moldeado para dejar libres los ventiladores \u201cCooler Boost HyperFlow\u201d, lo que garantiza la seguridad incluso durante sesiones de carga r\u00e1pida PD de 65 W.<\/p>\n<\/li>\n<\/ul>\n<h3 data-path-to-node=\"15\"><b data-path-to-node=\"15\" data-index-in-node=\"0\">Cubriendo todos los modelos globales de A1M<\/b><\/h3>\n<p data-path-to-node=\"16\">Nuestra bater\u00eda de repuesto es el est\u00e1ndar universal para toda la l\u00ednea MSI Claw de primera generaci\u00f3n. Reemplaza la pieza original. <b data-path-to-node=\"16\" data-index-in-node=\"135\">S9N-0Z6A200-AQ2<\/b> (y S9N-0Z6A200-001) y admite todas las variantes regionales:<\/p>\n<ul data-path-to-node=\"17\">\n<li>\n<p data-path-to-node=\"17,0,0\"><b data-path-to-node=\"17,0,0\" data-index-in-node=\"0\">Am\u00e9rica del norte:<\/b> Garra A1M-050US, A1M-051US, A1M-052US.<\/p>\n<\/li>\n<li>\n<p data-path-to-node=\"17,1,0\"><b data-path-to-node=\"17,1,0\" data-index-in-node=\"0\">Asia \/ Global:<\/b> Garra A1M-025HK, A1M-026TW.<\/p>\n<\/li>\n<li>\n<p data-path-to-node=\"17,2,0\"><b data-path-to-node=\"17,2,0\" data-index-in-node=\"0\">Europa:<\/b> Todos los submodelos A1M de 7 pulgadas.<\/p>\n<\/li>\n<\/ul>\n<h3 data-path-to-node=\"18\"><b data-path-to-node=\"18\" data-index-in-node=\"0\">\u00bfPor qu\u00e9 elegir Balder Power?<\/b><\/h3>\n<ol start=\"1\" data-path-to-node=\"19\">\n<li>\n<p data-path-to-node=\"19,0,0\"><b data-path-to-node=\"19,0,0\" data-index-in-node=\"0\">Capacidad real de 54,5 Wh:<\/b> No etiquetamos incorrectamente. Nuestra etiqueta y datos de rendimiento coinciden con los de la bater\u00eda original. <b data-path-to-node=\"19,0,0\" data-index-in-node=\"100\">Bater\u00eda t\u00edpica de 4700 mAh (54,5 Wh)<\/b> \/ Capacidad nominal: 4550 mAh (52,8 Wh).<\/p>\n<\/li>\n<li>\n<p data-path-to-node=\"19,1,0\"><b data-path-to-node=\"19,1,0\" data-index-in-node=\"0\">Inventario fresco:<\/b> Las bater\u00edas de litio se degradan en el almac\u00e9n. Suministramos lotes de producci\u00f3n nuevos con cero ciclos para maximizar su vida \u00fatil.<\/p>\n<\/li>\n<li>\n<p data-path-to-node=\"19,2,0\"><b data-path-to-node=\"19,2,0\" data-index-in-node=\"0\">Log\u00edstica global DDP:<\/b> El env\u00edo de bater\u00edas (mercanc\u00edas peligrosas de clase 9) es complicado. Nosotros nos encargamos de todo. <b data-path-to-node=\"19,2,0\" data-index-in-node=\"103\">Env\u00edo DDP<\/b> El servicio entrega directamente a su puerta en EE. UU. o Europa, con todos los aranceles y aduanas pagos.<\/p>\n<\/li>\n<\/ol>\n<p data-path-to-node=\"20\">Asegure su cadena de suministro con la soluci\u00f3n m\u00e1s confiable <b data-path-to-node=\"20\" data-index-in-node=\"48\">Bater\u00eda de repuesto para MSI Claw A1M<\/b> Fuente en China.<\/p>","protected":false},"excerpt":{"rendered":"<ul>\n<li>\n<p data-path-to-node=\"7,2,1,0,0\">\ud83c\udfed <b data-path-to-node=\"7,2,1,0,0\" data-index-in-node=\"3\">Fuente directa de f\u00e1brica:<\/b> <b data-path-to-node=\"7,2,1,0,0\" data-index-in-node=\"26\">Bater\u00eda MSI Claw A1M, venta directa de f\u00e1brica al por mayor. Original, 54,5 Wh (t\u00edpico) para MS-1T41 050US\/051US. Pieza S9N-0Z6A200-AQ2. Pedido m\u00ednimo bajo y env\u00edo DDP.<\/b><\/p>\n<\/li>\n<li>\n<p data-path-to-node=\"7,2,1,1,0\">\ud83d\udd0c <b data-path-to-node=\"7,2,1,1,0\" data-index-in-node=\"3\">Montaje dedicado A1M:<\/b> Dise\u00f1ado con precisi\u00f3n exclusivamente para el <b data-path-to-node=\"7,2,1,1,0\" data-index-in-node=\"67\">MSI Claw A1M de 7 pulgadas (MS-1T41)<\/b>, garantizando una instalaci\u00f3n sin espacios y una alineaci\u00f3n perfecta del conector.<\/p>\n<\/li>\n<li>\n<p data-path-to-node=\"7,2,1,2,0\">\ud83d\udd0b <b data-path-to-node=\"7,2,1,2,0\" data-index-in-node=\"3\">Potencia maximizada de 54,5 Wh:<\/b> Actualizado a la \u00faltima especificaci\u00f3n de alta densidad con <b data-path-to-node=\"7,2,1,2,0\" data-index-in-node=\"73\">Capacidad t\u00edpica 54,5 Wh (4700 mAh)<\/b>, superando los reemplazos est\u00e1ndar del mercado de accesorios.<\/p>\n<\/li>\n<li>\n<p data-path-to-node=\"7,2,1,3,0\">\ud83d\udcbc <b data-path-to-node=\"7,2,1,3,0\" data-index-in-node=\"3\">Servicio B2B:<\/b> Apoyamos a las empresas de reparaci\u00f3n con <b data-path-to-node=\"7,2,1,3,0\" data-index-in-node=\"50\">Cantidad m\u00ednima de pedido (5 unidades)<\/b>, lotes de producci\u00f3n nuevos de 2025 y documentaci\u00f3n completa de cumplimiento de la norma UN38.3.<\/p>\n<\/li>\n<\/ul>","protected":false},"featured_media":10013,"template":"","meta":{"_acf_changed":false,"nf_dc_page":"","site-sidebar-layout":"default","site-content-layout":"","ast-site-content-layout":"default","site-content-style":"default","site-sidebar-style":"default","ast-global-header-display":"","ast-banner-title-visibility":"","ast-main-header-display":"","ast-hfb-above-header-display":"","ast-hfb-below-header-display":"","ast-hfb-mobile-header-display":"","site-post-title":"","ast-breadcrumbs-content":"","ast-featured-img":"","footer-sml-layout":"","ast-disable-related-posts":"","theme-transparent-header-meta":"default","adv-header-id-meta":"","stick-header-meta":"default","header-above-stick-meta":"","header-main-stick-meta":"","header-below-stick-meta":"","astra-migrate-meta-layouts":"set","ast-page-background-enabled":"default","ast-page-background-meta":{"desktop":{"background-color":"","background-image":"","background-repeat":"repeat","background-position":"center center","background-size":"auto","background-attachment":"scroll","background-type":"","background-media":"","overlay-type":"","overlay-color":"","overlay-opacity":"","overlay-gradient":""},"tablet":{"background-color":"","background-image":"","background-repeat":"repeat","background-position":"center center","background-size":"auto","background-attachment":"scroll","background-type":"","background-media":"","overlay-type":"","overlay-color":"","overlay-opacity":"","overlay-gradient":""},"mobile":{"background-color":"","background-image":"","background-repeat":"repeat","background-position":"center center","background-size":"auto","background-attachment":"scroll","background-type":"","background-media":"","overlay-type":"","overlay-color":"","overlay-opacity":"","overlay-gradient":""}},"ast-content-background-meta":{"desktop":{"background-color":"var(--ast-global-color-5)","background-image":"","background-repeat":"repeat","background-position":"center center","background-size":"auto","background-attachment":"scroll","background-type":"","background-media":"","overlay-type":"","overlay-color":"","overlay-opacity":"","overlay-gradient":""},"tablet":{"background-color":"var(--ast-global-color-5)","background-image":"","background-repeat":"repeat","background-position":"center center","background-size":"auto","background-attachment":"scroll","background-type":"","background-media":"","overlay-type":"","overlay-color":"","overlay-opacity":"","overlay-gradient":""},"mobile":{"background-color":"var(--ast-global-color-5)","background-image":"","background-repeat":"repeat","background-position":"center center","background-size":"auto","background-attachment":"scroll","background-type":"","background-media":"","overlay-type":"","overlay-color":"","overlay-opacity":"","overlay-gradient":""}},"_joinchat":[]},"product_brand":[],"product_cat":[972],"product_tag":[1008,1003,1006,1007,1011,1002,1013,1001,1009,1005,1004,1012,1010],"class_list":{"0":"post-10006","1":"product","2":"type-product","3":"status-publish","4":"has-post-thumbnail","6":"product_cat-msi-claw-replacement-battery-wholesale","7":"product_tag-54-5wh-handheld-battery","8":"product_tag-bty-s1m","9":"product_tag-claw-a1m-050us-battery","10":"product_tag-claw-a1m-051us-battery","11":"product_tag-factory-direct-msi-parts","12":"product_tag-ms-1t41-replacement-battery","13":"product_tag-msi-claw-7-inch-battery","14":"product_tag-msi-claw-a1m-battery","15":"product_tag-msi-handheld-repair-parts","16":"product_tag-s9n-0z6a200-001","17":"product_tag-s9n-0z6a200-aq2","18":"product_tag-un38-3-certified-battery","19":"product_tag-wholesale-gaming-console-battery","20":"desktop-align-left","21":"tablet-align-left","22":"mobile-align-left","23":"ast-product-gallery-layout-horizontal-slider","24":"ast-product-tabs-layout-horizontal","26":"first","27":"instock","28":"shipping-taxable","29":"purchasable","30":"product-type-simple"},"acf":[],"_links":{"self":[{"href":"https:\/\/www.balderpower.com\/es\/wp-json\/wp\/v2\/product\/10006","targetHints":{"allow":["GET"]}}],"collection":[{"href":"https:\/\/www.balderpower.com\/es\/wp-json\/wp\/v2\/product"}],"about":[{"href":"https:\/\/www.balderpower.com\/es\/wp-json\/wp\/v2\/types\/product"}],"version-history":[{"count":1,"href":"https:\/\/www.balderpower.com\/es\/wp-json\/wp\/v2\/product\/10006\/revisions"}],"predecessor-version":[{"id":10007,"href":"https:\/\/www.balderpower.com\/es\/wp-json\/wp\/v2\/product\/10006\/revisions\/10007"}],"wp:featuredmedia":[{"embeddable":true,"href":"https:\/\/www.balderpower.com\/es\/wp-json\/wp\/v2\/media\/10013"}],"wp:attachment":[{"href":"https:\/\/www.balderpower.com\/es\/wp-json\/wp\/v2\/media?parent=10006"}],"wp:term":[{"taxonomy":"product_brand","embeddable":true,"href":"https:\/\/www.balderpower.com\/es\/wp-json\/wp\/v2\/product_brand?post=10006"},{"taxonomy":"product_cat","embeddable":true,"href":"https:\/\/www.balderpower.com\/es\/wp-json\/wp\/v2\/product_cat?post=10006"},{"taxonomy":"product_tag","embeddable":true,"href":"https:\/\/www.balderpower.com\/es\/wp-json\/wp\/v2\/product_tag?post=10006"}],"curies":[{"name":"wp","href":"https:\/\/api.w.org\/{rel}","templated":true}]}}