{"id":9519,"date":"2026-01-16T03:52:00","date_gmt":"2026-01-15T19:52:00","guid":{"rendered":"https:\/\/www.balderpower.com\/?post_type=product&#038;p=9519"},"modified":"2026-01-16T03:52:05","modified_gmt":"2026-01-15T19:52:05","slug":"24v-200ah-lifepo4-akku-transparentes-gehause","status":"publish","type":"product","link":"https:\/\/www.balderpower.com\/de\/24v-200ah-lifepo4-battery-transparent-case\/","title":{"rendered":"24V 200Ah LiFePO4-Batterie mit transparentem Geh\u00e4use \u2013 Tiefentladef\u00e4higes 5,12kWh-Energiespeichersystem"},"content":{"rendered":"<h2 data-path-to-node=\"17\">Warum sollten Sie sich f\u00fcr den transparenten 24V 200Ah LiFePO4-Akku von Balder Power entscheiden?<\/h2>\n<p data-path-to-node=\"18\">In der Welt der erneuerbaren Energien und der industriellen Energieerzeugung, <b data-path-to-node=\"18\" data-index-in-node=\"55\">Vertrauen ist alles<\/b>. Bei Balder Power sind wir der \u00dcberzeugung, dass hochwertige Fertigung nicht hinter einer Blackbox verborgen bleiben sollte. Deshalb haben wir unser Flaggschiffprodukt eingef\u00fchrt. <b data-path-to-node=\"18\" data-index-in-node=\"215\">24V 200Ah LiFePO4-Batterie<\/b> mit industrieller Qualit\u00e4t <b data-path-to-node=\"18\" data-index-in-node=\"266\">Transparente H\u00fclle<\/b>.<\/p>\n<p data-path-to-node=\"19\">Dies ist mehr als nur eine Batterie; sie ist ein Qualit\u00e4tsversprechen. Entwickelt f\u00fcr anspruchsvolle Gesch\u00e4ftskunden, Systemintegratoren f\u00fcr Solaranlagen und professionelle Installateure, vereint diese Batterie die enorme Leistung der Lithium-Eisenphosphat-Technologie mit der Zuverl\u00e4ssigkeit, die nur ein f\u00fchrender Hersteller bieten kann.<\/p>\n<p data-path-to-node=\"19\"><img fetchpriority=\"high\" decoding=\"async\" class=\"alignleft size-full wp-image-9478\" src=\"https:\/\/balderpower.com\/wp-content\/uploads\/2026\/01\/transparent-shell-12v-100ah-lifepo4-battery-internal-assembly-views.webp\" alt=\"\" width=\"1584\" height=\"605\" srcset=\"https:\/\/www.balderpower.com\/wp-content\/uploads\/2026\/01\/transparent-shell-12v-100ah-lifepo4-battery-internal-assembly-views.webp 1584w, https:\/\/www.balderpower.com\/wp-content\/uploads\/2026\/01\/transparent-shell-12v-100ah-lifepo4-battery-internal-assembly-views-1000x382.webp 1000w, https:\/\/www.balderpower.com\/wp-content\/uploads\/2026\/01\/transparent-shell-12v-100ah-lifepo4-battery-internal-assembly-views-1024x391.webp 1024w, https:\/\/www.balderpower.com\/wp-content\/uploads\/2026\/01\/transparent-shell-12v-100ah-lifepo4-battery-internal-assembly-views-768x293.webp 768w, https:\/\/www.balderpower.com\/wp-content\/uploads\/2026\/01\/transparent-shell-12v-100ah-lifepo4-battery-internal-assembly-views-1536x587.webp 1536w, https:\/\/www.balderpower.com\/wp-content\/uploads\/2026\/01\/transparent-shell-12v-100ah-lifepo4-battery-internal-assembly-views-18x7.webp 18w, https:\/\/www.balderpower.com\/wp-content\/uploads\/2026\/01\/transparent-shell-12v-100ah-lifepo4-battery-internal-assembly-views-600x229.webp 600w, https:\/\/www.balderpower.com\/wp-content\/uploads\/2026\/01\/transparent-shell-12v-100ah-lifepo4-battery-internal-assembly-views-64x24.webp 64w\" sizes=\"(max-width: 1584px) 100vw, 1584px\" data-no-translation=\"\" \/><\/p>\n<h3 data-path-to-node=\"20\">1. Un\u00fcbertroffene Sichtbarkeit: Der Vorteil der Transparenz<\/h3>\n<p data-path-to-node=\"21\">Die meisten im Handel erh\u00e4ltlichen Lithiumbatterien sind in undurchsichtigen schwarzen Geh\u00e4usen versiegelt. Man wei\u00df nie, ob die internen Zellen korrekt verschwei\u00dft oder die Verkabelung ordnungsgem\u00e4\u00df verlegt ist, bis die Batterie ausf\u00e4llt. Unsere <b data-path-to-node=\"21\" data-index-in-node=\"180\">Lithiumbatterie mit transparentem Geh\u00e4use<\/b> Das ver\u00e4ndert alles.<\/p>\n<ul data-path-to-node=\"22\">\n<li>\n<p data-path-to-node=\"22,0,0\"><b data-path-to-node=\"22,0,0\" data-index-in-node=\"0\">Visuelle Qualit\u00e4tskontrolle:<\/b> Sie k\u00f6nnen die Qualit\u00e4t der Laserschwei\u00dfung an den Stromschienen sofort \u00fcberpr\u00fcfen.<\/p>\n<\/li>\n<li>\n<p data-path-to-node=\"22,1,0\"><b data-path-to-node=\"22,1,0\" data-index-in-node=\"0\">Zell\u00fcberwachung:<\/b> Der physische Zustand der Prismenzellen l\u00e4sst sich problemlos \u00fcberpr\u00fcfen, ohne dass die Garantie erlischt.<\/p>\n<\/li>\n<li>\n<p data-path-to-node=\"22,2,0\"><b data-path-to-node=\"22,2,0\" data-index-in-node=\"0\">Bereit f\u00fcr die Pr\u00e4sentation:<\/b> F\u00fcr Installateure und Wohnmobilhersteller stellt diese Batterie ein beeindruckendes technologisches Herzst\u00fcck in jeder Anlage dar.<\/p>\n<\/li>\n<\/ul>\n<h3 data-path-to-node=\"23\">2. Technische Meisterleistung: Das Innere des 24V 200Ah-Kraftpakets<\/h3>\n<p data-path-to-node=\"24\">Im Kern dieser Batterie stecken 5,12 kWh nutzbare Energie. Anders als Blei-S\u00e4ure-Batterien, die nur bis 50% entladen werden sollten, bietet unsere Batterie eine deutlich gr\u00f6\u00dfere nutzbare Energiekapazit\u00e4t. <b data-path-to-node=\"24\" data-index-in-node=\"130\">24V 200Ah LiFePO4-Batterie<\/b> unterst\u00fctzt 100% Entladungstiefe (DOD).<\/p>\n<ul data-path-to-node=\"25\">\n<li>\n<p data-path-to-node=\"25,0,0\"><b data-path-to-node=\"25,0,0\" data-index-in-node=\"0\">Prismatische Zellen der G\u00fcteklasse A:<\/b> Wir verwenden ausschlie\u00dflich Zellen in Automobilqualit\u00e4t. Dies gew\u00e4hrleistet eine gleichbleibende Spannung und einen gleichbleibenden Innenwiderstand, was f\u00fcr die Langlebigkeit des Akkus entscheidend ist.<\/p>\n<\/li>\n<li>\n<p data-path-to-node=\"25,1,0\"><b data-path-to-node=\"25,1,0\" data-index-in-node=\"0\">Pr\u00e4zisions-BMS:<\/b> Das integrierte Batteriemanagementsystem (BMS) ist das Herzst\u00fcck der Batterie. Es gleicht die Zellen w\u00e4hrend des Ladevorgangs aktiv aus und bietet entscheidenden Schutz vor Kurzschl\u00fcssen und thermischem Durchgehen.<\/p>\n<\/li>\n<\/ul>\n<h3 data-path-to-node=\"26\">3. Kosten-Nutzen-Analyse: ROI f\u00fcr B2B-Kunden<\/h3>\n<p data-path-to-node=\"27\">F\u00fcr unsere Gro\u00dfhandelspartner und Vertriebsh\u00e4ndler bietet der Wechsel zu den LiFePO4-L\u00f6sungen von Balder Power eine \u00fcberzeugende Rendite (ROI).<\/p>\n<ul data-path-to-node=\"28\">\n<li>\n<p data-path-to-node=\"28,0,0\"><b data-path-to-node=\"28,0,0\" data-index-in-node=\"0\">Lebensdauer:<\/b> Mit \u00fcber 6000 Zyklen bei 80% DOD h\u00e4lt diese Batterie 8-10 Mal l\u00e4nger als AGM-Batterien.<\/p>\n<\/li>\n<li>\n<p data-path-to-node=\"28,1,0\"><b data-path-to-node=\"28,1,0\" data-index-in-node=\"0\">Wartungsfrei:<\/b> Kein Gie\u00dfen, kein Versch\u00fctten von S\u00e4ure und keine Korrosionspr\u00fcfungen.<\/p>\n<\/li>\n<li>\n<p data-path-to-node=\"28,2,0\"><b data-path-to-node=\"28,2,0\" data-index-in-node=\"0\">Versandeffizienz:<\/b> Mit einem Gewicht von nur ca. 38 kg ist der 50% leichter als vergleichbare Bleiakkumulatoren, wodurch Ihre Logistik- und Frachtkosten deutlich reduziert werden.<\/p>\n<\/li>\n<\/ul>\n<h3 data-path-to-node=\"29\">4. Optimiert f\u00fcr anspruchsvolle Anwendungen<\/h3>\n<p data-path-to-node=\"30\">Unser <b data-path-to-node=\"30\" data-index-in-node=\"4\">24V Solarbatteriespeicher<\/b> Die L\u00f6sung ist auf Vielseitigkeit ausgelegt.<\/p>\n<ul data-path-to-node=\"31\">\n<li>\n<p data-path-to-node=\"31,0,0\"><b data-path-to-node=\"31,0,0\" data-index-in-node=\"0\">Marine &amp; Bootfahren:<\/b> Als <b data-path-to-node=\"31,0,0\" data-index-in-node=\"23\">24V Deep Cycle Marinebatterie<\/b>, Das versiegelte, transparente Geh\u00e4use (Schutzart IP65) ist vibrations- und feuchtigkeitsbest\u00e4ndig und eignet sich daher perfekt f\u00fcr Trollingmotoren und Bootsh\u00e4user auf Yachten.<\/p>\n<\/li>\n<li>\n<p data-path-to-node=\"31,1,0\"><b data-path-to-node=\"31,1,0\" data-index-in-node=\"0\">Autarke Solaranlagen:<\/b> Unterst\u00fctzt Parallel- und Reihenschaltungen (bitte wenden Sie sich f\u00fcr spezifische 48V-Konfigurationen an unsere Ingenieure), um die Kapazit\u00e4t f\u00fcr H\u00e4user und H\u00fctten zu erweitern.<\/p>\n<\/li>\n<li>\n<p data-path-to-node=\"31,2,0\"><b data-path-to-node=\"31,2,0\" data-index-in-node=\"0\">Wohnmobile und Camper:<\/b> Die kompakte Energiedichte erm\u00f6glicht mehr Leistung auf engstem Raum.<\/p>\n<\/li>\n<\/ul>\n<h3 data-path-to-node=\"32\">5. Balder Power: Ihr Fertigungspartner<\/h3>\n<p data-path-to-node=\"33\">Wir verkaufen nicht nur Batterien, sondern bieten Energiel\u00f6sungen an.<\/p>\n<ul data-path-to-node=\"34\">\n<li>\n<p data-path-to-node=\"34,0,0\"><b data-path-to-node=\"34,0,0\" data-index-in-node=\"0\">OEM\/ODM-Dienstleistungen:<\/b> Wir k\u00f6nnen Ihr Logo auf das transparente Geh\u00e4use drucken oder die BMS-Parameter an Ihre spezifischen Projektanforderungen anpassen.<\/p>\n<\/li>\n<li>\n<p data-path-to-node=\"34,1,0\"><b data-path-to-node=\"34,1,0\" data-index-in-node=\"0\">Strenge Tests:<\/b> Jede Batterie wird vor Verlassen unseres Werks Alterungstests, Vibrationstests und einer Kapazit\u00e4tsbewertung unterzogen.<\/p>\n<\/li>\n<li>\n<p data-path-to-node=\"34,2,0\"><b data-path-to-node=\"34,2,0\" data-index-in-node=\"0\">Globale Compliance:<\/b> Unsere Produkte erf\u00fcllen die UN38.3-Versandstandards und gew\u00e4hrleisten so eine sichere Lieferung in die USA, nach Europa und Australien.<\/p>\n<\/li>\n<\/ul>","protected":false},"excerpt":{"rendered":"<ul>\n<li>\n<p data-path-to-node=\"13,0,0\"><b data-path-to-node=\"13,0,0\" data-index-in-node=\"0\">Die Kraft erkennen:<\/b> Exklusiv <b data-path-to-node=\"13,0,0\" data-index-in-node=\"25\">Transparentes Geh\u00e4use f\u00fcr LiFePO4-Batterie<\/b> Konstruktion, die eine sofortige visuelle \u00dcberpr\u00fcfung der internen Verarbeitungsqualit\u00e4t und der Verkabelung erm\u00f6glicht.<\/p>\n<\/li>\n<li>\n<p data-path-to-node=\"13,1,0\"><b data-path-to-node=\"13,1,0\" data-index-in-node=\"0\">Enorme Kapazit\u00e4t:<\/b> Tats\u00e4chliche Energieausbeute von 5,12 kWh, perfekter Ersatz f\u00fcr Blei-S\u00e4ure-Batterien in 24-V-Systemen.<\/p>\n<\/li>\n<li>\n<p data-path-to-node=\"13,2,0\"><b data-path-to-node=\"13,2,0\" data-index-in-node=\"0\">Zellen in Automobilqualit\u00e4t:<\/b> Hergestellt mit prismatischen Zellen der G\u00fcteklasse A, die Folgendes gew\u00e4hrleisten <b data-path-to-node=\"13,2,0\" data-index-in-node=\"68\">Lebensdauer von \u00fcber 6000 Zyklen<\/b> (Lebensdauer \u00fcber 10 Jahre).<\/p>\n<\/li>\n<li>\n<p data-path-to-node=\"13,3,0\"><b data-path-to-node=\"13,3,0\" data-index-in-node=\"0\">Intelligenter Schutz:<\/b> Integriertes 100A\/200A BMS zum Schutz vor \u00dcberladung, Tiefentladung und extremen Temperaturen.<\/p>\n<\/li>\n<li>\n<p data-path-to-node=\"13,4,0\"><b data-path-to-node=\"13,4,0\" data-index-in-node=\"0\">Direkt vom Hersteller:<\/b> Wir unterst\u00fctzen OEM-Branding, kundenspezifische Abmessungen und Gro\u00dfhandelspreise f\u00fcr Gro\u00dfbestellungen.<\/p>\n<\/li>\n<li>\n<p data-path-to-node=\"13,5,0\"><b data-path-to-node=\"13,5,0\" data-index-in-node=\"0\">Anwendungsbereiche:<\/b> Ideal f\u00fcr <b data-path-to-node=\"13,5,0\" data-index-in-node=\"24\">24V Deep Cycle Marinebatterie<\/b> Banken, netzunabh\u00e4ngige Solaranlagen, Wohnmobile und industrielle Notstromversorgung.<\/p>\n<\/li>\n<\/ul>","protected":false},"featured_media":9524,"template":"","meta":{"_acf_changed":false,"nf_dc_page":"","site-sidebar-layout":"default","site-content-layout":"","ast-site-content-layout":"default","site-content-style":"default","site-sidebar-style":"default","ast-global-header-display":"","ast-banner-title-visibility":"","ast-main-header-display":"","ast-hfb-above-header-display":"","ast-hfb-below-header-display":"","ast-hfb-mobile-header-display":"","site-post-title":"","ast-breadcrumbs-content":"","ast-featured-img":"","footer-sml-layout":"","ast-disable-related-posts":"","theme-transparent-header-meta":"default","adv-header-id-meta":"","stick-header-meta":"default","header-above-stick-meta":"","header-main-stick-meta":"","header-below-stick-meta":"","astra-migrate-meta-layouts":"set","ast-page-background-enabled":"default","ast-page-background-meta":{"desktop":{"background-color":"","background-image":"","background-repeat":"repeat","background-position":"center center","background-size":"auto","background-attachment":"scroll","background-type":"","background-media":"","overlay-type":"","overlay-color":"","overlay-opacity":"","overlay-gradient":""},"tablet":{"background-color":"","background-image":"","background-repeat":"repeat","background-position":"center center","background-size":"auto","background-attachment":"scroll","background-type":"","background-media":"","overlay-type":"","overlay-color":"","overlay-opacity":"","overlay-gradient":""},"mobile":{"background-color":"","background-image":"","background-repeat":"repeat","background-position":"center center","background-size":"auto","background-attachment":"scroll","background-type":"","background-media":"","overlay-type":"","overlay-color":"","overlay-opacity":"","overlay-gradient":""}},"ast-content-background-meta":{"desktop":{"background-color":"var(--ast-global-color-5)","background-image":"","background-repeat":"repeat","background-position":"center center","background-size":"auto","background-attachment":"scroll","background-type":"","background-media":"","overlay-type":"","overlay-color":"","overlay-opacity":"","overlay-gradient":""},"tablet":{"background-color":"var(--ast-global-color-5)","background-image":"","background-repeat":"repeat","background-position":"center center","background-size":"auto","background-attachment":"scroll","background-type":"","background-media":"","overlay-type":"","overlay-color":"","overlay-opacity":"","overlay-gradient":""},"mobile":{"background-color":"var(--ast-global-color-5)","background-image":"","background-repeat":"repeat","background-position":"center center","background-size":"auto","background-attachment":"scroll","background-type":"","background-media":"","overlay-type":"","overlay-color":"","overlay-opacity":"","overlay-gradient":""}},"_joinchat":[]},"product_brand":[],"product_cat":[781],"product_tag":[939,788,949,943,948,942,950,928,945,855,817,940,919,944,787,941,946,947],"class_list":{"0":"post-9519","1":"product","2":"type-product","3":"status-publish","4":"has-post-thumbnail","6":"product_cat-lead-acid-replacement-battery","7":"product_tag-24v-200ah","8":"product_tag-5kwh-battery","9":"product_tag-balder-power","10":"product_tag-built-in-bms","11":"product_tag-china-factory","12":"product_tag-clear-housing","13":"product_tag-deep-cycle-marine-battery","14":"product_tag-lifepo4-deep-cycle","15":"product_tag-marine-battery","16":"product_tag-oem-battery","17":"product_tag-off-grid-system","18":"product_tag-prismatic-cells","19":"product_tag-rv-battery","20":"product_tag-smart-battery","21":"product_tag-solar-energy-storage","22":"product_tag-transparent-case","23":"product_tag-trolling-motor","24":"product_tag-wholesale-lithium-battery","25":"desktop-align-left","26":"tablet-align-left","27":"mobile-align-left","28":"ast-product-gallery-layout-horizontal-slider","29":"ast-product-tabs-layout-horizontal","31":"first","32":"instock","33":"shipping-taxable","34":"product-type-simple"},"acf":[],"_links":{"self":[{"href":"https:\/\/www.balderpower.com\/de\/wp-json\/wp\/v2\/product\/9519","targetHints":{"allow":["GET"]}}],"collection":[{"href":"https:\/\/www.balderpower.com\/de\/wp-json\/wp\/v2\/product"}],"about":[{"href":"https:\/\/www.balderpower.com\/de\/wp-json\/wp\/v2\/types\/product"}],"version-history":[{"count":0,"href":"https:\/\/www.balderpower.com\/de\/wp-json\/wp\/v2\/product\/9519\/revisions"}],"wp:featuredmedia":[{"embeddable":true,"href":"https:\/\/www.balderpower.com\/de\/wp-json\/wp\/v2\/media\/9524"}],"wp:attachment":[{"href":"https:\/\/www.balderpower.com\/de\/wp-json\/wp\/v2\/media?parent=9519"}],"wp:term":[{"taxonomy":"product_brand","embeddable":true,"href":"https:\/\/www.balderpower.com\/de\/wp-json\/wp\/v2\/product_brand?post=9519"},{"taxonomy":"product_cat","embeddable":true,"href":"https:\/\/www.balderpower.com\/de\/wp-json\/wp\/v2\/product_cat?post=9519"},{"taxonomy":"product_tag","embeddable":true,"href":"https:\/\/www.balderpower.com\/de\/wp-json\/wp\/v2\/product_tag?post=9519"}],"curies":[{"name":"wp","href":"https:\/\/api.w.org\/{rel}","templated":true}]}}