{"id":9480,"date":"2026-01-15T00:54:13","date_gmt":"2026-01-14T16:54:13","guid":{"rendered":"https:\/\/www.balderpower.com\/?post_type=product&#038;p=9480"},"modified":"2026-01-22T02:38:14","modified_gmt":"2026-01-21T18:38:14","slug":"transparente-hulle-fur-12v-100ah-lifepo4-akkus-als-ersatz-fur-bleiakkus","status":"publish","type":"product","link":"https:\/\/www.balderpower.com\/de\/transparent-shell-12v-100ah-lifepo4-battery-lead-acid-replacement\/","title":{"rendered":"12V 100Ah LiFePO4-Tiefzyklusbatterie mit transparentem Geh\u00e4use \u2013 Ersatz f\u00fcr Bleiakkumulatoren"},"content":{"rendered":"<p dir=\"auto\">Entdecken Sie die innovative 12V 100Ah LiFePO4-Tiefzyklusbatterie mit transparentem Geh\u00e4use von Balder Power, einem f\u00fchrenden Hersteller von Lithium-Eisenphosphat-Batterien mit transparentem Geh\u00e4use in China. Dieser wasserdichte, transparente LiFePO4-Akku (OEM China) wurde als effizienter Ersatz f\u00fcr Blei-S\u00e4ure-Batterien entwickelt und bietet bis zu 6000 Ladezyklen bei einer Entladetiefe (DOD) von 100% f\u00fcr dauerhafte Zuverl\u00e4ssigkeit. Dank des transparenten Geh\u00e4uses k\u00f6nnen Anwender die internen Komponenten visuell \u00fcberpr\u00fcfen, was die Sicherheit und Wartung in anspruchsvollen Umgebungen wie Wohnmobil- und Bootsausr\u00fcstungen oder transparenten Solarspeichersystemen verbessert.<\/p>\n<p><img fetchpriority=\"high\" decoding=\"async\" class=\"size-full wp-image-9476\" src=\"https:\/\/balderpower.com\/wp-content\/uploads\/2026\/01\/transparent-shell-12v-100ah-lifepo4-battery-assembly-process-collage.webp\" alt=\"Assembly line and worker assembling clear case lifepo4 battery transparent shell 12v 100ah lifepo4 battery at Balder Power China factory\" width=\"1584\" height=\"605\" srcset=\"https:\/\/www.balderpower.com\/wp-content\/uploads\/2026\/01\/transparent-shell-12v-100ah-lifepo4-battery-assembly-process-collage.webp 1584w, https:\/\/www.balderpower.com\/wp-content\/uploads\/2026\/01\/transparent-shell-12v-100ah-lifepo4-battery-assembly-process-collage-1000x382.webp 1000w, https:\/\/www.balderpower.com\/wp-content\/uploads\/2026\/01\/transparent-shell-12v-100ah-lifepo4-battery-assembly-process-collage-1024x391.webp 1024w, https:\/\/www.balderpower.com\/wp-content\/uploads\/2026\/01\/transparent-shell-12v-100ah-lifepo4-battery-assembly-process-collage-768x293.webp 768w, https:\/\/www.balderpower.com\/wp-content\/uploads\/2026\/01\/transparent-shell-12v-100ah-lifepo4-battery-assembly-process-collage-1536x587.webp 1536w, https:\/\/www.balderpower.com\/wp-content\/uploads\/2026\/01\/transparent-shell-12v-100ah-lifepo4-battery-assembly-process-collage-18x7.webp 18w, https:\/\/www.balderpower.com\/wp-content\/uploads\/2026\/01\/transparent-shell-12v-100ah-lifepo4-battery-assembly-process-collage-600x229.webp 600w, https:\/\/www.balderpower.com\/wp-content\/uploads\/2026\/01\/transparent-shell-12v-100ah-lifepo4-battery-assembly-process-collage-64x24.webp 64w\" sizes=\"(max-width: 1584px) 100vw, 1584px\" data-no-translation=\"\" \/><\/p>\n<p dir=\"auto\">Als direkter Ersatz f\u00fcr herk\u00f6mmliche Bleiakkumulatoren verf\u00fcgt dieser transparente LiFePO4-Akku \u00fcber ein robustes ABS-Kunststoffgeh\u00e4use mit IP65-Schutz gegen Wasser und Staub und ist somit ideal f\u00fcr den Au\u00dfeneinsatz und raue Bedingungen geeignet. Ausgestattet mit einem intelligenten Batteriemanagementsystem (BMS) sch\u00fctzt der transparente 12-V-LiFePO4-Akku mit BMS vor \u00dcberladung, Tiefentladung und Kurzschl\u00fcssen und gew\u00e4hrleistet so optimale Leistung. Balder Power, mit \u00fcber zehn Jahren Erfahrung in der OEM\/ODM-Produktion, exportiert diese hochwertigen Lithium-Akkus mit transparentem Geh\u00e4use in \u00fcber 80 L\u00e4nder. Sie verf\u00fcgen \u00fcber Zertifizierungen wie CE, UL, UN38.3 und RoHS.<\/p>\n<p dir=\"auto\">Ob f\u00fcr die Speicherung von Solarenergie im Haushalt, Golfcarts, Boote oder netzunabh\u00e4ngige Anwendungen \u2013 diese transparente Lithium-Eisen-Batterie liefert 100 A Dauerentladung und unterst\u00fctzt Reihen- und Parallelschaltungen f\u00fcr skalierbare Leistung. Entscheiden Sie sich f\u00fcr Balder Power \u2013 eine nachhaltige und leichte (13,5 kg) Alternative, die Bleiakkumulatoren in Effizienz, Lebensdauer und Umweltvertr\u00e4glichkeit \u00fcbertrifft.<\/p>\n<div id=\"gtx-trans\" style=\"position: absolute; left: 809px; top: 752.359px;\">\n<div class=\"gtx-trans-icon\"><\/div>\n<\/div>","protected":false},"excerpt":{"rendered":"<p dir=\"auto\">R\u00fcsten Sie Ihr Stromversorgungssystem mit der transparenten 12V 100Ah LiFePO4-Batterie von Balder Power auf \u2013 einer wasserdichten und transparenten LiFePO4-Tiefzyklusl\u00f6sung, die als direkter Ersatz f\u00fcr Bleiakkus entwickelt wurde. Diese LiFePO4-Batterie mit transparentem Geh\u00e4use bietet \u00fcberragende Leistung f\u00fcr Wohnmobile, Boote und Solaranlagen und verf\u00fcgt \u00fcber ein fortschrittliches Batteriemanagementsystem (BMS) sowie eine transparente Lithium-Eisen-Batterie f\u00fcr einfache Inspektion.<\/p>","protected":false},"featured_media":9466,"template":"","meta":{"_acf_changed":false,"nf_dc_page":"","site-sidebar-layout":"default","site-content-layout":"","ast-site-content-layout":"default","site-content-style":"default","site-sidebar-style":"default","ast-global-header-display":"","ast-banner-title-visibility":"","ast-main-header-display":"","ast-hfb-above-header-display":"","ast-hfb-below-header-display":"","ast-hfb-mobile-header-display":"","site-post-title":"","ast-breadcrumbs-content":"","ast-featured-img":"","footer-sml-layout":"","ast-disable-related-posts":"","theme-transparent-header-meta":"default","adv-header-id-meta":"","stick-header-meta":"default","header-above-stick-meta":"","header-main-stick-meta":"","header-below-stick-meta":"","astra-migrate-meta-layouts":"set","ast-page-background-enabled":"default","ast-page-background-meta":{"desktop":{"background-color":"","background-image":"","background-repeat":"repeat","background-position":"center center","background-size":"auto","background-attachment":"scroll","background-type":"","background-media":"","overlay-type":"","overlay-color":"","overlay-opacity":"","overlay-gradient":""},"tablet":{"background-color":"","background-image":"","background-repeat":"repeat","background-position":"center center","background-size":"auto","background-attachment":"scroll","background-type":"","background-media":"","overlay-type":"","overlay-color":"","overlay-opacity":"","overlay-gradient":""},"mobile":{"background-color":"","background-image":"","background-repeat":"repeat","background-position":"center center","background-size":"auto","background-attachment":"scroll","background-type":"","background-media":"","overlay-type":"","overlay-color":"","overlay-opacity":"","overlay-gradient":""}},"ast-content-background-meta":{"desktop":{"background-color":"var(--ast-global-color-5)","background-image":"","background-repeat":"repeat","background-position":"center center","background-size":"auto","background-attachment":"scroll","background-type":"","background-media":"","overlay-type":"","overlay-color":"","overlay-opacity":"","overlay-gradient":""},"tablet":{"background-color":"var(--ast-global-color-5)","background-image":"","background-repeat":"repeat","background-position":"center center","background-size":"auto","background-attachment":"scroll","background-type":"","background-media":"","overlay-type":"","overlay-color":"","overlay-opacity":"","overlay-gradient":""},"mobile":{"background-color":"var(--ast-global-color-5)","background-image":"","background-repeat":"repeat","background-position":"center center","background-size":"auto","background-attachment":"scroll","background-type":"","background-media":"","overlay-type":"","overlay-color":"","overlay-opacity":"","overlay-gradient":""}},"_joinchat":[]},"product_brand":[],"product_cat":[781],"product_tag":[932,924,880,928,931,930,926,929,923,927,925],"class_list":{"0":"post-9480","1":"product","2":"type-product","3":"status-publish","4":"has-post-thumbnail","6":"product_cat-lead-acid-replacement-battery","7":"product_tag-bms-protected-battery","8":"product_tag-clear-case-lifepo4-battery","9":"product_tag-lead-acid-replacement","10":"product_tag-lifepo4-deep-cycle","11":"product_tag-oem-china-battery","12":"product_tag-rv-marine-battery","13":"product_tag-see-through-lithium-iron-battery","14":"product_tag-solar-storage-battery","15":"product_tag-transparent-lifepo4-battery","16":"product_tag-transparent-shell-lithium-battery","17":"product_tag-waterproof-transparent-lifepo4","18":"desktop-align-left","19":"tablet-align-left","20":"mobile-align-left","21":"ast-product-gallery-layout-horizontal-slider","22":"ast-product-tabs-layout-horizontal","24":"first","25":"instock","26":"shipping-taxable","27":"purchasable","28":"product-type-simple"},"acf":[],"_links":{"self":[{"href":"https:\/\/www.balderpower.com\/de\/wp-json\/wp\/v2\/product\/9480","targetHints":{"allow":["GET"]}}],"collection":[{"href":"https:\/\/www.balderpower.com\/de\/wp-json\/wp\/v2\/product"}],"about":[{"href":"https:\/\/www.balderpower.com\/de\/wp-json\/wp\/v2\/types\/product"}],"version-history":[{"count":0,"href":"https:\/\/www.balderpower.com\/de\/wp-json\/wp\/v2\/product\/9480\/revisions"}],"wp:featuredmedia":[{"embeddable":true,"href":"https:\/\/www.balderpower.com\/de\/wp-json\/wp\/v2\/media\/9466"}],"wp:attachment":[{"href":"https:\/\/www.balderpower.com\/de\/wp-json\/wp\/v2\/media?parent=9480"}],"wp:term":[{"taxonomy":"product_brand","embeddable":true,"href":"https:\/\/www.balderpower.com\/de\/wp-json\/wp\/v2\/product_brand?post=9480"},{"taxonomy":"product_cat","embeddable":true,"href":"https:\/\/www.balderpower.com\/de\/wp-json\/wp\/v2\/product_cat?post=9480"},{"taxonomy":"product_tag","embeddable":true,"href":"https:\/\/www.balderpower.com\/de\/wp-json\/wp\/v2\/product_tag?post=9480"}],"curies":[{"name":"wp","href":"https:\/\/api.w.org\/{rel}","templated":true}]}}