{"id":9394,"date":"2026-01-13T01:46:46","date_gmt":"2026-01-12T17:46:46","guid":{"rendered":"https:\/\/www.balderpower.com\/?post_type=product&#038;p=9394"},"modified":"2026-01-13T01:56:37","modified_gmt":"2026-01-12T17:56:37","slug":"groshandel-12v-200ah-lifepo4-akku-bluetooth-oem","status":"publish","type":"product","link":"https:\/\/www.balderpower.com\/de\/wholesale-12v-200ah-lifepo4-battery-bluetooth-oem\/","title":{"rendered":"12V 200Ah Smart LiFePO4-Akku \u2013 Hochwertige prismatische Zellen, Bluetooth-\u00dcberwachung und IP65 wasserdicht \u2013 Direkt vom Hersteller im Gro\u00dfhandel"},"content":{"rendered":"<h4 data-path-to-node=\"8\"><b data-path-to-node=\"8\" data-index-in-node=\"0\">Un\u00fcbertroffene Leistung f\u00fcr netzunabh\u00e4ngige Unabh\u00e4ngigkeit<\/b><\/h4>\n<p data-path-to-node=\"9\">Der <b data-path-to-node=\"9\" data-index-in-node=\"4\">Balder Power BPE-LF12200<\/b> Diese leistungsstarke 12-V-200-Ah-Lithium-Eisenphosphat-Batterie ist die ideale L\u00f6sung f\u00fcr robuste Energiesysteme. Mit einer nutzbaren Energiekapazit\u00e4t von 2560 Wh ist sie die optimale Aufr\u00fcstung f\u00fcr Luxus-Wohnmobile, Hausbatterien auf Booten und abgelegene Solaranlagen, bei denen absolute Zuverl\u00e4ssigkeit unerl\u00e4sslich ist.<\/p>\n<h4 data-path-to-node=\"10\"><b data-path-to-node=\"10\" data-index-in-node=\"0\">Intelligente und nachhaltige Technologie<\/b><\/h4>\n<p data-path-to-node=\"11\">Ausgestattet mit einem fortschrittlichen Smart-BMS bietet dieser Akku eine beispiellose Transparenz \u00fcber den Zustand Ihrer Batterie. Benutzer k\u00f6nnen den Ladezustand (SOC) und die Spannung nahtlos \u00fcberwachen. <b data-path-to-node=\"11\" data-index-in-node=\"178\">Bluetooth-Smartphone-Anwendung<\/b> oder das Bequeme <b data-path-to-node=\"11\" data-index-in-node=\"229\">oben angebrachter LCD-Bildschirm<\/b>. Durch die Verwendung von prismatischen Zellen der G\u00fcteklasse A gew\u00e4hrleistet der BPE-LF12200 maximale Sicherheit und thermische Stabilit\u00e4t \u00fcber den gesamten industriellen Betriebstemperaturbereich.<\/p>","protected":false},"excerpt":{"rendered":"<ul>\n<li>\n<p data-path-to-node=\"5,0,0\"><b data-path-to-node=\"5,0,0\" data-index-in-node=\"0\">Enorme 2,56 kWh Energie:<\/b> Eine einzelne Einheit bietet eine hohe Kapazit\u00e4t f\u00fcr anspruchsvolle netzunabh\u00e4ngige Stromversorgungsbed\u00fcrfnisse.<\/p>\n<\/li>\n<li>\n<p data-path-to-node=\"5,1,0\"><b data-path-to-node=\"5,1,0\" data-index-in-node=\"0\">Intelligentes Management:<\/b> Echtzeit\u00fcberwachung \u00fcber Bluetooth-App und integriertes LCD-Spannungsdisplay.<\/p>\n<\/li>\n<li>\n<p data-path-to-node=\"5,2,0\"><b data-path-to-node=\"5,2,0\" data-index-in-node=\"0\">Industrielle Langlebigkeit:<\/b> Lebensdauer von \u22656000 Zyklen f\u00fcr mehr als 10 Jahre wartungsfreien Betrieb.<\/p>\n<\/li>\n<li>\n<p data-path-to-node=\"5,3,0\"><b data-path-to-node=\"5,3,0\" data-index-in-node=\"0\">B2B-f\u00e4hig:<\/b> Preise direkt vom Hersteller, Kleinserienbestellungen werden angenommen und umfassender OEM\/ODM-Support wird gew\u00e4hrleistet.<\/p>\n<\/li>\n<li>\n<p data-path-to-node=\"5,4,0\"><b data-path-to-node=\"5,4,0\" data-index-in-node=\"0\">Direkter Ersatz:<\/b> Das leichte 27-kg-Design ersetzt schwere Bleiakkumulatoren mit \u00fcber 60 kg.<\/p>\n<\/li>\n<\/ul>","protected":false},"featured_media":9392,"template":"","meta":{"_acf_changed":false,"nf_dc_page":"","site-sidebar-layout":"default","site-content-layout":"","ast-site-content-layout":"default","site-content-style":"default","site-sidebar-style":"default","ast-global-header-display":"","ast-banner-title-visibility":"","ast-main-header-display":"","ast-hfb-above-header-display":"","ast-hfb-below-header-display":"","ast-hfb-mobile-header-display":"","site-post-title":"","ast-breadcrumbs-content":"","ast-featured-img":"","footer-sml-layout":"","ast-disable-related-posts":"","theme-transparent-header-meta":"default","adv-header-id-meta":"","stick-header-meta":"default","header-above-stick-meta":"","header-main-stick-meta":"","header-below-stick-meta":"","astra-migrate-meta-layouts":"set","ast-page-background-enabled":"default","ast-page-background-meta":{"desktop":{"background-color":"","background-image":"","background-repeat":"repeat","background-position":"center center","background-size":"auto","background-attachment":"scroll","background-type":"","background-media":"","overlay-type":"","overlay-color":"","overlay-opacity":"","overlay-gradient":""},"tablet":{"background-color":"","background-image":"","background-repeat":"repeat","background-position":"center center","background-size":"auto","background-attachment":"scroll","background-type":"","background-media":"","overlay-type":"","overlay-color":"","overlay-opacity":"","overlay-gradient":""},"mobile":{"background-color":"","background-image":"","background-repeat":"repeat","background-position":"center center","background-size":"auto","background-attachment":"scroll","background-type":"","background-media":"","overlay-type":"","overlay-color":"","overlay-opacity":"","overlay-gradient":""}},"ast-content-background-meta":{"desktop":{"background-color":"var(--ast-global-color-5)","background-image":"","background-repeat":"repeat","background-position":"center center","background-size":"auto","background-attachment":"scroll","background-type":"","background-media":"","overlay-type":"","overlay-color":"","overlay-opacity":"","overlay-gradient":""},"tablet":{"background-color":"var(--ast-global-color-5)","background-image":"","background-repeat":"repeat","background-position":"center center","background-size":"auto","background-attachment":"scroll","background-type":"","background-media":"","overlay-type":"","overlay-color":"","overlay-opacity":"","overlay-gradient":""},"mobile":{"background-color":"var(--ast-global-color-5)","background-image":"","background-repeat":"repeat","background-position":"center center","background-size":"auto","background-attachment":"scroll","background-type":"","background-media":"","overlay-type":"","overlay-color":"","overlay-opacity":"","overlay-gradient":""}},"_joinchat":[]},"product_brand":[],"product_cat":[781],"product_tag":[906,911,907,905,462,908,910,909,904,871],"class_list":{"0":"post-9394","1":"product","2":"type-product","3":"status-publish","4":"has-post-thumbnail","6":"product_cat-lead-acid-replacement-battery","7":"product_tag-12v-200ah","8":"product_tag-2560wh","9":"product_tag-bluetooth-lifepo4","10":"product_tag-bpe-lf12200","11":"product_tag-factory-direct","12":"product_tag-ip65-waterproof","13":"product_tag-marine-house-bank","14":"product_tag-rv-energy-storage","15":"product_tag-small-batch-accepted","16":"product_tag-wholesale","17":"desktop-align-left","18":"tablet-align-left","19":"mobile-align-left","20":"ast-product-gallery-layout-horizontal-slider","21":"ast-product-tabs-layout-horizontal","23":"first","24":"instock","25":"shipping-taxable","26":"product-type-simple"},"acf":[],"_links":{"self":[{"href":"https:\/\/www.balderpower.com\/de\/wp-json\/wp\/v2\/product\/9394","targetHints":{"allow":["GET"]}}],"collection":[{"href":"https:\/\/www.balderpower.com\/de\/wp-json\/wp\/v2\/product"}],"about":[{"href":"https:\/\/www.balderpower.com\/de\/wp-json\/wp\/v2\/types\/product"}],"version-history":[{"count":0,"href":"https:\/\/www.balderpower.com\/de\/wp-json\/wp\/v2\/product\/9394\/revisions"}],"wp:featuredmedia":[{"embeddable":true,"href":"https:\/\/www.balderpower.com\/de\/wp-json\/wp\/v2\/media\/9392"}],"wp:attachment":[{"href":"https:\/\/www.balderpower.com\/de\/wp-json\/wp\/v2\/media?parent=9394"}],"wp:term":[{"taxonomy":"product_brand","embeddable":true,"href":"https:\/\/www.balderpower.com\/de\/wp-json\/wp\/v2\/product_brand?post=9394"},{"taxonomy":"product_cat","embeddable":true,"href":"https:\/\/www.balderpower.com\/de\/wp-json\/wp\/v2\/product_cat?post=9394"},{"taxonomy":"product_tag","embeddable":true,"href":"https:\/\/www.balderpower.com\/de\/wp-json\/wp\/v2\/product_tag?post=9394"}],"curies":[{"name":"wp","href":"https:\/\/api.w.org\/{rel}","templated":true}]}}