{"id":9333,"date":"2026-01-12T00:19:03","date_gmt":"2026-01-11T16:19:03","guid":{"rendered":"https:\/\/www.balderpower.com\/?post_type=product&#038;p=9333"},"modified":"2026-01-13T02:04:42","modified_gmt":"2026-01-12T18:04:42","slug":"groshandel-fur-12v-20ah-lifepo4-akkus-fur-elektromobile-und-golfwagen","status":"publish","type":"product","link":"https:\/\/www.balderpower.com\/de\/12v-20ah-lifepo4-battery-mobility-scooter-golf-wholesale\/","title":{"rendered":"12V 20Ah LiFePO4-Akku \u2013 Tiefentladef\u00e4higer Ersatz f\u00fcr Elektromobile und Golftrolleys | M5-Anschl\u00fcsse | Direkt vom Hersteller"},"content":{"rendered":"<p data-path-to-node=\"12\"><b data-path-to-node=\"12\" data-index-in-node=\"0\">Die Wahl f\u00fcr Profis: Upgrade auf 12V 20Ah Lithium-Batterie<\/b><\/p>\n<p data-path-to-node=\"13\">F\u00fcr Anwendungen, bei denen Gewicht und Zuverl\u00e4ssigkeit entscheidend sind, ist der Balder Power 12V 20Ah LiFePO4-Akku die optimale L\u00f6sung. W\u00e4hrend herk\u00f6mmliche Bleiakkumulatoren schwer sind und Spannungseinbr\u00fcche aufweisen, bietet unsere Lithium-Technologie eine konstante Leistungsabgabe bei gleichzeitig deutlich reduziertem Gewicht.<\/p>\n<p data-path-to-node=\"14\"><b data-path-to-node=\"14\" data-index-in-node=\"0\">Entwickelt f\u00fcr Mobilit\u00e4t und Outdoor-Aktivit\u00e4ten<\/b> Im Gegensatz zu herk\u00f6mmlichen Batterien ist unser 12V 20Ah-Modell so konstruiert, dass es\u2026 <b data-path-to-node=\"14\" data-index-in-node=\"97\">M5-Schraubklemmen<\/b>. Dies ist eine entscheidende Eigenschaft f\u00fcr Anwendungen mit starken Vibrationen wie <b data-path-to-node=\"14\" data-index-in-node=\"180\">Elektrorollst\u00fchle und Golftrolleys<\/b>, Dadurch wird eine sichere, hochstromf\u00e4hige Verbindung gew\u00e4hrleistet, die sich nicht wie herk\u00f6mmliche F2-Anschl\u00fcsse lockern kann.<\/p>\n<p data-path-to-node=\"15\"><b data-path-to-node=\"15\" data-index-in-node=\"0\">Warum zu Balder Power 20Ah wechseln?<\/b><\/p>\n<ul data-path-to-node=\"16\">\n<li>\n<p data-path-to-node=\"16,0,0\"><b data-path-to-node=\"16,0,0\" data-index-in-node=\"0\">Echte Deep-Cycle-Leistung:<\/b> Nutzen Sie den 100% mit 20 Ah Kapazit\u00e4t, ohne den Akku zu besch\u00e4digen. Ideal f\u00fcr die Stromversorgung von <b data-path-to-node=\"16,0,0\" data-index-in-node=\"110\">Garmin LiveScope<\/b> Systeme f\u00fcr einen ganzen Angeltag oder das Absolvieren von 36 L\u00f6chern auf dem Golfplatz.<\/p>\n<\/li>\n<li>\n<p data-path-to-node=\"16,1,0\"><b data-path-to-node=\"16,1,0\" data-index-in-node=\"0\">Gebaut f\u00fcr eine lange Lebensdauer (\u00fcber 4000 Zyklen):<\/b> Schluss mit dem saisonalen Batteriewechsel! Unsere LiFePO4-Zellen in Automobilqualit\u00e4t sind f\u00fcr eine Lebensdauer von \u00fcber 10 Jahren ausgelegt und durch eine Garantie abgesichert. <b data-path-to-node=\"16,1,0\" data-index-in-node=\"161\">5 Jahre Herstellergarantie<\/b>.<\/p>\n<\/li>\n<li>\n<p data-path-to-node=\"16,2,0\"><b data-path-to-node=\"16,2,0\" data-index-in-node=\"0\">Vorteile des Direktvertriebs ab Werk:<\/b> Als engagierter Hersteller gew\u00e4hrleisten wir eine strenge Qualit\u00e4tskontrolle (Alterungstests, Spannungsanpassung) und bieten <b data-path-to-node=\"16,2,0\" data-index-in-node=\"130\">Gro\u00dfhandelspreise<\/b> Das verschafft Ihnen einen Wettbewerbsvorteil auf dem Markt.<\/p>\n<\/li>\n<\/ul>","protected":false},"excerpt":{"rendered":"<p>R\u00fcsten Sie Ihre Ausr\u00fcstung mit Balder Power auf <b data-path-to-node=\"8\" data-index-in-node=\"43\">12V 20Ah LiFePO4-Batterie<\/b>. Konzipiert als direkter Ersatz f\u00fcr Standard-12V-18Ah-22Ah-Bleiakkumulatoren, wiegt es nur <b data-path-to-node=\"8\" data-index-in-node=\"166\">2,8 kg<\/b> (gegen\u00fcber 6,5 kg SLA) und liefert <b data-path-to-node=\"8\" data-index-in-node=\"201\">256 Wh<\/b> von konstanter Leistung. Mit robusten Eigenschaften <b data-path-to-node=\"8\" data-index-in-node=\"245\">M5-Schraubklemmen<\/b> f\u00fcr sichere, vibrationsfeste Verbindungen, <b data-path-to-node=\"8\" data-index-in-node=\"304\">Mehr als 4000 Zyklen<\/b>, und ein <b data-path-to-node=\"8\" data-index-in-node=\"324\">5 Jahre Garantie<\/b>. Ideal f\u00fcr <b data-path-to-node=\"8\" data-index-in-node=\"351\">Elektromobile, elektrische Golftrolleys und gro\u00dfe Fischfinder<\/b>. <b data-path-to-node=\"8\" data-index-in-node=\"418\">\u26a1 Mengenrabatte f\u00fcr H\u00e4ndler und OEMs verf\u00fcgbar.<\/b><\/p>","protected":false},"featured_media":9329,"template":"","meta":{"_acf_changed":false,"nf_dc_page":"","site-sidebar-layout":"default","site-content-layout":"","ast-site-content-layout":"default","site-content-style":"default","site-sidebar-style":"default","ast-global-header-display":"","ast-banner-title-visibility":"","ast-main-header-display":"","ast-hfb-above-header-display":"","ast-hfb-below-header-display":"","ast-hfb-mobile-header-display":"","site-post-title":"","ast-breadcrumbs-content":"","ast-featured-img":"","footer-sml-layout":"","ast-disable-related-posts":"","theme-transparent-header-meta":"default","adv-header-id-meta":"","stick-header-meta":"default","header-above-stick-meta":"","header-main-stick-meta":"","header-below-stick-meta":"","astra-migrate-meta-layouts":"set","ast-page-background-enabled":"default","ast-page-background-meta":{"desktop":{"background-color":"","background-image":"","background-repeat":"repeat","background-position":"center center","background-size":"auto","background-attachment":"scroll","background-type":"","background-media":"","overlay-type":"","overlay-color":"","overlay-opacity":"","overlay-gradient":""},"tablet":{"background-color":"","background-image":"","background-repeat":"repeat","background-position":"center center","background-size":"auto","background-attachment":"scroll","background-type":"","background-media":"","overlay-type":"","overlay-color":"","overlay-opacity":"","overlay-gradient":""},"mobile":{"background-color":"","background-image":"","background-repeat":"repeat","background-position":"center center","background-size":"auto","background-attachment":"scroll","background-type":"","background-media":"","overlay-type":"","overlay-color":"","overlay-opacity":"","overlay-gradient":""}},"ast-content-background-meta":{"desktop":{"background-color":"var(--ast-global-color-5)","background-image":"","background-repeat":"repeat","background-position":"center center","background-size":"auto","background-attachment":"scroll","background-type":"","background-media":"","overlay-type":"","overlay-color":"","overlay-opacity":"","overlay-gradient":""},"tablet":{"background-color":"var(--ast-global-color-5)","background-image":"","background-repeat":"repeat","background-position":"center center","background-size":"auto","background-attachment":"scroll","background-type":"","background-media":"","overlay-type":"","overlay-color":"","overlay-opacity":"","overlay-gradient":""},"mobile":{"background-color":"var(--ast-global-color-5)","background-image":"","background-repeat":"repeat","background-position":"center center","background-size":"auto","background-attachment":"scroll","background-type":"","background-media":"","overlay-type":"","overlay-color":"","overlay-opacity":"","overlay-gradient":""}},"_joinchat":[]},"product_brand":[],"product_cat":[781],"product_tag":[868,873,860,870,810,872,869,871],"class_list":{"0":"post-9333","1":"product","2":"type-product","3":"status-publish","4":"has-post-thumbnail","6":"product_cat-lead-acid-replacement-battery","7":"product_tag-12v-20ah","8":"product_tag-256wh","9":"product_tag-deep-cycle","10":"product_tag-golf-trolley-battery","11":"product_tag-lifepo4","12":"product_tag-m5-terminal","13":"product_tag-mobility-scooter-battery","14":"product_tag-wholesale","15":"desktop-align-left","16":"tablet-align-left","17":"mobile-align-left","18":"ast-product-gallery-layout-horizontal-slider","19":"ast-product-tabs-layout-horizontal","21":"first","22":"instock","23":"shipping-taxable","24":"product-type-simple"},"acf":[],"_links":{"self":[{"href":"https:\/\/www.balderpower.com\/de\/wp-json\/wp\/v2\/product\/9333","targetHints":{"allow":["GET"]}}],"collection":[{"href":"https:\/\/www.balderpower.com\/de\/wp-json\/wp\/v2\/product"}],"about":[{"href":"https:\/\/www.balderpower.com\/de\/wp-json\/wp\/v2\/types\/product"}],"version-history":[{"count":0,"href":"https:\/\/www.balderpower.com\/de\/wp-json\/wp\/v2\/product\/9333\/revisions"}],"wp:featuredmedia":[{"embeddable":true,"href":"https:\/\/www.balderpower.com\/de\/wp-json\/wp\/v2\/media\/9329"}],"wp:attachment":[{"href":"https:\/\/www.balderpower.com\/de\/wp-json\/wp\/v2\/media?parent=9333"}],"wp:term":[{"taxonomy":"product_brand","embeddable":true,"href":"https:\/\/www.balderpower.com\/de\/wp-json\/wp\/v2\/product_brand?post=9333"},{"taxonomy":"product_cat","embeddable":true,"href":"https:\/\/www.balderpower.com\/de\/wp-json\/wp\/v2\/product_cat?post=9333"},{"taxonomy":"product_tag","embeddable":true,"href":"https:\/\/www.balderpower.com\/de\/wp-json\/wp\/v2\/product_tag?post=9333"}],"curies":[{"name":"wp","href":"https:\/\/api.w.org\/{rel}","templated":true}]}}