{"id":9315,"date":"2026-01-11T22:59:30","date_gmt":"2026-01-11T14:59:30","guid":{"rendered":"https:\/\/www.balderpower.com\/?post_type=product&#038;p=9315"},"modified":"2026-01-11T23:06:22","modified_gmt":"2026-01-11T15:06:22","slug":"12v-10ah-lifepo4-batterie-zum-groshandelspreis-ab-werk","status":"publish","type":"product","link":"https:\/\/www.balderpower.com\/de\/12v-10ah-lifepo4-battery-wholesale-factory-price\/","title":{"rendered":"12V 10Ah LiFePO4-Akku \u2013 Leistungsstarkes Upgrade f\u00fcr Spr\u00fchger\u00e4te und Spielzeug | Gro\u00dfhandels- und Direktpreis ab Werk"},"content":{"rendered":"<p data-path-to-node=\"13\"><b data-path-to-node=\"13\" data-index-in-node=\"0\">Mehr Leistung, weniger Gewicht: Das ultimative 12V 10Ah Lithium-Upgrade<\/b><\/p>\n<p data-path-to-node=\"14\">H\u00f6ren Sie auf, Ihre Blei-S\u00e4ure-Batterien jedes Jahr auszutauschen. Balder Power pr\u00e4sentiert die neue L\u00f6sung. <b data-path-to-node=\"14\" data-index-in-node=\"80\">12V 10Ah LiFePO4-Batterie<\/b>, ein direkter Ersatz, entwickelt f\u00fcr Profis und Enthusiasten, die zuverl\u00e4ssige und langlebige Leistung ben\u00f6tigen. Durch den Einsatz fortschrittlicher Lithium-Technologie mit hoher Energiedichte haben wir Folgendes geschaffen: <b data-path-to-node=\"14\" data-index-in-node=\"282\">10 Ah Kapazit\u00e4t<\/b> in das Standardgeh\u00e4use 150x65x94mm \u2013 und Ihnen <b data-path-to-node=\"14\" data-index-in-node=\"347\">30-40% mehr Laufzeit<\/b> als Standardbatterien mit 7 Ah oder 9 Ah, ohne die Gr\u00f6\u00dfe zu \u00e4ndern.<\/p>\n<p data-path-to-node=\"15\"><b data-path-to-node=\"15\" data-index-in-node=\"0\">Warum auf Balder Power 10Ah aufr\u00fcsten?<\/b><\/p>\n<ul data-path-to-node=\"16\">\n<li>\n<p data-path-to-node=\"16,0,0\"><b data-path-to-node=\"16,0,0\" data-index-in-node=\"0\">Echter Tiefenzyklus:<\/b> Im Gegensatz zu Bleiakkumulatoren, die bei zu geringer Entladung ausfallen, erm\u00f6glicht unsere LiFePO4-Technologie eine Entladetiefe von 100% und sorgt so f\u00fcr eine konstante Spannung f\u00fcr Ihre Echolote und Werkzeuge bis zum letzten Tropfen Strom.<\/p>\n<\/li>\n<li>\n<p data-path-to-node=\"16,1,0\"><b data-path-to-node=\"16,1,0\" data-index-in-node=\"0\">Gebaut f\u00fcr Ausdauer:<\/b> Mit einem massiven <b data-path-to-node=\"16,1,0\" data-index-in-node=\"36\">Lebensdauer von \u00fcber 4000 Zyklen<\/b>, Diese Batterie ist eine Investition, die sich auszahlt. Sie h\u00e4lt bis zu 10-mal l\u00e4nger als Bleiakkumulatoren und ist daher perfekt f\u00fcr Ger\u00e4te des t\u00e4glichen Gebrauchs geeignet. <b data-path-to-node=\"16,1,0\" data-index-in-node=\"204\">R\u00fcckenspritzen<\/b> Und <b data-path-to-node=\"16,1,0\" data-index-in-node=\"226\">Solarbeleuchtungssysteme<\/b>.<\/p>\n<\/li>\n<li>\n<p data-path-to-node=\"16,2,0\"><b data-path-to-node=\"16,2,0\" data-index-in-node=\"0\">Sicherheit geht vor:<\/b> Ausgestattet mit einer hochentwickelten <b data-path-to-node=\"16,2,0\" data-index-in-node=\"44\">Batteriemanagementsystem (BMS)<\/b>, Es bietet aktiven Schutz vor \u00dcberladung, Kurzschl\u00fcssen und extremen Temperaturen.<\/p>\n<\/li>\n<li><b data-path-to-node=\"15,0,0\" data-index-in-node=\"0\">Fabrikdirekte Gro\u00dfhandelspreise:<\/b> Wir bieten gestaffelte Mengenrabatte f\u00fcr Distributoren, Systemintegratoren und Einzelh\u00e4ndler. Profitieren Sie von den besten St\u00fcckkosten direkt vom Hersteller.<\/li>\n<li><b data-path-to-node=\"15,1,0\" data-index-in-node=\"0\">Authentische Herstellerqualit\u00e4t:<\/b> Unsere 10-Ah-Batterien werden mit Zellen in Automobilqualit\u00e4t hergestellt und vor dem Versand strengen Alterungstests unterzogen.<\/li>\n<\/ul>\n<p data-path-to-node=\"17\">Ob Sie nun ein <b data-path-to-node=\"17\" data-index-in-node=\"27\">Garmin Fischfinder<\/b> f\u00fcr einen ganzen Tag auf dem See oder ein Upgrade <b data-path-to-node=\"17\" data-index-in-node=\"88\">Power Wheels<\/b> F\u00fcr l\u00e4ngere Spielzeiten ist dies der leistungsst\u00e4rkste Akku seiner Klasse.<\/p>","protected":false},"excerpt":{"rendered":"<p>Maximieren Sie die Laufzeit mit Balder Power&#039;s <b data-path-to-node=\"8\" data-index-in-node=\"37\">12V 10Ah LiFePO4-Batterie<\/b>. Entwickelt als direkter Ersatz f\u00fcr eine 128-Wh-Batterie mit hoher Energiedichte, wiegt sie nur <b data-path-to-node=\"8\" data-index-in-node=\"134\">1,2 kg<\/b> und liefert <b data-path-to-node=\"8\" data-index-in-node=\"153\">Mehr als 4000 Zyklen<\/b> mit einem <b data-path-to-node=\"8\" data-index-in-node=\"173\">5 Jahre Garantie<\/b>. Perfekt f\u00fcr <b data-path-to-node=\"8\" data-index-in-node=\"202\">Landwirtschaftliche Spr\u00fchger\u00e4te, Fischfinder und Kinderfahrzeuge<\/b>. <b data-path-to-node=\"8\" data-index-in-node=\"257\">\u26a1 Sie kaufen in gro\u00dfen Mengen? Kontaktieren Sie uns f\u00fcr wettbewerbsf\u00e4hige Fabrik-Gro\u00dfhandelspreise und OEM-Anpassungen.<\/b><\/p>","protected":false},"featured_media":9311,"template":"","meta":{"_acf_changed":false,"nf_dc_page":"","site-sidebar-layout":"default","site-content-layout":"","ast-site-content-layout":"default","site-content-style":"default","site-sidebar-style":"default","ast-global-header-display":"","ast-banner-title-visibility":"","ast-main-header-display":"","ast-hfb-above-header-display":"","ast-hfb-below-header-display":"","ast-hfb-mobile-header-display":"","site-post-title":"","ast-breadcrumbs-content":"","ast-featured-img":"","footer-sml-layout":"","ast-disable-related-posts":"","theme-transparent-header-meta":"default","adv-header-id-meta":"","stick-header-meta":"default","header-above-stick-meta":"","header-main-stick-meta":"","header-below-stick-meta":"","astra-migrate-meta-layouts":"set","ast-page-background-enabled":"default","ast-page-background-meta":{"desktop":{"background-color":"","background-image":"","background-repeat":"repeat","background-position":"center center","background-size":"auto","background-attachment":"scroll","background-type":"","background-media":"","overlay-type":"","overlay-color":"","overlay-opacity":"","overlay-gradient":""},"tablet":{"background-color":"","background-image":"","background-repeat":"repeat","background-position":"center center","background-size":"auto","background-attachment":"scroll","background-type":"","background-media":"","overlay-type":"","overlay-color":"","overlay-opacity":"","overlay-gradient":""},"mobile":{"background-color":"","background-image":"","background-repeat":"repeat","background-position":"center center","background-size":"auto","background-attachment":"scroll","background-type":"","background-media":"","overlay-type":"","overlay-color":"","overlay-opacity":"","overlay-gradient":""}},"ast-content-background-meta":{"desktop":{"background-color":"var(--ast-global-color-5)","background-image":"","background-repeat":"repeat","background-position":"center center","background-size":"auto","background-attachment":"scroll","background-type":"","background-media":"","overlay-type":"","overlay-color":"","overlay-opacity":"","overlay-gradient":""},"tablet":{"background-color":"var(--ast-global-color-5)","background-image":"","background-repeat":"repeat","background-position":"center center","background-size":"auto","background-attachment":"scroll","background-type":"","background-media":"","overlay-type":"","overlay-color":"","overlay-opacity":"","overlay-gradient":""},"mobile":{"background-color":"var(--ast-global-color-5)","background-image":"","background-repeat":"repeat","background-position":"center center","background-size":"auto","background-attachment":"scroll","background-type":"","background-media":"","overlay-type":"","overlay-color":"","overlay-opacity":"","overlay-gradient":""}},"_joinchat":[]},"product_brand":[],"product_cat":[781],"product_tag":[865,866,864,810,855,867,862],"class_list":{"0":"post-9315","1":"product","2":"type-product","3":"status-publish","4":"has-post-thumbnail","6":"product_cat-lead-acid-replacement-battery","7":"product_tag-12v-10ah","8":"product_tag-bulk-order","9":"product_tag-factory-price","10":"product_tag-lifepo4","11":"product_tag-oem-battery","12":"product_tag-sprayer-battery","13":"product_tag-wholesale-battery","14":"desktop-align-left","15":"tablet-align-left","16":"mobile-align-left","17":"ast-product-gallery-layout-horizontal-slider","18":"ast-product-tabs-layout-horizontal","20":"first","21":"instock","22":"shipping-taxable","23":"product-type-simple"},"acf":[],"_links":{"self":[{"href":"https:\/\/www.balderpower.com\/de\/wp-json\/wp\/v2\/product\/9315","targetHints":{"allow":["GET"]}}],"collection":[{"href":"https:\/\/www.balderpower.com\/de\/wp-json\/wp\/v2\/product"}],"about":[{"href":"https:\/\/www.balderpower.com\/de\/wp-json\/wp\/v2\/types\/product"}],"version-history":[{"count":0,"href":"https:\/\/www.balderpower.com\/de\/wp-json\/wp\/v2\/product\/9315\/revisions"}],"wp:featuredmedia":[{"embeddable":true,"href":"https:\/\/www.balderpower.com\/de\/wp-json\/wp\/v2\/media\/9311"}],"wp:attachment":[{"href":"https:\/\/www.balderpower.com\/de\/wp-json\/wp\/v2\/media?parent=9315"}],"wp:term":[{"taxonomy":"product_brand","embeddable":true,"href":"https:\/\/www.balderpower.com\/de\/wp-json\/wp\/v2\/product_brand?post=9315"},{"taxonomy":"product_cat","embeddable":true,"href":"https:\/\/www.balderpower.com\/de\/wp-json\/wp\/v2\/product_cat?post=9315"},{"taxonomy":"product_tag","embeddable":true,"href":"https:\/\/www.balderpower.com\/de\/wp-json\/wp\/v2\/product_tag?post=9315"}],"curies":[{"name":"wp","href":"https:\/\/api.w.org\/{rel}","templated":true}]}}