{"id":9285,"date":"2026-01-11T16:41:55","date_gmt":"2026-01-11T08:41:55","guid":{"rendered":"https:\/\/www.balderpower.com\/?post_type=product&#038;p=9285"},"modified":"2026-01-11T22:01:54","modified_gmt":"2026-01-11T14:01:54","slug":"12v-7ah-lifepo4-batterieersatz","status":"publish","type":"product","link":"https:\/\/www.balderpower.com\/de\/12v-7ah-lifepo4-battery-replacement\/","title":{"rendered":"12V 7Ah LiFePO4-Akku \u2013 Tiefzyklus-Lithium-Ersatz f\u00fcr USV-Anlagen, Alarmanlagen und Echolote | Integriertes Batteriemanagementsystem (BMS) | Direkt vom Hersteller"},"content":{"rendered":"<p data-path-to-node=\"12\"><b data-path-to-node=\"12\" data-index-in-node=\"0\">Zuverl\u00e4ssige Energie, neu definiert: Das beste 12V 7Ah Lithium-Upgrade<\/b><\/p>\n<p data-path-to-node=\"13\">Als professioneller Hersteller von Lithiumbatterien pr\u00e4sentiert Balder Power den 12V 7Ah LiFePO4-Akku, der als direkter Ersatz f\u00fcr schwere und kurzlebige Bleiakkumulatoren (SLA) entwickelt wurde. Ob Sie Systemintegrator f\u00fcr Sicherheitssysteme oder H\u00e4ndler von Outdoor-Elektronik sind \u2013 dieser Akku bietet \u00fcberragende Leistung bei absoluter Wartungsfreiheit.<\/p>\n<p data-path-to-node=\"14\">Im Gegensatz zu Bleiakkumulatoren, deren Spannung unter Last abf\u00e4llt, sorgt unsere LiFePO4-Technologie f\u00fcr eine konstante Stromversorgung und gew\u00e4hrleistet so einen l\u00e4ngeren und effizienteren Betrieb Ihrer Ger\u00e4te. Robustes Geh\u00e4use. <b data-path-to-node=\"14\" data-index-in-node=\"188\">Batteriemanagementsystem (BMS)<\/b>, Es sch\u00fctzt vor \u00dcberladung, Tiefentladung und Kurzschl\u00fcssen und ist damit die sicherste Wahl f\u00fcr kritische Anwendungen wie Notbeleuchtung und medizinische Ger\u00e4te.<\/p>\n<p data-path-to-node=\"15\"><b data-path-to-node=\"15\" data-index-in-node=\"0\">Warum Balder Power w\u00e4hlen?<\/b><\/p>\n<ul data-path-to-node=\"16\">\n<li>\n<p data-path-to-node=\"16,0,0\"><b data-path-to-node=\"16,0,0\" data-index-in-node=\"0\">Preise direkt vom Hersteller:<\/b> Schalten Sie den Zwischenh\u00e4ndler aus und sichern Sie sich wettbewerbsf\u00e4hige Gro\u00dfhandelspreise.<\/p>\n<\/li>\n<li>\n<p data-path-to-node=\"16,1,0\"><b data-path-to-node=\"16,1,0\" data-index-in-node=\"0\">Anpassung:<\/b> Wir bieten OEM-Etikettierung, individuelle Geh\u00e4usefarben und Anschlussmodifikationen (F1\/F2) an.<\/p>\n<\/li>\n<li>\n<p data-path-to-node=\"16,2,0\"><b data-path-to-node=\"16,2,0\" data-index-in-node=\"0\">Qualit\u00e4tssicherung:<\/b> Jedes Ger\u00e4t wird vor dem Versand strengen Alterungs- und Spannungsanpassungstests unterzogen.<\/p>\n<\/li>\n<\/ul>","protected":false},"excerpt":{"rendered":"<p>Steigern Sie Ihre Stromversorgung mit Balder Power <b data-path-to-node=\"8\" data-index-in-node=\"39\">12V 7Ah LiFePO4-Batterie<\/b>, der ultimative, leichte Ersatz f\u00fcr herk\u00f6mmliche Blei-S\u00e4ure-Batterien. Ausgestattet mit hochwertigen Zellen der G\u00fcteklasse A und einem intelligenten Batteriemanagementsystem (BMS), bietet er <b data-path-to-node=\"8\" data-index-in-node=\"213\">Mehr als 4000 Zyklen<\/b> (gegen\u00fcber 300 f\u00fcr AGM), wiegt nur <b data-path-to-node=\"8\" data-index-in-node=\"257\">1,1 kg<\/b>, und bietet eine stabile Ausgangsspannung von 12,8 V. Perfekt f\u00fcr <b data-path-to-node=\"8\" data-index-in-node=\"308\">USV-Anlagen, Alarmanlagen, Fischfinder und medizinische Ger\u00e4te<\/b>. Verf\u00fcgbar f\u00fcr OEM-Branding und Gro\u00dfhandelsbestellungen.<\/p>","protected":false},"featured_media":9295,"template":"","meta":{"_acf_changed":false,"nf_dc_page":"","site-sidebar-layout":"default","site-content-layout":"","ast-site-content-layout":"default","site-content-style":"default","site-sidebar-style":"default","ast-global-header-display":"","ast-banner-title-visibility":"","ast-main-header-display":"","ast-hfb-above-header-display":"","ast-hfb-below-header-display":"","ast-hfb-mobile-header-display":"","site-post-title":"","ast-breadcrumbs-content":"","ast-featured-img":"","footer-sml-layout":"","ast-disable-related-posts":"","theme-transparent-header-meta":"default","adv-header-id-meta":"","stick-header-meta":"default","header-above-stick-meta":"","header-main-stick-meta":"","header-below-stick-meta":"","astra-migrate-meta-layouts":"set","ast-page-background-enabled":"default","ast-page-background-meta":{"desktop":{"background-color":"","background-image":"","background-repeat":"repeat","background-position":"center center","background-size":"auto","background-attachment":"scroll","background-type":"","background-media":"","overlay-type":"","overlay-color":"","overlay-opacity":"","overlay-gradient":""},"tablet":{"background-color":"","background-image":"","background-repeat":"repeat","background-position":"center center","background-size":"auto","background-attachment":"scroll","background-type":"","background-media":"","overlay-type":"","overlay-color":"","overlay-opacity":"","overlay-gradient":""},"mobile":{"background-color":"","background-image":"","background-repeat":"repeat","background-position":"center center","background-size":"auto","background-attachment":"scroll","background-type":"","background-media":"","overlay-type":"","overlay-color":"","overlay-opacity":"","overlay-gradient":""}},"ast-content-background-meta":{"desktop":{"background-color":"var(--ast-global-color-5)","background-image":"","background-repeat":"repeat","background-position":"center center","background-size":"auto","background-attachment":"scroll","background-type":"","background-media":"","overlay-type":"","overlay-color":"","overlay-opacity":"","overlay-gradient":""},"tablet":{"background-color":"var(--ast-global-color-5)","background-image":"","background-repeat":"repeat","background-position":"center center","background-size":"auto","background-attachment":"scroll","background-type":"","background-media":"","overlay-type":"","overlay-color":"","overlay-opacity":"","overlay-gradient":""},"mobile":{"background-color":"var(--ast-global-color-5)","background-image":"","background-repeat":"repeat","background-position":"center center","background-size":"auto","background-attachment":"scroll","background-type":"","background-media":"","overlay-type":"","overlay-color":"","overlay-opacity":"","overlay-gradient":""}},"_joinchat":[]},"product_brand":[],"product_cat":[781],"product_tag":[856,857,859,860,810,863,861,858,862],"class_list":{"0":"post-9285","1":"product","2":"type-product","3":"status-publish","4":"has-post-thumbnail","6":"product_cat-lead-acid-replacement-battery","7":"product_tag-12v-battery","8":"product_tag-7ah","9":"product_tag-alarm-battery","10":"product_tag-deep-cycle","11":"product_tag-lifepo4","12":"product_tag-oem-battery12v-7ah-lifepo4","13":"product_tag-sla-replacement","14":"product_tag-ups-battery","15":"product_tag-wholesale-battery","16":"desktop-align-left","17":"tablet-align-left","18":"mobile-align-left","19":"ast-product-gallery-layout-horizontal-slider","20":"ast-product-tabs-layout-horizontal","22":"first","23":"instock","24":"shipping-taxable","25":"product-type-simple"},"acf":[],"_links":{"self":[{"href":"https:\/\/www.balderpower.com\/de\/wp-json\/wp\/v2\/product\/9285","targetHints":{"allow":["GET"]}}],"collection":[{"href":"https:\/\/www.balderpower.com\/de\/wp-json\/wp\/v2\/product"}],"about":[{"href":"https:\/\/www.balderpower.com\/de\/wp-json\/wp\/v2\/types\/product"}],"version-history":[{"count":0,"href":"https:\/\/www.balderpower.com\/de\/wp-json\/wp\/v2\/product\/9285\/revisions"}],"wp:featuredmedia":[{"embeddable":true,"href":"https:\/\/www.balderpower.com\/de\/wp-json\/wp\/v2\/media\/9295"}],"wp:attachment":[{"href":"https:\/\/www.balderpower.com\/de\/wp-json\/wp\/v2\/media?parent=9285"}],"wp:term":[{"taxonomy":"product_brand","embeddable":true,"href":"https:\/\/www.balderpower.com\/de\/wp-json\/wp\/v2\/product_brand?post=9285"},{"taxonomy":"product_cat","embeddable":true,"href":"https:\/\/www.balderpower.com\/de\/wp-json\/wp\/v2\/product_cat?post=9285"},{"taxonomy":"product_tag","embeddable":true,"href":"https:\/\/www.balderpower.com\/de\/wp-json\/wp\/v2\/product_tag?post=9285"}],"curies":[{"name":"wp","href":"https:\/\/api.w.org\/{rel}","templated":true}]}}