{"id":9188,"date":"2026-01-09T02:16:08","date_gmt":"2026-01-08T18:16:08","guid":{"rendered":"https:\/\/www.balderpower.com\/?post_type=product&#038;p=9188"},"modified":"2026-01-09T02:32:14","modified_gmt":"2026-01-08T18:32:14","slug":"hochspannungs-energiespeichersystem-gestapelt-20-kwh-204-kwh","status":"publish","type":"product","link":"https:\/\/www.balderpower.com\/de\/high-voltage-stacked-energy-storage-system-20kwh-204kwh\/","title":{"rendered":"Hochspannungs-Energiespeichersystem (20 kWh \u2013 204 kWh) BPE-HV-PRO-Serie"},"content":{"rendered":"<h2 data-path-to-node=\"14\"><strong>Pr\u00e4zisions-Energiespeicher: Ma\u00dfgeschneidert f\u00fcr jede Projektgr\u00f6\u00dfe<\/strong><\/h2>\n<p data-path-to-node=\"15\">Die BPE-HV-PRO-Serie beseitigt die Einschr\u00e4nkung \u201cEinheitsl\u00f6sung\u201d. Ob Sie ein gro\u00dfes Luxushaus oder eine gewerbliche Produktionsanlage mit Strom versorgen m\u00f6chten \u2013 unser Hochspannungs-Stack-System passt sich Ihren spezifischen Spannungs- und Kapazit\u00e4tsanforderungen an.<\/p>\n<p><img fetchpriority=\"high\" decoding=\"async\" class=\"size-full wp-image-9220\" src=\"https:\/\/balderpower.com\/wp-content\/uploads\/2026\/01\/lifepo4-battery-module-stackable-design-parallel.webp\" alt=\"LiFePO4 battery module with stackable design, supporting max 5 units in parallel connection for scalable energy storage.\" width=\"800\" height=\"800\" srcset=\"https:\/\/www.balderpower.com\/wp-content\/uploads\/2026\/01\/lifepo4-battery-module-stackable-design-parallel.webp 800w, https:\/\/www.balderpower.com\/wp-content\/uploads\/2026\/01\/lifepo4-battery-module-stackable-design-parallel-150x150.webp 150w, https:\/\/www.balderpower.com\/wp-content\/uploads\/2026\/01\/lifepo4-battery-module-stackable-design-parallel-768x768.webp 768w, https:\/\/www.balderpower.com\/wp-content\/uploads\/2026\/01\/lifepo4-battery-module-stackable-design-parallel-12x12.webp 12w, https:\/\/www.balderpower.com\/wp-content\/uploads\/2026\/01\/lifepo4-battery-module-stackable-design-parallel-300x300.webp 300w, https:\/\/www.balderpower.com\/wp-content\/uploads\/2026\/01\/lifepo4-battery-module-stackable-design-parallel-600x600.webp 600w, https:\/\/www.balderpower.com\/wp-content\/uploads\/2026\/01\/lifepo4-battery-module-stackable-design-parallel-100x100.webp 100w, https:\/\/www.balderpower.com\/wp-content\/uploads\/2026\/01\/lifepo4-battery-module-stackable-design-parallel-64x64.webp 64w\" sizes=\"(max-width: 800px) 100vw, 800px\" data-no-translation=\"\" \/><\/p>\n<p style=\"text-align: left;\" data-path-to-node=\"16\"><b data-path-to-node=\"16\" data-index-in-node=\"0\">Maximale Flexibilit\u00e4t: HV4 bis HV8<\/b><\/p>\n<ul style=\"text-align: left;\" data-path-to-node=\"17\">\n<li>\n<p data-path-to-node=\"17,0,0\"><b data-path-to-node=\"17,0,0\" data-index-in-node=\"0\">Einstiegsstufe (BPE-HV4-PRO):<\/b> A 204,8V, <b data-path-to-node=\"17,0,0\" data-index-in-node=\"37\">20,48 kWh<\/b> System, das sich perfekt f\u00fcr gro\u00dfe private Datensicherungen oder kleine B\u00fcros eignet.<\/p>\n<\/li>\n<li>\n<p data-path-to-node=\"17,1,0\"><b data-path-to-node=\"17,1,0\" data-index-in-node=\"0\">Kraftwerk (BPE-HV8-PRO):<\/b> A 409,6V, <b data-path-to-node=\"17,1,0\" data-index-in-node=\"36\">40,96 kWh<\/b> Turmkonstruktion f\u00fcr anspruchsvolle Anwendungen.<\/p>\n<\/li>\n<li>\n<p data-path-to-node=\"17,2,0\"><b data-path-to-node=\"17,2,0\" data-index-in-node=\"0\">Industrieanlage:<\/b> Ben\u00f6tigen Sie mehr Leistung? Schlie\u00dfen Sie bis zu 5 Einheiten des Modells HV8 parallel an, um eine <b data-path-to-node=\"17,2,0\" data-index-in-node=\"98\">204,8 kWh<\/b> Energiezentrale, vollst\u00e4ndig gesteuert durch unser intelligentes Geb\u00e4udeleitsystem.<\/p>\n<\/li>\n<\/ul>\n<p style=\"text-align: left;\" data-path-to-node=\"18\"><b data-path-to-node=\"18\" data-index-in-node=\"0\">Warum Hochspannung?<\/b> Mit Spannungen von 204,8 V bis 409,6 V arbeitet unsere Serie deutlich effizienter als herk\u00f6mmliche 48-V-Batterien. Dank dieser Hochspannungskonstruktion sind d\u00fcnnere Kabel, ein k\u00fchlerer Betrieb und die direkte Kompatibilit\u00e4t mit modernsten Hochspannungs-Hybridwechselrichtern m\u00f6glich.<\/p>","protected":false},"excerpt":{"rendered":"<h2 data-path-to-node=\"10,0\"><b data-path-to-node=\"10,0\" data-index-in-node=\"0\">Flexible Hochspannungs-Energiespeicherl\u00f6sung: Skalierbar von 20 kWh bis 204 kWh.<\/b><\/h2>\n<p data-path-to-node=\"10,0\">Die BPE-HV-PRO-Serie bietet un\u00fcbertroffene Flexibilit\u00e4t f\u00fcr die Energiespeicherung im gewerblichen und privaten Bereich. Angefangen beim kompakten <b data-path-to-node=\"10,0\" data-index-in-node=\"191\">20,48 kWh \/ 204,8 V<\/b> (HV4-Modell) l\u00e4sst sich das System auf eine massive Gr\u00f6\u00dfe skalieren. <b data-path-to-node=\"10,0\" data-index-in-node=\"259\">204,8 kWh<\/b> Durch die Parallelschaltung von f\u00fcnf HV8-Einheiten. Ausgestattet mit LiFePO4-Zellen der G\u00fcteklasse A und einer stapelbaren modularen Architektur gew\u00e4hrleistet es die nahtlose Integration f\u00fcr Projekte jeder Gr\u00f6\u00dfe \u2013 von der Notstromversorgung f\u00fcr Villen bis hin zur Spitzenlastabdeckung in Fabriken.<\/p>\n<ul data-path-to-node=\"10,1\">\n<li>\n<p data-path-to-node=\"10,1,0,0\"><b data-path-to-node=\"10,1,0,0\" data-index-in-node=\"0\">Spannungsbereich:<\/b> 204,8 V \u2013 409,6 V (modellabh\u00e4ngig)<\/p>\n<\/li>\n<li>\n<p data-path-to-node=\"10,1,1,0\"><b data-path-to-node=\"10,1,1,0\" data-index-in-node=\"0\">Kapazit\u00e4tsbereich:<\/b> 20,48 kWh (Einzeln) \u2013 204,8 kWh (Parallel)<\/p>\n<\/li>\n<li>\n<p data-path-to-node=\"10,1,2,0\"><b data-path-to-node=\"10,1,2,0\" data-index-in-node=\"0\">Effizienz:<\/b> Hochspannungsarchitektur f\u00fcr reduzierte Verluste<\/p>\n<\/li>\n<li>\n<p data-path-to-node=\"10,1,3,0\"><b data-path-to-node=\"10,1,3,0\" data-index-in-node=\"0\">Anwendung:<\/b> Wohngeb\u00e4ude, Gewerbegeb\u00e4ude, Mikronetz<\/p>\n<\/li>\n<\/ul>","protected":false},"featured_media":9196,"template":"","meta":{"_acf_changed":false,"nf_dc_page":"","site-sidebar-layout":"default","site-content-layout":"","ast-site-content-layout":"default","site-content-style":"default","site-sidebar-style":"default","ast-global-header-display":"","ast-banner-title-visibility":"","ast-main-header-display":"","ast-hfb-above-header-display":"","ast-hfb-below-header-display":"","ast-hfb-mobile-header-display":"","site-post-title":"","ast-breadcrumbs-content":"","ast-featured-img":"","footer-sml-layout":"","ast-disable-related-posts":"","theme-transparent-header-meta":"default","adv-header-id-meta":"","stick-header-meta":"default","header-above-stick-meta":"","header-main-stick-meta":"","header-below-stick-meta":"","astra-migrate-meta-layouts":"set","ast-page-background-enabled":"default","ast-page-background-meta":{"desktop":{"background-color":"","background-image":"","background-repeat":"repeat","background-position":"center center","background-size":"auto","background-attachment":"scroll","background-type":"","background-media":"","overlay-type":"","overlay-color":"","overlay-opacity":"","overlay-gradient":""},"tablet":{"background-color":"","background-image":"","background-repeat":"repeat","background-position":"center center","background-size":"auto","background-attachment":"scroll","background-type":"","background-media":"","overlay-type":"","overlay-color":"","overlay-opacity":"","overlay-gradient":""},"mobile":{"background-color":"","background-image":"","background-repeat":"repeat","background-position":"center center","background-size":"auto","background-attachment":"scroll","background-type":"","background-media":"","overlay-type":"","overlay-color":"","overlay-opacity":"","overlay-gradient":""}},"ast-content-background-meta":{"desktop":{"background-color":"var(--ast-global-color-5)","background-image":"","background-repeat":"repeat","background-position":"center center","background-size":"auto","background-attachment":"scroll","background-type":"","background-media":"","overlay-type":"","overlay-color":"","overlay-opacity":"","overlay-gradient":""},"tablet":{"background-color":"var(--ast-global-color-5)","background-image":"","background-repeat":"repeat","background-position":"center center","background-size":"auto","background-attachment":"scroll","background-type":"","background-media":"","overlay-type":"","overlay-color":"","overlay-opacity":"","overlay-gradient":""},"mobile":{"background-color":"var(--ast-global-color-5)","background-image":"","background-repeat":"repeat","background-position":"center center","background-size":"auto","background-attachment":"scroll","background-type":"","background-media":"","overlay-type":"","overlay-color":"","overlay-opacity":"","overlay-gradient":""}},"_joinchat":[]},"product_brand":[],"product_cat":[839],"product_tag":[852,830,849,853,851,855,854,850],"class_list":{"0":"post-9188","1":"product","2":"type-product","3":"status-publish","4":"has-post-thumbnail","6":"product_cat-high-voltage-stackable-battery","7":"product_tag-20kwh-battery","8":"product_tag-commercial-energy-storage","9":"product_tag-high-voltage-battery","10":"product_tag-industrial-battery-backup","11":"product_tag-lifepo4-high-voltage","12":"product_tag-oem-battery","13":"product_tag-solar-storage-system","14":"product_tag-stacked-ess","15":"desktop-align-left","16":"tablet-align-left","17":"mobile-align-left","18":"ast-product-gallery-layout-horizontal-slider","19":"ast-product-tabs-layout-horizontal","21":"first","22":"instock","23":"shipping-taxable","24":"product-type-simple"},"acf":[],"_links":{"self":[{"href":"https:\/\/www.balderpower.com\/de\/wp-json\/wp\/v2\/product\/9188","targetHints":{"allow":["GET"]}}],"collection":[{"href":"https:\/\/www.balderpower.com\/de\/wp-json\/wp\/v2\/product"}],"about":[{"href":"https:\/\/www.balderpower.com\/de\/wp-json\/wp\/v2\/types\/product"}],"version-history":[{"count":0,"href":"https:\/\/www.balderpower.com\/de\/wp-json\/wp\/v2\/product\/9188\/revisions"}],"wp:featuredmedia":[{"embeddable":true,"href":"https:\/\/www.balderpower.com\/de\/wp-json\/wp\/v2\/media\/9196"}],"wp:attachment":[{"href":"https:\/\/www.balderpower.com\/de\/wp-json\/wp\/v2\/media?parent=9188"}],"wp:term":[{"taxonomy":"product_brand","embeddable":true,"href":"https:\/\/www.balderpower.com\/de\/wp-json\/wp\/v2\/product_brand?post=9188"},{"taxonomy":"product_cat","embeddable":true,"href":"https:\/\/www.balderpower.com\/de\/wp-json\/wp\/v2\/product_cat?post=9188"},{"taxonomy":"product_tag","embeddable":true,"href":"https:\/\/www.balderpower.com\/de\/wp-json\/wp\/v2\/product_tag?post=9188"}],"curies":[{"name":"wp","href":"https:\/\/api.w.org\/{rel}","templated":true}]}}