{"id":4741,"date":"2022-11-17T14:47:03","date_gmt":"2022-11-17T06:47:03","guid":{"rendered":"https:\/\/gjt.lpf.mybluehost.me\/website_cd5134ed\/?post_type=product&#038;p=4741"},"modified":"2026-03-06T15:52:40","modified_gmt":"2026-03-06T07:52:40","slug":"95-wh-akku-a1309-als-ersatz-fur-macbook-pro-17-a1297","status":"publish","type":"product","link":"https:\/\/www.balderpower.com\/de\/95wh-a1309-battery-replacement-macbook-pro-17-a1297\/","title":{"rendered":"95-Wh-Akku A1309 als Ersatz f\u00fcr MacBook Pro 17\u2033 Unibody A1297 (2009\/2010) \u2013 Direkt vom Hersteller"},"content":{"rendered":"<p data-path-to-node=\"20\"><b data-path-to-node=\"20\" data-index-in-node=\"0\">Verleihen Sie Ihrem MacBook Pro neue Power: Der ultimative A1309-Akkuersatz f\u00fcr das MacBook Pro 17\u2033<\/b><\/p>\n<p data-path-to-node=\"21\">Das 17-Zoll MacBook Pro ist eine Legende in der Kreativbranche, aber seine energiehungrige Leistung erfordert einen Akku, der mithalten kann. <b data-path-to-node=\"21\" data-index-in-node=\"134\">Balder Power<\/b>, Wir stellen die her <b data-path-to-node=\"21\" data-index-in-node=\"167\">A1309 Batteriewechsel<\/b> Um h\u00f6chsten Industriestandards gerecht zu werden, hauchen wir diesen klassischen Arbeitspl\u00e4tzen neues Leben ein.<\/p>\n<p data-path-to-node=\"22\">Als professioneller <b data-path-to-node=\"22\" data-index-in-node=\"18\">Gro\u00dfh\u00e4ndler f\u00fcr MacBook-Akkus<\/b>, Wir l\u00f6sen das gr\u00f6\u00dfte Problem auf dem Markt: <i data-path-to-node=\"22\" data-index-in-node=\"98\">alternde Lagerbest\u00e4nde<\/i>. Im Gegensatz zu Wiederverk\u00e4ufern, die Batterien anbieten, die jahrelang im Regal gelegen und dadurch an Qualit\u00e4t verloren haben, sind unsere Batterien <b data-path-to-node=\"22\" data-index-in-node=\"214\">Fabrikfrisch<\/b>. Wir produzieren chargenweise nach Bedarf, um sicherzustellen, dass die interne chemische Aktivit\u00e4t der Li-Polymer-Zellen optimal ist.<\/p>\n<p data-path-to-node=\"23\"><b data-path-to-node=\"23\" data-index-in-node=\"0\">Warum unser A1309 so besonders ist<\/b> Wir machen keine Kompromisse bei der Kapazit\u00e4t. W\u00e4hrend viele g\u00fcnstige Alternativen mit 95 Wh werben, aber nur 80 Wh liefern, bietet unsere <b data-path-to-node=\"23\" data-index-in-node=\"127\">95-Wh-Laptop-Akku mit hoher Kapazit\u00e4t<\/b> Es wurde strengen Tests unterzogen, um tats\u00e4chlich 13000 mAh zu liefern. Dies gew\u00e4hrleistet, dass Fotografen, Designer und Redakteure, die das Modell A1297 verwenden, bedenkenlos netzunabh\u00e4ngig arbeiten k\u00f6nnen.<\/p>\n<p data-path-to-node=\"24\"><b data-path-to-node=\"24\" data-index-in-node=\"0\">Kompatibilit\u00e4tswarnung:<\/b> Diese Batterie ist speziell f\u00fcr die <b data-path-to-node=\"24\" data-index-in-node=\"69\">Versionen von 2009 und 2010<\/b> des MacBook Pro 17\u2033 A1297. Es ist <i data-path-to-node=\"24\" data-index-in-node=\"128\">NICHT<\/i> Kompatibel mit den Modellen von Ende 2011 (die A1383 verwenden). Bitte \u00fcberpr\u00fcfen Sie vor einer Gro\u00dfbestellung Ihre EMV-Nummer und das Herstellungsjahr.<\/p>","protected":false},"excerpt":{"rendered":"<ul>\n<li>\n<p data-path-to-node=\"17,0,0\">Hochleistungsakku (95 Wh, 13000 mAh) A1309 als Ersatz f\u00fcr MacBook Pro 17\u2033 Unibody A1297. Direkt vom Hersteller zum Gro\u00dfhandelspreis, Zellen der G\u00fcteklasse A+ und CE\/UL-zertifizierte Sicherheit f\u00fcr Modelle von 2009\u20132010.<\/p>\n<\/li>\n<li>\n<p data-path-to-node=\"17,1,0\"><b data-path-to-node=\"17,1,0\" data-index-in-node=\"0\">Monsterkapazit\u00e4t:<\/b> Die tats\u00e4chliche Kapazit\u00e4t von 95 Wh \/ 13000 mAh sorgt f\u00fcr eine Akkulaufzeit von 5-7 Stunden f\u00fcr Ihre 17-Zoll-Workstation.<\/p>\n<\/li>\n<li>\n<p data-path-to-node=\"17,2,0\"><b data-path-to-node=\"17,2,0\" data-index-in-node=\"0\">Perfekte Passform:<\/b> Pr\u00e4zisionsgeformt speziell f\u00fcr MacBook Pro 17-Zoll Precision Aluminium Unibody (Anfang 2009, Mitte 2009, Mitte 2010).<\/p>\n<\/li>\n<li>\n<p data-path-to-node=\"17,3,0\"><b data-path-to-node=\"17,3,0\" data-index-in-node=\"0\">Sicherheit garantiert:<\/b> Ausgestattet mit einem mehrfachen Schutz-BMS, um \u00dcberladung und \u00dcberhitzung zu verhindern.<\/p>\n<\/li>\n<li>\n<p data-path-to-node=\"17,4,0\"><b data-path-to-node=\"17,4,0\" data-index-in-node=\"0\">B2B-f\u00e4hig:<\/b> Unterst\u00fctzt kleine Mindestbestellmengen, Direktversand und OEM-Gro\u00dfbestellungen f\u00fcr Reparaturwerkst\u00e4tten und Vertriebsh\u00e4ndler.<\/p>\n<\/li>\n<\/ul>\n<p>&nbsp;<\/p>\n<div id=\"gtx-trans\" style=\"position: absolute; left: -11px; top: -3px;\">\n<div class=\"gtx-trans-icon\"><\/div>\n<\/div>","protected":false},"featured_media":10873,"template":"","meta":{"_acf_changed":false,"nf_dc_page":"","site-sidebar-layout":"default","site-content-layout":"default","ast-site-content-layout":"default","site-content-style":"default","site-sidebar-style":"default","ast-global-header-display":"","ast-banner-title-visibility":"","ast-main-header-display":"","ast-hfb-above-header-display":"","ast-hfb-below-header-display":"","ast-hfb-mobile-header-display":"","site-post-title":"","ast-breadcrumbs-content":"","ast-featured-img":"","footer-sml-layout":"","ast-disable-related-posts":"","theme-transparent-header-meta":"default","adv-header-id-meta":"","stick-header-meta":"default","header-above-stick-meta":"","header-main-stick-meta":"","header-below-stick-meta":"","astra-migrate-meta-layouts":"set","ast-page-background-enabled":"default","ast-page-background-meta":{"desktop":{"background-color":"","background-image":"","background-repeat":"repeat","background-position":"center center","background-size":"auto","background-attachment":"scroll","background-type":"","background-media":"","overlay-type":"","overlay-color":"","overlay-opacity":"","overlay-gradient":""},"tablet":{"background-color":"","background-image":"","background-repeat":"repeat","background-position":"center center","background-size":"auto","background-attachment":"scroll","background-type":"","background-media":"","overlay-type":"","overlay-color":"","overlay-opacity":"","overlay-gradient":""},"mobile":{"background-color":"","background-image":"","background-repeat":"repeat","background-position":"center center","background-size":"auto","background-attachment":"scroll","background-type":"","background-media":"","overlay-type":"","overlay-color":"","overlay-opacity":"","overlay-gradient":""}},"ast-content-background-meta":{"desktop":{"background-color":"var(--ast-global-color-5)","background-image":"","background-repeat":"repeat","background-position":"center center","background-size":"auto","background-attachment":"scroll","background-type":"","background-media":"","overlay-type":"","overlay-color":"","overlay-opacity":"","overlay-gradient":""},"tablet":{"background-color":"var(--ast-global-color-5)","background-image":"","background-repeat":"repeat","background-position":"center center","background-size":"auto","background-attachment":"scroll","background-type":"","background-media":"","overlay-type":"","overlay-color":"","overlay-opacity":"","overlay-gradient":""},"mobile":{"background-color":"var(--ast-global-color-5)","background-image":"","background-repeat":"repeat","background-position":"center center","background-size":"auto","background-attachment":"scroll","background-type":"","background-media":"","overlay-type":"","overlay-color":"","overlay-opacity":"","overlay-gradient":""}},"_joinchat":[]},"product_brand":[],"product_cat":[125],"product_tag":[1045,459,1044,1043,460,1224,1046,462,821,465,458,463,464,143,144,461],"class_list":{"0":"post-4741","1":"product","2":"type-product","3":"status-publish","4":"has-post-thumbnail","6":"product_cat-macbook-battery-wholesale-china","7":"product_tag-95wh-laptop-battery","8":"product_tag-a1297-battery","9":"product_tag-a1297-replacement-battery","10":"product_tag-a1309-battery","11":"product_tag-a1309-replacement","12":"product_tag-apple","13":"product_tag-apple-oem-parts","14":"product_tag-factory-direct","15":"product_tag-high-capacity-battery","16":"product_tag-laptop-battery-bulk-order","17":"product_tag-macbook-pro-17-battery","18":"product_tag-no-moq","19":"product_tag-oem-compatible","20":"product_tag-relacement-battery-for-macbook-pro-17-inch-a1297-a1309","21":"product_tag-relacement-battery-for-macbook-pro-a1297","22":"product_tag-wholesale-price","23":"desktop-align-left","24":"tablet-align-left","25":"mobile-align-left","26":"ast-product-gallery-layout-horizontal-slider","27":"ast-product-tabs-layout-horizontal","29":"first","30":"instock","31":"shipping-taxable","32":"purchasable","33":"product-type-simple"},"acf":[],"_links":{"self":[{"href":"https:\/\/www.balderpower.com\/de\/wp-json\/wp\/v2\/product\/4741","targetHints":{"allow":["GET"]}}],"collection":[{"href":"https:\/\/www.balderpower.com\/de\/wp-json\/wp\/v2\/product"}],"about":[{"href":"https:\/\/www.balderpower.com\/de\/wp-json\/wp\/v2\/types\/product"}],"version-history":[{"count":4,"href":"https:\/\/www.balderpower.com\/de\/wp-json\/wp\/v2\/product\/4741\/revisions"}],"predecessor-version":[{"id":10884,"href":"https:\/\/www.balderpower.com\/de\/wp-json\/wp\/v2\/product\/4741\/revisions\/10884"}],"wp:featuredmedia":[{"embeddable":true,"href":"https:\/\/www.balderpower.com\/de\/wp-json\/wp\/v2\/media\/10873"}],"wp:attachment":[{"href":"https:\/\/www.balderpower.com\/de\/wp-json\/wp\/v2\/media?parent=4741"}],"wp:term":[{"taxonomy":"product_brand","embeddable":true,"href":"https:\/\/www.balderpower.com\/de\/wp-json\/wp\/v2\/product_brand?post=4741"},{"taxonomy":"product_cat","embeddable":true,"href":"https:\/\/www.balderpower.com\/de\/wp-json\/wp\/v2\/product_cat?post=4741"},{"taxonomy":"product_tag","embeddable":true,"href":"https:\/\/www.balderpower.com\/de\/wp-json\/wp\/v2\/product_tag?post=4741"}],"curies":[{"name":"wp","href":"https:\/\/api.w.org\/{rel}","templated":true}]}}