{"id":4697,"date":"2022-11-15T20:52:20","date_gmt":"2022-11-15T12:52:20","guid":{"rendered":"https:\/\/gjt.lpf.mybluehost.me\/website_cd5134ed\/?post_type=product&#038;p=4697"},"modified":"2026-03-06T15:52:50","modified_gmt":"2026-03-06T07:52:50","slug":"akkuwechsel-fur-macbook-air-11-a1370-a1375","status":"publish","type":"product","link":"https:\/\/www.balderpower.com\/de\/a1375-battery-replacement-macbook-air-11-a1370\/","title":{"rendered":"Akku-Ersatz A1375 f\u00fcr MacBook Air 11\u2033 (Ende 2010) A1370 \u2013 Direkt vom Hersteller"},"content":{"rendered":"<p data-path-to-node=\"21\"><b data-path-to-node=\"21\" data-index-in-node=\"0\">Erwecken Sie die MacBook Airs Ihrer Kunden mit industrieller Leistung wieder zum Leben.<\/b><\/p>\n<p data-path-to-node=\"22\">Als engagierter <b data-path-to-node=\"22\" data-index-in-node=\"15\">Gro\u00dfh\u00e4ndler f\u00fcr Laptop-Akkus<\/b>, Balder Power versteht, dass Qualit\u00e4t und Stabilit\u00e4t die Lebensadern Ihres Reparaturgesch\u00e4fts sind. <b data-path-to-node=\"22\" data-index-in-node=\"149\">A1375 Batteriewechsel<\/b> wurde entwickelt, um die Spezifikationen des Originalherstellers zu erf\u00fcllen oder zu \u00fcbertreffen und bietet eine zuverl\u00e4ssige Stromversorgungsl\u00f6sung f\u00fcr die klassische MacBook Air 11-Zoll-Serie (Ende 2010).<\/p>\n<p data-path-to-node=\"23\">Im Gegensatz zu billigen Alternativen, die nach wenigen Monaten aufquellen oder ausfallen, werden unsere Akkus in unserer ISO 9001-zertifizierten Produktionsst\u00e4tte gefertigt. Wir verwenden hochwertige Lithium-Polymer-Zellen, die eine konstante Spannung (7,3 V) und die volle Kapazit\u00e4t (35 Wh) liefern und so die urspr\u00fcngliche Akkulaufzeit f\u00fcr Ihre Endkunden gew\u00e4hrleisten. Ob Sie eine Reparaturwerkstatt betreiben, IT-Teile vertreiben oder \u00fcber Amazon verkaufen \u2013 dieser Akku bietet die optimale Balance zwischen Leistung und Gewinnspanne.<\/p>\n<p data-path-to-node=\"24\"><b data-path-to-node=\"24\" data-index-in-node=\"0\">Warum sollten Sie Balder Power als Ihren Partner w\u00e4hlen?<\/b> Wir kontrollieren die gesamte Lieferkette vom Rohmaterial bis zur fertigen Verpackung. <b data-path-to-node=\"24\" data-index-in-node=\"116\">A1375 Li-Polymer-Akku<\/b> Vor dem Versand durchl\u00e4uft das Produkt strenge Alterungstests und eine Kapazit\u00e4tsbewertung. Wir stellen vollst\u00e4ndige UN38.3- und Sicherheitsdatenbl\u00e4tter (MSDS) bereit und gestalten den weltweiten Versand so unkompliziert wie m\u00f6glich.<\/p>\n<h3>Kompatibilit\u00e4tsliste<\/h3>\n<p><strong>Kompatible Teilenummern:<\/strong><\/p>\n<ul>\n<li>A1375<\/li>\n<li>661-5736<\/li>\n<li>020-6920-A<\/li>\n<li>020-6920-B<\/li>\n<\/ul>\n<p><strong>Kompatible Laptop-Modelle (Jahr sorgf\u00e4ltig pr\u00fcfen):<\/strong><\/p>\n<ul>\n<li><strong>MacBook Air 11 Zoll (Ende 2010):<\/strong> A1370<\/li>\n<li>MC505LL\/A (1,4 GHz Core 2 Duo)<\/li>\n<li>MC506LL\/A (1,4 GHz Core 2 Duo)<\/li>\n<li>MC506LL\/A BTO (1,6 GHz Core 2 Duo)<\/li>\n<\/ul>\n<p style=\"color: red; font-size: 0.9em;\"><em>Hinweis: Dieser Akku ist NICHT kompatibel mit den Modellen A1370 (Mitte 2011) und A1465 (2012\u20132015), die den Akku A1406\/A1496 verwenden. Bitte \u00fcberpr\u00fcfen Sie das Baujahr Ihres Laptops.<\/em><\/p>","protected":false},"excerpt":{"rendered":"<ul>\n<li>\n<p data-path-to-node=\"18,0,0\">Hochwertiger A1375-Ersatzakku f\u00fcr MacBook Air 11 A1370 (Ende 2010). Direkt vom Hersteller zum Gro\u00dfhandelspreis, Zellen der G\u00fcteklasse A+, 35 Wh Kapazit\u00e4t, CE\/UL\/UN38.3-zertifiziert.<\/p>\n<\/li>\n<li>\n<p data-path-to-node=\"18,1,0\"><b data-path-to-node=\"18,1,0\" data-index-in-node=\"0\">Perfekte Kompatibilit\u00e4t:<\/b> Ausschlie\u00dflich f\u00fcr MacBook Air 11 Zoll (Version Ende 2010) MC505\/MC506 konzipiert.<\/p>\n<\/li>\n<li>\n<p data-path-to-node=\"18,2,0\"><b data-path-to-node=\"18,2,0\" data-index-in-node=\"0\">Nullzykluszellen:<\/b> Die brandneuen, kobaltreichen Polymerzellen des Typs 100% gew\u00e4hrleisten \u00fcber 500 Ladezyklen.<\/p>\n<\/li>\n<li>\n<p data-path-to-node=\"18,3,0\"><b data-path-to-node=\"18,3,0\" data-index-in-node=\"0\">Sicherheit geht vor:<\/b> Das integrierte BMS von TI (Texas Instruments) bietet Schutz vor \u00dcberladung, Tiefentladung und Kurzschluss.<\/p>\n<\/li>\n<li>\n<p data-path-to-node=\"18,4,0\"><b data-path-to-node=\"18,4,0\" data-index-in-node=\"0\">B2B-Support:<\/b> Niedrige Mindestbestellmenge, gemischte Bestellungen m\u00f6glich, neutrale Etikettierung f\u00fcr H\u00e4ndler verf\u00fcgbar.<\/p>\n<\/li>\n<\/ul>","protected":false},"featured_media":10857,"template":"","meta":{"_acf_changed":false,"nf_dc_page":"","site-sidebar-layout":"default","site-content-layout":"default","ast-site-content-layout":"default","site-content-style":"default","site-sidebar-style":"default","ast-global-header-display":"","ast-banner-title-visibility":"","ast-main-header-display":"","ast-hfb-above-header-display":"","ast-hfb-below-header-display":"","ast-hfb-mobile-header-display":"","site-post-title":"","ast-breadcrumbs-content":"","ast-featured-img":"","footer-sml-layout":"","ast-disable-related-posts":"","theme-transparent-header-meta":"default","adv-header-id-meta":"","stick-header-meta":"default","header-above-stick-meta":"","header-main-stick-meta":"","header-below-stick-meta":"","astra-migrate-meta-layouts":"set","ast-page-background-enabled":"default","ast-page-background-meta":{"desktop":{"background-color":"","background-image":"","background-repeat":"repeat","background-position":"center center","background-size":"auto","background-attachment":"scroll","background-type":"","background-media":"","overlay-type":"","overlay-color":"","overlay-opacity":"","overlay-gradient":""},"tablet":{"background-color":"","background-image":"","background-repeat":"repeat","background-position":"center center","background-size":"auto","background-attachment":"scroll","background-type":"","background-media":"","overlay-type":"","overlay-color":"","overlay-opacity":"","overlay-gradient":""},"mobile":{"background-color":"","background-image":"","background-repeat":"repeat","background-position":"center center","background-size":"auto","background-attachment":"scroll","background-type":"","background-media":"","overlay-type":"","overlay-color":"","overlay-opacity":"","overlay-gradient":""}},"ast-content-background-meta":{"desktop":{"background-color":"var(--ast-global-color-5)","background-image":"","background-repeat":"repeat","background-position":"center center","background-size":"auto","background-attachment":"scroll","background-type":"","background-media":"","overlay-type":"","overlay-color":"","overlay-opacity":"","overlay-gradient":""},"tablet":{"background-color":"var(--ast-global-color-5)","background-image":"","background-repeat":"repeat","background-position":"center center","background-size":"auto","background-attachment":"scroll","background-type":"","background-media":"","overlay-type":"","overlay-color":"","overlay-opacity":"","overlay-gradient":""},"mobile":{"background-color":"var(--ast-global-color-5)","background-image":"","background-repeat":"repeat","background-position":"center center","background-size":"auto","background-attachment":"scroll","background-type":"","background-media":"","overlay-type":"","overlay-color":"","overlay-opacity":"","overlay-gradient":""}},"_joinchat":[]},"product_brand":[],"product_cat":[125],"product_tag":[136,137,1039,1224,1041,1042,1040,138,253],"class_list":{"0":"post-4697","1":"product","2":"type-product","3":"status-publish","4":"has-post-thumbnail","6":"product_cat-macbook-battery-wholesale-china","7":"product_tag-a1370-a1375-mc505-506-battery","8":"product_tag-a1370-battery","9":"product_tag-a1375","10":"product_tag-apple","11":"product_tag-apple-replacement-parts","12":"product_tag-li-polymer-7-3v","13":"product_tag-macbook-air-11-battery","14":"product_tag-replacement-battery-for-macbook-a1375","15":"product_tag-wholesale-laptop-battery","16":"desktop-align-left","17":"tablet-align-left","18":"mobile-align-left","19":"ast-product-gallery-layout-horizontal-slider","20":"ast-product-tabs-layout-horizontal","22":"first","23":"instock","24":"shipping-taxable","25":"purchasable","26":"product-type-simple"},"acf":[],"_links":{"self":[{"href":"https:\/\/www.balderpower.com\/de\/wp-json\/wp\/v2\/product\/4697","targetHints":{"allow":["GET"]}}],"collection":[{"href":"https:\/\/www.balderpower.com\/de\/wp-json\/wp\/v2\/product"}],"about":[{"href":"https:\/\/www.balderpower.com\/de\/wp-json\/wp\/v2\/types\/product"}],"version-history":[{"count":4,"href":"https:\/\/www.balderpower.com\/de\/wp-json\/wp\/v2\/product\/4697\/revisions"}],"predecessor-version":[{"id":10870,"href":"https:\/\/www.balderpower.com\/de\/wp-json\/wp\/v2\/product\/4697\/revisions\/10870"}],"wp:featuredmedia":[{"embeddable":true,"href":"https:\/\/www.balderpower.com\/de\/wp-json\/wp\/v2\/media\/10857"}],"wp:attachment":[{"href":"https:\/\/www.balderpower.com\/de\/wp-json\/wp\/v2\/media?parent=4697"}],"wp:term":[{"taxonomy":"product_brand","embeddable":true,"href":"https:\/\/www.balderpower.com\/de\/wp-json\/wp\/v2\/product_brand?post=4697"},{"taxonomy":"product_cat","embeddable":true,"href":"https:\/\/www.balderpower.com\/de\/wp-json\/wp\/v2\/product_cat?post=4697"},{"taxonomy":"product_tag","embeddable":true,"href":"https:\/\/www.balderpower.com\/de\/wp-json\/wp\/v2\/product_tag?post=4697"}],"curies":[{"name":"wp","href":"https:\/\/api.w.org\/{rel}","templated":true}]}}