{"id":11365,"date":"2026-03-04T00:55:49","date_gmt":"2026-03-03T16:55:49","guid":{"rendered":"https:\/\/www.balderpower.com\/?post_type=product&#038;p=11365"},"modified":"2026-03-06T03:07:46","modified_gmt":"2026-03-05T19:07:46","slug":"114-kwh-all-in-one-energiespeicherschrank-60-kw-ip54-lifepo4","status":"publish","type":"product","link":"https:\/\/www.balderpower.com\/de\/114kwh-all-in-one-energy-storage-cabinet-60kw-ip54-lifepo4\/","title":{"rendered":"114 kWh All-in-One-Energiespeicherschrank (IP54) | 60 kW Hybrid-Wechselrichter LiFePO4 HV-Energiespeichersystem"},"content":{"rendered":"<h2>114 kWh All-in-One Outdoor-ESS-Schrank f\u00fcr gewerbliche und industrielle Solarprojekte<\/h2>\n<p>Der <strong>114 kWh All-in-One-Energiespeicherschrank<\/strong> ist f\u00fcr gewerbliche und industrielle Anwender konzipiert, die eine kompakte, projektfreundliche L\u00f6sung ben\u00f6tigen. <strong>Gipfelrasur<\/strong>, Das System bietet Funktionen wie Lastmanagement, Optimierung des PV-Eigenverbrauchs und zuverl\u00e4ssige Notstromversorgung. Durch die Integration des LiFePO4-Batteriesystems und des Hybrid-Wechselrichters\/PCS in einem wetterfesten Geh\u00e4use k\u00f6nnen EPC-Unternehmen, Installateure und Distributoren den Verkabelungsaufwand vor Ort reduzieren, die Inbetriebnahmezeit verk\u00fcrzen und die Einsatzkonsistenz an mehreren Standorten verbessern. Typische Anwendungsbereiche sind Fabriken, Lagerhallen, B\u00fcrokomplexe, landwirtschaftliche Betriebe, Telekommunikationsstandorte, Rechenzentren und Ladestationen f\u00fcr Elektrofahrzeuge, wo eine stabile Stromversorgung und die Kontrolle der Energiekosten gesch\u00e4ftskritisch sind.<\/p>\n<h2>Hochvolt-LiFePO4-Batterieplattform mit hoher nutzbarer Energie<\/h2>\n<p>Dieser Schrank verwendet <strong>LiFePO4 (LFP)<\/strong> Chemie mit <strong>3,2 V\/135 Ah<\/strong> Zellen und eine Hochvoltbatterieplattform mit einer Nennleistung von <strong>844,8 V<\/strong> mit einem Betriebsbereich von <strong>660,0\u2013963,6 V<\/strong>. Die Nennenergie erreicht <strong>114,048 kWh<\/strong>, mit einer geplanten Auslauftiefe von bis zu <strong>0,95 DOD<\/strong> um die nutzbare Kapazit\u00e4t zu maximieren und gleichzeitig die langfristige Batterielebensdauer zu erhalten. Mit einer kontrollierten Lade- und Entladerate von <strong>\u22640,6 \u00b0C<\/strong> und ein Lebenszyklusziel von <strong>&gt;6000 Zyklen<\/strong>, Das System eignet sich f\u00fcr die h\u00e4ufigen t\u00e4glichen Zyklen, die \u00fcblicherweise bei der Spitzenlastkappung und der Verschiebung von Solaranlagen im Gewerbe- und Industriebereich erforderlich sind.<\/p>\n<h3>Integrierter 60-kW-Hybrid-Wechselrichter\/PCS + PV-MPPT-Eingang<\/h3>\n<p>Auf der Leistungswandlungsseite ist der integrierte PCS\/Hybrid-Wechselrichter mit folgender Nennleistung ausgestattet: <strong>60 kW<\/strong> (Nennspannung) <strong>800 V<\/strong>, maximaler Gleichstrom <strong>88A<\/strong>) und unterst\u00fctzt den Netzanschluss bei <strong>230\/400 V 3P+N+PE<\/strong> (50 Hz). Bei Solarkopplung unterst\u00fctzt der PV-Eingang bis zu <strong>1000 V<\/strong> maximale Photovoltaik-Eingangsspannung, maximale PV-Leistung <strong>60 kW<\/strong>, MPPT-Betriebsbereich <strong>200\u2013850 V<\/strong>, und maximaler Eingangsstrom <strong>200A<\/strong>. Diese Konfiguration unterst\u00fctzt ein effizientes Laden des Solarstroms in den Speicher w\u00e4hrend des Tages und eine geplante Entladung w\u00e4hrend Spitzenzeiten oder Lastspitzen.<\/p>\n<h2>Zuverl\u00e4ssigkeit im Au\u00dfenbereich: Schutzart IP54, K\u00fchlung und intelligenter Brandschutz<\/h2>\n<p>Der Schrank ist gebaut f\u00fcr <strong>Innen-\/Au\u00dfenbereich<\/strong> Installation mit <strong>IP54<\/strong> Schutz und ein breiter Betriebstemperaturbereich von <strong>-20 \u00b0C bis 55 \u00b0C<\/strong>. Zur Gew\u00e4hrleistung der thermischen Stabilit\u00e4t unterst\u00fctzt es eine effiziente K\u00fchlung (Luftk\u00fchlung\/Klimaanlagenk\u00fchlung je nach Konfiguration), um Leistungsverluste bei hohen Umgebungstemperaturen zu reduzieren. Die Sicherheit wird durch ein <strong>integriertes intelligentes Brandmelde- und L\u00f6schsystem<\/strong> Zur Echtzeit\u00fcberwachung, pr\u00e4zisen Positionierung, Fr\u00fchwarnung und schnellen Bek\u00e4mpfung (z. B. durch thermische Aerosol-Feuerl\u00f6schanlagen, je nach Konfiguration). Diese Ma\u00dfnahmen tragen zur Verbesserung der Betriebssicherheit und zur Risikominderung in realen Gewerbe- und Industrieumgebungen bei.<\/p>\n<h2>Direkte B2B-Beschaffungsunterst\u00fctzung ab Werk<\/h2>\n<p>F\u00fcr Systemintegratoren und Distributoren sind einheitliche Dokumentation und Lieferung von entscheidender Bedeutung. Als werksorientierter Lieferant unterst\u00fctzen wir Sie bei der Erstellung von Projektangeboten, Datenbl\u00e4ttern, der Verpackungs- und Versandkoordination sowie bei der Bereitstellung g\u00e4ngiger Transportdokumente. <strong>UN38.3<\/strong> Und <strong>Sicherheitsdatenblatt<\/strong> Auf Anfrage unterst\u00fctzen wir auch Testbestellungen zur Evaluierung, die Beschaffung im Gro\u00dfhandel und die skalierbare Planung f\u00fcr zuk\u00fcnftige Systemerweiterungen. Dieser Ansatz hilft K\u00e4ufern, schneller von der Evaluierung zur Implementierung zu gelangen und gleichzeitig die Sicherheit hinsichtlich Qualit\u00e4tskontrolle und Compliance zu gew\u00e4hrleisten.<\/p>","protected":false},"excerpt":{"rendered":"<ul>\n<li data-start=\"1605\" data-end=\"1771\">\n<p data-start=\"1607\" data-end=\"1771\"><strong data-start=\"1607\" data-end=\"1769\">IP54-zertifizierter All-in-One-Energiespeicherschrank f\u00fcr den Au\u00dfenbereich mit 114 kWh Kapazit\u00e4t und 60 kW Hybrid-Wechselrichter, entwickelt f\u00fcr die Spitzenlastkappung im Gewerbe- und Industriebereich, den Eigenverbrauch von Solarstrom und die zuverl\u00e4ssige Notstromversorgung.<\/strong><\/p>\n<\/li>\n<li data-start=\"1772\" data-end=\"1905\">\n<p data-start=\"1774\" data-end=\"1905\">Integrierte L\u00f6sung: LiFePO4-Batterie + Hybrid-Wechselrichter\/PCS + PV MPPT + EMS-f\u00e4hige \u00dcberwachung in einem Schrank f\u00fcr schnellere Bereitstellung.<\/p>\n<\/li>\n<li data-start=\"1906\" data-end=\"2033\">\n<p data-start=\"1908\" data-end=\"2033\">Hochvolt-Batterieplattform: Nennwert <strong data-start=\"1945\" data-end=\"1955\">844,8 V<\/strong>, Betriebsbereich <strong data-start=\"1973\" data-end=\"1987\">660\u2013963,6 V<\/strong>, entwickelt f\u00fcr eine effiziente Stromversorgung von Gewerbe- und Industriebetrieben.<\/p>\n<\/li>\n<li data-start=\"2034\" data-end=\"2179\">\n<p data-start=\"2036\" data-end=\"2179\">Sicherheitsorientiertes Design: intelligentes Brandmelde- und L\u00f6schsystem, thermische Aerosolunterdr\u00fcckung (konfigurierbar) und mehrschichtiger Schutz.<\/p>\n<\/li>\n<li data-start=\"2180\" data-end=\"2320\">\n<p data-start=\"2182\" data-end=\"2320\">F\u00fcr den Au\u00dfenbereich geeignet: <strong data-start=\"2197\" data-end=\"2205\">IP54<\/strong> Geh\u00e4use, breiter Temperaturbereich <strong data-start=\"2240\" data-end=\"2257\">-20 \u00b0C bis 55 \u00b0C<\/strong>, und effiziente K\u00fchlung mit Klimaanlage (wie konfiguriert).<\/p>\n<\/li>\n<li data-start=\"2321\" data-end=\"2469\">\n<p data-start=\"2323\" data-end=\"2469\">B2B-Lieferung: Preise direkt ab Werk, Unterst\u00fctzung von Probebestellungen, Gro\u00dfeinkauf und Dokumentation f\u00fcr Versand\/Konformit\u00e4t (UN38.3\/MSDS auf Anfrage).<\/p>\n<\/li>\n<\/ul>","protected":false},"featured_media":11366,"template":"","meta":{"_acf_changed":false,"nf_dc_page":"","site-sidebar-layout":"default","site-content-layout":"","ast-site-content-layout":"default","site-content-style":"default","site-sidebar-style":"default","ast-global-header-display":"","ast-banner-title-visibility":"","ast-main-header-display":"","ast-hfb-above-header-display":"","ast-hfb-below-header-display":"","ast-hfb-mobile-header-display":"","site-post-title":"","ast-breadcrumbs-content":"","ast-featured-img":"","footer-sml-layout":"","ast-disable-related-posts":"","theme-transparent-header-meta":"default","adv-header-id-meta":"","stick-header-meta":"default","header-above-stick-meta":"","header-main-stick-meta":"","header-below-stick-meta":"","astra-migrate-meta-layouts":"set","ast-page-background-enabled":"default","ast-page-background-meta":{"desktop":{"background-color":"","background-image":"","background-repeat":"repeat","background-position":"center center","background-size":"auto","background-attachment":"scroll","background-type":"","background-media":"","overlay-type":"","overlay-color":"","overlay-opacity":"","overlay-gradient":""},"tablet":{"background-color":"","background-image":"","background-repeat":"repeat","background-position":"center center","background-size":"auto","background-attachment":"scroll","background-type":"","background-media":"","overlay-type":"","overlay-color":"","overlay-opacity":"","overlay-gradient":""},"mobile":{"background-color":"","background-image":"","background-repeat":"repeat","background-position":"center center","background-size":"auto","background-attachment":"scroll","background-type":"","background-media":"","overlay-type":"","overlay-color":"","overlay-opacity":"","overlay-gradient":""}},"ast-content-background-meta":{"desktop":{"background-color":"var(--ast-global-color-5)","background-image":"","background-repeat":"repeat","background-position":"center center","background-size":"auto","background-attachment":"scroll","background-type":"","background-media":"","overlay-type":"","overlay-color":"","overlay-opacity":"","overlay-gradient":""},"tablet":{"background-color":"var(--ast-global-color-5)","background-image":"","background-repeat":"repeat","background-position":"center center","background-size":"auto","background-attachment":"scroll","background-type":"","background-media":"","overlay-type":"","overlay-color":"","overlay-opacity":"","overlay-gradient":""},"mobile":{"background-color":"var(--ast-global-color-5)","background-image":"","background-repeat":"repeat","background-position":"center center","background-size":"auto","background-attachment":"scroll","background-type":"","background-media":"","overlay-type":"","overlay-color":"","overlay-opacity":"","overlay-gradient":""}},"_joinchat":[]},"product_brand":[],"product_cat":[845],"product_tag":[1195,1190,1191,1200,1205,1197,1193,1178,1186,1208,1201,1194,1206,1199,1198,1209,1196,1203,1192,1177,1179,1175,1204,1207,1202],"class_list":{"0":"post-11365","1":"product","2":"type-product","3":"status-publish","4":"has-post-thumbnail","6":"product_cat-commercial-industrial-bess","7":"product_tag-1000v-pv-input-ess","8":"product_tag-114kwh-all-in-one-energy-storage-cabinet","9":"product_tag-60kw-hybrid-inverter-ess","10":"product_tag-air-conditioner-cooling-ess","11":"product_tag-bulk-pricing","12":"product_tag-ci-backup-power","13":"product_tag-commercial-industrial-energy-storage","14":"product_tag-demand-charge-management","15":"product_tag-epc-integrator-ready","16":"product_tag-ev-charging-station-buffering","17":"product_tag-factory-direct-energy-storage-cabinet","18":"product_tag-high-voltage-solar-power-system","19":"product_tag-industrial-park-energy-storage","20":"product_tag-intelligent-fire-alarm-system","21":"product_tag-lan-ems-monitoring","22":"product_tag-microgrid-ready-ess","23":"product_tag-mppt-200-850v","24":"product_tag-oem-odm-support","25":"product_tag-outdoor-ip54-lifepo4-cabinet","26":"product_tag-peak-shaving-energy-storage","27":"product_tag-solar-self-consumption-storage","28":"product_tag-thermal-aerosol-fire-suppression","29":"product_tag-trial-order-available","30":"product_tag-warehouse-energy-storage","31":"product_tag-wholesale-ess-supplier","32":"desktop-align-left","33":"tablet-align-left","34":"mobile-align-left","35":"ast-product-gallery-layout-horizontal-slider","36":"ast-product-tabs-layout-horizontal","38":"first","39":"instock","40":"shipping-taxable","41":"purchasable","42":"product-type-simple"},"acf":[],"_links":{"self":[{"href":"https:\/\/www.balderpower.com\/de\/wp-json\/wp\/v2\/product\/11365","targetHints":{"allow":["GET"]}}],"collection":[{"href":"https:\/\/www.balderpower.com\/de\/wp-json\/wp\/v2\/product"}],"about":[{"href":"https:\/\/www.balderpower.com\/de\/wp-json\/wp\/v2\/types\/product"}],"version-history":[{"count":0,"href":"https:\/\/www.balderpower.com\/de\/wp-json\/wp\/v2\/product\/11365\/revisions"}],"wp:featuredmedia":[{"embeddable":true,"href":"https:\/\/www.balderpower.com\/de\/wp-json\/wp\/v2\/media\/11366"}],"wp:attachment":[{"href":"https:\/\/www.balderpower.com\/de\/wp-json\/wp\/v2\/media?parent=11365"}],"wp:term":[{"taxonomy":"product_brand","embeddable":true,"href":"https:\/\/www.balderpower.com\/de\/wp-json\/wp\/v2\/product_brand?post=11365"},{"taxonomy":"product_cat","embeddable":true,"href":"https:\/\/www.balderpower.com\/de\/wp-json\/wp\/v2\/product_cat?post=11365"},{"taxonomy":"product_tag","embeddable":true,"href":"https:\/\/www.balderpower.com\/de\/wp-json\/wp\/v2\/product_tag?post=11365"}],"curies":[{"name":"wp","href":"https:\/\/api.w.org\/{rel}","templated":true}]}}