{"id":11358,"date":"2026-03-04T00:23:08","date_gmt":"2026-03-03T16:23:08","guid":{"rendered":"https:\/\/www.balderpower.com\/?post_type=product&#038;p=11358"},"modified":"2026-03-06T03:08:45","modified_gmt":"2026-03-05T19:08:45","slug":"241-kwh-energiespeicherschrank-100-kw-hybrid-wechselrichter-768-v","status":"publish","type":"product","link":"https:\/\/www.balderpower.com\/de\/241kwh-energy-storage-cabinet-100kw-hybrid-inverter-768v\/","title":{"rendered":"241 kWh Energiespeicherschrank (768 V, 314 Ah) | 100 kW Hybrid-Wechselrichter C&amp;I BESS"},"content":{"rendered":"<h2>241-kWh-Energiespeicherschrank f\u00fcr gewerbliche und industrielle Projekte<\/h2>\n<p>Das <strong>241-kWh-Energiespeicherschrank<\/strong> Es wurde f\u00fcr gewerbliche und industrielle Anwender entwickelt, die planbare Einsparungen und eine h\u00f6here Stromversorgungssicherheit ben\u00f6tigen. Es hilft Systemintegratoren und Endanwendern, die folgenden Ziele zu erreichen: <strong>Gipfelrasur<\/strong>, Reduzierung der Bedarfsspitzenkosten, verbesserter Eigenverbrauch von Photovoltaikstrom und stabile Notstromversorgung in Fabriken, Lagerhallen, B\u00fcrokomplexen, landwirtschaftlichen Betrieben, Ladestationen f\u00fcr Elektrofahrzeuge und f\u00fcr Mikronetze vorbereiteten Anlagen. Der Schaltschrank wird in einem standardisierten, platzsparenden Design geliefert, um den Arbeitsaufwand vor Ort zu reduzieren und die Inbetriebnahmezeit zu verk\u00fcrzen \u2013 ideal f\u00fcr EPC-Projekte, bei denen Termintreue und Sicherheit entscheidend sind.<\/p>\n<h2>Hochvolt-768V-LiFePO4-Plattform mit 314Ah-Zellen<\/h2>\n<p>Gebaut auf einem <strong>768V Hochspannung LiFePO4<\/strong> Die Architektur des Systems unterst\u00fctzt eine effiziente Stromversorgung f\u00fcr gewerbliche und industrielle Verbraucher. Die Hochspannungsauslegung reduziert typischerweise den Strom bei gleicher Leistung, wodurch Kabelverluste verringert und die Gesamteffizienz des Systems im realen Einsatz verbessert werden. Der Schrank verwendet <strong>3,2 V\/314 Ah LFP-Zellen<\/strong> und eine robuste Modulkonfiguration f\u00fcr gleichbleibende Leistung und lange Lebensdauer auch bei h\u00e4ufigem Ein- und Ausschalten. <strong>100-kW-Hybridwechselrichter<\/strong> Mit diesem Setup eignet sich die L\u00f6sung f\u00fcr viele g\u00e4ngige kommerzielle Szenarien wie Lastverschiebung, PV + Speicheroptimierung und Generatorersatz\/Unterst\u00fctzung.<\/p>\n<h3>Intelligenter BMS-Schutz f\u00fcr mehr Sicherheit beim t\u00e4glichen Radfahren<\/h3>\n<p>Die Batterieleistung h\u00e4ngt von der Zellkonsistenz und der Steuerungsgenauigkeit ab. Das integrierte intelligente Batteriemanagementsystem (BMS) bietet mehrschichtigen Schutz mit <strong>Echtzeit-Zell\u00fcberwachung<\/strong>, <strong>dynamische Stromanpassung<\/strong>, Und <strong>automatischer Ausgleich<\/strong>. Diese Funktionen tragen dazu bei, Abweichungen der Zellen im Laufe der Zeit zu reduzieren und einen stabilen Betrieb w\u00e4hrend der t\u00e4glichen Lade-\/Entladezyklen zu gew\u00e4hrleisten. F\u00fcr Gesch\u00e4ftskunden bedeutet dies weniger Wartungsaufwand, h\u00f6here Systemverf\u00fcgbarkeit und eine verbesserte Projektfinanzierung \u2013 insbesondere bei Anwendungen zur Lastspitzenkappung, bei denen das System regelm\u00e4\u00dfig Lade-\/Entladezyklen durchl\u00e4uft.<\/p>\n<h2>W\u00e4rmemanagement und Brandschutz f\u00fcr den Au\u00dfeneinsatz<\/h2>\n<p>F\u00fcr die Installation im Au\u00dfenbereich und im halboffenen Bereich bietet der Schrank folgende Merkmale: <strong>Luftk\u00fchlung mit einer Klimaanlage<\/strong> Um eine stabile Innentemperatur aufrechtzuerhalten und die Leistungsf\u00e4higkeit auch unter wechselnden Umgebungsbedingungen zu gew\u00e4hrleisten. Zur Erh\u00f6hung der Betriebssicherheit umfasst das System: <strong>thermisches Aerosol-Brandschutzsystem<\/strong>, und bietet so eine proaktive Risikominderung auf Schrankebene. Das Geh\u00e4use erf\u00fcllt die Anforderungen. <strong>IP55<\/strong> Schutz und Unterst\u00fctzung des Einsatzes in industriellen Umgebungen, in denen Staub- und Feuchtigkeitsbest\u00e4ndigkeit unerl\u00e4sslich sind.<\/p>\n<h2>Skalierbares Geh\u00e4usedesign f\u00fcr steigenden Energiebedarf<\/h2>\n<p>Die Projektanforderungen erweitern sich h\u00e4ufig nach der ersten Phase. <strong>BESS-Schrank f\u00fcr Gewerbe und Industrie<\/strong> unterst\u00fctzt Parallelschaltung von bis zu <strong>10 Einheiten<\/strong>, wodurch eine Kapazit\u00e4tserweiterung bis zu <strong>2,41 MWh<\/strong> ohne das gesamte Energiespeichersystem neu zu konzipieren. Kommunikationsoptionen wie z. B. <strong>CAN\/RS485<\/strong> Unterst\u00fctzt g\u00e4ngige Integrations-Workflows mit Wechselrichter- und EMS-Plattformen. Zu den kompatiblen Wechselrichtermarken, die h\u00e4ufig auf dem Markt eingesetzt werden, geh\u00f6ren Growatt, Deye, Sofar, Solis, Megarevo und Invt (die endg\u00fcltige Kompatibilit\u00e4t h\u00e4ngt von der Protokollzuordnung und der Projektkonfiguration ab).<\/p>\n<h3>Direkte B2B-Beschaffungsunterst\u00fctzung ab Werk<\/h3>\n<p>Als herstellerorientierter B2B-Lieferant unterst\u00fctzen wir EPC-Unternehmen, Distributoren und Energiel\u00f6sungsanbieter mit \u00fcbersichtlicher Dokumentation und reaktionsschneller technischer Koordination. Der Schaltschrank wird mit g\u00e4ngigen Konformit\u00e4tsdokumenten wie beispielsweise \u2026 geliefert. <strong>UN38.3<\/strong>, <strong>Sicherheitsdatenblatt<\/strong>, und anwendbare Konformit\u00e4tsreferenzen (z. B., <strong>CE\/IEC\/UKCA<\/strong> Bei Bedarf stellen wir Ihnen au\u00dferdem Datenbl\u00e4tter, Schaltpl\u00e4ne und Unterst\u00fctzung bei der Angebotserstellung zur Verf\u00fcgung, um die Beschaffung zu optimieren. F\u00fcr K\u00e4ufer bedeutet dies eine schnellere Bewertung, eine reibungslosere Import-\/Exportabwicklung und einen zuverl\u00e4ssigeren Lieferprozess \u2013 unterst\u00fctzt durch einen produktionsorientierten Qualit\u00e4tsanspruch.<\/p>","protected":false},"excerpt":{"rendered":"<ul>\n<li data-start=\"1501\" data-end=\"1676\">\n<p data-start=\"1503\" data-end=\"1676\"><strong data-start=\"1503\" data-end=\"1674\">Luftgek\u00fchlter 241-kWh-Au\u00dfenenergiespeicherschrank mit 100-kW-Hybridwechselrichter f\u00fcr die Spitzenlastkappung in Gewerbe und Industrie, den Eigenverbrauch von Solarstrom und zuverl\u00e4ssige Notstromversorgung.<\/strong><\/p>\n<\/li>\n<li data-start=\"1677\" data-end=\"1796\">\n<p data-start=\"1679\" data-end=\"1796\">Hochspannung <strong data-start=\"1692\" data-end=\"1714\">768V LiFePO4 (LFP)<\/strong> Architektur mit <strong data-start=\"1733\" data-end=\"1748\">314Ah-Zellen<\/strong> f\u00fcr stabile Leistung und lange Lebensdauer.<\/p>\n<\/li>\n<li data-start=\"1797\" data-end=\"1905\">\n<p data-start=\"1799\" data-end=\"1905\">Vormontierte, standardisierte Schrankkonstruktion zur Verk\u00fcrzung der Installationszeit und Reduzierung der Verdrahtungsrisiken vor Ort.<\/p>\n<\/li>\n<li data-start=\"1906\" data-end=\"2021\">\n<p data-start=\"1908\" data-end=\"2021\">Intelligentes Batteriemanagementsystem mit Echtzeit-Zellen\u00fcberwachung, dynamischer Stromregelung und automatischem Zellausgleich f\u00fcr einen sichereren Betrieb.<\/p>\n<\/li>\n<li data-start=\"2022\" data-end=\"2134\">\n<p data-start=\"2024\" data-end=\"2134\">Integriertes W\u00e4rmemanagement (Luftk\u00fchlung + Klimaanlage) und <strong data-start=\"2076\" data-end=\"2111\">thermischer Aerosol-Brandschutz<\/strong> f\u00fcr mehr Sicherheit.<\/p>\n<\/li>\n<li data-start=\"2135\" data-end=\"2233\">\n<p data-start=\"2137\" data-end=\"2233\">Unterst\u00fctzt <strong data-start=\"2146\" data-end=\"2183\">Parallele Erweiterung bis zu 10 Einheiten<\/strong> f\u00fcr skalierbare C&amp;I BESS-Projekte (bis zu 2,41 MWh).<\/p>\n<\/li>\n<li data-start=\"2234\" data-end=\"2349\">\n<p data-start=\"2236\" data-end=\"2349\">Direkte Werkslieferung f\u00fcr B2B-Projekte: Unterst\u00fctzung bei Probebestellungen, Gro\u00dfhandelspreise und OEM-Dokumentation auf Anfrage.<\/p>\n<\/li>\n<\/ul>","protected":false},"featured_media":11360,"template":"","meta":{"_acf_changed":false,"nf_dc_page":"","site-sidebar-layout":"default","site-content-layout":"","ast-site-content-layout":"default","site-content-style":"default","site-sidebar-style":"default","ast-global-header-display":"","ast-banner-title-visibility":"","ast-main-header-display":"","ast-hfb-above-header-display":"","ast-hfb-below-header-display":"","ast-hfb-mobile-header-display":"","site-post-title":"","ast-breadcrumbs-content":"","ast-featured-img":"","footer-sml-layout":"","ast-disable-related-posts":"","theme-transparent-header-meta":"default","adv-header-id-meta":"","stick-header-meta":"default","header-above-stick-meta":"","header-main-stick-meta":"","header-below-stick-meta":"","astra-migrate-meta-layouts":"set","ast-page-background-enabled":"default","ast-page-background-meta":{"desktop":{"background-color":"","background-image":"","background-repeat":"repeat","background-position":"center center","background-size":"auto","background-attachment":"scroll","background-type":"","background-media":"","overlay-type":"","overlay-color":"","overlay-opacity":"","overlay-gradient":""},"tablet":{"background-color":"","background-image":"","background-repeat":"repeat","background-position":"center center","background-size":"auto","background-attachment":"scroll","background-type":"","background-media":"","overlay-type":"","overlay-color":"","overlay-opacity":"","overlay-gradient":""},"mobile":{"background-color":"","background-image":"","background-repeat":"repeat","background-position":"center center","background-size":"auto","background-attachment":"scroll","background-type":"","background-media":"","overlay-type":"","overlay-color":"","overlay-opacity":"","overlay-gradient":""}},"ast-content-background-meta":{"desktop":{"background-color":"var(--ast-global-color-5)","background-image":"","background-repeat":"repeat","background-position":"center center","background-size":"auto","background-attachment":"scroll","background-type":"","background-media":"","overlay-type":"","overlay-color":"","overlay-opacity":"","overlay-gradient":""},"tablet":{"background-color":"var(--ast-global-color-5)","background-image":"","background-repeat":"repeat","background-position":"center center","background-size":"auto","background-attachment":"scroll","background-type":"","background-media":"","overlay-type":"","overlay-color":"","overlay-opacity":"","overlay-gradient":""},"mobile":{"background-color":"var(--ast-global-color-5)","background-image":"","background-repeat":"repeat","background-position":"center center","background-size":"auto","background-attachment":"scroll","background-type":"","background-media":"","overlay-type":"","overlay-color":"","overlay-opacity":"","overlay-gradient":""}},"_joinchat":[]},"product_brand":[],"product_cat":[845],"product_tag":[1169,1168,1172,1171,1173,1189,1176,1170,1181,1178,1186,1183,1184,1182,1174,1180,1187,1177,1179,1175,1188,1185],"class_list":{"0":"post-11358","1":"product","2":"type-product","3":"status-publish","4":"has-post-thumbnail","6":"product_cat-commercial-industrial-bess","7":"product_tag-100kw-hybrid-inverter-energy-storage-system","8":"product_tag-241kwh-energy-storage-cabinet","9":"product_tag-314ah-lfp-battery-module","10":"product_tag-768v-high-voltage-lifepo4-battery-cabinet","11":"product_tag-air-cooled-outdoor-ess-cabinet","12":"product_tag-bulk-pricing-available","13":"product_tag-can-rs485-communication","14":"product_tag-commercial-industrial-bess-cabinet","15":"product_tag-commercial-backup-power","16":"product_tag-demand-charge-management","17":"product_tag-epc-integrator-ready","18":"product_tag-ev-charging-station-energy-buffering","19":"product_tag-factory-direct-bess-supplier","20":"product_tag-industrial-park-bess","21":"product_tag-ip55-energy-storage-cabinet","22":"product_tag-microgrid-energy-storage","23":"product_tag-oem-odm-supported","24":"product_tag-peak-shaving-energy-storage","25":"product_tag-solar-self-consumption-storage","26":"product_tag-thermal-aerosol-fire-suppression","27":"product_tag-trial-order-supported","28":"product_tag-wholesale-energy-storage-cabinet","29":"desktop-align-left","30":"tablet-align-left","31":"mobile-align-left","32":"ast-product-gallery-layout-horizontal-slider","33":"ast-product-tabs-layout-horizontal","35":"first","36":"instock","37":"shipping-taxable","38":"purchasable","39":"product-type-simple"},"acf":[],"_links":{"self":[{"href":"https:\/\/www.balderpower.com\/de\/wp-json\/wp\/v2\/product\/11358","targetHints":{"allow":["GET"]}}],"collection":[{"href":"https:\/\/www.balderpower.com\/de\/wp-json\/wp\/v2\/product"}],"about":[{"href":"https:\/\/www.balderpower.com\/de\/wp-json\/wp\/v2\/types\/product"}],"version-history":[{"count":0,"href":"https:\/\/www.balderpower.com\/de\/wp-json\/wp\/v2\/product\/11358\/revisions"}],"wp:featuredmedia":[{"embeddable":true,"href":"https:\/\/www.balderpower.com\/de\/wp-json\/wp\/v2\/media\/11360"}],"wp:attachment":[{"href":"https:\/\/www.balderpower.com\/de\/wp-json\/wp\/v2\/media?parent=11358"}],"wp:term":[{"taxonomy":"product_brand","embeddable":true,"href":"https:\/\/www.balderpower.com\/de\/wp-json\/wp\/v2\/product_brand?post=11358"},{"taxonomy":"product_cat","embeddable":true,"href":"https:\/\/www.balderpower.com\/de\/wp-json\/wp\/v2\/product_cat?post=11358"},{"taxonomy":"product_tag","embeddable":true,"href":"https:\/\/www.balderpower.com\/de\/wp-json\/wp\/v2\/product_tag?post=11358"}],"curies":[{"name":"wp","href":"https:\/\/api.w.org\/{rel}","templated":true}]}}