{"id":11085,"date":"2026-02-24T01:59:31","date_gmt":"2026-02-23T17:59:31","guid":{"rendered":"https:\/\/www.balderpower.com\/?post_type=product&#038;p=11085"},"modified":"2026-03-06T15:52:17","modified_gmt":"2026-03-06T07:52:17","slug":"a1953-akku-groshandel-macbook-pro-15-a1990","status":"publish","type":"product","link":"https:\/\/www.balderpower.com\/de\/a1953-battery-wholesale-macbook-pro-15-a1990\/","title":{"rendered":"Akku A1953 (Gro\u00dfhandel) \u2013 83,6 Wh OEM-Kapazit\u00e4t f\u00fcr MacBook Pro 15\u2033 A1990 (2018\u20132019) EMC 3215\/3359"},"content":{"rendered":"<p data-start=\"2110\" data-end=\"2513\">Willkommen bei Balder Power, Ihrem engagierten Fertigungspartner f\u00fcr <strong data-start=\"2176\" data-end=\"2203\">A1953 Batterie Gro\u00dfhandel<\/strong> L\u00f6sungen. Das MacBook Pro 15 Zoll (A1990) ist eine leistungsstarke Workstation f\u00fcr Kreativprofis und ben\u00f6tigt einen Akku, der auch hohen Belastungen standh\u00e4lt. Unser Ersatzakku A1953 wurde speziell f\u00fcr die hohen Leistungsanforderungen der in diesen Modellen verbauten Intel Core i7- und i9-Prozessoren entwickelt.<\/p>\n<p data-start=\"2515\" data-end=\"2736\">Wir verstehen, dass dies f\u00fcr Reparaturwerkst\u00e4tten gilt., <strong data-start=\"2552\" data-end=\"2579\">Kompatibilit\u00e4tsverwirrung<\/strong> ist ein gro\u00dfes Problem. Unsere A1953-Batterien sind pr\u00e4zisionsgeformt und passen perfekt in das A1990-Geh\u00e4use. Dadurch werden Einbauspalten vermieden und die Systemerkennung des 100% gew\u00e4hrleistet.<\/p>\n<h4 data-start=\"2738\" data-end=\"2778\">\ud83d\udcbb Umfassende Kompatibilit\u00e4tsliste<\/h4>\n<p data-start=\"2779\" data-end=\"2858\"><em data-start=\"2779\" data-end=\"2858\">Bitte \u00fcberpr\u00fcfen Sie das Modelljahr. Diese Batterie ist NICHT f\u00fcr Modelle der Baujahre 2016\/2017 geeignet.<\/em><\/p>\n<p data-start=\"2860\" data-end=\"2892\"><strong data-start=\"2860\" data-end=\"2892\">1. Kompatible Laptop-Modelle:<\/strong><\/p>\n<ul data-start=\"2893\" data-end=\"3211\">\n<li data-start=\"2893\" data-end=\"3043\">\n<p data-start=\"2897\" data-end=\"2939\"><strong data-start=\"2897\" data-end=\"2928\">MacBook Pro (15 Zoll, 2018)<\/strong> \u2013 Mitte 2018<\/p>\n<ul data-start=\"2944\" data-end=\"3043\">\n<li data-start=\"2944\" data-end=\"2975\">\n<p data-start=\"2948\" data-end=\"2975\"><strong data-start=\"2948\" data-end=\"2965\">Modellnummer:<\/strong> <strong data-start=\"2966\" data-end=\"2975\">A1990<\/strong><\/p>\n<\/li>\n<li data-start=\"2980\" data-end=\"3012\">\n<p data-start=\"2984\" data-end=\"3012\"><strong data-start=\"2984\" data-end=\"2999\">EMV-Nummer:<\/strong> <strong data-start=\"3000\" data-end=\"3012\">EMV 3215<\/strong><\/p>\n<\/li>\n<li data-start=\"3017\" data-end=\"3043\">\n<p data-start=\"3021\" data-end=\"3043\"><strong data-start=\"3021\" data-end=\"3028\">AUSWEIS:<\/strong> MacBookPro15,1<\/p>\n<\/li>\n<\/ul>\n<\/li>\n<li data-start=\"3044\" data-end=\"3211\">\n<p data-start=\"3048\" data-end=\"3090\"><strong data-start=\"3048\" data-end=\"3079\">MacBook Pro (15 Zoll, 2019)<\/strong> \u2013 Mitte 2019<\/p>\n<ul data-start=\"3095\" data-end=\"3211\">\n<li data-start=\"3095\" data-end=\"3126\">\n<p data-start=\"3099\" data-end=\"3126\"><strong data-start=\"3099\" data-end=\"3116\">Modellnummer:<\/strong> <strong data-start=\"3117\" data-end=\"3126\">A1990<\/strong><\/p>\n<\/li>\n<li data-start=\"3131\" data-end=\"3163\">\n<p data-start=\"3135\" data-end=\"3163\"><strong data-start=\"3135\" data-end=\"3150\">EMV-Nummer:<\/strong> <strong data-start=\"3151\" data-end=\"3163\">EMV 3359<\/strong><\/p>\n<\/li>\n<li data-start=\"3168\" data-end=\"3211\">\n<p data-start=\"3172\" data-end=\"3211\"><strong data-start=\"3172\" data-end=\"3179\">AUSWEIS:<\/strong> MacBookPro15,1 \/ MacBookPro15,3<\/p>\n<\/li>\n<\/ul>\n<\/li>\n<\/ul>\n<p data-start=\"3213\" data-end=\"3301\"><strong data-start=\"3213\" data-end=\"3266\">2. Kompatible Apple-Teilenummern (Bestellnummern):<\/strong><br \/>\n<em data-start=\"3267\" data-end=\"3301\">(Unterst\u00fctzt Space Grau und Silber)<\/em><\/p>\n<ul data-start=\"3302\" data-end=\"3483\">\n<li data-start=\"3302\" data-end=\"3345\">\n<p data-start=\"3306\" data-end=\"3345\"><strong data-start=\"3306\" data-end=\"3330\">MR932LL\/A, MR942LL\/A<\/strong> (2018 Core i7)<\/p>\n<\/li>\n<li data-start=\"3346\" data-end=\"3389\">\n<p data-start=\"3350\" data-end=\"3389\"><strong data-start=\"3350\" data-end=\"3374\">MR962LL\/A, MR972LL\/A<\/strong> (2018 Core i7)<\/p>\n<\/li>\n<li data-start=\"3390\" data-end=\"3436\">\n<p data-start=\"3394\" data-end=\"3436\"><strong data-start=\"3394\" data-end=\"3418\">MV902LL\/A, MV912LL\/A<\/strong> (2019 Core i7\/i9)<\/p>\n<\/li>\n<li data-start=\"3437\" data-end=\"3483\">\n<p data-start=\"3441\" data-end=\"3483\"><strong data-start=\"3441\" data-end=\"3465\">MV922LL\/A, MV932LL\/A<\/strong> (2019 Core i7\/i9)<\/p>\n<\/li>\n<\/ul>\n<p data-start=\"3485\" data-end=\"3524\"><strong data-start=\"3485\" data-end=\"3524\">3. Kompatible Batterieteilenummern:<\/strong><\/p>\n<ul data-start=\"3525\" data-end=\"3577\">\n<li data-start=\"3525\" data-end=\"3538\">\n<p data-start=\"3529\" data-end=\"3538\"><strong data-start=\"3529\" data-end=\"3538\">A1953<\/strong><\/p>\n<\/li>\n<li data-start=\"3539\" data-end=\"3559\">\n<p data-start=\"3543\" data-end=\"3559\"><strong data-start=\"3543\" data-end=\"3559\">080-333-4000<\/strong><\/p>\n<\/li>\n<li data-start=\"3560\" data-end=\"3577\">\n<p data-start=\"3564\" data-end=\"3577\"><strong data-start=\"3564\" data-end=\"3577\">616-00413<\/strong><\/p>\n<\/li>\n<\/ul>\n<p data-start=\"3579\" data-end=\"3650\">\u26a0\ufe0f <strong data-start=\"3582\" data-end=\"3619\">Warnung vor kritischer Inkompatibilit\u00e4t:<\/strong><br \/>\nDiese Batterie <strong data-start=\"3638\" data-end=\"3645\">NICHT<\/strong> fit:<\/p>\n<ul data-start=\"3651\" data-end=\"3871\">\n<li data-start=\"3651\" data-end=\"3736\">\n<p data-start=\"3655\" data-end=\"3736\">MacBook Pro 15 Zoll (2016\u20132017) mit Touch Bar \u2013 Modell <strong data-start=\"3705\" data-end=\"3714\">A1707<\/strong> (Verwendet Batterie A1820).<\/p>\n<\/li>\n<li data-start=\"3737\" data-end=\"3798\">\n<p data-start=\"3741\" data-end=\"3798\">MacBook Pro 15 Zoll (2012\u20132015) Retina \u2013 Modell <strong data-start=\"3788\" data-end=\"3797\">A1398<\/strong>.<\/p>\n<\/li>\n<li data-start=\"3799\" data-end=\"3871\">\n<p data-start=\"3803\" data-end=\"3871\"><em data-start=\"3803\" data-end=\"3871\">Der Einbau einer falschen Batterie kann den Anschluss der Hauptplatine besch\u00e4digen.<\/em><\/p>\n<\/li>\n<\/ul>","protected":false},"excerpt":{"rendered":"<ul>\n<li data-start=\"1532\" data-end=\"1683\">\n<p data-start=\"1536\" data-end=\"1683\">Kaufen <strong data-start=\"1540\" data-end=\"1567\">A1953 Batterie Gro\u00dfhandel<\/strong> f\u00fcr MacBook Pro 15\u2033 A1990 (2018-2019). <strong data-start=\"1607\" data-end=\"1630\">83,6 Wh OEM-Kapazit\u00e4t<\/strong>, Fabrikdirektpreise f\u00fcr Gro\u00dfbestellungen mit 12 Monaten Garantie.<\/p>\n<\/li>\n<li data-start=\"1684\" data-end=\"1778\">\n<p data-start=\"1688\" data-end=\"1778\"><strong data-start=\"1688\" data-end=\"1702\">Passgenau:<\/strong> Speziell f\u00fcr MacBook Pro 15 Zoll mit Touch Bar <strong data-start=\"1750\" data-end=\"1759\">A1990<\/strong> (Mitte 2018 &amp; 2019).<\/p>\n<\/li>\n<li data-start=\"1779\" data-end=\"1846\">\n<p data-start=\"1783\" data-end=\"1846\"><strong data-start=\"1783\" data-end=\"1799\">Leistungsdaten:<\/strong> 11,41 V | 83,6 Wh | 7336 mAh | 6-Zellen-Li-Polymer-Akku.<\/p>\n<\/li>\n<li data-start=\"1847\" data-end=\"1941\">\n<p data-start=\"1851\" data-end=\"1941\"><strong data-start=\"1851\" data-end=\"1872\">Qualit\u00e4tsstandard:<\/strong> Zellen der G\u00fcteklasse A+ mit TI-Gasmesschip f\u00fcr pr\u00e4zise Gesundheitsdaten.<\/p>\n<\/li>\n<li data-start=\"1942\" data-end=\"2025\">\n<p data-start=\"1946\" data-end=\"2025\"><strong data-start=\"1946\" data-end=\"1966\">Gro\u00dfhandelspreis:<\/strong> Direkte Lieferkette ab Werk, wodurch Aufschl\u00e4ge durch Zwischenh\u00e4ndler vermieden werden.<\/p>\n<\/li>\n<\/ul>","protected":false},"featured_media":11086,"template":"","meta":{"_acf_changed":false,"nf_dc_page":"","site-sidebar-layout":"default","site-content-layout":"","ast-site-content-layout":"default","site-content-style":"default","site-sidebar-style":"default","ast-global-header-display":"","ast-banner-title-visibility":"","ast-main-header-display":"","ast-hfb-above-header-display":"","ast-hfb-below-header-display":"","ast-hfb-mobile-header-display":"","site-post-title":"","ast-breadcrumbs-content":"","ast-featured-img":"","footer-sml-layout":"","ast-disable-related-posts":"","theme-transparent-header-meta":"default","adv-header-id-meta":"","stick-header-meta":"default","header-above-stick-meta":"","header-main-stick-meta":"","header-below-stick-meta":"","astra-migrate-meta-layouts":"set","ast-page-background-enabled":"default","ast-page-background-meta":{"desktop":{"background-color":"","background-image":"","background-repeat":"repeat","background-position":"center center","background-size":"auto","background-attachment":"scroll","background-type":"","background-media":"","overlay-type":"","overlay-color":"","overlay-opacity":"","overlay-gradient":""},"tablet":{"background-color":"","background-image":"","background-repeat":"repeat","background-position":"center center","background-size":"auto","background-attachment":"scroll","background-type":"","background-media":"","overlay-type":"","overlay-color":"","overlay-opacity":"","overlay-gradient":""},"mobile":{"background-color":"","background-image":"","background-repeat":"repeat","background-position":"center center","background-size":"auto","background-attachment":"scroll","background-type":"","background-media":"","overlay-type":"","overlay-color":"","overlay-opacity":"","overlay-gradient":""}},"ast-content-background-meta":{"desktop":{"background-color":"var(--ast-global-color-5)","background-image":"","background-repeat":"repeat","background-position":"center center","background-size":"auto","background-attachment":"scroll","background-type":"","background-media":"","overlay-type":"","overlay-color":"","overlay-opacity":"","overlay-gradient":""},"tablet":{"background-color":"var(--ast-global-color-5)","background-image":"","background-repeat":"repeat","background-position":"center center","background-size":"auto","background-attachment":"scroll","background-type":"","background-media":"","overlay-type":"","overlay-color":"","overlay-opacity":"","overlay-gradient":""},"mobile":{"background-color":"var(--ast-global-color-5)","background-image":"","background-repeat":"repeat","background-position":"center center","background-size":"auto","background-attachment":"scroll","background-type":"","background-media":"","overlay-type":"","overlay-color":"","overlay-opacity":"","overlay-gradient":""}},"_joinchat":[]},"product_brand":[],"product_cat":[125],"product_tag":[1112,1110,1224,1116,1114,1115,1111,1113],"class_list":{"0":"post-11085","1":"product","2":"type-product","3":"status-publish","4":"has-post-thumbnail","6":"product_cat-macbook-battery-wholesale-china","7":"product_tag-83-6wh-laptop-battery","8":"product_tag-a1953-battery-wholesale","9":"product_tag-apple","10":"product_tag-apple-battery-supplier","11":"product_tag-emc-3215","12":"product_tag-emc-3359","13":"product_tag-macbook-pro-15-a1990-battery","14":"product_tag-macbook-pro-2018-battery","15":"desktop-align-left","16":"tablet-align-left","17":"mobile-align-left","18":"ast-product-gallery-layout-horizontal-slider","19":"ast-product-tabs-layout-horizontal","21":"first","22":"instock","23":"shipping-taxable","24":"purchasable","25":"product-type-simple"},"acf":[],"_links":{"self":[{"href":"https:\/\/www.balderpower.com\/de\/wp-json\/wp\/v2\/product\/11085","targetHints":{"allow":["GET"]}}],"collection":[{"href":"https:\/\/www.balderpower.com\/de\/wp-json\/wp\/v2\/product"}],"about":[{"href":"https:\/\/www.balderpower.com\/de\/wp-json\/wp\/v2\/types\/product"}],"version-history":[{"count":2,"href":"https:\/\/www.balderpower.com\/de\/wp-json\/wp\/v2\/product\/11085\/revisions"}],"predecessor-version":[{"id":11093,"href":"https:\/\/www.balderpower.com\/de\/wp-json\/wp\/v2\/product\/11085\/revisions\/11093"}],"wp:featuredmedia":[{"embeddable":true,"href":"https:\/\/www.balderpower.com\/de\/wp-json\/wp\/v2\/media\/11086"}],"wp:attachment":[{"href":"https:\/\/www.balderpower.com\/de\/wp-json\/wp\/v2\/media?parent=11085"}],"wp:term":[{"taxonomy":"product_brand","embeddable":true,"href":"https:\/\/www.balderpower.com\/de\/wp-json\/wp\/v2\/product_brand?post=11085"},{"taxonomy":"product_cat","embeddable":true,"href":"https:\/\/www.balderpower.com\/de\/wp-json\/wp\/v2\/product_cat?post=11085"},{"taxonomy":"product_tag","embeddable":true,"href":"https:\/\/www.balderpower.com\/de\/wp-json\/wp\/v2\/product_tag?post=11085"}],"curies":[{"name":"wp","href":"https:\/\/api.w.org\/{rel}","templated":true}]}}