{"id":11075,"date":"2026-02-24T01:37:12","date_gmt":"2026-02-23T17:37:12","guid":{"rendered":"https:\/\/www.balderpower.com\/?post_type=product&#038;p=11075"},"modified":"2026-03-06T15:52:19","modified_gmt":"2026-03-06T07:52:19","slug":"a2113-akku-groshandel-macbook-pro-16-a2141-99-8wh","status":"publish","type":"product","link":"https:\/\/www.balderpower.com\/de\/a2113-battery-wholesale-macbook-pro-16-a2141-99-8wh\/","title":{"rendered":"Akku A2113 im Gro\u00dfhandel \u2013 99,8 Wh OEM-Kapazit\u00e4t f\u00fcr MacBook Pro 16\u2033 A2141 (2019) EMC 3347"},"content":{"rendered":"<p data-start=\"2223\" data-end=\"2634\">Willkommen bei Balder Power, Ihrem f\u00fchrenden Anbieter f\u00fcr <strong data-start=\"2272\" data-end=\"2299\">A2113 Batterie Gro\u00dfhandel<\/strong> und OEM-Fertigung. Das MacBook Pro 16 Zoll (2019) ist ein Hochleistungsger\u00e4t und ben\u00f6tigt einen Akku, der mithalten kann. Unser Ersatzakku A2113 wurde entwickelt, um die <strong data-start=\"2481\" data-end=\"2519\">absolute Maximalkapazit\u00e4t (99,8 Wh)<\/strong> Gem\u00e4\u00df den Sicherheitsbestimmungen der Luftfahrt wird die urspr\u00fcngliche Akkulaufzeit f\u00fcr die Ger\u00e4te Ihrer Kunden wiederhergestellt, die einen ganzen Tag dauerte.<\/p>\n<p data-start=\"2636\" data-end=\"2953\">Als spezialisierter Werkslieferant bieten wir Reparaturwerkst\u00e4tten und H\u00e4ndlern eine zuverl\u00e4ssige Alternative zu teuren autorisierten Serviceleistungen. Unsere A2113-Akkus werden mit neuen, unbenutzten Zellen hergestellt und strengstens gepr\u00fcft, um sicherzustellen, dass sie die hohe Leistungsaufnahme der Intel Core i7\/i9-Prozessoren des Modells A2141 bew\u00e4ltigen.<\/p>\n<h4 data-start=\"2955\" data-end=\"2995\">\ud83d\udcbb Umfassende Kompatibilit\u00e4tsliste<\/h4>\n<p data-start=\"2996\" data-end=\"3101\"><em data-start=\"2996\" data-end=\"3101\">Bitte \u00fcberpr\u00fcfen Sie die EMV-Nummer auf der Unterseite des Geh\u00e4uses. Dieser Akku ist ausschlie\u00dflich f\u00fcr das 16-Zoll-Modell von Intel aus dem Jahr 2019 geeignet.<\/em><\/p>\n<p data-start=\"3103\" data-end=\"3135\"><strong data-start=\"3103\" data-end=\"3135\">1. Kompatible Laptop-Modelle:<\/strong><\/p>\n<ul data-start=\"3136\" data-end=\"3360\">\n<li data-start=\"3136\" data-end=\"3360\">\n<p data-start=\"3140\" data-end=\"3171\"><strong data-start=\"3140\" data-end=\"3171\">MacBook Pro (16 Zoll, 2019)<\/strong><\/p>\n<ul data-start=\"3176\" data-end=\"3360\">\n<li data-start=\"3176\" data-end=\"3207\">\n<p data-start=\"3180\" data-end=\"3207\"><strong data-start=\"3180\" data-end=\"3197\">Modellnummer:<\/strong> <strong data-start=\"3198\" data-end=\"3207\">A2141<\/strong><\/p>\n<\/li>\n<li data-start=\"3212\" data-end=\"3244\">\n<p data-start=\"3216\" data-end=\"3244\"><strong data-start=\"3216\" data-end=\"3231\">EMV-Nummer:<\/strong> <strong data-start=\"3232\" data-end=\"3244\">EMV 3347<\/strong><\/p>\n<\/li>\n<li data-start=\"3249\" data-end=\"3293\">\n<p data-start=\"3253\" data-end=\"3293\"><strong data-start=\"3253\" data-end=\"3260\">AUSWEIS:<\/strong> MacBookPro16,1 oder MacBookPro16,4<\/p>\n<\/li>\n<li data-start=\"3298\" data-end=\"3360\">\n<p data-start=\"3302\" data-end=\"3360\"><strong data-start=\"3302\" data-end=\"3316\">Prozessor:<\/strong> Intel Core i7 \/ i9 (Nicht f\u00fcr M1\/M2\/M3-Chips)<\/p>\n<\/li>\n<\/ul>\n<\/li>\n<\/ul>\n<p data-start=\"3362\" data-end=\"3450\"><strong data-start=\"3362\" data-end=\"3415\">2. Kompatible Apple-Teilenummern (Bestellnummern):<\/strong><br \/>\n<em data-start=\"3416\" data-end=\"3450\">(Unterst\u00fctzt Space Grau und Silber)<\/em><\/p>\n<ul data-start=\"3451\" data-end=\"3623\">\n<li data-start=\"3451\" data-end=\"3496\">\n<p data-start=\"3455\" data-end=\"3496\"><strong data-start=\"3455\" data-end=\"3479\">MVVJ2LL\/A, MVVK2LL\/A<\/strong> (2,6 GHz Core i7)<\/p>\n<\/li>\n<li data-start=\"3497\" data-end=\"3542\">\n<p data-start=\"3501\" data-end=\"3542\"><strong data-start=\"3501\" data-end=\"3525\">MVVL2LL\/A, MVVM2LL\/A<\/strong> (2,3 GHz Core i9)<\/p>\n<\/li>\n<li data-start=\"3543\" data-end=\"3623\">\n<p data-start=\"3547\" data-end=\"3623\"><em data-start=\"3547\" data-end=\"3623\">Hinweis: Kompatibel mit allen regionalen Varianten (z. B. MVVJ2CH\/A, MVVJ2B\/A).<\/em><\/p>\n<\/li>\n<\/ul>\n<p data-start=\"3625\" data-end=\"3664\"><strong data-start=\"3625\" data-end=\"3664\">3. Kompatible Batterieteilenummern:<\/strong><\/p>\n<ul data-start=\"3665\" data-end=\"3717\">\n<li data-start=\"3665\" data-end=\"3678\">\n<p data-start=\"3669\" data-end=\"3678\"><strong data-start=\"3669\" data-end=\"3678\">A2113<\/strong><\/p>\n<\/li>\n<li data-start=\"3679\" data-end=\"3696\">\n<p data-start=\"3683\" data-end=\"3696\"><strong data-start=\"3683\" data-end=\"3696\">616-00533<\/strong><\/p>\n<\/li>\n<li data-start=\"3697\" data-end=\"3717\">\n<p data-start=\"3701\" data-end=\"3717\"><strong data-start=\"3701\" data-end=\"3717\">080-333-4000<\/strong><\/p>\n<\/li>\n<\/ul>\n<p data-start=\"3719\" data-end=\"3781\">\u26a0\ufe0f <strong data-start=\"3722\" data-end=\"3750\">Inkompatibilit\u00e4tswarnung:<\/strong><br \/>\nDiese Batterie <strong data-start=\"3769\" data-end=\"3776\">NICHT<\/strong> fit:<\/p>\n<ul data-start=\"3782\" data-end=\"3887\">\n<li data-start=\"3782\" data-end=\"3828\">\n<p data-start=\"3786\" data-end=\"3828\">MacBook Pro 15-Zoll-Modelle (A1990, A1707).<\/p>\n<\/li>\n<li data-start=\"3829\" data-end=\"3887\">\n<p data-start=\"3833\" data-end=\"3887\">MacBook Pro 16 Zoll (2021) M1 Pro\/Max Modell <strong data-start=\"3877\" data-end=\"3886\">A2485<\/strong>.<\/p>\n<\/li>\n<\/ul>","protected":false},"excerpt":{"rendered":"<ul>\n<li data-start=\"1587\" data-end=\"1757\">\n<p data-start=\"1591\" data-end=\"1757\">Kaufen <strong data-start=\"1595\" data-end=\"1622\">A2113 Batterie Gro\u00dfhandel<\/strong> f\u00fcr MacBook Pro 16\u2033 A2141 (2019). <strong data-start=\"1657\" data-end=\"1684\">Enorme Kapazit\u00e4t von 99,8 Wh<\/strong> (TSA-Limit), Direktpreise ab Werk f\u00fcr Gro\u00dfbestellungen und UN38.3-zertifizierter Versand.<\/p>\n<\/li>\n<li data-start=\"1758\" data-end=\"1869\">\n<p data-start=\"1762\" data-end=\"1869\"><strong data-start=\"1762\" data-end=\"1780\">Maximale Leistung:<\/strong> Bewertung bei <strong data-start=\"1790\" data-end=\"1810\">99,8 Wh \/ 8790 mAh<\/strong>, die gesetzliche H\u00f6chstgrenze f\u00fcr Flugreisen, um eine maximale Laufzeit zu gew\u00e4hrleisten.<\/p>\n<\/li>\n<li data-start=\"1870\" data-end=\"1969\">\n<p data-start=\"1874\" data-end=\"1969\"><strong data-start=\"1874\" data-end=\"1900\">Perfekte Kompatibilit\u00e4t:<\/strong> Speziell entwickelt f\u00fcr das MacBook Pro 16 Zoll <strong data-start=\"1947\" data-end=\"1968\">A2141 (Ende 2019)<\/strong>.<\/p>\n<\/li>\n<li data-start=\"1970\" data-end=\"2053\">\n<p data-start=\"1974\" data-end=\"2053\"><strong data-start=\"1974\" data-end=\"1992\">Werksqualit\u00e4t:<\/strong> Verwendet hochwertige Li-Polymer-Zellen mit intelligenten BMS-Chips von TI.<\/p>\n<\/li>\n<li data-start=\"2054\" data-end=\"2138\">\n<p data-start=\"2058\" data-end=\"2138\"><strong data-start=\"2058\" data-end=\"2075\">B2B-Dienstleistungen:<\/strong> Wettbewerbsf\u00e4hige, gestaffelte Preise, niedrige Mindestbestellmenge und Unterst\u00fctzung f\u00fcr Dropshipping.<\/p>\n<\/li>\n<\/ul>","protected":false},"featured_media":11071,"template":"","meta":{"_acf_changed":false,"nf_dc_page":"","site-sidebar-layout":"default","site-content-layout":"","ast-site-content-layout":"default","site-content-style":"default","site-sidebar-style":"default","ast-global-header-display":"","ast-banner-title-visibility":"","ast-main-header-display":"","ast-hfb-above-header-display":"","ast-hfb-below-header-display":"","ast-hfb-mobile-header-display":"","site-post-title":"","ast-breadcrumbs-content":"","ast-featured-img":"","footer-sml-layout":"","ast-disable-related-posts":"","theme-transparent-header-meta":"default","adv-header-id-meta":"","stick-header-meta":"default","header-above-stick-meta":"","header-main-stick-meta":"","header-below-stick-meta":"","astra-migrate-meta-layouts":"set","ast-page-background-enabled":"default","ast-page-background-meta":{"desktop":{"background-color":"","background-image":"","background-repeat":"repeat","background-position":"center center","background-size":"auto","background-attachment":"scroll","background-type":"","background-media":"","overlay-type":"","overlay-color":"","overlay-opacity":"","overlay-gradient":""},"tablet":{"background-color":"","background-image":"","background-repeat":"repeat","background-position":"center center","background-size":"auto","background-attachment":"scroll","background-type":"","background-media":"","overlay-type":"","overlay-color":"","overlay-opacity":"","overlay-gradient":""},"mobile":{"background-color":"","background-image":"","background-repeat":"repeat","background-position":"center center","background-size":"auto","background-attachment":"scroll","background-type":"","background-media":"","overlay-type":"","overlay-color":"","overlay-opacity":"","overlay-gradient":""}},"ast-content-background-meta":{"desktop":{"background-color":"var(--ast-global-color-5)","background-image":"","background-repeat":"repeat","background-position":"center center","background-size":"auto","background-attachment":"scroll","background-type":"","background-media":"","overlay-type":"","overlay-color":"","overlay-opacity":"","overlay-gradient":""},"tablet":{"background-color":"var(--ast-global-color-5)","background-image":"","background-repeat":"repeat","background-position":"center center","background-size":"auto","background-attachment":"scroll","background-type":"","background-media":"","overlay-type":"","overlay-color":"","overlay-opacity":"","overlay-gradient":""},"mobile":{"background-color":"var(--ast-global-color-5)","background-image":"","background-repeat":"repeat","background-position":"center center","background-size":"auto","background-attachment":"scroll","background-type":"","background-media":"","overlay-type":"","overlay-color":"","overlay-opacity":"","overlay-gradient":""}},"_joinchat":[]},"product_brand":[],"product_cat":[125],"product_tag":[1105,1103,1106,1224,1107,1104,1108,1109],"class_list":{"0":"post-11075","1":"product","2":"type-product","3":"status-publish","4":"has-post-thumbnail","6":"product_cat-macbook-battery-wholesale-china","7":"product_tag-99-8wh-laptop-battery","8":"product_tag-a2113-battery-wholesale","9":"product_tag-a2141-replacement-battery","10":"product_tag-apple","11":"product_tag-emc-3347","12":"product_tag-macbook-pro-16-a2141-battery","13":"product_tag-macbook-pro-2019-battery","14":"product_tag-oem-macbook-battery-supplier","15":"desktop-align-left","16":"tablet-align-left","17":"mobile-align-left","18":"ast-product-gallery-layout-horizontal-slider","19":"ast-product-tabs-layout-horizontal","21":"first","22":"instock","23":"shipping-taxable","24":"purchasable","25":"product-type-simple"},"acf":[],"_links":{"self":[{"href":"https:\/\/www.balderpower.com\/de\/wp-json\/wp\/v2\/product\/11075","targetHints":{"allow":["GET"]}}],"collection":[{"href":"https:\/\/www.balderpower.com\/de\/wp-json\/wp\/v2\/product"}],"about":[{"href":"https:\/\/www.balderpower.com\/de\/wp-json\/wp\/v2\/types\/product"}],"version-history":[{"count":1,"href":"https:\/\/www.balderpower.com\/de\/wp-json\/wp\/v2\/product\/11075\/revisions"}],"predecessor-version":[{"id":11082,"href":"https:\/\/www.balderpower.com\/de\/wp-json\/wp\/v2\/product\/11075\/revisions\/11082"}],"wp:featuredmedia":[{"embeddable":true,"href":"https:\/\/www.balderpower.com\/de\/wp-json\/wp\/v2\/media\/11071"}],"wp:attachment":[{"href":"https:\/\/www.balderpower.com\/de\/wp-json\/wp\/v2\/media?parent=11075"}],"wp:term":[{"taxonomy":"product_brand","embeddable":true,"href":"https:\/\/www.balderpower.com\/de\/wp-json\/wp\/v2\/product_brand?post=11075"},{"taxonomy":"product_cat","embeddable":true,"href":"https:\/\/www.balderpower.com\/de\/wp-json\/wp\/v2\/product_cat?post=11075"},{"taxonomy":"product_tag","embeddable":true,"href":"https:\/\/www.balderpower.com\/de\/wp-json\/wp\/v2\/product_tag?post=11075"}],"curies":[{"name":"wp","href":"https:\/\/api.w.org\/{rel}","templated":true}]}}